{"id":20861,"date":"2025-10-02T16:08:35","date_gmt":"2025-10-02T14:08:35","guid":{"rendered":"https:\/\/aloevera-centar.com\/?post_type=product&#038;p=20861"},"modified":"2025-10-02T16:37:21","modified_gmt":"2025-10-02T14:37:21","slug":"forever-bright-toothgel-kopiraj","status":"publish","type":"product","link":"https:\/\/aloevera-centar.com\/sl\/proizvod\/forever-bright-toothgel-kopiraj\/","title":{"rendered":"Forever Vitamin C &amp; Bakuchiol"},"content":{"rendered":"<h1>Forever Vitamin C &amp; Bakuchiol \u2013 Mo\u010dan set za sijo\u010d ten<\/h1>\n<p><strong>Forever Vitamin C &amp; Bakuchiol Combo Kit<\/strong> je posebej formuliran za nego ko\u017ee, ki potrebuje<br \/>\nantioksidativno za\u0161\u010dito in naravno obnovo. Kombinacija <strong>vitamina C<\/strong>, enega najmo\u010dnej\u0161ih antioksidantov,<br \/>\nin <strong>bakuchiola<\/strong>, rastlinske alternative retinolu, pomaga zmanj\u0161ati pojav gub, izena\u010diti ten in obnoviti ko\u017eo<br \/>\nbrez dra\u017eenja, ki ga lahko povzro\u010di retinol.<br \/>\n(<a href=\"https:\/\/pubmed.ncbi.nlm.nih.gov\/?term=c+vitamin\" target=\"_blank\" rel=\"noopener\">raziskava o vitaminu C<\/a>, <a href=\"https:\/\/pubmed.ncbi.nlm.nih.gov\/24471735\/\" target=\"_blank\" rel=\"noopener\">raziskava o bakuchiolu<\/a>). <\/p>\n<h2>Prednosti za vas<\/h2>\n<ul>\n<li><strong>Vitamin C:<\/strong> Nevtralizira proste radikale, posvetli ten in spodbuja proizvodnjo kolagena.<\/li>\n<li><strong>Bakuchiol:<\/strong> Naravna alternativa retinolu, ki spodbuja regeneracijo ko\u017ee brez dra\u017eenja.<\/li>\n<li><strong>Zmanj\u0161uje gube in fine linije:<\/strong> Sinergijski u\u010dinek teh dveh sestavin zagotavlja vidno glajenje ko\u017ee.<\/li>\n<li><strong>Izena\u010duje ten:<\/strong> Pomaga pri temnih made\u017eih in hiperpigmentaciji.<\/li>\n<li><strong>Primerno za ob\u010dutljivo ko\u017eo:<\/strong> Blaga, a u\u010dinkovita formula za vsakodnevno uporabo.<\/li>\n<\/ul>\n<h2>Zakaj kombinacija Vitamin C + Bakuchiol?<\/h2>\n<p><strong>Vitamin C<\/strong> je klju\u010den za sintezo kolagena in boj proti oksidativnemu stresu, medtem ko <strong>bakuchiol<\/strong><br \/>\nzagotavlja regenerativni u\u010dinek podoben retinolu, vendar brez stranskih u\u010dinkov. Skupaj tvorita popoln duo za zdrav, mladosten in sijo\u010d videz ko\u017ee. <\/p>\n<h2>Kako uporabljati?<\/h2>\n<ul>\n<li>Nanesite Vitamin C zjutraj za za\u0161\u010dito pred oksidativnim stresom.<\/li>\n<li>Bakuchiol serum uporabljajte zve\u010der za obnovo ko\u017ee \u010dez no\u010d.<\/li>\n<li>Za najbolj\u0161e rezultate ju kombinirajte vsak dan kot del svoje rutine nege ko\u017ee.<\/li>\n<\/ul>\n<div style=\"border: 2px solid #4caf50; padding: 10px; margin: 15px 0;\"><strong>AloeVera Center je neodvisni Forever partner.<\/strong><br \/>\n <strong>Prejmite 15 % popusta<\/strong> na ta izdelek, \u010de kupite prek na\u0161ega priporo\u010dila!<\/div>\n<p>Potrebuje\u0161 nasvet, kako kombinirati <strong>Forever Vitamin C &amp; Bakuchiol<\/strong> z drugimi izdelki za nego ko\u017ee?<br \/>\nKlikni na sovico <a href=\"https:\/\/forevercard.club\/ddglabhlcn\" target=\"_blank\" rel=\"noopener\">AI asistent<\/a>, ki ti bo dal najbolj\u0161i nasvet za tvoj tip ko\u017ee!<\/p>\n<h3>\nPriporo\u010deni sorodni izdelki<\/h3>\n<ul>\n<li><strong><br \/>\n  <a href=\"https:\/\/aloavera-centar.com\/proizvod\/aloe-vera-gelly\/\" target=\"_blank\" rel=\"noopener\">Aloe Vera Gelly<\/a><br \/>\n<\/strong> \u2013 Pomirja in navla\u017ei ko\u017eo.<\/li>\n<li><strong><br \/>\n  <a href=\"https:\/\/aloavera-centar.com\/proizvod\/forever-immublend\/\" target=\"_blank\" rel=\"noopener\">Forever Immublend<\/a><br \/>\n<\/strong> \u2013 Vitamini in minerali za mo\u010dnej\u0161i imunski sistem ko\u017ee in telesa.<\/li>\n<li><strong><br \/>\n  <a href=\"https:\/\/aloavera-centar.com\/proizvod\/aloe-moisturizing-lotion\/\" target=\"_blank\" rel=\"noopener\">Aloe Moisturizing Lotion<\/a><br \/>\n<\/strong> \u2013 Hranljiva vla\u017eilna nega za vsakodnevno uporabo.<\/li>\n<\/ul>\n<p>&nbsp;<\/p>\n","protected":false},"excerpt":{"rendered":"<p class=\"p1\"><strong>Forever Vitamin C &amp; Bakuchiol<\/strong> \u2013 antioksidativna za\u0161\u010dita in naravna obnova ko\u017ee.<\/p>\n<p class=\"p1\">Zmanj\u0161uje gube in izena\u010duje ten. Izkoristite 15% popust!<\/p>\n<hr>\n<p><em>Po na\u0161em priporo\u010dilu naro\u010di ta izdelek s <strong>15% popustom<\/strong>, neposredno na uradni <strong>Forever Living Products spletni trgovini<\/strong> v tvoji dr\u017eavi, <strong>brez potrebe po registraciji<\/strong>! <\/em><\/p>\n","protected":false},"featured_media":20864,"comment_status":"open","ping_status":"closed","template":"","meta":[],"product_brand":[],"product_cat":[1379],"product_tag":[],"class_list":{"0":"post-20861","1":"product","2":"type-product","3":"status-publish","4":"has-post-thumbnail","6":"product_cat-nega-koze","8":"first","9":"instock","10":"sale","11":"shipping-taxable","12":"product-type-external"},"yoast_head":"<!-- This site is optimized with the Yoast SEO Premium plugin v24.8 (Yoast SEO v27.3) - https:\/\/yoast.com\/product\/yoast-seo-premium-wordpress\/ -->\n<title>Forever Vitamin C &amp; Bakuchiol \u2013 Duo za obnovo in mladosten videz<\/title>\n<meta name=\"description\" content=\"Forever Vitamin C &amp; Bakuchiol set za nego ko\u017ee \u2013 antioksidativna za\u0161\u010dita, naravna regeneracija in zmanj\u0161anje gub. Z na\u0161im priporo\u010dilom pridobite 15% popust!\" \/>\n<meta name=\"robots\" content=\"index, follow, max-snippet:-1, max-image-preview:large, max-video-preview:-1\" \/>\n<link rel=\"canonical\" href=\"https:\/\/aloevera-centar.com\/sl\/proizvod\/forever-bright-toothgel-kopiraj\/\" \/>\n<meta property=\"og:locale\" content=\"sl_SI\" \/>\n<meta property=\"og:type\" content=\"article\" \/>\n<meta property=\"og:title\" content=\"Forever Vitamin C &amp; Bakuchiol\" \/>\n<meta property=\"og:description\" content=\"Forever Vitamin C &amp; Bakuchiol set za nego ko\u017ee \u2013 antioksidativna za\u0161\u010dita, naravna regeneracija in zmanj\u0161anje gub. Z na\u0161im priporo\u010dilom pridobite 15% popust!\" \/>\n<meta property=\"og:url\" content=\"https:\/\/aloevera-centar.com\/sl\/proizvod\/forever-bright-toothgel-kopiraj\/\" \/>\n<meta property=\"og:site_name\" content=\"Aloa Vera Centar\" \/>\n<meta property=\"article:modified_time\" content=\"2025-10-02T14:37:21+00:00\" \/>\n<meta property=\"og:image\" content=\"https:\/\/aloevera-centar.com\/wp-content\/uploads\/2025\/10\/Forever_Vitamin_C_i_Forever_Bakuchiol_pd_main_512_X_512_1759150601549.webp\" \/>\n\t<meta property=\"og:image:width\" content=\"512\" \/>\n\t<meta property=\"og:image:height\" content=\"512\" \/>\n\t<meta property=\"og:image:type\" content=\"image\/jpeg\" \/>\n<meta name=\"twitter:card\" content=\"summary_large_image\" \/>\n<meta name=\"twitter:label1\" content=\"Price\" \/>\n\t<meta name=\"twitter:data1\" content=\"104,70&nbsp;&euro;\" \/>\n\t<meta name=\"twitter:label2\" content=\"Availability\" \/>\n\t<meta name=\"twitter:data2\" content=\"In stock\" \/>\n<script type=\"application\/ld+json\" class=\"yoast-schema-graph\">{\"@context\":\"https:\\\/\\\/schema.org\",\"@graph\":[{\"@type\":[\"WebPage\",\"ItemPage\"],\"@id\":\"https:\\\/\\\/aloevera-centar.com\\\/sl\\\/proizvod\\\/forever-bright-toothgel-kopiraj\\\/\",\"url\":\"https:\\\/\\\/aloevera-centar.com\\\/sl\\\/proizvod\\\/forever-bright-toothgel-kopiraj\\\/\",\"name\":\"Forever Vitamin C & Bakuchiol \u2013 Duo za obnovo in mladosten videz\",\"isPartOf\":{\"@id\":\"https:\\\/\\\/aloevera-centar.com\\\/sl\\\/#website\"},\"primaryImageOfPage\":{\"@id\":\"https:\\\/\\\/aloevera-centar.com\\\/sl\\\/proizvod\\\/forever-bright-toothgel-kopiraj\\\/#primaryimage\"},\"image\":{\"@id\":\"https:\\\/\\\/aloevera-centar.com\\\/sl\\\/proizvod\\\/forever-bright-toothgel-kopiraj\\\/#primaryimage\"},\"thumbnailUrl\":\"https:\\\/\\\/aloevera-centar.com\\\/wp-content\\\/uploads\\\/2025\\\/10\\\/Forever_Vitamin_C_i_Forever_Bakuchiol_pd_main_512_X_512_1759150601549.webp\",\"datePublished\":\"2025-10-02T14:08:35+00:00\",\"dateModified\":\"2025-10-02T14:37:21+00:00\",\"description\":\"Forever Vitamin C & Bakuchiol set za nego ko\u017ee \u2013 antioksidativna za\u0161\u010dita, naravna regeneracija in zmanj\u0161anje gub. Z na\u0161im priporo\u010dilom pridobite 15% popust!\",\"breadcrumb\":{\"@id\":\"https:\\\/\\\/aloevera-centar.com\\\/sl\\\/proizvod\\\/forever-bright-toothgel-kopiraj\\\/#breadcrumb\"},\"inLanguage\":\"sl-SI\",\"potentialAction\":[{\"@type\":\"ReadAction\",\"target\":[\"https:\\\/\\\/aloevera-centar.com\\\/sl\\\/proizvod\\\/forever-bright-toothgel-kopiraj\\\/\"]}]},{\"@type\":\"ImageObject\",\"inLanguage\":\"sl-SI\",\"@id\":\"https:\\\/\\\/aloevera-centar.com\\\/sl\\\/proizvod\\\/forever-bright-toothgel-kopiraj\\\/#primaryimage\",\"url\":\"https:\\\/\\\/aloevera-centar.com\\\/wp-content\\\/uploads\\\/2025\\\/10\\\/Forever_Vitamin_C_i_Forever_Bakuchiol_pd_main_512_X_512_1759150601549.webp\",\"contentUrl\":\"https:\\\/\\\/aloevera-centar.com\\\/wp-content\\\/uploads\\\/2025\\\/10\\\/Forever_Vitamin_C_i_Forever_Bakuchiol_pd_main_512_X_512_1759150601549.webp\",\"width\":512,\"height\":512,\"caption\":\"Forever Vitamin C & Bakuchiol\"},{\"@type\":\"BreadcrumbList\",\"@id\":\"https:\\\/\\\/aloevera-centar.com\\\/sl\\\/proizvod\\\/forever-bright-toothgel-kopiraj\\\/#breadcrumb\",\"itemListElement\":[{\"@type\":\"ListItem\",\"position\":1,\"name\":\"\u0160tevilka Stranica\",\"item\":\"https:\\\/\\\/aloevera-centar.com\\\/sl\\\/center-za-aloe-vero\\\/\"},{\"@type\":\"ListItem\",\"position\":2,\"name\":\"Shop\",\"item\":\"https:\\\/\\\/aloevera-centar.com\\\/sl\\\/shop\\\/\"},{\"@type\":\"ListItem\",\"position\":3,\"name\":\"Forever Vitamin C &amp; Bakuchiol\"}]},{\"@type\":\"WebSite\",\"@id\":\"https:\\\/\\\/aloevera-centar.com\\\/sl\\\/#website\",\"url\":\"https:\\\/\\\/aloevera-centar.com\\\/sl\\\/\",\"name\":\"Aloa Vera Centar\",\"description\":\"Aloe Vera Centar\",\"potentialAction\":[{\"@type\":\"SearchAction\",\"target\":{\"@type\":\"EntryPoint\",\"urlTemplate\":\"https:\\\/\\\/aloevera-centar.com\\\/sl\\\/?s={search_term_string}\"},\"query-input\":{\"@type\":\"PropertyValueSpecification\",\"valueRequired\":true,\"valueName\":\"search_term_string\"}}],\"inLanguage\":\"sl-SI\"}]}<\/script>\n<meta property=\"product:price:amount\" content=\"104.70\" \/>\n<meta property=\"product:price:currency\" content=\"EUR\" \/>\n<meta property=\"og:availability\" content=\"instock\" \/>\n<meta property=\"product:availability\" content=\"instock\" \/>\n<meta property=\"product:condition\" content=\"new\" \/>\n<!-- \/ Yoast SEO Premium plugin. -->","yoast_head_json":{"title":"Forever Vitamin C & Bakuchiol \u2013 Duo za obnovo in mladosten videz","description":"Forever Vitamin C & Bakuchiol set za nego ko\u017ee \u2013 antioksidativna za\u0161\u010dita, naravna regeneracija in zmanj\u0161anje gub. Z na\u0161im priporo\u010dilom pridobite 15% popust!","robots":{"index":"index","follow":"follow","max-snippet":"max-snippet:-1","max-image-preview":"max-image-preview:large","max-video-preview":"max-video-preview:-1"},"canonical":"https:\/\/aloevera-centar.com\/sl\/proizvod\/forever-bright-toothgel-kopiraj\/","og_locale":"sl_SI","og_type":"article","og_title":"Forever Vitamin C &amp; Bakuchiol","og_description":"Forever Vitamin C & Bakuchiol set za nego ko\u017ee \u2013 antioksidativna za\u0161\u010dita, naravna regeneracija in zmanj\u0161anje gub. Z na\u0161im priporo\u010dilom pridobite 15% popust!","og_url":"https:\/\/aloevera-centar.com\/sl\/proizvod\/forever-bright-toothgel-kopiraj\/","og_site_name":"Aloa Vera Centar","article_modified_time":"2025-10-02T14:37:21+00:00","og_image":[{"width":512,"height":512,"url":"https:\/\/aloevera-centar.com\/wp-content\/uploads\/2025\/10\/Forever_Vitamin_C_i_Forever_Bakuchiol_pd_main_512_X_512_1759150601549.webp","type":"image\/jpeg"}],"twitter_card":"summary_large_image","twitter_misc":{"Price":"104,70&nbsp;&euro;","Availability":"In stock"},"schema":{"@context":"https:\/\/schema.org","@graph":[{"@type":["WebPage","ItemPage"],"@id":"https:\/\/aloevera-centar.com\/sl\/proizvod\/forever-bright-toothgel-kopiraj\/","url":"https:\/\/aloevera-centar.com\/sl\/proizvod\/forever-bright-toothgel-kopiraj\/","name":"Forever Vitamin C & Bakuchiol \u2013 Duo za obnovo in mladosten videz","isPartOf":{"@id":"https:\/\/aloevera-centar.com\/sl\/#website"},"primaryImageOfPage":{"@id":"https:\/\/aloevera-centar.com\/sl\/proizvod\/forever-bright-toothgel-kopiraj\/#primaryimage"},"image":{"@id":"https:\/\/aloevera-centar.com\/sl\/proizvod\/forever-bright-toothgel-kopiraj\/#primaryimage"},"thumbnailUrl":"https:\/\/aloevera-centar.com\/wp-content\/uploads\/2025\/10\/Forever_Vitamin_C_i_Forever_Bakuchiol_pd_main_512_X_512_1759150601549.webp","datePublished":"2025-10-02T14:08:35+00:00","dateModified":"2025-10-02T14:37:21+00:00","description":"Forever Vitamin C & Bakuchiol set za nego ko\u017ee \u2013 antioksidativna za\u0161\u010dita, naravna regeneracija in zmanj\u0161anje gub. Z na\u0161im priporo\u010dilom pridobite 15% popust!","breadcrumb":{"@id":"https:\/\/aloevera-centar.com\/sl\/proizvod\/forever-bright-toothgel-kopiraj\/#breadcrumb"},"inLanguage":"sl-SI","potentialAction":[{"@type":"ReadAction","target":["https:\/\/aloevera-centar.com\/sl\/proizvod\/forever-bright-toothgel-kopiraj\/"]}]},{"@type":"ImageObject","inLanguage":"sl-SI","@id":"https:\/\/aloevera-centar.com\/sl\/proizvod\/forever-bright-toothgel-kopiraj\/#primaryimage","url":"https:\/\/aloevera-centar.com\/wp-content\/uploads\/2025\/10\/Forever_Vitamin_C_i_Forever_Bakuchiol_pd_main_512_X_512_1759150601549.webp","contentUrl":"https:\/\/aloevera-centar.com\/wp-content\/uploads\/2025\/10\/Forever_Vitamin_C_i_Forever_Bakuchiol_pd_main_512_X_512_1759150601549.webp","width":512,"height":512,"caption":"Forever Vitamin C & Bakuchiol"},{"@type":"BreadcrumbList","@id":"https:\/\/aloevera-centar.com\/sl\/proizvod\/forever-bright-toothgel-kopiraj\/#breadcrumb","itemListElement":[{"@type":"ListItem","position":1,"name":"\u0160tevilka Stranica","item":"https:\/\/aloevera-centar.com\/sl\/center-za-aloe-vero\/"},{"@type":"ListItem","position":2,"name":"Shop","item":"https:\/\/aloevera-centar.com\/sl\/shop\/"},{"@type":"ListItem","position":3,"name":"Forever Vitamin C &amp; Bakuchiol"}]},{"@type":"WebSite","@id":"https:\/\/aloevera-centar.com\/sl\/#website","url":"https:\/\/aloevera-centar.com\/sl\/","name":"Aloa Vera Centar","description":"Aloe Vera Centar","potentialAction":[{"@type":"SearchAction","target":{"@type":"EntryPoint","urlTemplate":"https:\/\/aloevera-centar.com\/sl\/?s={search_term_string}"},"query-input":{"@type":"PropertyValueSpecification","valueRequired":true,"valueName":"search_term_string"}}],"inLanguage":"sl-SI"}]},"product_price_amount":"104.70","product_price_currency":"EUR","og_availability":"instock","product_availability":"instock","product_condition":"new"},"_links":{"self":[{"href":"https:\/\/aloevera-centar.com\/sl\/wp-json\/wp\/v2\/product\/20861","targetHints":{"allow":["GET"]}}],"collection":[{"href":"https:\/\/aloevera-centar.com\/sl\/wp-json\/wp\/v2\/product"}],"about":[{"href":"https:\/\/aloevera-centar.com\/sl\/wp-json\/wp\/v2\/types\/product"}],"replies":[{"embeddable":true,"href":"https:\/\/aloevera-centar.com\/sl\/wp-json\/wp\/v2\/comments?post=20861"}],"wp:featuredmedia":[{"embeddable":true,"href":"https:\/\/aloevera-centar.com\/sl\/wp-json\/wp\/v2\/media\/20864"}],"wp:attachment":[{"href":"https:\/\/aloevera-centar.com\/sl\/wp-json\/wp\/v2\/media?parent=20861"}],"wp:term":[{"taxonomy":"product_brand","embeddable":true,"href":"https:\/\/aloevera-centar.com\/sl\/wp-json\/wp\/v2\/product_brand?post=20861"},{"taxonomy":"product_cat","embeddable":true,"href":"https:\/\/aloevera-centar.com\/sl\/wp-json\/wp\/v2\/product_cat?post=20861"},{"taxonomy":"product_tag","embeddable":true,"href":"https:\/\/aloevera-centar.com\/sl\/wp-json\/wp\/v2\/product_tag?post=20861"}],"curies":[{"name":"wp","href":"https:\/\/api.w.org\/{rel}","templated":true}]}}