{"id":16486,"date":"2025-04-10T09:10:10","date_gmt":"2025-04-10T07:10:10","guid":{"rendered":"https:\/\/aloevera-centar.com\/proizvod\/aloe-vera-gel\/"},"modified":"2025-04-21T18:27:32","modified_gmt":"2025-04-21T18:27:32","slug":"aloe-vera-gel","status":"publish","type":"product","link":"https:\/\/aloevera-centar.com\/sl\/proizvod\/aloe-vera-gel\/","title":{"rendered":"Aloe vera gel"},"content":{"rendered":"<h1>Aloe Vera Gel 1 liter &#8211; 99,7% \u010disti gel notranjih listov<\/h1>\n<p><strong>\u017de 40 let je Foreverov organski gel aloe vera<\/strong> priljubljena pija\u010da milijonov uporabnikov po vsem svetu.<br \/>\nNaro\u010dite izvirni izdelek neposredno pri Forever Living Products. \u010ce uporabljate na\u0161e povezave (priporo\u010dila), ste upravi\u010deni do nasvetov, pomo\u010di in vse dodatne podpore.<\/p>\n<hr \/>\n<h2>Naraven in organski Forever Aloe Vera Gel<\/h2>\n<ul>\n<li>99,7 % \u010disti gel aloe vere \u2013 notranji list<\/li>\n<li>Brez dodanih konzervansov<\/li>\n<li>Podpira zdravo prebavo<\/li>\n<li>Spodbuja zdrav imunski sistem<\/li>\n<li>Podpira absorpcijo hranil<\/li>\n<li>Pomaga ohranjati naravno raven energije<\/li>\n<\/ul>\n<p>Predstavljajte si, da odre\u017eete liste aloje in zau\u017eijete gel neposredno iz rastline.<br \/>\n<strong>Forever Aloe Vera Gel<\/strong> je nekaj najbli\u017eje naravni aloe veri, kar lahko dobite v katerem koli izdelku na trgu.<br \/>\nAloe vera ima naravne sposobnosti \u010di\u0161\u010denja telesa. Pomaga prebavnemu traktu absorbirati hranila iz hrane<br \/>\nv krvni obtok, hkrati pa spodbuja rast pozitivnih bakterij.<\/p>\n<p>Edinstveni polisaharid, acemanan in druga hranila v aloji pomagajo podpirati imunski sistem ( <a href=\"https:\/\/pubmed.ncbi.nlm.nih.gov\/?term=aloe+vera+gel\" target=\"_blank\" rel=\"noopener\">raziskava<\/a> ).<br \/>\nAcemannan je eden klju\u010dnih ozna\u010devalcev, ki jih IASC uporablja za ozna\u010devanje kakovosti aloe vere,<br \/>\nin <strong>Forever Aloe Vera Gel<\/strong> vsebuje dvakrat ve\u010djo koli\u010dino, ki je potrebna za certificiranje!<\/p>\n<p>Forever Gel je obdelan asepti\u010dno, formula pa ostane brez dodanih konzervansov.<br \/>\nVsebuje neverjetno <strong>99,7 % \u010disti notranji list aloe vera gela<\/strong> .<\/p>\n<p><strong>Uporabe Forever Aloe Vera Gel so \u0161tevilne<\/strong> , milijoni zadovoljnih uporabnikov so to prepoznali.<br \/>\nneverjeten u\u010dinek na \u010dlove\u0161ko telo.<\/p>\n<p>Forever Living Products je \u017ee 40 let vodilni proizvajalec Aloe Vera Barbadensis Miller in pokriva ve\u010d kot 90 % svetovne proizvodnje te vrste aloe vere.<\/p>\n<hr \/>\n<h3>Izbira in na\u010din u\u017eivanja<\/h3>\n<p><strong>Priporo\u010dena dnevna koli\u010dina Forever Aloe Vera gela:<\/strong> 1 deciliter.<br \/>\nNajpogosteje se pije dvakrat na dan po 0,5 dcl na te\u0161\u010de (dve uri po jedi).<\/p>\n<hr \/>\n<h4><i>To spletno mesto je neodvisni partner podjetja Forever Living Products.<\/i><\/h4>\n<p><em>Preko na\u0161ih povezav dobite 15% popust in naro\u010dite izdelke neposredno pri podjetju Forever Living, s \u010dimer Forever Living Products jam\u010di za kakovost izdelka in dostavo.<\/em><\/p>\n<p><em>Ko naro\u010date izdelke prek na\u0161e spletne povezave za naro\u010danje, boste preusmerjeni v uradno <a href=\"https:\/\/forevercard.club\/popust\" target=\"_blank\" rel=\"noopener\">spletno trgovino Forever Living Products<\/a> , kjer boste samodejno prejeli najve\u010dji mo\u017eni popust v va\u0161i dr\u017eavi.<\/em><\/p>\n<p><em>Ko uspe\u0161no naro\u010dite izdelke na uradni spletni strani podjetja, vas bomo videli v na\u0161em sistemu.<br \/>\nin od tega trenutka naprej smo vam na voljo za vsa vpra\u0161anja v zvezi s Forever Living Products.<\/em><\/p>\n<div style=\"border: 2px solid #4caf50; padding: 10px; margin: 15px 0;\"><strong>AloeVera Center je neodvisni Forever partner.<\/strong><br \/>\n<strong>Prejmite 15 % popusta<\/strong> na ta izdelek, \u010de kupite prek na\u0161ega priporo\u010dila!<\/div>\n<p>\u017delite dodatne nasvete? Kliknite na sovico v spodnjem kotu ali obi\u0161\u010dite <a href=\"https:\/\/forevercard.club\/ddglabhlcn\" target=\"_blank\" rel=\"noopener\">AI \u200b\u200basistenta<\/a> , kjer lahko pridobite \u0161e <strong>15% popust<\/strong> na va\u0161e naro\u010dilo in prejmete personalizirana priporo\u010dila za izdelke Forever!<\/p>\n<h2>Priporo\u010deni sorodni izdelki<\/h2>\n<ul>\n<li><strong><a href=\"https:\/\/aloavera-centar.com\/proizvod\/forever-aloe-peaches\/\" target=\"_blank\" rel=\"noopener\">Aloe Vera Peaches<\/a><\/strong> \u2013 sladka kombinacija aloe in breskve.<\/li>\n<li><strong><a href=\"https:\/\/aloavera-centar.com\/proizvod\/aloe-vera-gel-0-33-dcl\/\" target=\"_blank\" rel=\"noopener\">Aloe Vera Gel 330 ml<\/a><\/strong> \u2013 Prakti\u010dna manj\u0161a embala\u017ea za potovanja.<\/li>\n<\/ul>\n","protected":false},"excerpt":{"rendered":"<p class=\"p1\">Forever Aloe Vera Gel z 99,7 % \u010diste aloe za prebavo in energijo.<\/p>\n<p class=\"p1\">Izkoristite 15% popust na na\u0161e priporo\u010dilo in odkrijte mo\u010d narave!<\/p>\n","protected":false},"featured_media":16076,"comment_status":"closed","ping_status":"closed","template":"","meta":[],"product_brand":[],"product_cat":[1521],"product_tag":[],"class_list":{"0":"post-16486","1":"product","2":"type-product","3":"status-publish","4":"has-post-thumbnail","6":"product_cat-pijace","8":"first","9":"instock","10":"sale","11":"shipping-taxable","12":"product-type-external"},"yoast_head":"<!-- This site is optimized with the Yoast SEO Premium plugin v24.8 (Yoast SEO v27.4) - https:\/\/yoast.com\/product\/yoast-seo-premium-wordpress\/ -->\n<title>Forever Aloe Vera Gel \u2013 Naravna podpora prebavi in \u200b\u200bimunosti<\/title>\n<meta name=\"description\" content=\"Forever Aloe Vera Gel z 99,7 % \u010diste aloje za prebavo in energijo. Izkoristite 15% popust na na\u0161e priporo\u010dilo in odkrijte mo\u010d narave!\" \/>\n<meta name=\"robots\" content=\"index, follow, max-snippet:-1, max-image-preview:large, max-video-preview:-1\" \/>\n<link rel=\"canonical\" href=\"https:\/\/aloevera-centar.com\/sl\/proizvod\/aloe-vera-gel\/\" \/>\n<meta property=\"og:locale\" content=\"sl_SI\" \/>\n<meta property=\"og:type\" content=\"article\" \/>\n<meta property=\"og:title\" content=\"Aloe vera gel\" \/>\n<meta property=\"og:description\" content=\"Forever Aloe Vera Gel z 99,7 % \u010diste aloje za prebavo in energijo. Izkoristite 15% popust na na\u0161e priporo\u010dilo in odkrijte mo\u010d narave!\" \/>\n<meta property=\"og:url\" content=\"https:\/\/aloevera-centar.com\/sl\/proizvod\/aloe-vera-gel\/\" \/>\n<meta property=\"og:site_name\" content=\"Aloa Vera Centar\" \/>\n<meta property=\"article:modified_time\" content=\"2025-04-21T18:27:32+00:00\" \/>\n<meta property=\"og:image\" content=\"https:\/\/aloevera-centar.com\/wp-content\/uploads\/2022\/06\/Dizajn-bez-naslova-7.png\" \/>\n\t<meta property=\"og:image:width\" content=\"510\" \/>\n\t<meta property=\"og:image:height\" content=\"510\" \/>\n\t<meta property=\"og:image:type\" content=\"image\/png\" \/>\n<meta name=\"twitter:card\" content=\"summary_large_image\" \/>\n<meta name=\"twitter:label1\" content=\"Price\" \/>\n\t<meta name=\"twitter:data1\" content=\"36,63&nbsp;&euro;\" \/>\n\t<meta name=\"twitter:label2\" content=\"Availability\" \/>\n\t<meta name=\"twitter:data2\" content=\"In stock\" \/>\n<script type=\"application\/ld+json\" class=\"yoast-schema-graph\">{\"@context\":\"https:\\\/\\\/schema.org\",\"@graph\":[{\"@type\":[\"WebPage\",\"ItemPage\"],\"@id\":\"https:\\\/\\\/aloevera-centar.com\\\/sl\\\/proizvod\\\/aloe-vera-gel\\\/\",\"url\":\"https:\\\/\\\/aloevera-centar.com\\\/sl\\\/proizvod\\\/aloe-vera-gel\\\/\",\"name\":\"Forever Aloe Vera Gel \u2013 Naravna podpora prebavi in \u200b\u200bimunosti\",\"isPartOf\":{\"@id\":\"https:\\\/\\\/aloevera-centar.com\\\/sl\\\/#website\"},\"primaryImageOfPage\":{\"@id\":\"https:\\\/\\\/aloevera-centar.com\\\/sl\\\/proizvod\\\/aloe-vera-gel\\\/#primaryimage\"},\"image\":{\"@id\":\"https:\\\/\\\/aloevera-centar.com\\\/sl\\\/proizvod\\\/aloe-vera-gel\\\/#primaryimage\"},\"thumbnailUrl\":\"https:\\\/\\\/aloevera-centar.com\\\/wp-content\\\/uploads\\\/2022\\\/06\\\/Dizajn-bez-naslova-7.webp\",\"datePublished\":\"2025-04-10T07:10:10+00:00\",\"dateModified\":\"2025-04-21T18:27:32+00:00\",\"description\":\"Forever Aloe Vera Gel z 99,7 % \u010diste aloje za prebavo in energijo. Izkoristite 15% popust na na\u0161e priporo\u010dilo in odkrijte mo\u010d narave!\",\"breadcrumb\":{\"@id\":\"https:\\\/\\\/aloevera-centar.com\\\/sl\\\/proizvod\\\/aloe-vera-gel\\\/#breadcrumb\"},\"inLanguage\":\"sl-SI\",\"potentialAction\":[{\"@type\":\"ReadAction\",\"target\":[\"https:\\\/\\\/aloevera-centar.com\\\/sl\\\/proizvod\\\/aloe-vera-gel\\\/\"]}]},{\"@type\":\"ImageObject\",\"inLanguage\":\"sl-SI\",\"@id\":\"https:\\\/\\\/aloevera-centar.com\\\/sl\\\/proizvod\\\/aloe-vera-gel\\\/#primaryimage\",\"url\":\"https:\\\/\\\/aloevera-centar.com\\\/wp-content\\\/uploads\\\/2022\\\/06\\\/Dizajn-bez-naslova-7.webp\",\"contentUrl\":\"https:\\\/\\\/aloevera-centar.com\\\/wp-content\\\/uploads\\\/2022\\\/06\\\/Dizajn-bez-naslova-7.webp\",\"width\":510,\"height\":510},{\"@type\":\"BreadcrumbList\",\"@id\":\"https:\\\/\\\/aloevera-centar.com\\\/sl\\\/proizvod\\\/aloe-vera-gel\\\/#breadcrumb\",\"itemListElement\":[{\"@type\":\"ListItem\",\"position\":1,\"name\":\"\u0160tevilka Stranica\",\"item\":\"https:\\\/\\\/aloevera-centar.com\\\/sl\\\/center-za-aloe-vero\\\/\"},{\"@type\":\"ListItem\",\"position\":2,\"name\":\"Shop\",\"item\":\"https:\\\/\\\/aloevera-centar.com\\\/sl\\\/shop\\\/\"},{\"@type\":\"ListItem\",\"position\":3,\"name\":\"Aloe vera gel\"}]},{\"@type\":\"WebSite\",\"@id\":\"https:\\\/\\\/aloevera-centar.com\\\/sl\\\/#website\",\"url\":\"https:\\\/\\\/aloevera-centar.com\\\/sl\\\/\",\"name\":\"Aloa Vera Centar\",\"description\":\"Aloe Vera Centar\",\"potentialAction\":[{\"@type\":\"SearchAction\",\"target\":{\"@type\":\"EntryPoint\",\"urlTemplate\":\"https:\\\/\\\/aloevera-centar.com\\\/sl\\\/?s={search_term_string}\"},\"query-input\":{\"@type\":\"PropertyValueSpecification\",\"valueRequired\":true,\"valueName\":\"search_term_string\"}}],\"inLanguage\":\"sl-SI\"}]}<\/script>\n<meta property=\"product:price:amount\" content=\"36.63\" \/>\n<meta property=\"product:price:currency\" content=\"EUR\" \/>\n<meta property=\"og:availability\" content=\"instock\" \/>\n<meta property=\"product:availability\" content=\"instock\" \/>\n<meta property=\"product:condition\" content=\"new\" \/>\n<!-- \/ Yoast SEO Premium plugin. -->","yoast_head_json":{"title":"Forever Aloe Vera Gel \u2013 Naravna podpora prebavi in \u200b\u200bimunosti","description":"Forever Aloe Vera Gel z 99,7 % \u010diste aloje za prebavo in energijo. Izkoristite 15% popust na na\u0161e priporo\u010dilo in odkrijte mo\u010d narave!","robots":{"index":"index","follow":"follow","max-snippet":"max-snippet:-1","max-image-preview":"max-image-preview:large","max-video-preview":"max-video-preview:-1"},"canonical":"https:\/\/aloevera-centar.com\/sl\/proizvod\/aloe-vera-gel\/","og_locale":"sl_SI","og_type":"article","og_title":"Aloe vera gel","og_description":"Forever Aloe Vera Gel z 99,7 % \u010diste aloje za prebavo in energijo. Izkoristite 15% popust na na\u0161e priporo\u010dilo in odkrijte mo\u010d narave!","og_url":"https:\/\/aloevera-centar.com\/sl\/proizvod\/aloe-vera-gel\/","og_site_name":"Aloa Vera Centar","article_modified_time":"2025-04-21T18:27:32+00:00","og_image":[{"width":510,"height":510,"url":"https:\/\/aloevera-centar.com\/wp-content\/uploads\/2022\/06\/Dizajn-bez-naslova-7.png","type":"image\/png"}],"twitter_card":"summary_large_image","twitter_misc":{"Price":"36,63&nbsp;&euro;","Availability":"In stock"},"schema":{"@context":"https:\/\/schema.org","@graph":[{"@type":["WebPage","ItemPage"],"@id":"https:\/\/aloevera-centar.com\/sl\/proizvod\/aloe-vera-gel\/","url":"https:\/\/aloevera-centar.com\/sl\/proizvod\/aloe-vera-gel\/","name":"Forever Aloe Vera Gel \u2013 Naravna podpora prebavi in \u200b\u200bimunosti","isPartOf":{"@id":"https:\/\/aloevera-centar.com\/sl\/#website"},"primaryImageOfPage":{"@id":"https:\/\/aloevera-centar.com\/sl\/proizvod\/aloe-vera-gel\/#primaryimage"},"image":{"@id":"https:\/\/aloevera-centar.com\/sl\/proizvod\/aloe-vera-gel\/#primaryimage"},"thumbnailUrl":"https:\/\/aloevera-centar.com\/wp-content\/uploads\/2022\/06\/Dizajn-bez-naslova-7.webp","datePublished":"2025-04-10T07:10:10+00:00","dateModified":"2025-04-21T18:27:32+00:00","description":"Forever Aloe Vera Gel z 99,7 % \u010diste aloje za prebavo in energijo. Izkoristite 15% popust na na\u0161e priporo\u010dilo in odkrijte mo\u010d narave!","breadcrumb":{"@id":"https:\/\/aloevera-centar.com\/sl\/proizvod\/aloe-vera-gel\/#breadcrumb"},"inLanguage":"sl-SI","potentialAction":[{"@type":"ReadAction","target":["https:\/\/aloevera-centar.com\/sl\/proizvod\/aloe-vera-gel\/"]}]},{"@type":"ImageObject","inLanguage":"sl-SI","@id":"https:\/\/aloevera-centar.com\/sl\/proizvod\/aloe-vera-gel\/#primaryimage","url":"https:\/\/aloevera-centar.com\/wp-content\/uploads\/2022\/06\/Dizajn-bez-naslova-7.webp","contentUrl":"https:\/\/aloevera-centar.com\/wp-content\/uploads\/2022\/06\/Dizajn-bez-naslova-7.webp","width":510,"height":510},{"@type":"BreadcrumbList","@id":"https:\/\/aloevera-centar.com\/sl\/proizvod\/aloe-vera-gel\/#breadcrumb","itemListElement":[{"@type":"ListItem","position":1,"name":"\u0160tevilka Stranica","item":"https:\/\/aloevera-centar.com\/sl\/center-za-aloe-vero\/"},{"@type":"ListItem","position":2,"name":"Shop","item":"https:\/\/aloevera-centar.com\/sl\/shop\/"},{"@type":"ListItem","position":3,"name":"Aloe vera gel"}]},{"@type":"WebSite","@id":"https:\/\/aloevera-centar.com\/sl\/#website","url":"https:\/\/aloevera-centar.com\/sl\/","name":"Aloa Vera Centar","description":"Aloe Vera Centar","potentialAction":[{"@type":"SearchAction","target":{"@type":"EntryPoint","urlTemplate":"https:\/\/aloevera-centar.com\/sl\/?s={search_term_string}"},"query-input":{"@type":"PropertyValueSpecification","valueRequired":true,"valueName":"search_term_string"}}],"inLanguage":"sl-SI"}]},"product_price_amount":"36.63","product_price_currency":"EUR","og_availability":"instock","product_availability":"instock","product_condition":"new"},"_links":{"self":[{"href":"https:\/\/aloevera-centar.com\/sl\/wp-json\/wp\/v2\/product\/16486","targetHints":{"allow":["GET"]}}],"collection":[{"href":"https:\/\/aloevera-centar.com\/sl\/wp-json\/wp\/v2\/product"}],"about":[{"href":"https:\/\/aloevera-centar.com\/sl\/wp-json\/wp\/v2\/types\/product"}],"replies":[{"embeddable":true,"href":"https:\/\/aloevera-centar.com\/sl\/wp-json\/wp\/v2\/comments?post=16486"}],"wp:featuredmedia":[{"embeddable":true,"href":"https:\/\/aloevera-centar.com\/sl\/wp-json\/wp\/v2\/media\/16076"}],"wp:attachment":[{"href":"https:\/\/aloevera-centar.com\/sl\/wp-json\/wp\/v2\/media?parent=16486"}],"wp:term":[{"taxonomy":"product_brand","embeddable":true,"href":"https:\/\/aloevera-centar.com\/sl\/wp-json\/wp\/v2\/product_brand?post=16486"},{"taxonomy":"product_cat","embeddable":true,"href":"https:\/\/aloevera-centar.com\/sl\/wp-json\/wp\/v2\/product_cat?post=16486"},{"taxonomy":"product_tag","embeddable":true,"href":"https:\/\/aloevera-centar.com\/sl\/wp-json\/wp\/v2\/product_tag?post=16486"}],"curies":[{"name":"wp","href":"https:\/\/api.w.org\/{rel}","templated":true}]}}