{"id":16478,"date":"2025-04-10T03:22:35","date_gmt":"2025-04-10T01:22:35","guid":{"rendered":"https:\/\/aloevera-centar.com\/proizvod\/forever-aloe-peaches\/"},"modified":"2025-04-21T22:30:29","modified_gmt":"2025-04-21T22:30:29","slug":"forever-aloe-peaches","status":"publish","type":"product","link":"https:\/\/aloevera-centar.com\/sl\/proizvod\/forever-aloe-peaches\/","title":{"rendered":"Forever Aloe Peaches"},"content":{"rendered":"<h1>Forever Aloe Peaches \u2013 naravni gel aloe vere, obogaten z okusom breskve<\/h1>\n<p><strong>Foreverove bio Aloe Peaches \u017ee 40 let<\/strong> osvajajo srca milijonov uporabnikov po vsem svetu.<br \/>\nTa osve\u017eilni napitek zdru\u017euje \u010disti aloe vera gel z naravnim okusom breskve, brez dodanih konzervansov,<br \/>\nki vam daje okusen na\u010din za podporo prebave, imunskega sistema in ravni energije.<\/p>\n<h2>Prednosti za vas<\/h2>\n<ul>\n<li><strong>100% naravno brez konzervansov:<\/strong> Podobno je, kot \u010de bi u\u017eivali sve\u017eo alojo neposredno iz listov ( <a href=\"https:\/\/aloavera-centar.com\/proizvod\/aloe-vera-gel\/\" target=\"_blank\" rel=\"noopener\">vir<\/a> ).<\/li>\n<li><strong>Zdrava prebava:<\/strong> Aloe vera pomaga izbolj\u0161ati absorpcijo hranil in spodbuja rast pozitivnih bakterij v \u010drevesju.<\/li>\n<li><strong>Krepitev imunosti:<\/strong> Acemannan in druga hranila podpirajo naravno obrambo telesa.<\/li>\n<li><strong>Naravna energija:<\/strong> Sve\u017e okus breskve prispeva k osve\u017eilni in po\u017eivljajo\u010di pija\u010di.<\/li>\n<\/ul>\n<h2>Sestavine in kakovost<\/h2>\n<p>Predstavljajte si, da odre\u017eete list aloe vere in zau\u017eijete gel neposredno iz rastline. To\u010dno to je filozofija.<br \/>\n<strong>Forever Aloe Peaches<\/strong> . Z asepti\u010dno obdelavo izdelek zadr\u017ei <strong>99,7 % \u010distega gela aloe vere<\/strong><br \/>\niz notranjega lista, naravne arome breskve in klju\u010dnega polisaharida acemanana \u2013 v dvakratni koli\u010dini, ki jo zahteva <a href=\"https:\/\/aloavera-centar.com\/aloe-vera-gel-prirodna-aloa-vera\/\" target=\"_blank\" rel=\"noopener\">certifikat IASC<\/a> .<\/p>\n<h3>Kako uporabljati?<\/h3>\n<ul>\n<li><strong>Priporo\u010dena dnevna koli\u010dina:<\/strong> 1 deciliter (najbolje 2 x 0,5 dcl na te\u0161\u010de).<\/li>\n<li><strong>Navodila za shranjevanje:<\/strong> Po odprtju hraniti v hladilniku. Uporabite v 30 dneh.<\/li>\n<li><strong>Manj\u0161a pakiranja:<\/strong> <a href=\"https:\/\/aloavera-centar.com\/proizvod\/aloe-peaches-330-ml\/\" target=\"_blank\" rel=\"noopener\">Aloe Peaches 330 ml<\/a> so primerna za tiste, ki nimajo hladilnika pri roki.<\/li>\n<\/ul>\n<h2>Zakaj izbrati ravno ta izdelek?<\/h2>\n<p>S <strong>Forever Aloe Peaches<\/strong> dobite visokokakovostno aloe vero in sladek, naraven okus breskev.<br \/>\nTa napitek ne vsebuje umetnih dodatkov ali konzervansov in je popolna izbira za vse, ki i\u0161\u010dejo zdrav na\u010din za podporo svojih<br \/>\nlastno prebavo, imuniteto in energijo z naravnimi sestavinami.<\/p>\n<div style=\"border: 2px solid #4caf50; padding: 10px; margin: 15px 0;\"><strong>AloeVera Center je neodvisni Forever partner.<\/strong><br \/>\n<strong>Prejmite 15 % popusta<\/strong> na ta izdelek, \u010de kupite prek na\u0161ega priporo\u010dila!<\/div>\n<p>Za dodatne nasvete ali prilagojena priporo\u010dila se obrnite na na\u0161ega svetovalca za AI s klikom na sovo v spodnjem kotu<br \/>\nali prek <a href=\"https:\/\/forevercard.club\/ddglabhlcn\" target=\"_blank\" rel=\"noopener\">pomo\u010dnika AI<\/a> .<br \/>\nS pomo\u010dnikom AI lahko dobite tudi <strong>15% popust<\/strong> na naro\u010dilo!<\/p>\n<h2>Priporo\u010deni sorodni izdelki<\/h2>\n<ul>\n<li><strong><a href=\"https:\/\/aloevera-centar.com\/proizvod\/aloe-vera-gel\/\" target=\"_blank\" rel=\"noopener\">Forever Aloe Vera Gel<\/a><\/strong> \u2013 99,7 % \u010disti gel aloe brez dodanih konzervansov.<\/li>\n<li><strong><a href=\"https:\/\/aloevera-centar.com\/proizvod\/aloe-berry-nectar\/\" target=\"_blank\" rel=\"noopener\">Forever Berry Nectar<\/a><\/strong> \u2013 Aloe vera obogatena z brusnicami za \u0161e bolj sve\u017e okus.<\/li>\n<li><strong><a href=\"https:\/\/aloevera-centar.com\/proizvod\/forever-freedom\/\" target=\"_blank\" rel=\"noopener\">Forever Freedom<\/a><\/strong> \u2013 Aloe gel z dodanim glukozaminom, hondroitinom in MSM za zdravje sklepov.<\/li>\n<\/ul>\n","protected":false},"excerpt":{"rendered":"<div>Forever Aloe Peaches 1 liter<\/div>\n<div>Naro\u010dite originalne Forever Aloe Peaches neposredno pri podjetju prek na\u0161ega priporo\u010dila in pridobite 15% popust!<\/div>\n","protected":false},"featured_media":16070,"comment_status":"closed","ping_status":"closed","template":"","meta":[],"product_brand":[],"product_cat":[1521],"product_tag":[],"class_list":{"0":"post-16478","1":"product","2":"type-product","3":"status-publish","4":"has-post-thumbnail","6":"product_cat-pijace","8":"first","9":"instock","10":"sale","11":"shipping-taxable","12":"product-type-external"},"yoast_head":"<!-- This site is optimized with the Yoast SEO Premium plugin v24.8 (Yoast SEO v27.4) - https:\/\/yoast.com\/product\/yoast-seo-premium-wordpress\/ -->\n<title>Forever Aloe Peaches \u2013 naravni okus in 15% popust<\/title>\n<meta name=\"description\" content=\"Forever Aloe Peaches 1 L \u2013 \u010disti gel aloe vere z okusom breskve. Brez konzervansov, po na\u0161em priporo\u010dilu s 15% popustom. Osve\u017eite se z naravo!\" \/>\n<meta name=\"robots\" content=\"index, follow, max-snippet:-1, max-image-preview:large, max-video-preview:-1\" \/>\n<link rel=\"canonical\" href=\"https:\/\/aloevera-centar.com\/sl\/proizvod\/forever-aloe-peaches\/\" \/>\n<meta property=\"og:locale\" content=\"sl_SI\" \/>\n<meta property=\"og:type\" content=\"article\" \/>\n<meta property=\"og:title\" content=\"Forever Aloe Peaches\" \/>\n<meta property=\"og:description\" content=\"Forever Aloe Peaches 1 L \u2013 \u010disti gel aloe vere z okusom breskve. Brez konzervansov, po na\u0161em priporo\u010dilu s 15% popustom. Osve\u017eite se z naravo!\" \/>\n<meta property=\"og:url\" content=\"https:\/\/aloevera-centar.com\/sl\/proizvod\/forever-aloe-peaches\/\" \/>\n<meta property=\"og:site_name\" content=\"Aloa Vera Centar\" \/>\n<meta property=\"article:modified_time\" content=\"2025-04-21T22:30:29+00:00\" \/>\n<meta property=\"og:image\" content=\"https:\/\/aloevera-centar.com\/wp-content\/uploads\/2023\/11\/Dizajn-bez-naslova-5.png\" \/>\n\t<meta property=\"og:image:width\" content=\"510\" \/>\n\t<meta property=\"og:image:height\" content=\"510\" \/>\n\t<meta property=\"og:image:type\" content=\"image\/png\" \/>\n<meta name=\"twitter:card\" content=\"summary_large_image\" \/>\n<meta name=\"twitter:label1\" content=\"Price\" \/>\n\t<meta name=\"twitter:data1\" content=\"36,63&nbsp;&euro;\" \/>\n\t<meta name=\"twitter:label2\" content=\"Availability\" \/>\n\t<meta name=\"twitter:data2\" content=\"In stock\" \/>\n<script type=\"application\/ld+json\" class=\"yoast-schema-graph\">{\"@context\":\"https:\\\/\\\/schema.org\",\"@graph\":[{\"@type\":[\"WebPage\",\"ItemPage\"],\"@id\":\"https:\\\/\\\/aloevera-centar.com\\\/sl\\\/proizvod\\\/forever-aloe-peaches\\\/\",\"url\":\"https:\\\/\\\/aloevera-centar.com\\\/sl\\\/proizvod\\\/forever-aloe-peaches\\\/\",\"name\":\"Forever Aloe Peaches \u2013 naravni okus in 15% popust\",\"isPartOf\":{\"@id\":\"https:\\\/\\\/aloevera-centar.com\\\/sl\\\/#website\"},\"primaryImageOfPage\":{\"@id\":\"https:\\\/\\\/aloevera-centar.com\\\/sl\\\/proizvod\\\/forever-aloe-peaches\\\/#primaryimage\"},\"image\":{\"@id\":\"https:\\\/\\\/aloevera-centar.com\\\/sl\\\/proizvod\\\/forever-aloe-peaches\\\/#primaryimage\"},\"thumbnailUrl\":\"https:\\\/\\\/aloevera-centar.com\\\/wp-content\\\/uploads\\\/2023\\\/11\\\/Dizajn-bez-naslova-5.webp\",\"datePublished\":\"2025-04-10T01:22:35+00:00\",\"dateModified\":\"2025-04-21T22:30:29+00:00\",\"description\":\"Forever Aloe Peaches 1 L \u2013 \u010disti gel aloe vere z okusom breskve. Brez konzervansov, po na\u0161em priporo\u010dilu s 15% popustom. Osve\u017eite se z naravo!\",\"breadcrumb\":{\"@id\":\"https:\\\/\\\/aloevera-centar.com\\\/sl\\\/proizvod\\\/forever-aloe-peaches\\\/#breadcrumb\"},\"inLanguage\":\"sl-SI\",\"potentialAction\":[{\"@type\":\"ReadAction\",\"target\":[\"https:\\\/\\\/aloevera-centar.com\\\/sl\\\/proizvod\\\/forever-aloe-peaches\\\/\"]}]},{\"@type\":\"ImageObject\",\"inLanguage\":\"sl-SI\",\"@id\":\"https:\\\/\\\/aloevera-centar.com\\\/sl\\\/proizvod\\\/forever-aloe-peaches\\\/#primaryimage\",\"url\":\"https:\\\/\\\/aloevera-centar.com\\\/wp-content\\\/uploads\\\/2023\\\/11\\\/Dizajn-bez-naslova-5.webp\",\"contentUrl\":\"https:\\\/\\\/aloevera-centar.com\\\/wp-content\\\/uploads\\\/2023\\\/11\\\/Dizajn-bez-naslova-5.webp\",\"width\":510,\"height\":510},{\"@type\":\"BreadcrumbList\",\"@id\":\"https:\\\/\\\/aloevera-centar.com\\\/sl\\\/proizvod\\\/forever-aloe-peaches\\\/#breadcrumb\",\"itemListElement\":[{\"@type\":\"ListItem\",\"position\":1,\"name\":\"\u0160tevilka Stranica\",\"item\":\"https:\\\/\\\/aloevera-centar.com\\\/sl\\\/center-za-aloe-vero\\\/\"},{\"@type\":\"ListItem\",\"position\":2,\"name\":\"Shop\",\"item\":\"https:\\\/\\\/aloevera-centar.com\\\/sl\\\/shop\\\/\"},{\"@type\":\"ListItem\",\"position\":3,\"name\":\"Forever Aloe Peaches\"}]},{\"@type\":\"WebSite\",\"@id\":\"https:\\\/\\\/aloevera-centar.com\\\/sl\\\/#website\",\"url\":\"https:\\\/\\\/aloevera-centar.com\\\/sl\\\/\",\"name\":\"Aloa Vera Centar\",\"description\":\"Aloe Vera Centar\",\"potentialAction\":[{\"@type\":\"SearchAction\",\"target\":{\"@type\":\"EntryPoint\",\"urlTemplate\":\"https:\\\/\\\/aloevera-centar.com\\\/sl\\\/?s={search_term_string}\"},\"query-input\":{\"@type\":\"PropertyValueSpecification\",\"valueRequired\":true,\"valueName\":\"search_term_string\"}}],\"inLanguage\":\"sl-SI\"}]}<\/script>\n<meta property=\"product:price:amount\" content=\"36.63\" \/>\n<meta property=\"product:price:currency\" content=\"EUR\" \/>\n<meta property=\"og:availability\" content=\"instock\" \/>\n<meta property=\"product:availability\" content=\"instock\" \/>\n<meta property=\"product:condition\" content=\"new\" \/>\n<!-- \/ Yoast SEO Premium plugin. -->","yoast_head_json":{"title":"Forever Aloe Peaches \u2013 naravni okus in 15% popust","description":"Forever Aloe Peaches 1 L \u2013 \u010disti gel aloe vere z okusom breskve. Brez konzervansov, po na\u0161em priporo\u010dilu s 15% popustom. Osve\u017eite se z naravo!","robots":{"index":"index","follow":"follow","max-snippet":"max-snippet:-1","max-image-preview":"max-image-preview:large","max-video-preview":"max-video-preview:-1"},"canonical":"https:\/\/aloevera-centar.com\/sl\/proizvod\/forever-aloe-peaches\/","og_locale":"sl_SI","og_type":"article","og_title":"Forever Aloe Peaches","og_description":"Forever Aloe Peaches 1 L \u2013 \u010disti gel aloe vere z okusom breskve. Brez konzervansov, po na\u0161em priporo\u010dilu s 15% popustom. Osve\u017eite se z naravo!","og_url":"https:\/\/aloevera-centar.com\/sl\/proizvod\/forever-aloe-peaches\/","og_site_name":"Aloa Vera Centar","article_modified_time":"2025-04-21T22:30:29+00:00","og_image":[{"width":510,"height":510,"url":"https:\/\/aloevera-centar.com\/wp-content\/uploads\/2023\/11\/Dizajn-bez-naslova-5.png","type":"image\/png"}],"twitter_card":"summary_large_image","twitter_misc":{"Price":"36,63&nbsp;&euro;","Availability":"In stock"},"schema":{"@context":"https:\/\/schema.org","@graph":[{"@type":["WebPage","ItemPage"],"@id":"https:\/\/aloevera-centar.com\/sl\/proizvod\/forever-aloe-peaches\/","url":"https:\/\/aloevera-centar.com\/sl\/proizvod\/forever-aloe-peaches\/","name":"Forever Aloe Peaches \u2013 naravni okus in 15% popust","isPartOf":{"@id":"https:\/\/aloevera-centar.com\/sl\/#website"},"primaryImageOfPage":{"@id":"https:\/\/aloevera-centar.com\/sl\/proizvod\/forever-aloe-peaches\/#primaryimage"},"image":{"@id":"https:\/\/aloevera-centar.com\/sl\/proizvod\/forever-aloe-peaches\/#primaryimage"},"thumbnailUrl":"https:\/\/aloevera-centar.com\/wp-content\/uploads\/2023\/11\/Dizajn-bez-naslova-5.webp","datePublished":"2025-04-10T01:22:35+00:00","dateModified":"2025-04-21T22:30:29+00:00","description":"Forever Aloe Peaches 1 L \u2013 \u010disti gel aloe vere z okusom breskve. Brez konzervansov, po na\u0161em priporo\u010dilu s 15% popustom. Osve\u017eite se z naravo!","breadcrumb":{"@id":"https:\/\/aloevera-centar.com\/sl\/proizvod\/forever-aloe-peaches\/#breadcrumb"},"inLanguage":"sl-SI","potentialAction":[{"@type":"ReadAction","target":["https:\/\/aloevera-centar.com\/sl\/proizvod\/forever-aloe-peaches\/"]}]},{"@type":"ImageObject","inLanguage":"sl-SI","@id":"https:\/\/aloevera-centar.com\/sl\/proizvod\/forever-aloe-peaches\/#primaryimage","url":"https:\/\/aloevera-centar.com\/wp-content\/uploads\/2023\/11\/Dizajn-bez-naslova-5.webp","contentUrl":"https:\/\/aloevera-centar.com\/wp-content\/uploads\/2023\/11\/Dizajn-bez-naslova-5.webp","width":510,"height":510},{"@type":"BreadcrumbList","@id":"https:\/\/aloevera-centar.com\/sl\/proizvod\/forever-aloe-peaches\/#breadcrumb","itemListElement":[{"@type":"ListItem","position":1,"name":"\u0160tevilka Stranica","item":"https:\/\/aloevera-centar.com\/sl\/center-za-aloe-vero\/"},{"@type":"ListItem","position":2,"name":"Shop","item":"https:\/\/aloevera-centar.com\/sl\/shop\/"},{"@type":"ListItem","position":3,"name":"Forever Aloe Peaches"}]},{"@type":"WebSite","@id":"https:\/\/aloevera-centar.com\/sl\/#website","url":"https:\/\/aloevera-centar.com\/sl\/","name":"Aloa Vera Centar","description":"Aloe Vera Centar","potentialAction":[{"@type":"SearchAction","target":{"@type":"EntryPoint","urlTemplate":"https:\/\/aloevera-centar.com\/sl\/?s={search_term_string}"},"query-input":{"@type":"PropertyValueSpecification","valueRequired":true,"valueName":"search_term_string"}}],"inLanguage":"sl-SI"}]},"product_price_amount":"36.63","product_price_currency":"EUR","og_availability":"instock","product_availability":"instock","product_condition":"new"},"_links":{"self":[{"href":"https:\/\/aloevera-centar.com\/sl\/wp-json\/wp\/v2\/product\/16478","targetHints":{"allow":["GET"]}}],"collection":[{"href":"https:\/\/aloevera-centar.com\/sl\/wp-json\/wp\/v2\/product"}],"about":[{"href":"https:\/\/aloevera-centar.com\/sl\/wp-json\/wp\/v2\/types\/product"}],"replies":[{"embeddable":true,"href":"https:\/\/aloevera-centar.com\/sl\/wp-json\/wp\/v2\/comments?post=16478"}],"wp:featuredmedia":[{"embeddable":true,"href":"https:\/\/aloevera-centar.com\/sl\/wp-json\/wp\/v2\/media\/16070"}],"wp:attachment":[{"href":"https:\/\/aloevera-centar.com\/sl\/wp-json\/wp\/v2\/media?parent=16478"}],"wp:term":[{"taxonomy":"product_brand","embeddable":true,"href":"https:\/\/aloevera-centar.com\/sl\/wp-json\/wp\/v2\/product_brand?post=16478"},{"taxonomy":"product_cat","embeddable":true,"href":"https:\/\/aloevera-centar.com\/sl\/wp-json\/wp\/v2\/product_cat?post=16478"},{"taxonomy":"product_tag","embeddable":true,"href":"https:\/\/aloevera-centar.com\/sl\/wp-json\/wp\/v2\/product_tag?post=16478"}],"curies":[{"name":"wp","href":"https:\/\/api.w.org\/{rel}","templated":true}]}}