{"id":16475,"date":"2025-04-10T03:35:05","date_gmt":"2025-04-10T01:35:05","guid":{"rendered":"https:\/\/aloevera-centar.com\/proizvod\/vecna-svoboda\/"},"modified":"2025-04-21T22:29:18","modified_gmt":"2025-04-21T22:29:18","slug":"vecna-svoboda","status":"publish","type":"product","link":"https:\/\/aloevera-centar.com\/sl\/proizvod\/vecna-svoboda\/","title":{"rendered":"Forever Freedom"},"content":{"rendered":"<h1>Forever Freedom \u2013 organski gel aloe vere za zdravje sklepov in kosti<\/h1>\n<div>\n<p><strong>Forever Freedom<\/strong> je edinstvena pija\u010da z dodanimi <strong>glukozaminom, hondroitinom<\/strong> in <strong>metil sulfonil metanom (MSM)<\/strong> ,<br \/>\nki se je \u017ee 40 let izkazala za najljub\u0161o izbiro milijonov uporabnikov po vsem svetu. Na podlagi<br \/>\n<strong><a href=\"https:\/\/aloavera-centar.com\/proizvod\/aloe-vera-gel\/\" target=\"_blank\" rel=\"noopener\">organski gel aloe vere<\/a><\/strong> ,<br \/>\nzagotavlja naravno kombinacijo hranilnih snovi, potrebnih za podporo skeletnega in mi\u0161i\u010dnega sistema.<\/p>\n<\/div>\n<h2>Prednosti in glavne lastnosti<\/h2>\n<ul>\n<li><strong>Visoka vsebnost aloe vere:<\/strong> Spodbuja bolj\u0161o absorpcijo hranilnih snovi in \u200b\u200bblagodejno vpliva na prebavni sistem ( <a href=\"https:\/\/pmc.ncbi.nlm.nih.gov\/articles\/PMC7144722\/\" target=\"_blank\" rel=\"noopener\">raziskave<\/a> ).<\/li>\n<li><strong>Glukozamin, hondroitin in MSM:<\/strong> Pomagajo graditi in ohranjati zdrave sklepe ter pospe\u0161ujejo proces regeneracije tkiva.<\/li>\n<li><strong>Organska \u017evepla:<\/strong> podpirajo naravne procese celjenja in tvorbe tkiv, telo jih zlahka prepozna in sprejme.<\/li>\n<li><strong>Naravni viri hranil:<\/strong> Vsa hranila v Forever Freedom so pridobljena iz \u010distih, naravnih virov.<\/li>\n<\/ul>\n<h2>Sestavine in njihovi u\u010dinki<\/h2>\n<p>Priporo\u010den dnevni odmerek (150 ml) vsebuje:<\/p>\n<ul>\n<li><strong>Stabiliziran gel aloe vere:<\/strong> 13.350 mg<\/li>\n<li><strong>Glukozamin sulfat:<\/strong> 1,875 mg<\/li>\n<li><strong>Hondroitin sulfat:<\/strong> 1,755 mg<\/li>\n<li><strong>MSM (metil sulfonil metan):<\/strong> 900 mg<\/li>\n<\/ul>\n<p><em>Izdelek vsebuje sledi \u0161koljk (kozice, rakovice, jastogi).<\/em><\/p>\n<h2>Kako uporabljati<\/h2>\n<p>Priporo\u010dljivo je vzeti 150 ml dnevno, zjutraj ali razdeljeno na dva odmerka \u010dez dan. Prekomerno u\u017eivanje ne prina\u0161a dodatne koristi in ni priporo\u010dljivo.<\/p>\n<h2>Zakaj izbrati ravno ta izdelek?<\/h2>\n<p>Forever Freedom je odli\u010dna re\u0161itev za vsakogar, ki \u017eeli:<\/p>\n<ul>\n<li>Podpora zdravju sklepov, kosti in mi\u0161ic.<\/li>\n<li>Hitrej\u0161e okrevanje po po\u0161kodbah ali napornem treningu.<\/li>\n<li>Naravne sestavine brez nepotrebnih dodatkov.<\/li>\n<\/ul>\n<div style=\"border: 2px solid #4caf50; padding: 10px; margin: 15px 0;\"><strong>AloeVera Center je neodvisni Forever partner.<\/strong><br \/>\n<strong>Prejmite 15 % popusta<\/strong> na ta izdelek, \u010de kupite prek na\u0161ega priporo\u010dila!<\/div>\n<p>Za personalizirane nasvete in dodatne informacije kliknite na <strong>sovico<\/strong> v spodnjem kotu ali obi\u0161\u010dite<br \/>\n<a href=\"https:\/\/forevercard.club\/ddglabhlcn\" target=\"_blank\" rel=\"noopener\">AI pomo\u010dnik<\/a> .<br \/>\nPreko AI \u200b\u200basistenta lahko dobite tudi <strong>15% popust<\/strong> na naro\u010dilo in poi\u0161\u010dete nasvete za optimalno kombinacijo izdelkov Forever!<\/p>\n<h2>Priporo\u010deni sorodni izdelki<\/h2>\n<ul>\n<li><strong><a href=\"https:\/\/aloevera-centar.com\/proizvod\/aloe-berry-nectar\/\" target=\"_blank\" rel=\"noopener\">Forever Berry Nectar<\/a><\/strong> \u2013 gel aloe vere obogaten s slastno brusnico.<\/li>\n<li><strong><a href=\"https:\/\/aloavera-centar.com\/proizvod\/forever-aloe-peaches\/\" target=\"_blank\" rel=\"noopener\">Aloe Peaches<\/a><\/strong> \u2013 Aloe Vera gel z dodatkom sve\u017eih breskev, na voljo tudi v<\/li>\n<\/ul>\n","protected":false},"excerpt":{"rendered":"<p class=\"p1\">Forever Freedom \u2013 napitek iz aloe vere z glukozaminom, hondroitinom in MSM za podporo sklepom.<\/p>\n<p class=\"p1\">Z na\u0161im priporo\u010dilom pridobite 15% popust!<\/p>\n","protected":false},"featured_media":21329,"comment_status":"closed","ping_status":"closed","template":"","meta":[],"product_brand":[],"product_cat":[1521],"product_tag":[],"class_list":{"0":"post-16475","1":"product","2":"type-product","3":"status-publish","4":"has-post-thumbnail","6":"product_cat-pijace","8":"first","9":"instock","10":"sale","11":"shipping-taxable","12":"product-type-external"},"yoast_head":"<!-- This site is optimized with the Yoast SEO Premium plugin v24.8 (Yoast SEO v27.4) - https:\/\/yoast.com\/product\/yoast-seo-premium-wordpress\/ -->\n<title>Forever Freedom \u2013 Aloe vera za zdravje sklepov in kosti<\/title>\n<meta name=\"description\" content=\"Napitek Forever Freedom z aloe vero, glukozaminom in MSM za mo\u010dne sklepe in kosti. Izkoristite na\u0161 15% popust!\" \/>\n<meta name=\"robots\" content=\"index, follow, max-snippet:-1, max-image-preview:large, max-video-preview:-1\" \/>\n<link rel=\"canonical\" href=\"https:\/\/aloevera-centar.com\/sl\/proizvod\/vecna-svoboda\/\" \/>\n<meta property=\"og:locale\" content=\"sl_SI\" \/>\n<meta property=\"og:type\" content=\"article\" \/>\n<meta property=\"og:title\" content=\"Forever Freedom\" \/>\n<meta property=\"og:description\" content=\"Napitek Forever Freedom z aloe vero, glukozaminom in MSM za mo\u010dne sklepe in kosti. Izkoristite na\u0161 15% popust!\" \/>\n<meta property=\"og:url\" content=\"https:\/\/aloevera-centar.com\/sl\/proizvod\/vecna-svoboda\/\" \/>\n<meta property=\"og:site_name\" content=\"Aloa Vera Centar\" \/>\n<meta property=\"article:modified_time\" content=\"2025-04-21T22:29:18+00:00\" \/>\n<meta property=\"og:image\" content=\"https:\/\/aloevera-centar.com\/wp-content\/uploads\/2023\/11\/Forever-Freedom-510x510.png.webp\" \/>\n\t<meta property=\"og:image:width\" content=\"510\" \/>\n\t<meta property=\"og:image:height\" content=\"510\" \/>\n\t<meta property=\"og:image:type\" content=\"image\/webp\" \/>\n<meta name=\"twitter:card\" content=\"summary_large_image\" \/>\n<meta name=\"twitter:label1\" content=\"Price\" \/>\n\t<meta name=\"twitter:data1\" content=\"49,99&nbsp;&euro;\" \/>\n\t<meta name=\"twitter:label2\" content=\"Availability\" \/>\n\t<meta name=\"twitter:data2\" content=\"In stock\" \/>\n<script type=\"application\/ld+json\" class=\"yoast-schema-graph\">{\"@context\":\"https:\\\/\\\/schema.org\",\"@graph\":[{\"@type\":[\"WebPage\",\"ItemPage\"],\"@id\":\"https:\\\/\\\/aloevera-centar.com\\\/sl\\\/proizvod\\\/vecna-svoboda\\\/\",\"url\":\"https:\\\/\\\/aloevera-centar.com\\\/sl\\\/proizvod\\\/vecna-svoboda\\\/\",\"name\":\"Forever Freedom \u2013 Aloe vera za zdravje sklepov in kosti\",\"isPartOf\":{\"@id\":\"https:\\\/\\\/aloevera-centar.com\\\/sl\\\/#website\"},\"primaryImageOfPage\":{\"@id\":\"https:\\\/\\\/aloevera-centar.com\\\/sl\\\/proizvod\\\/vecna-svoboda\\\/#primaryimage\"},\"image\":{\"@id\":\"https:\\\/\\\/aloevera-centar.com\\\/sl\\\/proizvod\\\/vecna-svoboda\\\/#primaryimage\"},\"thumbnailUrl\":\"https:\\\/\\\/aloevera-centar.com\\\/wp-content\\\/uploads\\\/2025\\\/04\\\/forever_freedom__pd_main_512_X_512_1761286233148.webp\",\"datePublished\":\"2025-04-10T01:35:05+00:00\",\"dateModified\":\"2025-04-21T22:29:18+00:00\",\"description\":\"Napitek Forever Freedom z aloe vero, glukozaminom in MSM za mo\u010dne sklepe in kosti. Izkoristite na\u0161 15% popust!\",\"breadcrumb\":{\"@id\":\"https:\\\/\\\/aloevera-centar.com\\\/sl\\\/proizvod\\\/vecna-svoboda\\\/#breadcrumb\"},\"inLanguage\":\"sl-SI\",\"potentialAction\":[{\"@type\":\"ReadAction\",\"target\":[\"https:\\\/\\\/aloevera-centar.com\\\/sl\\\/proizvod\\\/vecna-svoboda\\\/\"]}]},{\"@type\":\"ImageObject\",\"inLanguage\":\"sl-SI\",\"@id\":\"https:\\\/\\\/aloevera-centar.com\\\/sl\\\/proizvod\\\/vecna-svoboda\\\/#primaryimage\",\"url\":\"https:\\\/\\\/aloevera-centar.com\\\/wp-content\\\/uploads\\\/2025\\\/04\\\/forever_freedom__pd_main_512_X_512_1761286233148.webp\",\"contentUrl\":\"https:\\\/\\\/aloevera-centar.com\\\/wp-content\\\/uploads\\\/2025\\\/04\\\/forever_freedom__pd_main_512_X_512_1761286233148.webp\",\"width\":512,\"height\":512,\"caption\":\"New Forever Freedom\"},{\"@type\":\"BreadcrumbList\",\"@id\":\"https:\\\/\\\/aloevera-centar.com\\\/sl\\\/proizvod\\\/vecna-svoboda\\\/#breadcrumb\",\"itemListElement\":[{\"@type\":\"ListItem\",\"position\":1,\"name\":\"\u0160tevilka Stranica\",\"item\":\"https:\\\/\\\/aloevera-centar.com\\\/sl\\\/center-za-aloe-vero\\\/\"},{\"@type\":\"ListItem\",\"position\":2,\"name\":\"Shop\",\"item\":\"https:\\\/\\\/aloevera-centar.com\\\/sl\\\/shop\\\/\"},{\"@type\":\"ListItem\",\"position\":3,\"name\":\"Forever Freedom\"}]},{\"@type\":\"WebSite\",\"@id\":\"https:\\\/\\\/aloevera-centar.com\\\/sl\\\/#website\",\"url\":\"https:\\\/\\\/aloevera-centar.com\\\/sl\\\/\",\"name\":\"Aloa Vera Centar\",\"description\":\"Aloe Vera Centar\",\"potentialAction\":[{\"@type\":\"SearchAction\",\"target\":{\"@type\":\"EntryPoint\",\"urlTemplate\":\"https:\\\/\\\/aloevera-centar.com\\\/sl\\\/?s={search_term_string}\"},\"query-input\":{\"@type\":\"PropertyValueSpecification\",\"valueRequired\":true,\"valueName\":\"search_term_string\"}}],\"inLanguage\":\"sl-SI\"}]}<\/script>\n<meta property=\"product:price:amount\" content=\"49.99\" \/>\n<meta property=\"product:price:currency\" content=\"EUR\" \/>\n<meta property=\"og:availability\" content=\"instock\" \/>\n<meta property=\"product:availability\" content=\"instock\" \/>\n<meta property=\"product:retailer_item_id\" content=\"196\" \/>\n<meta property=\"product:condition\" content=\"new\" \/>\n<!-- \/ Yoast SEO Premium plugin. -->","yoast_head_json":{"title":"Forever Freedom \u2013 Aloe vera za zdravje sklepov in kosti","description":"Napitek Forever Freedom z aloe vero, glukozaminom in MSM za mo\u010dne sklepe in kosti. Izkoristite na\u0161 15% popust!","robots":{"index":"index","follow":"follow","max-snippet":"max-snippet:-1","max-image-preview":"max-image-preview:large","max-video-preview":"max-video-preview:-1"},"canonical":"https:\/\/aloevera-centar.com\/sl\/proizvod\/vecna-svoboda\/","og_locale":"sl_SI","og_type":"article","og_title":"Forever Freedom","og_description":"Napitek Forever Freedom z aloe vero, glukozaminom in MSM za mo\u010dne sklepe in kosti. Izkoristite na\u0161 15% popust!","og_url":"https:\/\/aloevera-centar.com\/sl\/proizvod\/vecna-svoboda\/","og_site_name":"Aloa Vera Centar","article_modified_time":"2025-04-21T22:29:18+00:00","og_image":[{"width":510,"height":510,"url":"https:\/\/aloevera-centar.com\/wp-content\/uploads\/2023\/11\/Forever-Freedom-510x510.png.webp","type":"image\/webp"}],"twitter_card":"summary_large_image","twitter_misc":{"Price":"49,99&nbsp;&euro;","Availability":"In stock"},"schema":{"@context":"https:\/\/schema.org","@graph":[{"@type":["WebPage","ItemPage"],"@id":"https:\/\/aloevera-centar.com\/sl\/proizvod\/vecna-svoboda\/","url":"https:\/\/aloevera-centar.com\/sl\/proizvod\/vecna-svoboda\/","name":"Forever Freedom \u2013 Aloe vera za zdravje sklepov in kosti","isPartOf":{"@id":"https:\/\/aloevera-centar.com\/sl\/#website"},"primaryImageOfPage":{"@id":"https:\/\/aloevera-centar.com\/sl\/proizvod\/vecna-svoboda\/#primaryimage"},"image":{"@id":"https:\/\/aloevera-centar.com\/sl\/proizvod\/vecna-svoboda\/#primaryimage"},"thumbnailUrl":"https:\/\/aloevera-centar.com\/wp-content\/uploads\/2025\/04\/forever_freedom__pd_main_512_X_512_1761286233148.webp","datePublished":"2025-04-10T01:35:05+00:00","dateModified":"2025-04-21T22:29:18+00:00","description":"Napitek Forever Freedom z aloe vero, glukozaminom in MSM za mo\u010dne sklepe in kosti. Izkoristite na\u0161 15% popust!","breadcrumb":{"@id":"https:\/\/aloevera-centar.com\/sl\/proizvod\/vecna-svoboda\/#breadcrumb"},"inLanguage":"sl-SI","potentialAction":[{"@type":"ReadAction","target":["https:\/\/aloevera-centar.com\/sl\/proizvod\/vecna-svoboda\/"]}]},{"@type":"ImageObject","inLanguage":"sl-SI","@id":"https:\/\/aloevera-centar.com\/sl\/proizvod\/vecna-svoboda\/#primaryimage","url":"https:\/\/aloevera-centar.com\/wp-content\/uploads\/2025\/04\/forever_freedom__pd_main_512_X_512_1761286233148.webp","contentUrl":"https:\/\/aloevera-centar.com\/wp-content\/uploads\/2025\/04\/forever_freedom__pd_main_512_X_512_1761286233148.webp","width":512,"height":512,"caption":"New Forever Freedom"},{"@type":"BreadcrumbList","@id":"https:\/\/aloevera-centar.com\/sl\/proizvod\/vecna-svoboda\/#breadcrumb","itemListElement":[{"@type":"ListItem","position":1,"name":"\u0160tevilka Stranica","item":"https:\/\/aloevera-centar.com\/sl\/center-za-aloe-vero\/"},{"@type":"ListItem","position":2,"name":"Shop","item":"https:\/\/aloevera-centar.com\/sl\/shop\/"},{"@type":"ListItem","position":3,"name":"Forever Freedom"}]},{"@type":"WebSite","@id":"https:\/\/aloevera-centar.com\/sl\/#website","url":"https:\/\/aloevera-centar.com\/sl\/","name":"Aloa Vera Centar","description":"Aloe Vera Centar","potentialAction":[{"@type":"SearchAction","target":{"@type":"EntryPoint","urlTemplate":"https:\/\/aloevera-centar.com\/sl\/?s={search_term_string}"},"query-input":{"@type":"PropertyValueSpecification","valueRequired":true,"valueName":"search_term_string"}}],"inLanguage":"sl-SI"}]},"product_price_amount":"49.99","product_price_currency":"EUR","og_availability":"instock","product_availability":"instock","product_retailer_item_id":"196","product_condition":"new"},"_links":{"self":[{"href":"https:\/\/aloevera-centar.com\/sl\/wp-json\/wp\/v2\/product\/16475","targetHints":{"allow":["GET"]}}],"collection":[{"href":"https:\/\/aloevera-centar.com\/sl\/wp-json\/wp\/v2\/product"}],"about":[{"href":"https:\/\/aloevera-centar.com\/sl\/wp-json\/wp\/v2\/types\/product"}],"replies":[{"embeddable":true,"href":"https:\/\/aloevera-centar.com\/sl\/wp-json\/wp\/v2\/comments?post=16475"}],"wp:featuredmedia":[{"embeddable":true,"href":"https:\/\/aloevera-centar.com\/sl\/wp-json\/wp\/v2\/media\/21329"}],"wp:attachment":[{"href":"https:\/\/aloevera-centar.com\/sl\/wp-json\/wp\/v2\/media?parent=16475"}],"wp:term":[{"taxonomy":"product_brand","embeddable":true,"href":"https:\/\/aloevera-centar.com\/sl\/wp-json\/wp\/v2\/product_brand?post=16475"},{"taxonomy":"product_cat","embeddable":true,"href":"https:\/\/aloevera-centar.com\/sl\/wp-json\/wp\/v2\/product_cat?post=16475"},{"taxonomy":"product_tag","embeddable":true,"href":"https:\/\/aloevera-centar.com\/sl\/wp-json\/wp\/v2\/product_tag?post=16475"}],"curies":[{"name":"wp","href":"https:\/\/api.w.org\/{rel}","templated":true}]}}