{"id":16458,"date":"2025-04-15T09:45:45","date_gmt":"2025-04-15T07:45:45","guid":{"rendered":"https:\/\/aloevera-centar.com\/proizvod\/za-vedno-aktivni-ha\/"},"modified":"2025-05-08T14:56:17","modified_gmt":"2025-05-08T12:56:17","slug":"za-vedno-aktivni-ha","status":"publish","type":"product","link":"https:\/\/aloevera-centar.com\/sl\/proizvod\/za-vedno-aktivni-ha\/","title":{"rendered":"Forever Active HA"},"content":{"rendered":"<h1>Forever Active HA \u2013 hidracija sklepov in podpora gibljivosti<\/h1>\n<p><strong>Forever Active HA<\/strong> kapsule zagotavljajo edinstveno formulo hialuronske kisline z nizko molekulsko maso,<br \/>\nolja korenine ingverja in kurkume. Ta kombinacija sestavin ciljno vpliva na zdravje in pro\u017enost sklepov,<br \/>\nin podpira normalno delovanje mi\u0161i\u010dno-skeletnega sistema.<\/p>\n<h2>Prednosti za vas<\/h2>\n<ul>\n<li><strong>Nizkomolekularna hialuronska kislina (HA):<\/strong> Zagotavlja bolj\u0161o absorpcijo in hidracijo tkiva<\/li>\n<li><strong>Ingverjevo olje (Zingiber officinale):<\/strong> Tradicionalno se uporablja za podporo mobilnosti in zmanj\u0161anje nelagodja v sklepih.<\/li>\n<li><strong>Kurkumin (95 % kurkumina):<\/strong> glavna aktivna sestavina kurkume, ki je znana po svojih protivnetnih in antioksidativnih lastnostih ( <a href=\"https:\/\/pubmed.ncbi.nlm.nih.gov\/?term=kurkumin\" target=\"_blank\" rel=\"noopener\">raziskave<\/a> ).<\/li>\n<li><strong>Podpora sklepom:<\/strong> komplementarno delovanje teh sestavin pomaga ohranjati elasti\u010dnost in zdravo delovanje sklepov.<\/li>\n<\/ul>\n<h2>Sestavine in njihovi u\u010dinki<\/h2>\n<p><strong>Priporo\u010den dnevni odmerek:<\/strong> 2 kapsuli s kozarcem vode.<\/p>\n<ul>\n<li><strong>Nizkomolekularna hialuronska kislina (80 mg):<\/strong> Ohranja vla\u017enost in elasti\u010dnost sklepnih tkiv.<\/li>\n<li><strong>Olje korenine ingverja (50 mg):<\/strong> Pomaga pomiriti ob\u010dutek okorelosti in podpira zdravo mobilnost.<\/li>\n<li><strong>Korenina kurkume v prahu (50 mg, 95 % kurkumina):<\/strong> deluje protivnetno in antioksidativno ter \u0161\u010diti tkiva pred stresom.<\/li>\n<\/ul>\n<p>Izdelek vsebuje tudi <strong>sojino olje<\/strong> , lecitin, \u010debelji vosek in cinkov oksid za dodatno podporo in stabilnost formule.<br \/>\nKer vsebuje sojo, naj se ljudje, ob\u010dutljivi na sojo, predhodno posvetujejo z zdravnikom.<\/p>\n<h2>Zakaj izbrati Forever Active HA?<\/h2>\n<ul>\n<li><strong>Ciljna hidracija sklepov:<\/strong> HA z nizko molekulsko maso se lahko bolje absorbira, kar podpira mazanje sklepov.<\/li>\n<li><strong>Ingver in kurkuma:<\/strong> Tradicionalno cenjena za ohranjanje pro\u017enosti in zmanj\u0161anje nelagodja v sklepih.<\/li>\n<li><strong>Kakovost in \u010distost:<\/strong> Sestavine, pridobljene in predelane v skladu z visokimi standardi Forever Living Products.<\/li>\n<\/ul>\n<div style=\"border: 2px solid #4caf50; padding: 10px; margin: 15px 0;\"><strong>AloeVera Center je neodvisni Forever partner.<\/strong><br \/>\n<strong>Prejmite 15 % popusta<\/strong> na ta izdelek, \u010de kupite prek na\u0161ega priporo\u010dila!<\/div>\n<p>I\u0161\u010dete dodaten nasvet ali prilagojeno podporo?<br \/>\nKliknite na sovo v spodnjem kotu ali obi\u0161\u010dite <a href=\"https:\/\/forevercard.club\/ddglabhlcn\" target=\"_blank\" rel=\"noopener\">pomo\u010dnika AI<\/a> ,<br \/>\nkjer lahko dobite <strong>15% popust<\/strong> na naro\u010dilo. Svetovalec AI vam bo pomagal ustvariti idealen na\u010drt za zdravje sklepov in splo\u0161no dobro po\u010dutje.<\/p>\n<h2>Priporo\u010deni sorodni izdelki<\/h2>\n<ul>\n<li><strong><a href=\"https:\/\/aloavera-centar.com\/proizvod\/forever-active-pro-b\/\" target=\"_blank\" rel=\"noopener\">Forever Active Pro-B<\/a><\/strong> \u2013 Probioti\u010dna podpora za bolj\u0161o absorpcijo hranil.<\/li>\n<li><strong><a href=\"https:\/\/aloavera-centar.com\/proizvod\/esm-complex\/\" target=\"_blank\" rel=\"noopener\">ESM Complex<\/a><\/strong> \u2013 posebna vrsta kalcija za hitro regeneracijo kostnega tkiva.<\/li>\n<li><strong><a href=\"https:\/\/aloavera-centar.com\/proizvod\/forever-lycium-plus\/\" target=\"_blank\" rel=\"noopener\">Lycium Plus<\/a><\/strong> \u2013 mo\u010dan antioksidant za podporo telesu.<\/li>\n<li><strong><a href=\"https:\/\/aloavera-centar.com\/proizvod\/vitolize-men\/\" target=\"_blank\" rel=\"noopener\">Vitolize Men<\/a><\/strong> \u2013 ciljni vitamini in minerali za zdravje mo\u0161kih.<\/li>\n<li><strong><a href=\"https:\/\/aloavera-centar.com\/proizvod\/forever-arctic-sea-omega\/\" target=\"_blank\" rel=\"noopener\">Arctic Sea<\/a><\/strong> \u2013 Izjemno mo\u010dne kisline omega-3 in -9 (DHA in EPA) za zdravje srca in o\u017eilja ter sklepov.<\/li>\n<\/ul>\n","protected":false},"excerpt":{"rendered":"<p class=\"p1\">Forever Active HA \u2013 sinergija hialuronske kisline, ingverja in kurkume za la\u017ejo gibljivost.<\/p>\n<p class=\"p1\">Z na\u0161im priporo\u010dilom pridobite 15% popust!<\/p>\n","protected":false},"featured_media":16044,"comment_status":"closed","ping_status":"closed","template":"","meta":[],"product_brand":[],"product_cat":[1324],"product_tag":[],"class_list":{"0":"post-16458","1":"product","2":"type-product","3":"status-publish","4":"has-post-thumbnail","6":"product_cat-prehranska-dopolnila","8":"first","9":"instock","10":"sale","11":"shipping-taxable","12":"product-type-external"},"yoast_head":"<!-- This site is optimized with the Yoast SEO Premium plugin v24.8 (Yoast SEO v27.4) - https:\/\/yoast.com\/product\/yoast-seo-premium-wordpress\/ -->\n<title>Forever Active HA - izdelki Forever Living! Naro\u010dite na spletu!<\/title>\n<meta name=\"description\" content=\"Forever active HA je hialuronska kislina z nizko molekulsko maso, ki hidrira in dopolnjuje teko\u010dino. Edinstvena me\u0161anica ingverja, kurkume in\" \/>\n<meta name=\"robots\" content=\"index, follow, max-snippet:-1, max-image-preview:large, max-video-preview:-1\" \/>\n<link rel=\"canonical\" href=\"https:\/\/aloevera-centar.com\/sl\/proizvod\/za-vedno-aktivni-ha\/\" \/>\n<meta property=\"og:locale\" content=\"sl_SI\" \/>\n<meta property=\"og:type\" content=\"article\" \/>\n<meta property=\"og:title\" content=\"Forever Active HA\" \/>\n<meta property=\"og:description\" content=\"Forever active HA je hialuronska kislina z nizko molekulsko maso, ki hidrira in dopolnjuje teko\u010dino. Edinstvena me\u0161anica ingverja, kurkume in\" \/>\n<meta property=\"og:url\" content=\"https:\/\/aloevera-centar.com\/sl\/proizvod\/za-vedno-aktivni-ha\/\" \/>\n<meta property=\"og:site_name\" content=\"Aloa Vera Centar\" \/>\n<meta property=\"article:modified_time\" content=\"2025-05-08T12:56:17+00:00\" \/>\n<meta property=\"og:image\" content=\"https:\/\/aloevera-centar.com\/wp-content\/uploads\/2022\/06\/Forever-Active-HA-264-510x510.jpg.webp\" \/>\n\t<meta property=\"og:image:width\" content=\"510\" \/>\n\t<meta property=\"og:image:height\" content=\"510\" \/>\n\t<meta property=\"og:image:type\" content=\"image\/webp\" \/>\n<meta name=\"twitter:card\" content=\"summary_large_image\" \/>\n<meta name=\"twitter:label1\" content=\"Price\" \/>\n\t<meta name=\"twitter:data1\" content=\"43,68&nbsp;&euro;\" \/>\n\t<meta name=\"twitter:label2\" content=\"Availability\" \/>\n\t<meta name=\"twitter:data2\" content=\"In stock\" \/>\n<script type=\"application\/ld+json\" class=\"yoast-schema-graph\">{\"@context\":\"https:\\\/\\\/schema.org\",\"@graph\":[{\"@type\":[\"WebPage\",\"ItemPage\"],\"@id\":\"https:\\\/\\\/aloevera-centar.com\\\/sl\\\/proizvod\\\/za-vedno-aktivni-ha\\\/\",\"url\":\"https:\\\/\\\/aloevera-centar.com\\\/sl\\\/proizvod\\\/za-vedno-aktivni-ha\\\/\",\"name\":\"Forever Active HA - izdelki Forever Living! Naro\u010dite na spletu!\",\"isPartOf\":{\"@id\":\"https:\\\/\\\/aloevera-centar.com\\\/sl\\\/#website\"},\"primaryImageOfPage\":{\"@id\":\"https:\\\/\\\/aloevera-centar.com\\\/sl\\\/proizvod\\\/za-vedno-aktivni-ha\\\/#primaryimage\"},\"image\":{\"@id\":\"https:\\\/\\\/aloevera-centar.com\\\/sl\\\/proizvod\\\/za-vedno-aktivni-ha\\\/#primaryimage\"},\"thumbnailUrl\":\"https:\\\/\\\/aloevera-centar.com\\\/wp-content\\\/uploads\\\/2022\\\/06\\\/Forever-Active-HA-264-510x510.jpg.webp\",\"datePublished\":\"2025-04-15T07:45:45+00:00\",\"dateModified\":\"2025-05-08T12:56:17+00:00\",\"description\":\"Forever active HA je hialuronska kislina z nizko molekulsko maso, ki hidrira in dopolnjuje teko\u010dino. Edinstvena me\u0161anica ingverja, kurkume in\",\"breadcrumb\":{\"@id\":\"https:\\\/\\\/aloevera-centar.com\\\/sl\\\/proizvod\\\/za-vedno-aktivni-ha\\\/#breadcrumb\"},\"inLanguage\":\"sl-SI\",\"potentialAction\":[{\"@type\":\"ReadAction\",\"target\":[\"https:\\\/\\\/aloevera-centar.com\\\/sl\\\/proizvod\\\/za-vedno-aktivni-ha\\\/\"]}]},{\"@type\":\"ImageObject\",\"inLanguage\":\"sl-SI\",\"@id\":\"https:\\\/\\\/aloevera-centar.com\\\/sl\\\/proizvod\\\/za-vedno-aktivni-ha\\\/#primaryimage\",\"url\":\"https:\\\/\\\/aloevera-centar.com\\\/wp-content\\\/uploads\\\/2022\\\/06\\\/Forever-Active-HA-264-510x510.jpg.webp\",\"contentUrl\":\"https:\\\/\\\/aloevera-centar.com\\\/wp-content\\\/uploads\\\/2022\\\/06\\\/Forever-Active-HA-264-510x510.jpg.webp\",\"width\":510,\"height\":510},{\"@type\":\"BreadcrumbList\",\"@id\":\"https:\\\/\\\/aloevera-centar.com\\\/sl\\\/proizvod\\\/za-vedno-aktivni-ha\\\/#breadcrumb\",\"itemListElement\":[{\"@type\":\"ListItem\",\"position\":1,\"name\":\"\u0160tevilka Stranica\",\"item\":\"https:\\\/\\\/aloevera-centar.com\\\/sl\\\/center-za-aloe-vero\\\/\"},{\"@type\":\"ListItem\",\"position\":2,\"name\":\"Shop\",\"item\":\"https:\\\/\\\/aloevera-centar.com\\\/sl\\\/shop\\\/\"},{\"@type\":\"ListItem\",\"position\":3,\"name\":\"Forever Active HA\"}]},{\"@type\":\"WebSite\",\"@id\":\"https:\\\/\\\/aloevera-centar.com\\\/sl\\\/#website\",\"url\":\"https:\\\/\\\/aloevera-centar.com\\\/sl\\\/\",\"name\":\"Aloa Vera Centar\",\"description\":\"Aloe Vera Centar\",\"potentialAction\":[{\"@type\":\"SearchAction\",\"target\":{\"@type\":\"EntryPoint\",\"urlTemplate\":\"https:\\\/\\\/aloevera-centar.com\\\/sl\\\/?s={search_term_string}\"},\"query-input\":{\"@type\":\"PropertyValueSpecification\",\"valueRequired\":true,\"valueName\":\"search_term_string\"}}],\"inLanguage\":\"sl-SI\"}]}<\/script>\n<meta property=\"product:price:amount\" content=\"43.68\" \/>\n<meta property=\"product:price:currency\" content=\"EUR\" \/>\n<meta property=\"og:availability\" content=\"instock\" \/>\n<meta property=\"product:availability\" content=\"instock\" \/>\n<meta property=\"product:condition\" content=\"new\" \/>\n<!-- \/ Yoast SEO Premium plugin. -->","yoast_head_json":{"title":"Forever Active HA - izdelki Forever Living! Naro\u010dite na spletu!","description":"Forever active HA je hialuronska kislina z nizko molekulsko maso, ki hidrira in dopolnjuje teko\u010dino. Edinstvena me\u0161anica ingverja, kurkume in","robots":{"index":"index","follow":"follow","max-snippet":"max-snippet:-1","max-image-preview":"max-image-preview:large","max-video-preview":"max-video-preview:-1"},"canonical":"https:\/\/aloevera-centar.com\/sl\/proizvod\/za-vedno-aktivni-ha\/","og_locale":"sl_SI","og_type":"article","og_title":"Forever Active HA","og_description":"Forever active HA je hialuronska kislina z nizko molekulsko maso, ki hidrira in dopolnjuje teko\u010dino. Edinstvena me\u0161anica ingverja, kurkume in","og_url":"https:\/\/aloevera-centar.com\/sl\/proizvod\/za-vedno-aktivni-ha\/","og_site_name":"Aloa Vera Centar","article_modified_time":"2025-05-08T12:56:17+00:00","og_image":[{"width":510,"height":510,"url":"https:\/\/aloevera-centar.com\/wp-content\/uploads\/2022\/06\/Forever-Active-HA-264-510x510.jpg.webp","type":"image\/webp"}],"twitter_card":"summary_large_image","twitter_misc":{"Price":"43,68&nbsp;&euro;","Availability":"In stock"},"schema":{"@context":"https:\/\/schema.org","@graph":[{"@type":["WebPage","ItemPage"],"@id":"https:\/\/aloevera-centar.com\/sl\/proizvod\/za-vedno-aktivni-ha\/","url":"https:\/\/aloevera-centar.com\/sl\/proizvod\/za-vedno-aktivni-ha\/","name":"Forever Active HA - izdelki Forever Living! Naro\u010dite na spletu!","isPartOf":{"@id":"https:\/\/aloevera-centar.com\/sl\/#website"},"primaryImageOfPage":{"@id":"https:\/\/aloevera-centar.com\/sl\/proizvod\/za-vedno-aktivni-ha\/#primaryimage"},"image":{"@id":"https:\/\/aloevera-centar.com\/sl\/proizvod\/za-vedno-aktivni-ha\/#primaryimage"},"thumbnailUrl":"https:\/\/aloevera-centar.com\/wp-content\/uploads\/2022\/06\/Forever-Active-HA-264-510x510.jpg.webp","datePublished":"2025-04-15T07:45:45+00:00","dateModified":"2025-05-08T12:56:17+00:00","description":"Forever active HA je hialuronska kislina z nizko molekulsko maso, ki hidrira in dopolnjuje teko\u010dino. Edinstvena me\u0161anica ingverja, kurkume in","breadcrumb":{"@id":"https:\/\/aloevera-centar.com\/sl\/proizvod\/za-vedno-aktivni-ha\/#breadcrumb"},"inLanguage":"sl-SI","potentialAction":[{"@type":"ReadAction","target":["https:\/\/aloevera-centar.com\/sl\/proizvod\/za-vedno-aktivni-ha\/"]}]},{"@type":"ImageObject","inLanguage":"sl-SI","@id":"https:\/\/aloevera-centar.com\/sl\/proizvod\/za-vedno-aktivni-ha\/#primaryimage","url":"https:\/\/aloevera-centar.com\/wp-content\/uploads\/2022\/06\/Forever-Active-HA-264-510x510.jpg.webp","contentUrl":"https:\/\/aloevera-centar.com\/wp-content\/uploads\/2022\/06\/Forever-Active-HA-264-510x510.jpg.webp","width":510,"height":510},{"@type":"BreadcrumbList","@id":"https:\/\/aloevera-centar.com\/sl\/proizvod\/za-vedno-aktivni-ha\/#breadcrumb","itemListElement":[{"@type":"ListItem","position":1,"name":"\u0160tevilka Stranica","item":"https:\/\/aloevera-centar.com\/sl\/center-za-aloe-vero\/"},{"@type":"ListItem","position":2,"name":"Shop","item":"https:\/\/aloevera-centar.com\/sl\/shop\/"},{"@type":"ListItem","position":3,"name":"Forever Active HA"}]},{"@type":"WebSite","@id":"https:\/\/aloevera-centar.com\/sl\/#website","url":"https:\/\/aloevera-centar.com\/sl\/","name":"Aloa Vera Centar","description":"Aloe Vera Centar","potentialAction":[{"@type":"SearchAction","target":{"@type":"EntryPoint","urlTemplate":"https:\/\/aloevera-centar.com\/sl\/?s={search_term_string}"},"query-input":{"@type":"PropertyValueSpecification","valueRequired":true,"valueName":"search_term_string"}}],"inLanguage":"sl-SI"}]},"product_price_amount":"43.68","product_price_currency":"EUR","og_availability":"instock","product_availability":"instock","product_condition":"new"},"_links":{"self":[{"href":"https:\/\/aloevera-centar.com\/sl\/wp-json\/wp\/v2\/product\/16458","targetHints":{"allow":["GET"]}}],"collection":[{"href":"https:\/\/aloevera-centar.com\/sl\/wp-json\/wp\/v2\/product"}],"about":[{"href":"https:\/\/aloevera-centar.com\/sl\/wp-json\/wp\/v2\/types\/product"}],"replies":[{"embeddable":true,"href":"https:\/\/aloevera-centar.com\/sl\/wp-json\/wp\/v2\/comments?post=16458"}],"wp:featuredmedia":[{"embeddable":true,"href":"https:\/\/aloevera-centar.com\/sl\/wp-json\/wp\/v2\/media\/16044"}],"wp:attachment":[{"href":"https:\/\/aloevera-centar.com\/sl\/wp-json\/wp\/v2\/media?parent=16458"}],"wp:term":[{"taxonomy":"product_brand","embeddable":true,"href":"https:\/\/aloevera-centar.com\/sl\/wp-json\/wp\/v2\/product_brand?post=16458"},{"taxonomy":"product_cat","embeddable":true,"href":"https:\/\/aloevera-centar.com\/sl\/wp-json\/wp\/v2\/product_cat?post=16458"},{"taxonomy":"product_tag","embeddable":true,"href":"https:\/\/aloevera-centar.com\/sl\/wp-json\/wp\/v2\/product_tag?post=16458"}],"curies":[{"name":"wp","href":"https:\/\/api.w.org\/{rel}","templated":true}]}}