{"id":16446,"date":"2023-11-03T01:45:51","date_gmt":"2023-11-03T00:45:51","guid":{"rendered":"https:\/\/aloevera-centar.com\/proizvod\/za-vedno-narava-min\/"},"modified":"2025-04-21T22:40:56","modified_gmt":"2025-04-21T22:40:56","slug":"za-vedno-narava-min","status":"publish","type":"product","link":"https:\/\/aloevera-centar.com\/sl\/proizvod\/za-vedno-narava-min\/","title":{"rendered":"Forever Nature Min"},"content":{"rendered":"<h1>Forever Nature Min \u2013 Naravni minerali za popolno podporo telesu<\/h1>\n<p><strong>Forever Nature Min<\/strong> je bogata me\u0161anica skoraj vseh mineralov, ki so prisotni v \u010dlove\u0161kem telesu,<br \/>\npridobljeno iz naravnih morskih, keliranih rastlinskih in \u017eivalskih virov. Sestavine, kot so<br \/>\n<strong>cink, kalcij, fosfor, magnezij, mangan, baker in selen<\/strong><br \/>\nprispevajo k ohranjanju normalne presnove, zdravju kosti in za\u0161\u010diti celic pred oksidativnim stresom ( <a href=\"https:\/\/pubmed.ncbi.nlm.nih.gov\/?term=bone+mineral\" target=\"_blank\" rel=\"noopener\">znanstveni vir<\/a> o pomenu mineralov za kosti).<br \/>\nPoleg redne in uravnote\u017eene prehrane <strong>Forever Nature Min<\/strong> nudi dodatno podporo va\u0161emu aktivnemu \u017eivljenjskemu slogu.<\/p>\n<h2>Prednosti za vas<\/h2>\n<ul>\n<li><strong>Naravna morska osnova:<\/strong> Minerali iz morja in kelatirani viri zagotavljajo bolj\u0161o absorpcijo in izkoristek.<\/li>\n<li><strong>\u0160irok nabor mineralov:<\/strong> podpira razli\u010dne funkcije \u2013 od skeletnega in krvo\u017eilnega sistema do imunosti in presnove.<\/li>\n<li><strong>Za\u0161\u010dita pred oksidativnim stresom:<\/strong> Baker, cink, mangan in selen prispevajo k normalnemu delovanju celic.<\/li>\n<li><strong>Zdrave kosti in sklepi:<\/strong> Kalcij, fosfor, magnezij in mangan prispevajo k ohranjanju normalne strukture kosti.<\/li>\n<li><strong>Primerno odmerjanje:<\/strong> Samo 4 tablete na dan, primerno za odrasle in otroke nad 12 let.<\/li>\n<\/ul>\n<h2>Sestavine in njihovi u\u010dinki<\/h2>\n<p><strong>Priporo\u010den dnevni odmerek:<\/strong> 4 tablete na dan. Vsak odmerek (4 tablete) med drugim vsebuje:<\/p>\n<ul>\n<li><strong>Kalcij (666 mg \/ 83 % DV):<\/strong> Pomemben za vzdr\u017eevanje normalnih kosti in zob.<\/li>\n<li><strong>Fosfor (515 mg \/ 74 %PU):<\/strong> Sodeluje pri energetski presnovi in \u200b\u200bohranjanju normalnih kosti.<\/li>\n<li><strong>Magnezij (267 mg \/ 71 % PU):<\/strong> podpira delovanje mi\u0161ic, \u017eiv\u010dnega sistema in ravnovesje elektrolitov.<\/li>\n<li><strong>\u017delezo (12 mg \/ 86 %DU):<\/strong> Bistvenega pomena za prenos kisika v krvi in \u200b\u200bzmanj\u0161evanje utrujenosti.<\/li>\n<li><strong>Cink (10 mg \/ 100 %PU):<\/strong> Prispeva k za\u0161\u010diti celic pred oksidacijo, normalni imunosti in kogniciji.<\/li>\n<li><strong>Selen (24 \u00b5g \/ 44 %DU):<\/strong> Pomemben za imunost in za\u0161\u010dito celic pred oksidativnim stresom.<\/li>\n<\/ul>\n<p>RDA \u2013 priporo\u010deni dnevni vnos. Kombinacija teh mineralov pomaga ohranjati ravnovesje elektrolitov, krepi kosti in podpira splo\u0161no zdravje.<\/p>\n<h2>Zakaj izbrati Forever Nature Min?<\/h2>\n<ul>\n<li><strong>Visoka absorpcija:<\/strong> Kelirani minerali in morska baza za optimalno izrabo v telesu.<\/li>\n<li><strong>Naravno in celovito:<\/strong> Pridobljeno iz globokomorskih in rastlinsko-\u017eivalskih virov z minimalno predelavo.<\/li>\n<li><strong>Varen za uporabo:<\/strong> Brez agresivnih dodatkov, primeren za vsakodnevno uporabo.<\/li>\n<\/ul>\n<p><em>Pri bole\u010dinah v kosteh je priporo\u010dljivo kombinirati <strong>Forever Nature Min<\/strong> s <a href=\"https:\/\/aloavera-centar.com\/proizvod\/forever-freedom\/\" target=\"_blank\" rel=\"noopener\">Forever Freedom<\/a> in <a href=\"https:\/\/aloavera-centar.com\/proizvod\/forever-calcium\/\" target=\"_blank\" rel=\"noopener\">Forever Calcium<\/a> za izbolj\u0161ane u\u010dinke.<\/em><\/p>\n<div style=\"border: 2px solid #4caf50; padding: 10px; margin: 15px 0;\"><strong>AloeVera Center je neodvisni Forever partner.<\/strong><br \/>\n<strong>Prejmite 15 % popusta<\/strong> na ta izdelek, \u010de kupite prek na\u0161ega priporo\u010dila!<\/div>\n<p>I\u0161\u010dete personaliziran nasvet ali kombinacije izdelkov iz ponudbe Forever? Kliknite na sovico v spodnjem kotu oz<br \/>\nObi\u0161\u010dite <a href=\"https:\/\/forevercard.club\/popust\" target=\"_blank\" rel=\"noopener\">AI Assistant<\/a> , kjer lahko izkoristite <strong>15% popust<\/strong> pri naro\u010dilu. Svetovalec AI vam bo pomagal izbrati popolno rutino za podporo in za\u0161\u010dito va\u0161ega telesa!<\/p>\n<h2>Priporo\u010deni sorodni izdelki<\/h2>\n<ul>\n<li><strong><a href=\"https:\/\/aloavera-centar.com\/proizvod\/forever-freedom\/\" target=\"_blank\" rel=\"noopener\">Forever Freedom<\/a><\/strong> \u2013 Napitek iz aloe vere z naravnim \u017eveplom za zmanj\u0161anje vnetja v telesu.<\/li>\n<li><strong><a href=\"https:\/\/aloavera-centar.com\/proizvod\/forever-calcium\/\" target=\"_blank\" rel=\"noopener\">Forever Calcium<\/a><\/strong> \u2013 naravni kalcij za zdravje kosti in sklepov.<\/li>\n<\/ul>\n","protected":false},"excerpt":{"rendered":"<div>Forever Nature Min \u2013 naravni minerali iz globokega morja za zdravje kosti, metabolizem in imunost.<\/div>\n<div>\n<p class=\"p1\"><strong>Izkoristite 15% popust na na\u0161e priporo\u010dilo!<\/strong><\/p>\n<\/div>\n","protected":false},"featured_media":16068,"comment_status":"closed","ping_status":"closed","template":"","meta":[],"product_brand":[],"product_cat":[1324],"product_tag":[],"class_list":{"0":"post-16446","1":"product","2":"type-product","3":"status-publish","4":"has-post-thumbnail","6":"product_cat-prehranska-dopolnila","8":"first","9":"instock","10":"sale","11":"shipping-taxable","12":"product-type-external"},"yoast_head":"<!-- This site is optimized with the Yoast SEO Premium plugin v24.8 (Yoast SEO v27.4) - https:\/\/yoast.com\/product\/yoast-seo-premium-wordpress\/ -->\n<title>Forever Nature Min - izdelki Forever Living - Naro\u010dite prek spleta!<\/title>\n<meta name=\"description\" content=\"Forever Nature Min vsebuje skoraj vse minerale, ki jih lahko najdete v \u010dlove\u0161kem telesu. Z dnevno koli\u010dino RDA bo va\u0161e telo dobilo vse, kar potrebuje.\" \/>\n<meta name=\"robots\" content=\"index, follow, max-snippet:-1, max-image-preview:large, max-video-preview:-1\" \/>\n<link rel=\"canonical\" href=\"https:\/\/aloevera-centar.com\/sl\/proizvod\/za-vedno-narava-min\/\" \/>\n<meta property=\"og:locale\" content=\"sl_SI\" \/>\n<meta property=\"og:type\" content=\"article\" \/>\n<meta property=\"og:title\" content=\"Forever Nature Min\" \/>\n<meta property=\"og:description\" content=\"Forever Nature Min vsebuje skoraj vse minerale, ki jih lahko najdete v \u010dlove\u0161kem telesu. Z dnevno koli\u010dino RDA bo va\u0161e telo dobilo vse, kar potrebuje.\" \/>\n<meta property=\"og:url\" content=\"https:\/\/aloevera-centar.com\/sl\/proizvod\/za-vedno-narava-min\/\" \/>\n<meta property=\"og:site_name\" content=\"Aloa Vera Centar\" \/>\n<meta property=\"article:modified_time\" content=\"2025-04-21T22:40:56+00:00\" \/>\n<meta property=\"og:image\" content=\"https:\/\/aloevera-centar.com\/wp-content\/uploads\/2023\/11\/Forever-Nature-Min-037-510x510.jpg.webp\" \/>\n\t<meta property=\"og:image:width\" content=\"510\" \/>\n\t<meta property=\"og:image:height\" content=\"510\" \/>\n\t<meta property=\"og:image:type\" content=\"image\/webp\" \/>\n<meta name=\"twitter:card\" content=\"summary_large_image\" \/>\n<meta name=\"twitter:label1\" content=\"Price\" \/>\n\t<meta name=\"twitter:data1\" content=\"26,30&nbsp;&euro;\" \/>\n\t<meta name=\"twitter:label2\" content=\"Availability\" \/>\n\t<meta name=\"twitter:data2\" content=\"In stock\" \/>\n<script type=\"application\/ld+json\" class=\"yoast-schema-graph\">{\"@context\":\"https:\\\/\\\/schema.org\",\"@graph\":[{\"@type\":[\"WebPage\",\"ItemPage\"],\"@id\":\"https:\\\/\\\/aloevera-centar.com\\\/sl\\\/proizvod\\\/za-vedno-narava-min\\\/\",\"url\":\"https:\\\/\\\/aloevera-centar.com\\\/sl\\\/proizvod\\\/za-vedno-narava-min\\\/\",\"name\":\"Forever Nature Min - izdelki Forever Living - Naro\u010dite prek spleta!\",\"isPartOf\":{\"@id\":\"https:\\\/\\\/aloevera-centar.com\\\/sl\\\/#website\"},\"primaryImageOfPage\":{\"@id\":\"https:\\\/\\\/aloevera-centar.com\\\/sl\\\/proizvod\\\/za-vedno-narava-min\\\/#primaryimage\"},\"image\":{\"@id\":\"https:\\\/\\\/aloevera-centar.com\\\/sl\\\/proizvod\\\/za-vedno-narava-min\\\/#primaryimage\"},\"thumbnailUrl\":\"https:\\\/\\\/aloevera-centar.com\\\/wp-content\\\/uploads\\\/2023\\\/11\\\/Forever-Nature-Min-037-510x510.jpg.webp\",\"datePublished\":\"2023-11-03T00:45:51+00:00\",\"dateModified\":\"2025-04-21T22:40:56+00:00\",\"description\":\"Forever Nature Min vsebuje skoraj vse minerale, ki jih lahko najdete v \u010dlove\u0161kem telesu. Z dnevno koli\u010dino RDA bo va\u0161e telo dobilo vse, kar potrebuje.\",\"breadcrumb\":{\"@id\":\"https:\\\/\\\/aloevera-centar.com\\\/sl\\\/proizvod\\\/za-vedno-narava-min\\\/#breadcrumb\"},\"inLanguage\":\"sl-SI\",\"potentialAction\":[{\"@type\":\"ReadAction\",\"target\":[\"https:\\\/\\\/aloevera-centar.com\\\/sl\\\/proizvod\\\/za-vedno-narava-min\\\/\"]}]},{\"@type\":\"ImageObject\",\"inLanguage\":\"sl-SI\",\"@id\":\"https:\\\/\\\/aloevera-centar.com\\\/sl\\\/proizvod\\\/za-vedno-narava-min\\\/#primaryimage\",\"url\":\"https:\\\/\\\/aloevera-centar.com\\\/wp-content\\\/uploads\\\/2023\\\/11\\\/Forever-Nature-Min-037-510x510.jpg.webp\",\"contentUrl\":\"https:\\\/\\\/aloevera-centar.com\\\/wp-content\\\/uploads\\\/2023\\\/11\\\/Forever-Nature-Min-037-510x510.jpg.webp\",\"width\":510,\"height\":510},{\"@type\":\"BreadcrumbList\",\"@id\":\"https:\\\/\\\/aloevera-centar.com\\\/sl\\\/proizvod\\\/za-vedno-narava-min\\\/#breadcrumb\",\"itemListElement\":[{\"@type\":\"ListItem\",\"position\":1,\"name\":\"\u0160tevilka Stranica\",\"item\":\"https:\\\/\\\/aloevera-centar.com\\\/sl\\\/center-za-aloe-vero\\\/\"},{\"@type\":\"ListItem\",\"position\":2,\"name\":\"Shop\",\"item\":\"https:\\\/\\\/aloevera-centar.com\\\/sl\\\/shop\\\/\"},{\"@type\":\"ListItem\",\"position\":3,\"name\":\"Forever Nature Min\"}]},{\"@type\":\"WebSite\",\"@id\":\"https:\\\/\\\/aloevera-centar.com\\\/sl\\\/#website\",\"url\":\"https:\\\/\\\/aloevera-centar.com\\\/sl\\\/\",\"name\":\"Aloa Vera Centar\",\"description\":\"Aloe Vera Centar\",\"potentialAction\":[{\"@type\":\"SearchAction\",\"target\":{\"@type\":\"EntryPoint\",\"urlTemplate\":\"https:\\\/\\\/aloevera-centar.com\\\/sl\\\/?s={search_term_string}\"},\"query-input\":{\"@type\":\"PropertyValueSpecification\",\"valueRequired\":true,\"valueName\":\"search_term_string\"}}],\"inLanguage\":\"sl-SI\"}]}<\/script>\n<meta property=\"product:price:amount\" content=\"26.30\" \/>\n<meta property=\"product:price:currency\" content=\"EUR\" \/>\n<meta property=\"og:availability\" content=\"instock\" \/>\n<meta property=\"product:availability\" content=\"instock\" \/>\n<meta property=\"product:condition\" content=\"new\" \/>\n<!-- \/ Yoast SEO Premium plugin. -->","yoast_head_json":{"title":"Forever Nature Min - izdelki Forever Living - Naro\u010dite prek spleta!","description":"Forever Nature Min vsebuje skoraj vse minerale, ki jih lahko najdete v \u010dlove\u0161kem telesu. Z dnevno koli\u010dino RDA bo va\u0161e telo dobilo vse, kar potrebuje.","robots":{"index":"index","follow":"follow","max-snippet":"max-snippet:-1","max-image-preview":"max-image-preview:large","max-video-preview":"max-video-preview:-1"},"canonical":"https:\/\/aloevera-centar.com\/sl\/proizvod\/za-vedno-narava-min\/","og_locale":"sl_SI","og_type":"article","og_title":"Forever Nature Min","og_description":"Forever Nature Min vsebuje skoraj vse minerale, ki jih lahko najdete v \u010dlove\u0161kem telesu. Z dnevno koli\u010dino RDA bo va\u0161e telo dobilo vse, kar potrebuje.","og_url":"https:\/\/aloevera-centar.com\/sl\/proizvod\/za-vedno-narava-min\/","og_site_name":"Aloa Vera Centar","article_modified_time":"2025-04-21T22:40:56+00:00","og_image":[{"width":510,"height":510,"url":"https:\/\/aloevera-centar.com\/wp-content\/uploads\/2023\/11\/Forever-Nature-Min-037-510x510.jpg.webp","type":"image\/webp"}],"twitter_card":"summary_large_image","twitter_misc":{"Price":"26,30&nbsp;&euro;","Availability":"In stock"},"schema":{"@context":"https:\/\/schema.org","@graph":[{"@type":["WebPage","ItemPage"],"@id":"https:\/\/aloevera-centar.com\/sl\/proizvod\/za-vedno-narava-min\/","url":"https:\/\/aloevera-centar.com\/sl\/proizvod\/za-vedno-narava-min\/","name":"Forever Nature Min - izdelki Forever Living - Naro\u010dite prek spleta!","isPartOf":{"@id":"https:\/\/aloevera-centar.com\/sl\/#website"},"primaryImageOfPage":{"@id":"https:\/\/aloevera-centar.com\/sl\/proizvod\/za-vedno-narava-min\/#primaryimage"},"image":{"@id":"https:\/\/aloevera-centar.com\/sl\/proizvod\/za-vedno-narava-min\/#primaryimage"},"thumbnailUrl":"https:\/\/aloevera-centar.com\/wp-content\/uploads\/2023\/11\/Forever-Nature-Min-037-510x510.jpg.webp","datePublished":"2023-11-03T00:45:51+00:00","dateModified":"2025-04-21T22:40:56+00:00","description":"Forever Nature Min vsebuje skoraj vse minerale, ki jih lahko najdete v \u010dlove\u0161kem telesu. Z dnevno koli\u010dino RDA bo va\u0161e telo dobilo vse, kar potrebuje.","breadcrumb":{"@id":"https:\/\/aloevera-centar.com\/sl\/proizvod\/za-vedno-narava-min\/#breadcrumb"},"inLanguage":"sl-SI","potentialAction":[{"@type":"ReadAction","target":["https:\/\/aloevera-centar.com\/sl\/proizvod\/za-vedno-narava-min\/"]}]},{"@type":"ImageObject","inLanguage":"sl-SI","@id":"https:\/\/aloevera-centar.com\/sl\/proizvod\/za-vedno-narava-min\/#primaryimage","url":"https:\/\/aloevera-centar.com\/wp-content\/uploads\/2023\/11\/Forever-Nature-Min-037-510x510.jpg.webp","contentUrl":"https:\/\/aloevera-centar.com\/wp-content\/uploads\/2023\/11\/Forever-Nature-Min-037-510x510.jpg.webp","width":510,"height":510},{"@type":"BreadcrumbList","@id":"https:\/\/aloevera-centar.com\/sl\/proizvod\/za-vedno-narava-min\/#breadcrumb","itemListElement":[{"@type":"ListItem","position":1,"name":"\u0160tevilka Stranica","item":"https:\/\/aloevera-centar.com\/sl\/center-za-aloe-vero\/"},{"@type":"ListItem","position":2,"name":"Shop","item":"https:\/\/aloevera-centar.com\/sl\/shop\/"},{"@type":"ListItem","position":3,"name":"Forever Nature Min"}]},{"@type":"WebSite","@id":"https:\/\/aloevera-centar.com\/sl\/#website","url":"https:\/\/aloevera-centar.com\/sl\/","name":"Aloa Vera Centar","description":"Aloe Vera Centar","potentialAction":[{"@type":"SearchAction","target":{"@type":"EntryPoint","urlTemplate":"https:\/\/aloevera-centar.com\/sl\/?s={search_term_string}"},"query-input":{"@type":"PropertyValueSpecification","valueRequired":true,"valueName":"search_term_string"}}],"inLanguage":"sl-SI"}]},"product_price_amount":"26.30","product_price_currency":"EUR","og_availability":"instock","product_availability":"instock","product_condition":"new"},"_links":{"self":[{"href":"https:\/\/aloevera-centar.com\/sl\/wp-json\/wp\/v2\/product\/16446","targetHints":{"allow":["GET"]}}],"collection":[{"href":"https:\/\/aloevera-centar.com\/sl\/wp-json\/wp\/v2\/product"}],"about":[{"href":"https:\/\/aloevera-centar.com\/sl\/wp-json\/wp\/v2\/types\/product"}],"replies":[{"embeddable":true,"href":"https:\/\/aloevera-centar.com\/sl\/wp-json\/wp\/v2\/comments?post=16446"}],"wp:featuredmedia":[{"embeddable":true,"href":"https:\/\/aloevera-centar.com\/sl\/wp-json\/wp\/v2\/media\/16068"}],"wp:attachment":[{"href":"https:\/\/aloevera-centar.com\/sl\/wp-json\/wp\/v2\/media?parent=16446"}],"wp:term":[{"taxonomy":"product_brand","embeddable":true,"href":"https:\/\/aloevera-centar.com\/sl\/wp-json\/wp\/v2\/product_brand?post=16446"},{"taxonomy":"product_cat","embeddable":true,"href":"https:\/\/aloevera-centar.com\/sl\/wp-json\/wp\/v2\/product_cat?post=16446"},{"taxonomy":"product_tag","embeddable":true,"href":"https:\/\/aloevera-centar.com\/sl\/wp-json\/wp\/v2\/product_tag?post=16446"}],"curies":[{"name":"wp","href":"https:\/\/api.w.org\/{rel}","templated":true}]}}