{"id":16443,"date":"2022-06-04T09:45:53","date_gmt":"2022-06-04T07:45:53","guid":{"rendered":"https:\/\/aloevera-centar.com\/proizvod\/za-vedno-argi\/"},"modified":"2025-04-21T22:42:27","modified_gmt":"2025-04-21T22:42:27","slug":"za-vedno-argi","status":"publish","type":"product","link":"https:\/\/aloevera-centar.com\/sl\/proizvod\/za-vedno-argi\/","title":{"rendered":"Forever Argi+"},"content":{"rendered":"<h1>Forever Argi+ Mo\u010d L-arginina za energijo in zdravje celega telesa<\/h1>\n<p><strong>Forever Argi+<\/strong> je vrhunsko prehransko dopolnilo, ki zdru\u017euje <strong>L-arginin<\/strong> , klju\u010dno aminokislino za proizvodnjo du\u0161ikovega oksida (NO), s kompleksnimi vitamini (C, D, B6, B12 in drugi B-kompleksi). V eni \u017elici Argi+ dobite kar 5 g \u010distega L-arginina, ki podpira zdravje sr\u010dno-\u017eilnega sistema, imunosti, mi\u0161ic, kosti in reproduktivnega sistema pri mo\u0161kih. Sestavine, kot so \u0161ipek, izvle\u010dek grozdne lupine, \u010drni ribez in druge jagode, dodajo mo\u010dno antioksidativno delovanje in nudijo celovito podporo telesu.<\/p>\n<h2>Prednosti za vas<\/h2>\n<ul>\n<li><strong>Podpora krvo\u017eilnemu sistemu:<\/strong> L-arginin pomaga proizvajati du\u0161ikov oksid, molekulo, ki \u0161iri krvne \u017eile in izbolj\u0161uje cirkulacijo.<\/li>\n<li><strong>Ve\u010d energije in vzdr\u017eljivosti:<\/strong> vitamini C, D in B-kompleks prispevajo k zmanj\u0161anju utrujenosti in podpirajo energijsko presnovo.<\/li>\n<li><strong>Antioksidativna za\u0161\u010dita:<\/strong> edinstvena me\u0161anica sadja (granatna jabolka, grozdje, jagodi\u010devje) \u0161\u010diti celice pred oksidativnim stresom.<\/li>\n<li><strong>Podpora mi\u0161ic in kosti:<\/strong> vitamin D pomaga pri normalnem delovanju mi\u0161ic in zdravju kosti, medtem ko L-arginin izbolj\u0161a absorpcijo hranil.<\/li>\n<li><strong>Prakti\u010dno pakiranje:<\/strong> Na voljo v vre\u010dkah (z 10 g prahu), ki jih preprosto vme\u0161ate v vodo ali va\u0161 najljub\u0161i napitek iz aloje.<\/li>\n<\/ul>\n<h2>Sestavine in njihovi u\u010dinki<\/h2>\n<p>Priporo\u010den dnevni odmerek: 1 vre\u010dka (10 g), raztopljena v 240 ml vode ali alojinega soka.<br \/>\n<strong>Forever Argi+<\/strong> vsebuje:<\/p>\n<ul>\n<li><strong>L-arginin (5 g):<\/strong> predhodnik du\u0161ikovega oksida (NO) \u2013 izbolj\u0161a cirkulacijo in pomaga vzdr\u017eevati normalen krvni tlak.<\/li>\n<li><strong>Vitamini C, D, B6, B12<\/strong> in drugi vitamini B-kompleksa: podpirajo imunski sistem, energijsko presnovo in zdravje \u017eiv\u010dnega sistema.<\/li>\n<li><strong>Sadni izvle\u010dki:<\/strong> granatno jabolko, izvle\u010dek lupine rde\u010dega grozdja, \u010drni ribez, malina, vi\u0161nja, robida, borovnica \u2013 zagotavljajo mo\u010dan antioksidativni u\u010dinek.<\/li>\n<li><strong>Kalcij, vitamin K2:<\/strong> prispevata k ohranjanju normalnih kosti in koagulaciji.<\/li>\n<\/ul>\n<h2>Zakaj izbrati Forever Argi+?<\/h2>\n<ul>\n<li><strong>Izbolj\u0161uje pretok kisika in hranil:<\/strong> Du\u0161ikov oksid \u0161iri krvne \u017eile, pomaga pri regeneraciji in vzdr\u017eljivosti.<\/li>\n<li><strong>Popoln za aktivne ljudi in \u0161portnike:<\/strong> pove\u010da telesno vzdr\u017eljivost in pospe\u0161i okrevanje po treningu.<\/li>\n<li><strong>Enostaven za uporabo:<\/strong> Samo zme\u0161ajte z vodo ali va\u0161 najljub\u0161i napitek iz aloje in u\u017eivajte v pozitivnih u\u010dinkih.<\/li>\n<\/ul>\n<div style=\"border: 2px solid #4caf50; padding: 10px; margin: 15px 0;\"><strong>AloeVera Center je neodvisni Forever partner.<\/strong><br \/>\n<strong>Prejmite 15 % popusta<\/strong> na ta izdelek, \u010de kupite prek na\u0161ega priporo\u010dila!<\/div>\n<p>I\u0161\u010dete personaliziran nasvet ali kombinacije izdelkov? Kliknite na sovo v spodnjem kotu zaslona ali obi\u0161\u010dite <a href=\"https:\/\/forevercard.club\/ddglabhlcn\" target=\"_blank\" rel=\"noopener\">pomo\u010dnika AI<\/a> , kjer lahko dobite <strong>15% popust<\/strong> na va\u0161e naro\u010dilo. AI Advisor vam bo pomagal najti najbolj\u0161e izdelke za va\u0161e potrebe in cilje!<\/p>\n<h2>Priporo\u010deni sorodni izdelki<\/h2>\n<ul>\n<li><strong><a href=\"https:\/\/aloavera-centar.com\/proizvod\/forever-arctic-sea-omega\/\" target=\"_blank\" rel=\"noopener\">Arctic Sea<\/a><\/strong> \u2013 Omega 3 in 9 za zdravje srca in o\u017eilja ter mo\u017eganov.<\/li>\n<li><strong><a href=\"https:\/\/aloavera-centar.com\/proizvod\/forever-focus\/\" target=\"_blank\" rel=\"noopener\">Forever Focus<\/a><\/strong> \u2013 Podpora mentalni zmogljivosti in energiji.<\/li>\n<li><strong><a href=\"https:\/\/aloavera-centar.com\/proizvod\/forever-nutra-q10\/\" target=\"_blank\" rel=\"noopener\">Forever Nutra Q10<\/a><\/strong> \u2013 Naravni Q10 za za\u0161\u010dito srca in o\u017eilja.<\/li>\n<li><strong><a href=\"https:\/\/aloavera-centar.com\/proizvod\/aloe-vera-gel\/\" target=\"_blank\" rel=\"noopener\">Aloe Vera Gel<\/a><\/strong> \u2013 99,7 % \u010disti napitek iz aloe vere za razstrupljanje in podporo imunosti.<\/li>\n<li><strong><a href=\"https:\/\/aloavera-centar.com\/proizvod\/forever-daily\/\" target=\"_blank\" rel=\"noopener\">Forever Daily<\/a><\/strong> \u2013 Kompleks vseh klju\u010dnih vitaminov in mineralov.<\/li>\n<\/ul>\n","protected":false},"excerpt":{"rendered":"<p class=\"p1\">Forever Argi+ \u2013 mo\u010dna formula z L-argininom in vitamini za bolj\u0161o cirkulacijo in energijo.<\/p>\n<p class=\"p1\">Z na\u0161im priporo\u010dilom pridobite 15% popust!<\/p>\n","protected":false},"featured_media":16054,"comment_status":"closed","ping_status":"closed","template":"","meta":[],"product_brand":[],"product_cat":[1324],"product_tag":[],"class_list":{"0":"post-16443","1":"product","2":"type-product","3":"status-publish","4":"has-post-thumbnail","6":"product_cat-prehranska-dopolnila","8":"first","9":"instock","10":"sale","11":"shipping-taxable","12":"product-type-external"},"yoast_head":"<!-- This site is optimized with the Yoast SEO Premium plugin v24.8 (Yoast SEO v27.5) - https:\/\/yoast.com\/product\/yoast-seo-premium-wordpress\/ -->\n<title>Forever Argi+ Energija in vitalnost z L-argininom in vitamini<\/title>\n<meta name=\"description\" content=\"Forever Argi+ s 5 g L-arginina in vitamini za prekrvavitev in mo\u010d. Izkoristite 15% popust na na\u0161e priporo\u010dilo! Odkrijte mo\u010d naravnega Larginina!\" \/>\n<meta name=\"robots\" content=\"index, follow, max-snippet:-1, max-image-preview:large, max-video-preview:-1\" \/>\n<link rel=\"canonical\" href=\"https:\/\/aloevera-centar.com\/sl\/proizvod\/za-vedno-argi\/\" \/>\n<meta property=\"og:locale\" content=\"sl_SI\" \/>\n<meta property=\"og:type\" content=\"article\" \/>\n<meta property=\"og:title\" content=\"Forever Argi+\" \/>\n<meta property=\"og:description\" content=\"Forever Argi+ s 5 g L-arginina in vitamini za prekrvavitev in mo\u010d. Izkoristite 15% popust na na\u0161e priporo\u010dilo! Odkrijte mo\u010d naravnega Larginina!\" \/>\n<meta property=\"og:url\" content=\"https:\/\/aloevera-centar.com\/sl\/proizvod\/za-vedno-argi\/\" \/>\n<meta property=\"og:site_name\" content=\"Aloa Vera Centar\" \/>\n<meta property=\"article:modified_time\" content=\"2025-04-21T22:42:27+00:00\" \/>\n<meta property=\"og:image\" content=\"https:\/\/aloevera-centar.com\/wp-content\/uploads\/2022\/06\/Forever-Argi-stick-pak-510x510.jpg.webp\" \/>\n\t<meta property=\"og:image:width\" content=\"510\" \/>\n\t<meta property=\"og:image:height\" content=\"510\" \/>\n\t<meta property=\"og:image:type\" content=\"image\/webp\" \/>\n<meta name=\"twitter:card\" content=\"summary_large_image\" \/>\n<meta name=\"twitter:label1\" content=\"Price\" \/>\n\t<meta name=\"twitter:data1\" content=\"79,41&nbsp;&euro;\" \/>\n\t<meta name=\"twitter:label2\" content=\"Availability\" \/>\n\t<meta name=\"twitter:data2\" content=\"In stock\" \/>\n<script type=\"application\/ld+json\" class=\"yoast-schema-graph\">{\"@context\":\"https:\\\/\\\/schema.org\",\"@graph\":[{\"@type\":[\"WebPage\",\"ItemPage\"],\"@id\":\"https:\\\/\\\/aloevera-centar.com\\\/sl\\\/proizvod\\\/za-vedno-argi\\\/\",\"url\":\"https:\\\/\\\/aloevera-centar.com\\\/sl\\\/proizvod\\\/za-vedno-argi\\\/\",\"name\":\"Forever Argi+ Energija in vitalnost z L-argininom in vitamini\",\"isPartOf\":{\"@id\":\"https:\\\/\\\/aloevera-centar.com\\\/sl\\\/#website\"},\"primaryImageOfPage\":{\"@id\":\"https:\\\/\\\/aloevera-centar.com\\\/sl\\\/proizvod\\\/za-vedno-argi\\\/#primaryimage\"},\"image\":{\"@id\":\"https:\\\/\\\/aloevera-centar.com\\\/sl\\\/proizvod\\\/za-vedno-argi\\\/#primaryimage\"},\"thumbnailUrl\":\"https:\\\/\\\/aloevera-centar.com\\\/wp-content\\\/uploads\\\/2022\\\/06\\\/Forever-Argi-stick-pak-510x510.jpg.webp\",\"datePublished\":\"2022-06-04T07:45:53+00:00\",\"dateModified\":\"2025-04-21T22:42:27+00:00\",\"description\":\"Forever Argi+ s 5 g L-arginina in vitamini za prekrvavitev in mo\u010d. Izkoristite 15% popust na na\u0161e priporo\u010dilo! Odkrijte mo\u010d naravnega Larginina!\",\"breadcrumb\":{\"@id\":\"https:\\\/\\\/aloevera-centar.com\\\/sl\\\/proizvod\\\/za-vedno-argi\\\/#breadcrumb\"},\"inLanguage\":\"sl-SI\",\"potentialAction\":[{\"@type\":\"ReadAction\",\"target\":[\"https:\\\/\\\/aloevera-centar.com\\\/sl\\\/proizvod\\\/za-vedno-argi\\\/\"]}]},{\"@type\":\"ImageObject\",\"inLanguage\":\"sl-SI\",\"@id\":\"https:\\\/\\\/aloevera-centar.com\\\/sl\\\/proizvod\\\/za-vedno-argi\\\/#primaryimage\",\"url\":\"https:\\\/\\\/aloevera-centar.com\\\/wp-content\\\/uploads\\\/2022\\\/06\\\/Forever-Argi-stick-pak-510x510.jpg.webp\",\"contentUrl\":\"https:\\\/\\\/aloevera-centar.com\\\/wp-content\\\/uploads\\\/2022\\\/06\\\/Forever-Argi-stick-pak-510x510.jpg.webp\",\"width\":510,\"height\":510},{\"@type\":\"BreadcrumbList\",\"@id\":\"https:\\\/\\\/aloevera-centar.com\\\/sl\\\/proizvod\\\/za-vedno-argi\\\/#breadcrumb\",\"itemListElement\":[{\"@type\":\"ListItem\",\"position\":1,\"name\":\"\u0160tevilka Stranica\",\"item\":\"https:\\\/\\\/aloevera-centar.com\\\/sl\\\/center-za-aloe-vero\\\/\"},{\"@type\":\"ListItem\",\"position\":2,\"name\":\"Shop\",\"item\":\"https:\\\/\\\/aloevera-centar.com\\\/sl\\\/shop\\\/\"},{\"@type\":\"ListItem\",\"position\":3,\"name\":\"Forever Argi+\"}]},{\"@type\":\"WebSite\",\"@id\":\"https:\\\/\\\/aloevera-centar.com\\\/sl\\\/#website\",\"url\":\"https:\\\/\\\/aloevera-centar.com\\\/sl\\\/\",\"name\":\"Aloa Vera Centar\",\"description\":\"Aloe Vera Centar\",\"potentialAction\":[{\"@type\":\"SearchAction\",\"target\":{\"@type\":\"EntryPoint\",\"urlTemplate\":\"https:\\\/\\\/aloevera-centar.com\\\/sl\\\/?s={search_term_string}\"},\"query-input\":{\"@type\":\"PropertyValueSpecification\",\"valueRequired\":true,\"valueName\":\"search_term_string\"}}],\"inLanguage\":\"sl-SI\"}]}<\/script>\n<meta property=\"product:price:amount\" content=\"79.41\" \/>\n<meta property=\"product:price:currency\" content=\"EUR\" \/>\n<meta property=\"og:availability\" content=\"instock\" \/>\n<meta property=\"product:availability\" content=\"instock\" \/>\n<meta property=\"product:retailer_item_id\" content=\"473\" \/>\n<meta property=\"product:condition\" content=\"new\" \/>\n<!-- \/ Yoast SEO Premium plugin. -->","yoast_head_json":{"title":"Forever Argi+ Energija in vitalnost z L-argininom in vitamini","description":"Forever Argi+ s 5 g L-arginina in vitamini za prekrvavitev in mo\u010d. Izkoristite 15% popust na na\u0161e priporo\u010dilo! Odkrijte mo\u010d naravnega Larginina!","robots":{"index":"index","follow":"follow","max-snippet":"max-snippet:-1","max-image-preview":"max-image-preview:large","max-video-preview":"max-video-preview:-1"},"canonical":"https:\/\/aloevera-centar.com\/sl\/proizvod\/za-vedno-argi\/","og_locale":"sl_SI","og_type":"article","og_title":"Forever Argi+","og_description":"Forever Argi+ s 5 g L-arginina in vitamini za prekrvavitev in mo\u010d. Izkoristite 15% popust na na\u0161e priporo\u010dilo! Odkrijte mo\u010d naravnega Larginina!","og_url":"https:\/\/aloevera-centar.com\/sl\/proizvod\/za-vedno-argi\/","og_site_name":"Aloa Vera Centar","article_modified_time":"2025-04-21T22:42:27+00:00","og_image":[{"width":510,"height":510,"url":"https:\/\/aloevera-centar.com\/wp-content\/uploads\/2022\/06\/Forever-Argi-stick-pak-510x510.jpg.webp","type":"image\/webp"}],"twitter_card":"summary_large_image","twitter_misc":{"Price":"79,41&nbsp;&euro;","Availability":"In stock"},"schema":{"@context":"https:\/\/schema.org","@graph":[{"@type":["WebPage","ItemPage"],"@id":"https:\/\/aloevera-centar.com\/sl\/proizvod\/za-vedno-argi\/","url":"https:\/\/aloevera-centar.com\/sl\/proizvod\/za-vedno-argi\/","name":"Forever Argi+ Energija in vitalnost z L-argininom in vitamini","isPartOf":{"@id":"https:\/\/aloevera-centar.com\/sl\/#website"},"primaryImageOfPage":{"@id":"https:\/\/aloevera-centar.com\/sl\/proizvod\/za-vedno-argi\/#primaryimage"},"image":{"@id":"https:\/\/aloevera-centar.com\/sl\/proizvod\/za-vedno-argi\/#primaryimage"},"thumbnailUrl":"https:\/\/aloevera-centar.com\/wp-content\/uploads\/2022\/06\/Forever-Argi-stick-pak-510x510.jpg.webp","datePublished":"2022-06-04T07:45:53+00:00","dateModified":"2025-04-21T22:42:27+00:00","description":"Forever Argi+ s 5 g L-arginina in vitamini za prekrvavitev in mo\u010d. Izkoristite 15% popust na na\u0161e priporo\u010dilo! Odkrijte mo\u010d naravnega Larginina!","breadcrumb":{"@id":"https:\/\/aloevera-centar.com\/sl\/proizvod\/za-vedno-argi\/#breadcrumb"},"inLanguage":"sl-SI","potentialAction":[{"@type":"ReadAction","target":["https:\/\/aloevera-centar.com\/sl\/proizvod\/za-vedno-argi\/"]}]},{"@type":"ImageObject","inLanguage":"sl-SI","@id":"https:\/\/aloevera-centar.com\/sl\/proizvod\/za-vedno-argi\/#primaryimage","url":"https:\/\/aloevera-centar.com\/wp-content\/uploads\/2022\/06\/Forever-Argi-stick-pak-510x510.jpg.webp","contentUrl":"https:\/\/aloevera-centar.com\/wp-content\/uploads\/2022\/06\/Forever-Argi-stick-pak-510x510.jpg.webp","width":510,"height":510},{"@type":"BreadcrumbList","@id":"https:\/\/aloevera-centar.com\/sl\/proizvod\/za-vedno-argi\/#breadcrumb","itemListElement":[{"@type":"ListItem","position":1,"name":"\u0160tevilka Stranica","item":"https:\/\/aloevera-centar.com\/sl\/center-za-aloe-vero\/"},{"@type":"ListItem","position":2,"name":"Shop","item":"https:\/\/aloevera-centar.com\/sl\/shop\/"},{"@type":"ListItem","position":3,"name":"Forever Argi+"}]},{"@type":"WebSite","@id":"https:\/\/aloevera-centar.com\/sl\/#website","url":"https:\/\/aloevera-centar.com\/sl\/","name":"Aloa Vera Centar","description":"Aloe Vera Centar","potentialAction":[{"@type":"SearchAction","target":{"@type":"EntryPoint","urlTemplate":"https:\/\/aloevera-centar.com\/sl\/?s={search_term_string}"},"query-input":{"@type":"PropertyValueSpecification","valueRequired":true,"valueName":"search_term_string"}}],"inLanguage":"sl-SI"}]},"product_price_amount":"79.41","product_price_currency":"EUR","og_availability":"instock","product_availability":"instock","product_retailer_item_id":"473","product_condition":"new"},"_links":{"self":[{"href":"https:\/\/aloevera-centar.com\/sl\/wp-json\/wp\/v2\/product\/16443","targetHints":{"allow":["GET"]}}],"collection":[{"href":"https:\/\/aloevera-centar.com\/sl\/wp-json\/wp\/v2\/product"}],"about":[{"href":"https:\/\/aloevera-centar.com\/sl\/wp-json\/wp\/v2\/types\/product"}],"replies":[{"embeddable":true,"href":"https:\/\/aloevera-centar.com\/sl\/wp-json\/wp\/v2\/comments?post=16443"}],"wp:featuredmedia":[{"embeddable":true,"href":"https:\/\/aloevera-centar.com\/sl\/wp-json\/wp\/v2\/media\/16054"}],"wp:attachment":[{"href":"https:\/\/aloevera-centar.com\/sl\/wp-json\/wp\/v2\/media?parent=16443"}],"wp:term":[{"taxonomy":"product_brand","embeddable":true,"href":"https:\/\/aloevera-centar.com\/sl\/wp-json\/wp\/v2\/product_brand?post=16443"},{"taxonomy":"product_cat","embeddable":true,"href":"https:\/\/aloevera-centar.com\/sl\/wp-json\/wp\/v2\/product_cat?post=16443"},{"taxonomy":"product_tag","embeddable":true,"href":"https:\/\/aloevera-centar.com\/sl\/wp-json\/wp\/v2\/product_tag?post=16443"}],"curies":[{"name":"wp","href":"https:\/\/api.w.org\/{rel}","templated":true}]}}