{"id":16442,"date":"2022-06-04T09:45:51","date_gmt":"2022-06-04T07:45:51","guid":{"rendered":"https:\/\/aloevera-centar.com\/proizvod\/za-vedno-dnevno\/"},"modified":"2025-04-21T22:43:09","modified_gmt":"2025-04-21T22:43:09","slug":"za-vedno-dnevno","status":"publish","type":"product","link":"https:\/\/aloevera-centar.com\/sl\/proizvod\/za-vedno-dnevno\/","title":{"rendered":"Forever Daily"},"content":{"rendered":"<h1>Forever Daily \u2013 popolna vitaminska in mineralna podpora<\/h1>\n<p><strong>Forever Daily<\/strong> je prehransko dopolnilo, ki zagotavlja popolno me\u0161anico bistvenih vitaminov in mineralov za vsakodnevno podporo zdravju in vitalnosti. Zdru\u017euje vse od vitamina A do cinka v eni formuli, skupaj z AOS Complex\u2122 in me\u0161anico FVX20, ki dodatno obogatita celi\u010dno podporo s fitonutrienti iz sadja in zelenjave. Idealno za vse, ki \u017eelite dopolniti svojo prehrano in telesu zagotoviti najpomembnej\u0161a mikrohranila.<\/p>\n<h2>Prednosti za vas<\/h2>\n<ul>\n<li><strong>100 % klju\u010dnih vitaminov in mineralov (na dnevni odmerek 2 tablet):<\/strong> vitamin A, B-kompleks, C, D, E, \u017eelezo, cink in drugi bistveni minerali.<\/li>\n<li><strong>AOS Complex\u2122 in me\u0161anica FVX20:<\/strong> Zagotavlja edinstveno celi\u010dno podporo z bioflavonoidi citrusov, gelom aloe vere, koencimom Q10, likopenom, luteinom in 20 razli\u010dnimi izvle\u010dki sadja in zelenjave (brokoli, ohrovt, paradi\u017enik, borovnice\u2026).<\/li>\n<li><strong>Energijska in imunska podpora:<\/strong> vitamina B-kompleks in C prispevata k normalni presnovi pri pridobivanju energije, D in cink pa podpirata imunski sistem.<\/li>\n<li><strong>Optimalna absorpcija:<\/strong> Bisglicinatne oblike \u017eeleza, cinka in drugih mineralov olaj\u0161ajo telesno absorpcijo snovi in \u200b\u200bzmanj\u0161ajo \u017eelod\u010dne te\u017eave.<\/li>\n<li><strong>Prakti\u010dno odmerjanje:<\/strong> Samo 2 tableti na dan, z obrokom, za popolno pokritje dnevnih potreb.<\/li>\n<\/ul>\n<h2>Sestavine in njihovi u\u010dinki<\/h2>\n<p><strong>Priporo\u010deni odmerek:<\/strong> 1 tableta dvakrat na dan, po obroku. Vsebuje:<\/p>\n<ul>\n<li><strong>Vitamini:<\/strong> A, C, D, E, B1, B2, B6, B12, niacin, folna kislina, biotin, pantotenska kislina.<\/li>\n<li><strong>Minerali:<\/strong> \u017eelezo, cink, jod, baker, mangan, selen, molibden, krom.<\/li>\n<li><strong>AOS Complex\u2122 in me\u0161anica FVX20:<\/strong> Aloe vera, hesperidin, bioflavonoidi citrusov, spirulina, izvle\u010dki sadja in zelenjave (jabolko, rde\u010da pesa, paprika, paradi\u017enik, brokoli, ohrovt itd.).<\/li>\n<\/ul>\n<p>Ta sinergija vitaminov, mineralov in fitonutrientov prispeva k splo\u0161nemu zdravju, ohranjanju normalne ravni energije in podpira imunost ter pomaga za\u0161\u010dititi celice pred oksidativnim stresom.<\/p>\n<h2>Zakaj izbrati Forever Daily?<\/h2>\n<ul>\n<li><strong>Najsodobnej\u0161a formula:<\/strong> uporablja bisglicinate (kelatirane oblike) mineralov, ki zagotavljajo visoko absorpcijo in manj dra\u017eenja \u017eelodca.<\/li>\n<li><strong>Ve\u010d kot multivitamin:<\/strong> Vsebuje izvle\u010dke 20 sadja in zelenjave, koencim Q10, likopen in lutein za napredno celi\u010dno podporo.<\/li>\n<li><strong>Prilagojeno sodobnemu \u017eivljenjskemu slogu:<\/strong> samo dve tableti na dan pokrijeta dnevno potrebo po vitaminih in mineralih.<\/li>\n<\/ul>\n<div style=\"border: 2px solid #4caf50; padding: 10px; margin: 15px 0;\"><strong>AloeVera Center je neodvisni Forever partner.<\/strong><br \/>\n<strong>Prejmite 15 % popusta<\/strong> na ta izdelek, \u010de kupite prek na\u0161ega priporo\u010dila!<\/div>\n<p>I\u0161\u010dete ve\u010d nasvetov ali kombinacij za bolj\u0161e rezultate? Kliknite na sovico v spodnjem kotu ali obi\u0161\u010dite <a href=\"https:\/\/forevercard.club\/ddglabhlcn\" target=\"_blank\" rel=\"noopener\">pomo\u010dnika AI<\/a> , kjer lahko dobite <strong>15% popust<\/strong> na va\u0161e naro\u010dilo. Na\u0161 svetovalec za AI vam bo pomagal izbrati popolno rutino in kombinacijo izdelkov Forever za optimalno zdravje!<\/p>\n<h2>Priporo\u010deni sorodni izdelki<\/h2>\n<ul>\n<li><strong><a href=\"https:\/\/aloavera-centar.com\/proizvod\/forever-kids-multivitamini\/\" target=\"_blank\" rel=\"noopener\">Forever Kids Multivitamins<\/a><\/strong> \u2013 Naravni vitamini za otroke.<\/li>\n<li><strong><a href=\"https:\/\/aloavera-centar.com\/proizvod\/vitolize-women\/\" target=\"_blank\" rel=\"noopener\">Vitolize Women<\/a><\/strong> \u2013 ciljani vitamini za zdravje \u017eensk.<\/li>\n<li><strong><a href=\"https:\/\/aloavera-centar.com\/proizvod\/forever-argi\/\" target=\"_blank\" rel=\"noopener\">Forever Argi+<\/a><\/strong> \u2013 L-arginin za elasti\u010dnost krvnih \u017eil.<\/li>\n<li><strong><a href=\"https:\/\/aloavera-centar.com\/proizvod\/forever-calcium\/\" target=\"_blank\" rel=\"noopener\">Forever Calcium<\/a><\/strong> \u2013 naravni kalcij za zdravje kosti in sklepov.<\/li>\n<\/ul>\n","protected":false},"excerpt":{"rendered":"<div>\n<p class=\"p1\">Forever Daily \u2013 popolni multivitamini in minerali z AOS Complex\u2122 in me\u0161anico FVX20 za popolno celi\u010dno podporo.<\/p>\n<p class=\"p1\">Izkoristite 15% popust na na\u0161e priporo\u010dilo!<\/p>\n<\/div>\n","protected":false},"featured_media":16052,"comment_status":"closed","ping_status":"closed","template":"","meta":[],"product_brand":[],"product_cat":[1324],"product_tag":[],"class_list":{"0":"post-16442","1":"product","2":"type-product","3":"status-publish","4":"has-post-thumbnail","6":"product_cat-prehranska-dopolnila","8":"first","9":"instock","10":"sale","11":"shipping-taxable","12":"product-type-external"},"yoast_head":"<!-- This site is optimized with the Yoast SEO Premium plugin v24.8 (Yoast SEO v27.4) - https:\/\/yoast.com\/product\/yoast-seo-premium-wordpress\/ -->\n<title>Forever Daily - izdelki Forever Living! Naro\u010dite na spletu!<\/title>\n<meta name=\"description\" content=\"Forever Daily je revolucionaren sistem dostave hranil, popolnoma uravnote\u017eena me\u0161anica 55 hranil. Dnevno je kot ...\" \/>\n<meta name=\"robots\" content=\"index, follow, max-snippet:-1, max-image-preview:large, max-video-preview:-1\" \/>\n<link rel=\"canonical\" href=\"https:\/\/aloevera-centar.com\/sl\/proizvod\/za-vedno-dnevno\/\" \/>\n<meta property=\"og:locale\" content=\"sl_SI\" \/>\n<meta property=\"og:type\" content=\"article\" \/>\n<meta property=\"og:title\" content=\"Forever Daily\" \/>\n<meta property=\"og:description\" content=\"Forever Daily je revolucionaren sistem dostave hranil, popolnoma uravnote\u017eena me\u0161anica 55 hranil. Dnevno je kot ...\" \/>\n<meta property=\"og:url\" content=\"https:\/\/aloevera-centar.com\/sl\/proizvod\/za-vedno-dnevno\/\" \/>\n<meta property=\"og:site_name\" content=\"Aloa Vera Centar\" \/>\n<meta property=\"article:modified_time\" content=\"2025-04-21T22:43:09+00:00\" \/>\n<meta property=\"og:image\" content=\"https:\/\/aloevera-centar.com\/wp-content\/uploads\/2022\/06\/Forever-Daily-439-510x510.jpg.webp\" \/>\n\t<meta property=\"og:image:width\" content=\"510\" \/>\n\t<meta property=\"og:image:height\" content=\"510\" \/>\n\t<meta property=\"og:image:type\" content=\"image\/webp\" \/>\n<meta name=\"twitter:card\" content=\"summary_large_image\" \/>\n<meta name=\"twitter:label1\" content=\"Price\" \/>\n\t<meta name=\"twitter:data1\" content=\"25,11&nbsp;&euro;\" \/>\n\t<meta name=\"twitter:label2\" content=\"Availability\" \/>\n\t<meta name=\"twitter:data2\" content=\"In stock\" \/>\n<script type=\"application\/ld+json\" class=\"yoast-schema-graph\">{\"@context\":\"https:\\\/\\\/schema.org\",\"@graph\":[{\"@type\":[\"WebPage\",\"ItemPage\"],\"@id\":\"https:\\\/\\\/aloevera-centar.com\\\/sl\\\/proizvod\\\/za-vedno-dnevno\\\/\",\"url\":\"https:\\\/\\\/aloevera-centar.com\\\/sl\\\/proizvod\\\/za-vedno-dnevno\\\/\",\"name\":\"Forever Daily - izdelki Forever Living! Naro\u010dite na spletu!\",\"isPartOf\":{\"@id\":\"https:\\\/\\\/aloevera-centar.com\\\/sl\\\/#website\"},\"primaryImageOfPage\":{\"@id\":\"https:\\\/\\\/aloevera-centar.com\\\/sl\\\/proizvod\\\/za-vedno-dnevno\\\/#primaryimage\"},\"image\":{\"@id\":\"https:\\\/\\\/aloevera-centar.com\\\/sl\\\/proizvod\\\/za-vedno-dnevno\\\/#primaryimage\"},\"thumbnailUrl\":\"https:\\\/\\\/aloevera-centar.com\\\/wp-content\\\/uploads\\\/2022\\\/06\\\/Forever-Daily-439-510x510.jpg.webp\",\"datePublished\":\"2022-06-04T07:45:51+00:00\",\"dateModified\":\"2025-04-21T22:43:09+00:00\",\"description\":\"Forever Daily je revolucionaren sistem dostave hranil, popolnoma uravnote\u017eena me\u0161anica 55 hranil. Dnevno je kot ...\",\"breadcrumb\":{\"@id\":\"https:\\\/\\\/aloevera-centar.com\\\/sl\\\/proizvod\\\/za-vedno-dnevno\\\/#breadcrumb\"},\"inLanguage\":\"sl-SI\",\"potentialAction\":[{\"@type\":\"ReadAction\",\"target\":[\"https:\\\/\\\/aloevera-centar.com\\\/sl\\\/proizvod\\\/za-vedno-dnevno\\\/\"]}]},{\"@type\":\"ImageObject\",\"inLanguage\":\"sl-SI\",\"@id\":\"https:\\\/\\\/aloevera-centar.com\\\/sl\\\/proizvod\\\/za-vedno-dnevno\\\/#primaryimage\",\"url\":\"https:\\\/\\\/aloevera-centar.com\\\/wp-content\\\/uploads\\\/2022\\\/06\\\/Forever-Daily-439-510x510.jpg.webp\",\"contentUrl\":\"https:\\\/\\\/aloevera-centar.com\\\/wp-content\\\/uploads\\\/2022\\\/06\\\/Forever-Daily-439-510x510.jpg.webp\",\"width\":510,\"height\":510},{\"@type\":\"BreadcrumbList\",\"@id\":\"https:\\\/\\\/aloevera-centar.com\\\/sl\\\/proizvod\\\/za-vedno-dnevno\\\/#breadcrumb\",\"itemListElement\":[{\"@type\":\"ListItem\",\"position\":1,\"name\":\"\u0160tevilka Stranica\",\"item\":\"https:\\\/\\\/aloevera-centar.com\\\/sl\\\/center-za-aloe-vero\\\/\"},{\"@type\":\"ListItem\",\"position\":2,\"name\":\"Shop\",\"item\":\"https:\\\/\\\/aloevera-centar.com\\\/sl\\\/shop\\\/\"},{\"@type\":\"ListItem\",\"position\":3,\"name\":\"Forever Daily\"}]},{\"@type\":\"WebSite\",\"@id\":\"https:\\\/\\\/aloevera-centar.com\\\/sl\\\/#website\",\"url\":\"https:\\\/\\\/aloevera-centar.com\\\/sl\\\/\",\"name\":\"Aloa Vera Centar\",\"description\":\"Aloe Vera Centar\",\"potentialAction\":[{\"@type\":\"SearchAction\",\"target\":{\"@type\":\"EntryPoint\",\"urlTemplate\":\"https:\\\/\\\/aloevera-centar.com\\\/sl\\\/?s={search_term_string}\"},\"query-input\":{\"@type\":\"PropertyValueSpecification\",\"valueRequired\":true,\"valueName\":\"search_term_string\"}}],\"inLanguage\":\"sl-SI\"}]}<\/script>\n<meta property=\"product:price:amount\" content=\"25.11\" \/>\n<meta property=\"product:price:currency\" content=\"EUR\" \/>\n<meta property=\"og:availability\" content=\"instock\" \/>\n<meta property=\"product:availability\" content=\"instock\" \/>\n<meta property=\"product:retailer_item_id\" content=\"439\" \/>\n<meta property=\"product:condition\" content=\"new\" \/>\n<!-- \/ Yoast SEO Premium plugin. -->","yoast_head_json":{"title":"Forever Daily - izdelki Forever Living! Naro\u010dite na spletu!","description":"Forever Daily je revolucionaren sistem dostave hranil, popolnoma uravnote\u017eena me\u0161anica 55 hranil. Dnevno je kot ...","robots":{"index":"index","follow":"follow","max-snippet":"max-snippet:-1","max-image-preview":"max-image-preview:large","max-video-preview":"max-video-preview:-1"},"canonical":"https:\/\/aloevera-centar.com\/sl\/proizvod\/za-vedno-dnevno\/","og_locale":"sl_SI","og_type":"article","og_title":"Forever Daily","og_description":"Forever Daily je revolucionaren sistem dostave hranil, popolnoma uravnote\u017eena me\u0161anica 55 hranil. Dnevno je kot ...","og_url":"https:\/\/aloevera-centar.com\/sl\/proizvod\/za-vedno-dnevno\/","og_site_name":"Aloa Vera Centar","article_modified_time":"2025-04-21T22:43:09+00:00","og_image":[{"width":510,"height":510,"url":"https:\/\/aloevera-centar.com\/wp-content\/uploads\/2022\/06\/Forever-Daily-439-510x510.jpg.webp","type":"image\/webp"}],"twitter_card":"summary_large_image","twitter_misc":{"Price":"25,11&nbsp;&euro;","Availability":"In stock"},"schema":{"@context":"https:\/\/schema.org","@graph":[{"@type":["WebPage","ItemPage"],"@id":"https:\/\/aloevera-centar.com\/sl\/proizvod\/za-vedno-dnevno\/","url":"https:\/\/aloevera-centar.com\/sl\/proizvod\/za-vedno-dnevno\/","name":"Forever Daily - izdelki Forever Living! Naro\u010dite na spletu!","isPartOf":{"@id":"https:\/\/aloevera-centar.com\/sl\/#website"},"primaryImageOfPage":{"@id":"https:\/\/aloevera-centar.com\/sl\/proizvod\/za-vedno-dnevno\/#primaryimage"},"image":{"@id":"https:\/\/aloevera-centar.com\/sl\/proizvod\/za-vedno-dnevno\/#primaryimage"},"thumbnailUrl":"https:\/\/aloevera-centar.com\/wp-content\/uploads\/2022\/06\/Forever-Daily-439-510x510.jpg.webp","datePublished":"2022-06-04T07:45:51+00:00","dateModified":"2025-04-21T22:43:09+00:00","description":"Forever Daily je revolucionaren sistem dostave hranil, popolnoma uravnote\u017eena me\u0161anica 55 hranil. Dnevno je kot ...","breadcrumb":{"@id":"https:\/\/aloevera-centar.com\/sl\/proizvod\/za-vedno-dnevno\/#breadcrumb"},"inLanguage":"sl-SI","potentialAction":[{"@type":"ReadAction","target":["https:\/\/aloevera-centar.com\/sl\/proizvod\/za-vedno-dnevno\/"]}]},{"@type":"ImageObject","inLanguage":"sl-SI","@id":"https:\/\/aloevera-centar.com\/sl\/proizvod\/za-vedno-dnevno\/#primaryimage","url":"https:\/\/aloevera-centar.com\/wp-content\/uploads\/2022\/06\/Forever-Daily-439-510x510.jpg.webp","contentUrl":"https:\/\/aloevera-centar.com\/wp-content\/uploads\/2022\/06\/Forever-Daily-439-510x510.jpg.webp","width":510,"height":510},{"@type":"BreadcrumbList","@id":"https:\/\/aloevera-centar.com\/sl\/proizvod\/za-vedno-dnevno\/#breadcrumb","itemListElement":[{"@type":"ListItem","position":1,"name":"\u0160tevilka Stranica","item":"https:\/\/aloevera-centar.com\/sl\/center-za-aloe-vero\/"},{"@type":"ListItem","position":2,"name":"Shop","item":"https:\/\/aloevera-centar.com\/sl\/shop\/"},{"@type":"ListItem","position":3,"name":"Forever Daily"}]},{"@type":"WebSite","@id":"https:\/\/aloevera-centar.com\/sl\/#website","url":"https:\/\/aloevera-centar.com\/sl\/","name":"Aloa Vera Centar","description":"Aloe Vera Centar","potentialAction":[{"@type":"SearchAction","target":{"@type":"EntryPoint","urlTemplate":"https:\/\/aloevera-centar.com\/sl\/?s={search_term_string}"},"query-input":{"@type":"PropertyValueSpecification","valueRequired":true,"valueName":"search_term_string"}}],"inLanguage":"sl-SI"}]},"product_price_amount":"25.11","product_price_currency":"EUR","og_availability":"instock","product_availability":"instock","product_retailer_item_id":"439","product_condition":"new"},"_links":{"self":[{"href":"https:\/\/aloevera-centar.com\/sl\/wp-json\/wp\/v2\/product\/16442","targetHints":{"allow":["GET"]}}],"collection":[{"href":"https:\/\/aloevera-centar.com\/sl\/wp-json\/wp\/v2\/product"}],"about":[{"href":"https:\/\/aloevera-centar.com\/sl\/wp-json\/wp\/v2\/types\/product"}],"replies":[{"embeddable":true,"href":"https:\/\/aloevera-centar.com\/sl\/wp-json\/wp\/v2\/comments?post=16442"}],"wp:featuredmedia":[{"embeddable":true,"href":"https:\/\/aloevera-centar.com\/sl\/wp-json\/wp\/v2\/media\/16052"}],"wp:attachment":[{"href":"https:\/\/aloevera-centar.com\/sl\/wp-json\/wp\/v2\/media?parent=16442"}],"wp:term":[{"taxonomy":"product_brand","embeddable":true,"href":"https:\/\/aloevera-centar.com\/sl\/wp-json\/wp\/v2\/product_brand?post=16442"},{"taxonomy":"product_cat","embeddable":true,"href":"https:\/\/aloevera-centar.com\/sl\/wp-json\/wp\/v2\/product_cat?post=16442"},{"taxonomy":"product_tag","embeddable":true,"href":"https:\/\/aloevera-centar.com\/sl\/wp-json\/wp\/v2\/product_tag?post=16442"}],"curies":[{"name":"wp","href":"https:\/\/api.w.org\/{rel}","templated":true}]}}