{"id":16436,"date":"2025-04-10T11:19:25","date_gmt":"2025-04-10T09:19:25","guid":{"rendered":"https:\/\/aloevera-centar.com\/proizvod\/c9-forever-living-products-cokolada\/"},"modified":"2025-04-21T22:24:39","modified_gmt":"2025-04-21T22:24:39","slug":"c9-forever-living-products-cokolada","status":"publish","type":"product","link":"https:\/\/aloevera-centar.com\/sl\/proizvod\/c9-forever-living-products-cokolada\/","title":{"rendered":"C9 Forever Living Products &#8211; \u010cokolada"},"content":{"rendered":"<h1>\u010cokolada C9 Forever Living Products \u2013 Detox za \u010distej\u0161e in bolj zdravo \u017eivljenje<\/h1>\n<p><strong>C9 Forever Living Products Chocolate<\/strong> vam nudi vse, kar potrebujete za devetdnevno razstrupljanje, odstranjevanje \u0161kodljivih snovi in \u200b\u200bpridobivanje bolj zdravih navad. V tem paketu boste na\u0161li okusen proteinski \u0161ejk z okusom \u010dokolade, naravne prehranske dodatke in jasna navodila, ki vas bodo vodila skozi celoten postopek.<\/p>\n<h2>Prednosti<\/h2>\n<ul>\n<li>Pomaga o\u010distiti telo in odstraniti toksine<\/li>\n<li>Prispeva k bolj\u0161emu zdravju prebavnega sistema<\/li>\n<li>Ustvarja osnovo za prevzemanje bolj zdravih prehranjevalnih navad<\/li>\n<li>Vklju\u010duje merilni trak za spremljanje napredka<\/li>\n<\/ul>\n<p><strong>Opomba:<\/strong> AloeVera Center je neodvisni Forever partner &#8211; z nakupom preko na\u0161ega priporo\u010dila pridobite <strong>15% popust<\/strong> na ta izdelek!<\/p>\n<div style=\"border: 2px solid #f1c40f; padding: 10px; margin: 15px 0;\"><strong>Z na\u0161im priporo\u010dilom pridobite 15% popust!<\/strong><br \/>\n<em>\u017delite dodatne nasvete ali prilagojena priporo\u010dila?<\/em> Kliknite na sovo v spodnjem kotu zaslona ali <a style=\"color: #333;\" href=\"https:\/\/forevercard.club\/ddglabhlcn\" target=\"_blank\" rel=\"noopener\">se obrnite na na\u0161ega <strong>AI pomo\u010dnika<\/strong><\/a> .<br \/>\nPrav tako lahko dobite <strong>15% popust<\/strong> na va\u0161e naro\u010dilo prek pomo\u010dnika za AI.<\/div>\n<h2>Sestavine in njihovi u\u010dinki<\/h2>\n<ul>\n<li><strong>Aloe Vera Gel<\/strong> \u2013 podpira normalno prebavo in imunski sistem<br \/>\n( <a href=\"https:\/\/pmc.ncbi.nlm.nih.gov\/articles\/PMC8083855\/\" target=\"_blank\" rel=\"noopener\">znanstveni vir<\/a> ).<\/li>\n<li><strong>Garcinia Cambogia<\/strong> \u2013 lahko pomaga pri uravnavanju telesne te\u017ee<br \/>\n( <a href=\"https:\/\/pmc.ncbi.nlm.nih.gov\/articles\/PMC6834364\/\" target=\"_blank\" rel=\"noopener\">znanstveni vir<\/a> ).<\/li>\n<li><strong>Forever Lite Ultra Shake Chocolate<\/strong> \u2013 okusen beljakovinski napitek, obogaten z vitamini in minerali za vir energije in podporo mi\u0161i\u010dni masi.<\/li>\n<li><strong>Forever Therm<\/strong> \u2013 Dodatna energija zahvaljujo\u010d vitaminsko-rastlinski formuli, ki podpira presnovo.<\/li>\n<li><strong>Forever Fiber<\/strong> \u2013 vlaknine za zdrav prebavni sistem<br \/>\n( <a href=\"https:\/\/www.hsph.harvard.edu\/nutritionsource\/carbohydrates\/fiber\/\" target=\"_blank\" rel=\"noopener\">znanstveni vir<\/a> ).<\/li>\n<\/ul>\n<h2>Priporo\u010deni odmerek in na\u010din uporabe<\/h2>\n<p><strong>Program C9 traja 9 dni<\/strong> . V kompletu dobite natan\u010dna navodila in recepte za pripravo dovoljenih okusnih jedi. Za najbolj\u0161e rezultate upo\u0161tevajte navodila na urniku u\u017eivanja napitkov, kapsul in obrokov.<\/p>\n<h2>Komu je namenjeno?<\/h2>\n<p>Za vse, ki \u017eelite sistemati\u010den in u\u010dinkovit pristop k razstrupljanju in spremembi \u017eivljenjskega sloga. \u0160e posebej uporabno za ljudi, ki \u017eelijo nadzorovati svojo te\u017eo in sprejeti bolj zdrave navade, ne da bi \u017ertvovali okus.<\/p>\n<h2>Zakaj izbrati ravno ta izdelek?<\/h2>\n<ul>\n<li><strong>Aromati\u010den okus \u010dokolade<\/strong> \u2013 u\u017eitek ob hkratnem \u010di\u0161\u010denju telesa.<\/li>\n<li><strong>Popolna re\u0161itev<\/strong> \u2013 edinstven paket z naravnimi sestavinami.<\/li>\n<li><strong>Visoki standardi kakovosti<\/strong> \u2013 Forever Living Products z dolgoletno tradicijo.<\/li>\n<\/ul>\n<h2>Pomembna opomba glede naro\u010danja<\/h2>\n<p>To spletno mesto je neodvisni partner podjetja Forever Living Products. Izdelke naro\u010dite <strong>neposredno pri Forever Living<\/strong> prek na\u0161ih povezav, kar vam omogo\u010da popuste in varno dostavo. Do nas ali do podjetja ni nobenih obveznosti &#8211; tukaj smo za vso dodatno podporo in nasvete izklju\u010dno na va\u0161o \u017eeljo.<\/p>\n<h2>Priporo\u010deni sorodni izdelki<\/h2>\n<ul>\n<li><a href=\"https:\/\/aloevera-centar.com\/proizvod\/c9-forever-living-products-vanilija\/\" target=\"_blank\" rel=\"noopener\">C9 Forever Living Products Vanilla<\/a> \u2013 \u010ce imate raje okus vanilije.<\/li>\n<li><a href=\"https:\/\/aloevera-centar.com\/proizvod\/forever-aloe-peaches\/\" target=\"_blank\" rel=\"noopener\">Forever Aloe Peaches<\/a> \u2013 nadomestek za \u010disti aloe vera gel z okusom breskve.<\/li>\n<li><a href=\"https:\/\/aloevera-centar.com\/proizvod\/aloe-vera-gel\/\" target=\"_blank\" rel=\"noopener\">Aloe Vera Gel<\/a> \u2013 Za dolgotrajno ohranjanje zdravih navad po razstrupljanju.<\/li>\n<\/ul>\n<p>Po kon\u010danem devetdnevnem programu nadaljujte z u\u017eivanjem <strong>Aloe Vera Gela<\/strong> in drugih izdelkov Forever za trajne rezultate in bolj\u0161e po\u010dutje znotraj in zunaj.<\/p>\n","protected":false},"excerpt":{"rendered":"<p class=\"p1\">C9 Forever Living Products Chocolate: 9-dnevno razstrupljanje s slastnim \u010dokoladnim \u0161ejkom.<\/p>\n<p class=\"p1\">Preko na\u0161ega priporo\u010dila u\u017eivajte v \u010distej\u0161em telesu s 15% popustom!<\/p>\n<div><\/div>\n","protected":false},"featured_media":15974,"comment_status":"closed","ping_status":"closed","template":"","meta":[],"product_brand":[],"product_cat":[1534],"product_tag":[],"class_list":{"0":"post-16436","1":"product","2":"type-product","3":"status-publish","4":"has-post-thumbnail","6":"product_cat-regulacija-telesne-teze","8":"first","9":"instock","10":"sale","11":"shipping-taxable","12":"product-type-external"},"yoast_head":"<!-- This site is optimized with the Yoast SEO Premium plugin v24.8 (Yoast SEO v27.4) - https:\/\/yoast.com\/product\/yoast-seo-premium-wordpress\/ -->\n<title>\u010cokolada C9 Forever Living Products \u2013 9 dni do bolj zdravega telesa<\/title>\n<meta name=\"description\" content=\"C9 Forever Living Products Chocolate poskrbi za okusno razstrupljanje v 9 dneh. Pre\u010distite svoje telo in u\u017eivajte v \u010dokoladi s 15% popustom preko na\u0161ega priporo\u010dila!\" \/>\n<meta name=\"robots\" content=\"index, follow, max-snippet:-1, max-image-preview:large, max-video-preview:-1\" \/>\n<link rel=\"canonical\" href=\"https:\/\/aloevera-centar.com\/sl\/proizvod\/c9-forever-living-products-cokolada\/\" \/>\n<meta property=\"og:locale\" content=\"sl_SI\" \/>\n<meta property=\"og:type\" content=\"article\" \/>\n<meta property=\"og:title\" content=\"C9 Forever Living Products - \u010cokolada\" \/>\n<meta property=\"og:description\" content=\"C9 Forever Living Products Chocolate poskrbi za okusno razstrupljanje v 9 dneh. Pre\u010distite svoje telo in u\u017eivajte v \u010dokoladi s 15% popustom preko na\u0161ega priporo\u010dila!\" \/>\n<meta property=\"og:url\" content=\"https:\/\/aloevera-centar.com\/sl\/proizvod\/c9-forever-living-products-cokolada\/\" \/>\n<meta property=\"og:site_name\" content=\"Aloa Vera Centar\" \/>\n<meta property=\"article:modified_time\" content=\"2025-04-21T22:24:39+00:00\" \/>\n<meta property=\"og:image\" content=\"https:\/\/aloevera-centar.com\/wp-content\/uploads\/2025\/03\/C9-Forever-Living-Products-Cokolada.jpg\" \/>\n\t<meta property=\"og:image:width\" content=\"600\" \/>\n\t<meta property=\"og:image:height\" content=\"600\" \/>\n\t<meta property=\"og:image:type\" content=\"image\/jpeg\" \/>\n<meta name=\"twitter:card\" content=\"summary_large_image\" \/>\n<meta name=\"twitter:label1\" content=\"Price\" \/>\n\t<meta name=\"twitter:data1\" content=\"146,54&nbsp;&euro;\" \/>\n\t<meta name=\"twitter:label2\" content=\"Availability\" \/>\n\t<meta name=\"twitter:data2\" content=\"In stock\" \/>\n<script type=\"application\/ld+json\" class=\"yoast-schema-graph\">{\"@context\":\"https:\\\/\\\/schema.org\",\"@graph\":[{\"@type\":[\"WebPage\",\"ItemPage\"],\"@id\":\"https:\\\/\\\/aloevera-centar.com\\\/sl\\\/proizvod\\\/c9-forever-living-products-cokolada\\\/\",\"url\":\"https:\\\/\\\/aloevera-centar.com\\\/sl\\\/proizvod\\\/c9-forever-living-products-cokolada\\\/\",\"name\":\"\u010cokolada C9 Forever Living Products \u2013 9 dni do bolj zdravega telesa\",\"isPartOf\":{\"@id\":\"https:\\\/\\\/aloevera-centar.com\\\/sl\\\/#website\"},\"primaryImageOfPage\":{\"@id\":\"https:\\\/\\\/aloevera-centar.com\\\/sl\\\/proizvod\\\/c9-forever-living-products-cokolada\\\/#primaryimage\"},\"image\":{\"@id\":\"https:\\\/\\\/aloevera-centar.com\\\/sl\\\/proizvod\\\/c9-forever-living-products-cokolada\\\/#primaryimage\"},\"thumbnailUrl\":\"https:\\\/\\\/aloevera-centar.com\\\/wp-content\\\/uploads\\\/2025\\\/03\\\/C9-Forever-Living-Products-Cokolada.webp\",\"datePublished\":\"2025-04-10T09:19:25+00:00\",\"dateModified\":\"2025-04-21T22:24:39+00:00\",\"description\":\"C9 Forever Living Products Chocolate poskrbi za okusno razstrupljanje v 9 dneh. Pre\u010distite svoje telo in u\u017eivajte v \u010dokoladi s 15% popustom preko na\u0161ega priporo\u010dila!\",\"breadcrumb\":{\"@id\":\"https:\\\/\\\/aloevera-centar.com\\\/sl\\\/proizvod\\\/c9-forever-living-products-cokolada\\\/#breadcrumb\"},\"inLanguage\":\"sl-SI\",\"potentialAction\":[{\"@type\":\"ReadAction\",\"target\":[\"https:\\\/\\\/aloevera-centar.com\\\/sl\\\/proizvod\\\/c9-forever-living-products-cokolada\\\/\"]}]},{\"@type\":\"ImageObject\",\"inLanguage\":\"sl-SI\",\"@id\":\"https:\\\/\\\/aloevera-centar.com\\\/sl\\\/proizvod\\\/c9-forever-living-products-cokolada\\\/#primaryimage\",\"url\":\"https:\\\/\\\/aloevera-centar.com\\\/wp-content\\\/uploads\\\/2025\\\/03\\\/C9-Forever-Living-Products-Cokolada.webp\",\"contentUrl\":\"https:\\\/\\\/aloevera-centar.com\\\/wp-content\\\/uploads\\\/2025\\\/03\\\/C9-Forever-Living-Products-Cokolada.webp\",\"width\":600,\"height\":600},{\"@type\":\"BreadcrumbList\",\"@id\":\"https:\\\/\\\/aloevera-centar.com\\\/sl\\\/proizvod\\\/c9-forever-living-products-cokolada\\\/#breadcrumb\",\"itemListElement\":[{\"@type\":\"ListItem\",\"position\":1,\"name\":\"\u0160tevilka Stranica\",\"item\":\"https:\\\/\\\/aloevera-centar.com\\\/sl\\\/center-za-aloe-vero\\\/\"},{\"@type\":\"ListItem\",\"position\":2,\"name\":\"Shop\",\"item\":\"https:\\\/\\\/aloevera-centar.com\\\/sl\\\/shop\\\/\"},{\"@type\":\"ListItem\",\"position\":3,\"name\":\"C9 Forever Living Products &#8211; \u010cokolada\"}]},{\"@type\":\"WebSite\",\"@id\":\"https:\\\/\\\/aloevera-centar.com\\\/sl\\\/#website\",\"url\":\"https:\\\/\\\/aloevera-centar.com\\\/sl\\\/\",\"name\":\"Aloa Vera Centar\",\"description\":\"Aloe Vera Centar\",\"potentialAction\":[{\"@type\":\"SearchAction\",\"target\":{\"@type\":\"EntryPoint\",\"urlTemplate\":\"https:\\\/\\\/aloevera-centar.com\\\/sl\\\/?s={search_term_string}\"},\"query-input\":{\"@type\":\"PropertyValueSpecification\",\"valueRequired\":true,\"valueName\":\"search_term_string\"}}],\"inLanguage\":\"sl-SI\"}]}<\/script>\n<meta property=\"product:price:amount\" content=\"146.54\" \/>\n<meta property=\"product:price:currency\" content=\"EUR\" \/>\n<meta property=\"og:availability\" content=\"instock\" \/>\n<meta property=\"product:availability\" content=\"instock\" \/>\n<meta property=\"product:condition\" content=\"new\" \/>\n<!-- \/ Yoast SEO Premium plugin. -->","yoast_head_json":{"title":"\u010cokolada C9 Forever Living Products \u2013 9 dni do bolj zdravega telesa","description":"C9 Forever Living Products Chocolate poskrbi za okusno razstrupljanje v 9 dneh. Pre\u010distite svoje telo in u\u017eivajte v \u010dokoladi s 15% popustom preko na\u0161ega priporo\u010dila!","robots":{"index":"index","follow":"follow","max-snippet":"max-snippet:-1","max-image-preview":"max-image-preview:large","max-video-preview":"max-video-preview:-1"},"canonical":"https:\/\/aloevera-centar.com\/sl\/proizvod\/c9-forever-living-products-cokolada\/","og_locale":"sl_SI","og_type":"article","og_title":"C9 Forever Living Products - \u010cokolada","og_description":"C9 Forever Living Products Chocolate poskrbi za okusno razstrupljanje v 9 dneh. Pre\u010distite svoje telo in u\u017eivajte v \u010dokoladi s 15% popustom preko na\u0161ega priporo\u010dila!","og_url":"https:\/\/aloevera-centar.com\/sl\/proizvod\/c9-forever-living-products-cokolada\/","og_site_name":"Aloa Vera Centar","article_modified_time":"2025-04-21T22:24:39+00:00","og_image":[{"width":600,"height":600,"url":"https:\/\/aloevera-centar.com\/wp-content\/uploads\/2025\/03\/C9-Forever-Living-Products-Cokolada.jpg","type":"image\/jpeg"}],"twitter_card":"summary_large_image","twitter_misc":{"Price":"146,54&nbsp;&euro;","Availability":"In stock"},"schema":{"@context":"https:\/\/schema.org","@graph":[{"@type":["WebPage","ItemPage"],"@id":"https:\/\/aloevera-centar.com\/sl\/proizvod\/c9-forever-living-products-cokolada\/","url":"https:\/\/aloevera-centar.com\/sl\/proizvod\/c9-forever-living-products-cokolada\/","name":"\u010cokolada C9 Forever Living Products \u2013 9 dni do bolj zdravega telesa","isPartOf":{"@id":"https:\/\/aloevera-centar.com\/sl\/#website"},"primaryImageOfPage":{"@id":"https:\/\/aloevera-centar.com\/sl\/proizvod\/c9-forever-living-products-cokolada\/#primaryimage"},"image":{"@id":"https:\/\/aloevera-centar.com\/sl\/proizvod\/c9-forever-living-products-cokolada\/#primaryimage"},"thumbnailUrl":"https:\/\/aloevera-centar.com\/wp-content\/uploads\/2025\/03\/C9-Forever-Living-Products-Cokolada.webp","datePublished":"2025-04-10T09:19:25+00:00","dateModified":"2025-04-21T22:24:39+00:00","description":"C9 Forever Living Products Chocolate poskrbi za okusno razstrupljanje v 9 dneh. Pre\u010distite svoje telo in u\u017eivajte v \u010dokoladi s 15% popustom preko na\u0161ega priporo\u010dila!","breadcrumb":{"@id":"https:\/\/aloevera-centar.com\/sl\/proizvod\/c9-forever-living-products-cokolada\/#breadcrumb"},"inLanguage":"sl-SI","potentialAction":[{"@type":"ReadAction","target":["https:\/\/aloevera-centar.com\/sl\/proizvod\/c9-forever-living-products-cokolada\/"]}]},{"@type":"ImageObject","inLanguage":"sl-SI","@id":"https:\/\/aloevera-centar.com\/sl\/proizvod\/c9-forever-living-products-cokolada\/#primaryimage","url":"https:\/\/aloevera-centar.com\/wp-content\/uploads\/2025\/03\/C9-Forever-Living-Products-Cokolada.webp","contentUrl":"https:\/\/aloevera-centar.com\/wp-content\/uploads\/2025\/03\/C9-Forever-Living-Products-Cokolada.webp","width":600,"height":600},{"@type":"BreadcrumbList","@id":"https:\/\/aloevera-centar.com\/sl\/proizvod\/c9-forever-living-products-cokolada\/#breadcrumb","itemListElement":[{"@type":"ListItem","position":1,"name":"\u0160tevilka Stranica","item":"https:\/\/aloevera-centar.com\/sl\/center-za-aloe-vero\/"},{"@type":"ListItem","position":2,"name":"Shop","item":"https:\/\/aloevera-centar.com\/sl\/shop\/"},{"@type":"ListItem","position":3,"name":"C9 Forever Living Products &#8211; \u010cokolada"}]},{"@type":"WebSite","@id":"https:\/\/aloevera-centar.com\/sl\/#website","url":"https:\/\/aloevera-centar.com\/sl\/","name":"Aloa Vera Centar","description":"Aloe Vera Centar","potentialAction":[{"@type":"SearchAction","target":{"@type":"EntryPoint","urlTemplate":"https:\/\/aloevera-centar.com\/sl\/?s={search_term_string}"},"query-input":{"@type":"PropertyValueSpecification","valueRequired":true,"valueName":"search_term_string"}}],"inLanguage":"sl-SI"}]},"product_price_amount":"146.54","product_price_currency":"EUR","og_availability":"instock","product_availability":"instock","product_condition":"new"},"_links":{"self":[{"href":"https:\/\/aloevera-centar.com\/sl\/wp-json\/wp\/v2\/product\/16436","targetHints":{"allow":["GET"]}}],"collection":[{"href":"https:\/\/aloevera-centar.com\/sl\/wp-json\/wp\/v2\/product"}],"about":[{"href":"https:\/\/aloevera-centar.com\/sl\/wp-json\/wp\/v2\/types\/product"}],"replies":[{"embeddable":true,"href":"https:\/\/aloevera-centar.com\/sl\/wp-json\/wp\/v2\/comments?post=16436"}],"wp:featuredmedia":[{"embeddable":true,"href":"https:\/\/aloevera-centar.com\/sl\/wp-json\/wp\/v2\/media\/15974"}],"wp:attachment":[{"href":"https:\/\/aloevera-centar.com\/sl\/wp-json\/wp\/v2\/media?parent=16436"}],"wp:term":[{"taxonomy":"product_brand","embeddable":true,"href":"https:\/\/aloevera-centar.com\/sl\/wp-json\/wp\/v2\/product_brand?post=16436"},{"taxonomy":"product_cat","embeddable":true,"href":"https:\/\/aloevera-centar.com\/sl\/wp-json\/wp\/v2\/product_cat?post=16436"},{"taxonomy":"product_tag","embeddable":true,"href":"https:\/\/aloevera-centar.com\/sl\/wp-json\/wp\/v2\/product_tag?post=16436"}],"curies":[{"name":"wp","href":"https:\/\/api.w.org\/{rel}","templated":true}]}}