{"id":16433,"date":"2025-04-15T23:17:15","date_gmt":"2025-04-15T21:17:15","guid":{"rendered":"https:\/\/aloevera-centar.com\/proizvod\/za-vedno-vitko\/"},"modified":"2025-05-08T11:55:45","modified_gmt":"2025-05-08T09:55:45","slug":"za-vedno-vitko","status":"publish","type":"product","link":"https:\/\/aloevera-centar.com\/sl\/proizvod\/za-vedno-vitko\/","title":{"rendered":"Forever Lean"},"content":{"rendered":"<h1>Forever Lean \u2013 pomo\u010d pri nadzoru telesne te\u017ee z naravnimi sestavinami<\/h1>\n<p><strong>Forever Lean<\/strong> prina\u0161a tri revolucionarne sestavine, ki lahko olaj\u0161ajo nadzor telesne te\u017ee in zmanj\u0161ajo absorpcijo kalorij.<br \/>\nTa mo\u010dna formula vsebuje <strong>Opuntia ficus indica<\/strong> (kaktus indijske fige\/opuncije), ki ve\u017ee ma\u0161\u010dobo,<br \/>\nbeljakovinski izvle\u010dek belega fi\u017eola ( <strong>Phaseolus vulgaris<\/strong> ) za upo\u010dasnitev absorpcije ogljikovih hidratov,<br \/>\nin <strong>kromov triklorid<\/strong> , ki uravnava krvni sladkor tako, da deluje kot GTF (faktor tolerance na glukozo).<br \/>\nPopolna izbira za vse, ki \u017eelite ohraniti ali dose\u010di zdravo telesno maso.<\/p>\n<h2>Prednosti za vas<\/h2>\n<ul>\n<li><strong>Blokira nekatere ma\u0161\u010dobe in ogljikove hidrate:<\/strong> opuncija ve\u017ee ma\u0161\u010dobe, beli fi\u017eol pa upo\u010dasni pretvorbo \u0161kroba v sladkor.<\/li>\n<li><strong>Nadzor apetita in sladkorja:<\/strong> Krom pomaga uravnavati raven sladkorja v krvi, kar zmanj\u0161uje napade lakote.<\/li>\n<li><strong>Naravne sestavine:<\/strong> Formulacija temelji na rastlinskih vlaknih in izvle\u010dkih, brez po\u017eivil.<\/li>\n<li><strong>Prilagodljiva uporaba:<\/strong> Lahko se jemlje z obroki z visoko vsebnostjo ma\u0161\u010dob ali \u0161kroba.<\/li>\n<li><strong>Podpira idealno telesno te\u017eo:<\/strong> v kombinaciji z uravnote\u017eeno prehrano in telesno vadbo pomaga ohranjati vitek videz.<\/li>\n<\/ul>\n<h2>kako deluje<\/h2>\n<p><strong>Opuntia ficus indica<\/strong> (kaktus opuncije) ima sposobnost vezave ma\u0161\u010dob in tako pomaga zmanj\u0161ati njihovo absorpcijo v telesu ( <a href=\"https:\/\/aloavera-centar.com\/clean9-forever-living-products\/\" target=\"_blank\" rel=\"noopener\">razi\u0161\u010dite ve\u010d<\/a> ).<br \/>\nIzvle\u010dek belega fi\u017eola za\u010dasno zavira encim, ki razgrajuje \u0161krob v sladkor, medtem ko <strong>krom<\/strong> podpira normalno raven sladkorja v krvi.<br \/>\nS tem se zmanj\u0161a kopi\u010denje ma\u0161\u010dobnega tkiva in stabilizira raven glukoze, kar prispeva k bolj\u0161emu nadzoru apetita in uravnote\u017eeni telesni te\u017ei.<\/p>\n<h2>Nasveti za najbolj\u0161e rezultate<\/h2>\n<ul>\n<li><strong>Pred nanosom:<\/strong> Priporo\u010dljivo je razstrupljanje s <a href=\"https:\/\/aloavera-centar.com\/clean9-forever-living-products\/\" target=\"_blank\" rel=\"noopener\">C9 Forever detox programom<\/a> .<\/li>\n<li><strong>Kako jemati:<\/strong> Forever Lean uporabite ob obroku, ki vsebuje ve\u010dji dele\u017e ma\u0161\u010dob ali ogljikovih hidratov.<\/li>\n<li><strong>\u017divljenjski slog:<\/strong> kombinirajte z uravnote\u017eeno prehrano in redno vadbo za u\u010dinkovito vzdr\u017eevanje telesne te\u017ee.<\/li>\n<\/ul>\n<div style=\"border: 2px solid #4caf50; padding: 10px; margin: 15px 0;\"><strong>AloeVera Center je neodvisni Forever partner.<\/strong><br \/>\n<strong>Prejmite 15 % popusta<\/strong> na ta izdelek, \u010de kupite prek na\u0161ega priporo\u010dila!<\/div>\n<p>Potrebujete nasvet o kombiniranju izdelkov za \u0161e bolj\u0161e rezultate? Kliknite na sovico v spodnjem kotu ali obi\u0161\u010dite <a href=\"https:\/\/forevercard.club\/ddglabhlcn\" target=\"_blank\" rel=\"noopener\">AI \u200b\u200basistenta<\/a> , kjer lahko izkoristite <strong>15% popust<\/strong> pri naro\u010dilu. Svetovalec AI vam bo pomagal najti idealno kombinacijo izdelkov Forever za ohranjanje va\u0161e te\u017ee in zdravja!<\/p>\n<h2>Priporo\u010deni sorodni izdelki<\/h2>\n<ul>\n<li><strong><a href=\"https:\/\/aloavera-centar.com\/proizvod\/forever-lite-ultra-s-aminoteinom-cokolada\/\" target=\"_blank\" rel=\"noopener\">Forever Lite Ultra (\u010dokolada)<\/a><\/strong> \u2013 Proteinski napitek z aminoteinom in okusom \u010dokolade.<\/li>\n<li><strong><a href=\"https:\/\/aloavera-centar.com\/proizvod\/forever-lite-ultra-s-aminoteinom-vanilija\/\" target=\"_blank\" rel=\"noopener\">Forever Lite Ultra (vanilija)<\/a><\/strong> \u2013 napitek z aminoteinom in okusom vanilije.<\/li>\n<li><strong><a href=\"https:\/\/aloavera-centar.com\/proizvod\/forever-aloe-peaches-tripak\/\" target=\"_blank\" rel=\"noopener\">Aloe Peaches Trippack<\/a><\/strong> \u2013 Aloe vera obogatena z breskvami za uravnote\u017eeno hidracijo.<\/li>\n<li><strong><a href=\"https:\/\/aloavera-centar.com\/proizvod\/aloe-vera-gel\/\" target=\"_blank\" rel=\"noopener\">Aloe Vera Gel<\/a><\/strong> \u2013 99,7 % \u010disti napitek iz aloe vere za razstrupljanje in bolj\u0161o presnovo.<\/li>\n<\/ul>\n","protected":false},"excerpt":{"rendered":"<p class=\"p1\"><strong>Forever Lean<\/strong> \u2013 blokira absorpcijo ma\u0161\u010dob in ogljikovih hidratov z opuncijo, belim fi\u017eolom in kromom.<\/p>\n<p class=\"p1\">Z na\u0161im priporo\u010dilom pridobite 15% popust!<\/p>\n","protected":false},"featured_media":16162,"comment_status":"closed","ping_status":"closed","template":"","meta":[],"product_brand":[],"product_cat":[1534],"product_tag":[],"class_list":{"0":"post-16433","1":"product","2":"type-product","3":"status-publish","4":"has-post-thumbnail","6":"product_cat-regulacija-telesne-teze","8":"first","9":"instock","10":"sale","11":"shipping-taxable","12":"product-type-external"},"yoast_head":"<!-- This site is optimized with the Yoast SEO Premium plugin v24.8 (Yoast SEO v27.4) - https:\/\/yoast.com\/product\/yoast-seo-premium-wordpress\/ -->\n<title>Forever Lean - Forever Living Products - Naro\u010dite prek spleta!<\/title>\n<meta name=\"description\" content=\"Forever Lean nam prina\u0161a dve revolucionarni sestavini, ki lahko pomagata zmanj\u0161ati telesno absorpcijo kalorij iz ma\u0161\u010dob in ogljikovih hidratov.\" \/>\n<meta name=\"robots\" content=\"index, follow, max-snippet:-1, max-image-preview:large, max-video-preview:-1\" \/>\n<link rel=\"canonical\" href=\"https:\/\/aloevera-centar.com\/sl\/proizvod\/za-vedno-vitko\/\" \/>\n<meta property=\"og:locale\" content=\"sl_SI\" \/>\n<meta property=\"og:type\" content=\"article\" \/>\n<meta property=\"og:title\" content=\"Forever Lean\" \/>\n<meta property=\"og:description\" content=\"Forever Lean nam prina\u0161a dve revolucionarni sestavini, ki lahko pomagata zmanj\u0161ati telesno absorpcijo kalorij iz ma\u0161\u010dob in ogljikovih hidratov.\" \/>\n<meta property=\"og:url\" content=\"https:\/\/aloevera-centar.com\/sl\/proizvod\/za-vedno-vitko\/\" \/>\n<meta property=\"og:site_name\" content=\"Aloa Vera Centar\" \/>\n<meta property=\"article:modified_time\" content=\"2025-05-08T09:55:45+00:00\" \/>\n<meta property=\"og:image\" content=\"https:\/\/aloevera-centar.com\/wp-content\/uploads\/2022\/06\/Dizajn-bez-naslova-3.jpg\" \/>\n\t<meta property=\"og:image:width\" content=\"510\" \/>\n\t<meta property=\"og:image:height\" content=\"510\" \/>\n\t<meta property=\"og:image:type\" content=\"image\/jpeg\" \/>\n<meta name=\"twitter:card\" content=\"summary_large_image\" \/>\n<meta name=\"twitter:label1\" content=\"Price\" \/>\n\t<meta name=\"twitter:data1\" content=\"43,84&nbsp;&euro;\" \/>\n\t<meta name=\"twitter:label2\" content=\"Availability\" \/>\n\t<meta name=\"twitter:data2\" content=\"In stock\" \/>\n<script type=\"application\/ld+json\" class=\"yoast-schema-graph\">{\"@context\":\"https:\\\/\\\/schema.org\",\"@graph\":[{\"@type\":[\"WebPage\",\"ItemPage\"],\"@id\":\"https:\\\/\\\/aloevera-centar.com\\\/sl\\\/proizvod\\\/za-vedno-vitko\\\/\",\"url\":\"https:\\\/\\\/aloevera-centar.com\\\/sl\\\/proizvod\\\/za-vedno-vitko\\\/\",\"name\":\"Forever Lean - Forever Living Products - Naro\u010dite prek spleta!\",\"isPartOf\":{\"@id\":\"https:\\\/\\\/aloevera-centar.com\\\/sl\\\/#website\"},\"primaryImageOfPage\":{\"@id\":\"https:\\\/\\\/aloevera-centar.com\\\/sl\\\/proizvod\\\/za-vedno-vitko\\\/#primaryimage\"},\"image\":{\"@id\":\"https:\\\/\\\/aloevera-centar.com\\\/sl\\\/proizvod\\\/za-vedno-vitko\\\/#primaryimage\"},\"thumbnailUrl\":\"https:\\\/\\\/aloevera-centar.com\\\/wp-content\\\/uploads\\\/2022\\\/06\\\/Dizajn-bez-naslova-3.webp\",\"datePublished\":\"2025-04-15T21:17:15+00:00\",\"dateModified\":\"2025-05-08T09:55:45+00:00\",\"description\":\"Forever Lean nam prina\u0161a dve revolucionarni sestavini, ki lahko pomagata zmanj\u0161ati telesno absorpcijo kalorij iz ma\u0161\u010dob in ogljikovih hidratov.\",\"breadcrumb\":{\"@id\":\"https:\\\/\\\/aloevera-centar.com\\\/sl\\\/proizvod\\\/za-vedno-vitko\\\/#breadcrumb\"},\"inLanguage\":\"sl-SI\",\"potentialAction\":[{\"@type\":\"ReadAction\",\"target\":[\"https:\\\/\\\/aloevera-centar.com\\\/sl\\\/proizvod\\\/za-vedno-vitko\\\/\"]}]},{\"@type\":\"ImageObject\",\"inLanguage\":\"sl-SI\",\"@id\":\"https:\\\/\\\/aloevera-centar.com\\\/sl\\\/proizvod\\\/za-vedno-vitko\\\/#primaryimage\",\"url\":\"https:\\\/\\\/aloevera-centar.com\\\/wp-content\\\/uploads\\\/2022\\\/06\\\/Dizajn-bez-naslova-3.webp\",\"contentUrl\":\"https:\\\/\\\/aloevera-centar.com\\\/wp-content\\\/uploads\\\/2022\\\/06\\\/Dizajn-bez-naslova-3.webp\",\"width\":510,\"height\":510},{\"@type\":\"BreadcrumbList\",\"@id\":\"https:\\\/\\\/aloevera-centar.com\\\/sl\\\/proizvod\\\/za-vedno-vitko\\\/#breadcrumb\",\"itemListElement\":[{\"@type\":\"ListItem\",\"position\":1,\"name\":\"\u0160tevilka Stranica\",\"item\":\"https:\\\/\\\/aloevera-centar.com\\\/sl\\\/center-za-aloe-vero\\\/\"},{\"@type\":\"ListItem\",\"position\":2,\"name\":\"Shop\",\"item\":\"https:\\\/\\\/aloevera-centar.com\\\/sl\\\/shop\\\/\"},{\"@type\":\"ListItem\",\"position\":3,\"name\":\"Forever Lean\"}]},{\"@type\":\"WebSite\",\"@id\":\"https:\\\/\\\/aloevera-centar.com\\\/sl\\\/#website\",\"url\":\"https:\\\/\\\/aloevera-centar.com\\\/sl\\\/\",\"name\":\"Aloa Vera Centar\",\"description\":\"Aloe Vera Centar\",\"potentialAction\":[{\"@type\":\"SearchAction\",\"target\":{\"@type\":\"EntryPoint\",\"urlTemplate\":\"https:\\\/\\\/aloevera-centar.com\\\/sl\\\/?s={search_term_string}\"},\"query-input\":{\"@type\":\"PropertyValueSpecification\",\"valueRequired\":true,\"valueName\":\"search_term_string\"}}],\"inLanguage\":\"sl-SI\"}]}<\/script>\n<meta property=\"product:price:amount\" content=\"43.84\" \/>\n<meta property=\"product:price:currency\" content=\"EUR\" \/>\n<meta property=\"og:availability\" content=\"instock\" \/>\n<meta property=\"product:availability\" content=\"instock\" \/>\n<meta property=\"product:retailer_item_id\" content=\"289\" \/>\n<meta property=\"product:condition\" content=\"new\" \/>\n<!-- \/ Yoast SEO Premium plugin. -->","yoast_head_json":{"title":"Forever Lean - Forever Living Products - Naro\u010dite prek spleta!","description":"Forever Lean nam prina\u0161a dve revolucionarni sestavini, ki lahko pomagata zmanj\u0161ati telesno absorpcijo kalorij iz ma\u0161\u010dob in ogljikovih hidratov.","robots":{"index":"index","follow":"follow","max-snippet":"max-snippet:-1","max-image-preview":"max-image-preview:large","max-video-preview":"max-video-preview:-1"},"canonical":"https:\/\/aloevera-centar.com\/sl\/proizvod\/za-vedno-vitko\/","og_locale":"sl_SI","og_type":"article","og_title":"Forever Lean","og_description":"Forever Lean nam prina\u0161a dve revolucionarni sestavini, ki lahko pomagata zmanj\u0161ati telesno absorpcijo kalorij iz ma\u0161\u010dob in ogljikovih hidratov.","og_url":"https:\/\/aloevera-centar.com\/sl\/proizvod\/za-vedno-vitko\/","og_site_name":"Aloa Vera Centar","article_modified_time":"2025-05-08T09:55:45+00:00","og_image":[{"width":510,"height":510,"url":"https:\/\/aloevera-centar.com\/wp-content\/uploads\/2022\/06\/Dizajn-bez-naslova-3.jpg","type":"image\/jpeg"}],"twitter_card":"summary_large_image","twitter_misc":{"Price":"43,84&nbsp;&euro;","Availability":"In stock"},"schema":{"@context":"https:\/\/schema.org","@graph":[{"@type":["WebPage","ItemPage"],"@id":"https:\/\/aloevera-centar.com\/sl\/proizvod\/za-vedno-vitko\/","url":"https:\/\/aloevera-centar.com\/sl\/proizvod\/za-vedno-vitko\/","name":"Forever Lean - Forever Living Products - Naro\u010dite prek spleta!","isPartOf":{"@id":"https:\/\/aloevera-centar.com\/sl\/#website"},"primaryImageOfPage":{"@id":"https:\/\/aloevera-centar.com\/sl\/proizvod\/za-vedno-vitko\/#primaryimage"},"image":{"@id":"https:\/\/aloevera-centar.com\/sl\/proizvod\/za-vedno-vitko\/#primaryimage"},"thumbnailUrl":"https:\/\/aloevera-centar.com\/wp-content\/uploads\/2022\/06\/Dizajn-bez-naslova-3.webp","datePublished":"2025-04-15T21:17:15+00:00","dateModified":"2025-05-08T09:55:45+00:00","description":"Forever Lean nam prina\u0161a dve revolucionarni sestavini, ki lahko pomagata zmanj\u0161ati telesno absorpcijo kalorij iz ma\u0161\u010dob in ogljikovih hidratov.","breadcrumb":{"@id":"https:\/\/aloevera-centar.com\/sl\/proizvod\/za-vedno-vitko\/#breadcrumb"},"inLanguage":"sl-SI","potentialAction":[{"@type":"ReadAction","target":["https:\/\/aloevera-centar.com\/sl\/proizvod\/za-vedno-vitko\/"]}]},{"@type":"ImageObject","inLanguage":"sl-SI","@id":"https:\/\/aloevera-centar.com\/sl\/proizvod\/za-vedno-vitko\/#primaryimage","url":"https:\/\/aloevera-centar.com\/wp-content\/uploads\/2022\/06\/Dizajn-bez-naslova-3.webp","contentUrl":"https:\/\/aloevera-centar.com\/wp-content\/uploads\/2022\/06\/Dizajn-bez-naslova-3.webp","width":510,"height":510},{"@type":"BreadcrumbList","@id":"https:\/\/aloevera-centar.com\/sl\/proizvod\/za-vedno-vitko\/#breadcrumb","itemListElement":[{"@type":"ListItem","position":1,"name":"\u0160tevilka Stranica","item":"https:\/\/aloevera-centar.com\/sl\/center-za-aloe-vero\/"},{"@type":"ListItem","position":2,"name":"Shop","item":"https:\/\/aloevera-centar.com\/sl\/shop\/"},{"@type":"ListItem","position":3,"name":"Forever Lean"}]},{"@type":"WebSite","@id":"https:\/\/aloevera-centar.com\/sl\/#website","url":"https:\/\/aloevera-centar.com\/sl\/","name":"Aloa Vera Centar","description":"Aloe Vera Centar","potentialAction":[{"@type":"SearchAction","target":{"@type":"EntryPoint","urlTemplate":"https:\/\/aloevera-centar.com\/sl\/?s={search_term_string}"},"query-input":{"@type":"PropertyValueSpecification","valueRequired":true,"valueName":"search_term_string"}}],"inLanguage":"sl-SI"}]},"product_price_amount":"43.84","product_price_currency":"EUR","og_availability":"instock","product_availability":"instock","product_retailer_item_id":"289","product_condition":"new"},"_links":{"self":[{"href":"https:\/\/aloevera-centar.com\/sl\/wp-json\/wp\/v2\/product\/16433","targetHints":{"allow":["GET"]}}],"collection":[{"href":"https:\/\/aloevera-centar.com\/sl\/wp-json\/wp\/v2\/product"}],"about":[{"href":"https:\/\/aloevera-centar.com\/sl\/wp-json\/wp\/v2\/types\/product"}],"replies":[{"embeddable":true,"href":"https:\/\/aloevera-centar.com\/sl\/wp-json\/wp\/v2\/comments?post=16433"}],"wp:featuredmedia":[{"embeddable":true,"href":"https:\/\/aloevera-centar.com\/sl\/wp-json\/wp\/v2\/media\/16162"}],"wp:attachment":[{"href":"https:\/\/aloevera-centar.com\/sl\/wp-json\/wp\/v2\/media?parent=16433"}],"wp:term":[{"taxonomy":"product_brand","embeddable":true,"href":"https:\/\/aloevera-centar.com\/sl\/wp-json\/wp\/v2\/product_brand?post=16433"},{"taxonomy":"product_cat","embeddable":true,"href":"https:\/\/aloevera-centar.com\/sl\/wp-json\/wp\/v2\/product_cat?post=16433"},{"taxonomy":"product_tag","embeddable":true,"href":"https:\/\/aloevera-centar.com\/sl\/wp-json\/wp\/v2\/product_tag?post=16433"}],"curies":[{"name":"wp","href":"https:\/\/api.w.org\/{rel}","templated":true}]}}