{"id":16432,"date":"2025-04-10T09:11:56","date_gmt":"2025-04-10T07:11:56","guid":{"rendered":"https:\/\/aloevera-centar.com\/proizvod\/c9-forever-living-products-vanilija\/"},"modified":"2025-04-21T22:27:28","modified_gmt":"2025-04-21T22:27:28","slug":"c9-forever-living-products-vanilija","status":"publish","type":"product","link":"https:\/\/aloevera-centar.com\/sl\/proizvod\/c9-forever-living-products-vanilija\/","title":{"rendered":"C9 Forever Living Products &#8211; Vanilija"},"content":{"rendered":"<h1>C9 Forever Living Products Vanilla \u2013 Detox za \u010distej\u0161e in bolj zdravo \u017eivljenje<\/h1>\n<p><strong>C9 Forever Living Products Vanilla<\/strong> je prvi korak k izlo\u010danju \u0161kodljivih snovi in \u200b\u200bkonzervansov iz va\u0161ega telesa. Ta devetdnevni program vsebuje vse, kar potrebujete za popolno razstrupljanje, spodbujanje bolj zdravih navad in bolj\u0161e notranje in zunanje po\u010dutje.<\/p>\n<h2>Prednosti<\/h2>\n<ul>\n<li>Razstruplja telo in podpira zdravo prebavo<\/li>\n<li>Spodbuja nadzor telesne te\u017ee in zdrave prehranjevalne navade<\/li>\n<li>Ponuja prakti\u010dne smernice in recepte za 9-dnevno razstrupljanje<\/li>\n<li>Vsebuje visoko kakovostne sestavine iz linije <strong>Forever Living Products<\/strong><\/li>\n<\/ul>\n<p><strong>Opomba:<\/strong> AloeVera Center je neodvisni Forever partner &#8211; z nakupom preko na\u0161ega priporo\u010dila pridobite <strong>15% popust<\/strong> na ta izdelek!<\/p>\n<div style=\"border: 2px solid #f1c40f; padding: 10px; margin: 15px 0;\"><strong>Z na\u0161im priporo\u010dilom pridobite 15% popust!<\/strong><br \/>\n<em>\u017delite dodatne nasvete ali prilagojena priporo\u010dila?<\/em> Kliknite na sovo v spodnjem kotu zaslona ali <a style=\"color: #333;\" href=\"https:\/\/forevercard.club\/ddglabhlcn\" target=\"_blank\" rel=\"noopener\">se obrnite na na\u0161ega <strong>AI pomo\u010dnika<\/strong><\/a> . Prav tako lahko dobite <strong>15% popust<\/strong> na va\u0161e naro\u010dilo prek pomo\u010dnika za AI.<\/div>\n<h2>Sestavine in njihovi u\u010dinki<\/h2>\n<ul>\n<li><strong>Aloe Vera Gel<\/strong> \u2013 podpira zdravo prebavo in imunski sistem<br \/>\n( <a href=\"https:\/\/www.ncbi.nlm.nih.gov\/pmc\/?term=Aloe+vera+gel\" target=\"_blank\" rel=\"noopener\">znanstveni vir<\/a> ).<\/li>\n<li><strong>Garcinia Cambogia<\/strong> \u2013 znana po svojem potencialu za pomo\u010d pri uravnavanju apetita<br \/>\n( <a href=\"https:\/\/www.ncbi.nlm.nih.gov\/pmc\/?term=garcinia+cambogia\" target=\"_blank\" rel=\"noopener\">znanstveni vir<\/a> ).<\/li>\n<li><strong>Lite Ultra Shake (vanilija)<\/strong> \u2013 beljakovinski napitek, obogaten z vitamini in minerali za podporo mi\u0161i\u010dne mase in oskrbo z energijo.<\/li>\n<li><strong>Forever Therm<\/strong> \u2013 Kombinacija rastlinskih izvle\u010dkov in vitaminov za dodatno energijo in pospe\u0161itev metabolizma.<\/li>\n<li><strong>Forever Fiber<\/strong> \u2013 vlaknine, ki pomagajo ohranjati zdravo prebavo<br \/>\n( <a href=\"https:\/\/www.hsph.harvard.edu\/nutritionsource\/carbohydrates\/fiber\/\" target=\"_blank\" rel=\"noopener\">znanstveni vir<\/a> ).<\/li>\n<\/ul>\n<h2>Priporo\u010deni odmerek in na\u010din uporabe<\/h2>\n<p><strong>Program traja 9 dni<\/strong> . V \u0161katli dobite podrobna navodila in preproste recepte. Sledite priporo\u010denemu vnosu napitkov, kapsul in obrokov ter u\u017eivajte v preprostem razstrupljanju, ki vam bo pomagalo izbolj\u0161ati va\u0161e dnevne navade.<\/p>\n<h2>Komu je namenjeno?<\/h2>\n<p>Program C9 je primeren za vse, ki si \u017eelite kvalitetnega razstrupljanja in motivacije za bolj zdrave \u017eivljenjske navade. \u0160e posebej je koristen za ljudi, ki se borijo s slabimi prehranjevalnimi navadami, ob\u010dutkom te\u017ee in pomanjkanjem energije.<\/p>\n<h2>Zakaj izbrati ravno ta izdelek?<\/h2>\n<ul>\n<li><strong>Kakovost blagovne znamke Forever Living Products<\/strong> \u2013 Dolga tradicija in visoki proizvodni standardi.<\/li>\n<li><strong>Celovit pristop<\/strong> \u2013 Razstrupljanje, pravilna prehrana, hidracija in podpora metabolizmu v enem paketu.<\/li>\n<li><strong>Preprosta uporaba<\/strong> \u2013 jasna navodila in obse\u017een vodnik skozi devetdnevni na\u010drt.<\/li>\n<\/ul>\n<h2>Priporo\u010deni sorodni izdelki<\/h2>\n<ul>\n<li><a href=\"https:\/\/aloevera-centar.com\/proizvod\/forever-aloe-peaches\/\" target=\"_blank\" rel=\"noopener\">Forever Aloe Peaches<\/a> \u2013 Gel aloe vere z okusom breskve, idealen, \u010de vam ni v\u0161e\u010d okus \u010diste aloje.<\/li>\n<li><a href=\"https:\/\/aloevera-centar.com\/proizvod\/forever-lite-ultra-s-aminoteinom-cokolada\/\" target=\"_blank\" rel=\"noopener\">Forever Lite Ultra Shake Chocolate<\/a> \u2013 alternativni okus priljubljenega beljakovinskega napitka.<\/li>\n<li><a href=\"https:\/\/aloevera-centar.com\/proizvod\/aloe-vera-gel\/\" target=\"_blank\" rel=\"noopener\">Aloe Vera Gel (original)<\/a> \u2013 Za ohranjanje rezultatov in ob\u010dasno \u010di\u0161\u010denje telesa.<\/li>\n<\/ul>\n<p>Po zaklju\u010dku programa priporo\u010damo ob\u010dasno nadaljevanje u\u017eivanja <strong>Forever Lite Ultra<\/strong> in <strong>Aloe Vera Gela<\/strong> za dolgotrajnej\u0161e rezultate in izbolj\u0161ano zdravje.<\/p>\n","protected":false},"excerpt":{"rendered":"<div>\n<p class=\"p1\">Program C9 Forever Living Products Vanilla Detox Program \u010disti telo in uvaja zdrave navade.<\/p>\n<p class=\"p1\">Izkoristite 15% popust in za\u010dnite bolj\u0161e \u017eivljenje!<\/p>\n<\/div>\n<div><\/div>\n","protected":false},"featured_media":15976,"comment_status":"open","ping_status":"closed","template":"","meta":[],"product_brand":[],"product_cat":[1534],"product_tag":[],"class_list":{"0":"post-16432","1":"product","2":"type-product","3":"status-publish","4":"has-post-thumbnail","6":"product_cat-regulacija-telesne-teze","8":"first","9":"instock","10":"sale","11":"shipping-taxable","12":"product-type-external"},"yoast_head":"<!-- This site is optimized with the Yoast SEO Premium plugin v24.8 (Yoast SEO v27.4) - https:\/\/yoast.com\/product\/yoast-seo-premium-wordpress\/ -->\n<title>C9 Forever Living Products Vanilla \u2013 9 dni do bolj zdravega telesa<\/title>\n<meta name=\"description\" content=\"Odkrijte C9 Forever Living Products Vanilla Detox v 9 dneh. O\u010distite svoje telo, pridobite zdrave navade in z na\u0161im priporo\u010dilom pridobite 15% popust!\" \/>\n<meta name=\"robots\" content=\"index, follow, max-snippet:-1, max-image-preview:large, max-video-preview:-1\" \/>\n<link rel=\"canonical\" href=\"https:\/\/aloevera-centar.com\/sl\/proizvod\/c9-forever-living-products-vanilija\/\" \/>\n<meta property=\"og:locale\" content=\"sl_SI\" \/>\n<meta property=\"og:type\" content=\"article\" \/>\n<meta property=\"og:title\" content=\"C9 Forever Living Products - Vanilija\" \/>\n<meta property=\"og:description\" content=\"Odkrijte C9 Forever Living Products Vanilla Detox v 9 dneh. O\u010distite svoje telo, pridobite zdrave navade in z na\u0161im priporo\u010dilom pridobite 15% popust!\" \/>\n<meta property=\"og:url\" content=\"https:\/\/aloevera-centar.com\/sl\/proizvod\/c9-forever-living-products-vanilija\/\" \/>\n<meta property=\"og:site_name\" content=\"Aloa Vera Centar\" \/>\n<meta property=\"article:modified_time\" content=\"2025-04-21T22:27:28+00:00\" \/>\n<meta property=\"og:image\" content=\"https:\/\/aloevera-centar.com\/wp-content\/uploads\/2025\/03\/C9-Forever-Living-Products-vanilija.jpg\" \/>\n\t<meta property=\"og:image:width\" content=\"600\" \/>\n\t<meta property=\"og:image:height\" content=\"600\" \/>\n\t<meta property=\"og:image:type\" content=\"image\/jpeg\" \/>\n<meta name=\"twitter:card\" content=\"summary_large_image\" \/>\n<meta name=\"twitter:label1\" content=\"Price\" \/>\n\t<meta name=\"twitter:data1\" content=\"146,54&nbsp;&euro;\" \/>\n\t<meta name=\"twitter:label2\" content=\"Availability\" \/>\n\t<meta name=\"twitter:data2\" content=\"In stock\" \/>\n<script type=\"application\/ld+json\" class=\"yoast-schema-graph\">{\"@context\":\"https:\\\/\\\/schema.org\",\"@graph\":[{\"@type\":[\"WebPage\",\"ItemPage\"],\"@id\":\"https:\\\/\\\/aloevera-centar.com\\\/sl\\\/proizvod\\\/c9-forever-living-products-vanilija\\\/\",\"url\":\"https:\\\/\\\/aloevera-centar.com\\\/sl\\\/proizvod\\\/c9-forever-living-products-vanilija\\\/\",\"name\":\"C9 Forever Living Products Vanilla \u2013 9 dni do bolj zdravega telesa\",\"isPartOf\":{\"@id\":\"https:\\\/\\\/aloevera-centar.com\\\/sl\\\/#website\"},\"primaryImageOfPage\":{\"@id\":\"https:\\\/\\\/aloevera-centar.com\\\/sl\\\/proizvod\\\/c9-forever-living-products-vanilija\\\/#primaryimage\"},\"image\":{\"@id\":\"https:\\\/\\\/aloevera-centar.com\\\/sl\\\/proizvod\\\/c9-forever-living-products-vanilija\\\/#primaryimage\"},\"thumbnailUrl\":\"https:\\\/\\\/aloevera-centar.com\\\/wp-content\\\/uploads\\\/2025\\\/03\\\/C9-Forever-Living-Products-vanilija.webp\",\"datePublished\":\"2025-04-10T07:11:56+00:00\",\"dateModified\":\"2025-04-21T22:27:28+00:00\",\"description\":\"Odkrijte C9 Forever Living Products Vanilla Detox v 9 dneh. O\u010distite svoje telo, pridobite zdrave navade in z na\u0161im priporo\u010dilom pridobite 15% popust!\",\"breadcrumb\":{\"@id\":\"https:\\\/\\\/aloevera-centar.com\\\/sl\\\/proizvod\\\/c9-forever-living-products-vanilija\\\/#breadcrumb\"},\"inLanguage\":\"sl-SI\",\"potentialAction\":[{\"@type\":\"ReadAction\",\"target\":[\"https:\\\/\\\/aloevera-centar.com\\\/sl\\\/proizvod\\\/c9-forever-living-products-vanilija\\\/\"]}]},{\"@type\":\"ImageObject\",\"inLanguage\":\"sl-SI\",\"@id\":\"https:\\\/\\\/aloevera-centar.com\\\/sl\\\/proizvod\\\/c9-forever-living-products-vanilija\\\/#primaryimage\",\"url\":\"https:\\\/\\\/aloevera-centar.com\\\/wp-content\\\/uploads\\\/2025\\\/03\\\/C9-Forever-Living-Products-vanilija.webp\",\"contentUrl\":\"https:\\\/\\\/aloevera-centar.com\\\/wp-content\\\/uploads\\\/2025\\\/03\\\/C9-Forever-Living-Products-vanilija.webp\",\"width\":600,\"height\":600},{\"@type\":\"BreadcrumbList\",\"@id\":\"https:\\\/\\\/aloevera-centar.com\\\/sl\\\/proizvod\\\/c9-forever-living-products-vanilija\\\/#breadcrumb\",\"itemListElement\":[{\"@type\":\"ListItem\",\"position\":1,\"name\":\"\u0160tevilka Stranica\",\"item\":\"https:\\\/\\\/aloevera-centar.com\\\/sl\\\/center-za-aloe-vero\\\/\"},{\"@type\":\"ListItem\",\"position\":2,\"name\":\"Shop\",\"item\":\"https:\\\/\\\/aloevera-centar.com\\\/sl\\\/shop\\\/\"},{\"@type\":\"ListItem\",\"position\":3,\"name\":\"C9 Forever Living Products &#8211; Vanilija\"}]},{\"@type\":\"WebSite\",\"@id\":\"https:\\\/\\\/aloevera-centar.com\\\/sl\\\/#website\",\"url\":\"https:\\\/\\\/aloevera-centar.com\\\/sl\\\/\",\"name\":\"Aloa Vera Centar\",\"description\":\"Aloe Vera Centar\",\"potentialAction\":[{\"@type\":\"SearchAction\",\"target\":{\"@type\":\"EntryPoint\",\"urlTemplate\":\"https:\\\/\\\/aloevera-centar.com\\\/sl\\\/?s={search_term_string}\"},\"query-input\":{\"@type\":\"PropertyValueSpecification\",\"valueRequired\":true,\"valueName\":\"search_term_string\"}}],\"inLanguage\":\"sl-SI\"}]}<\/script>\n<meta property=\"product:price:amount\" content=\"146.54\" \/>\n<meta property=\"product:price:currency\" content=\"EUR\" \/>\n<meta property=\"og:availability\" content=\"instock\" \/>\n<meta property=\"product:availability\" content=\"instock\" \/>\n<meta property=\"product:retailer_item_id\" content=\"475\" \/>\n<meta property=\"product:condition\" content=\"new\" \/>\n<!-- \/ Yoast SEO Premium plugin. -->","yoast_head_json":{"title":"C9 Forever Living Products Vanilla \u2013 9 dni do bolj zdravega telesa","description":"Odkrijte C9 Forever Living Products Vanilla Detox v 9 dneh. O\u010distite svoje telo, pridobite zdrave navade in z na\u0161im priporo\u010dilom pridobite 15% popust!","robots":{"index":"index","follow":"follow","max-snippet":"max-snippet:-1","max-image-preview":"max-image-preview:large","max-video-preview":"max-video-preview:-1"},"canonical":"https:\/\/aloevera-centar.com\/sl\/proizvod\/c9-forever-living-products-vanilija\/","og_locale":"sl_SI","og_type":"article","og_title":"C9 Forever Living Products - Vanilija","og_description":"Odkrijte C9 Forever Living Products Vanilla Detox v 9 dneh. O\u010distite svoje telo, pridobite zdrave navade in z na\u0161im priporo\u010dilom pridobite 15% popust!","og_url":"https:\/\/aloevera-centar.com\/sl\/proizvod\/c9-forever-living-products-vanilija\/","og_site_name":"Aloa Vera Centar","article_modified_time":"2025-04-21T22:27:28+00:00","og_image":[{"width":600,"height":600,"url":"https:\/\/aloevera-centar.com\/wp-content\/uploads\/2025\/03\/C9-Forever-Living-Products-vanilija.jpg","type":"image\/jpeg"}],"twitter_card":"summary_large_image","twitter_misc":{"Price":"146,54&nbsp;&euro;","Availability":"In stock"},"schema":{"@context":"https:\/\/schema.org","@graph":[{"@type":["WebPage","ItemPage"],"@id":"https:\/\/aloevera-centar.com\/sl\/proizvod\/c9-forever-living-products-vanilija\/","url":"https:\/\/aloevera-centar.com\/sl\/proizvod\/c9-forever-living-products-vanilija\/","name":"C9 Forever Living Products Vanilla \u2013 9 dni do bolj zdravega telesa","isPartOf":{"@id":"https:\/\/aloevera-centar.com\/sl\/#website"},"primaryImageOfPage":{"@id":"https:\/\/aloevera-centar.com\/sl\/proizvod\/c9-forever-living-products-vanilija\/#primaryimage"},"image":{"@id":"https:\/\/aloevera-centar.com\/sl\/proizvod\/c9-forever-living-products-vanilija\/#primaryimage"},"thumbnailUrl":"https:\/\/aloevera-centar.com\/wp-content\/uploads\/2025\/03\/C9-Forever-Living-Products-vanilija.webp","datePublished":"2025-04-10T07:11:56+00:00","dateModified":"2025-04-21T22:27:28+00:00","description":"Odkrijte C9 Forever Living Products Vanilla Detox v 9 dneh. O\u010distite svoje telo, pridobite zdrave navade in z na\u0161im priporo\u010dilom pridobite 15% popust!","breadcrumb":{"@id":"https:\/\/aloevera-centar.com\/sl\/proizvod\/c9-forever-living-products-vanilija\/#breadcrumb"},"inLanguage":"sl-SI","potentialAction":[{"@type":"ReadAction","target":["https:\/\/aloevera-centar.com\/sl\/proizvod\/c9-forever-living-products-vanilija\/"]}]},{"@type":"ImageObject","inLanguage":"sl-SI","@id":"https:\/\/aloevera-centar.com\/sl\/proizvod\/c9-forever-living-products-vanilija\/#primaryimage","url":"https:\/\/aloevera-centar.com\/wp-content\/uploads\/2025\/03\/C9-Forever-Living-Products-vanilija.webp","contentUrl":"https:\/\/aloevera-centar.com\/wp-content\/uploads\/2025\/03\/C9-Forever-Living-Products-vanilija.webp","width":600,"height":600},{"@type":"BreadcrumbList","@id":"https:\/\/aloevera-centar.com\/sl\/proizvod\/c9-forever-living-products-vanilija\/#breadcrumb","itemListElement":[{"@type":"ListItem","position":1,"name":"\u0160tevilka Stranica","item":"https:\/\/aloevera-centar.com\/sl\/center-za-aloe-vero\/"},{"@type":"ListItem","position":2,"name":"Shop","item":"https:\/\/aloevera-centar.com\/sl\/shop\/"},{"@type":"ListItem","position":3,"name":"C9 Forever Living Products &#8211; Vanilija"}]},{"@type":"WebSite","@id":"https:\/\/aloevera-centar.com\/sl\/#website","url":"https:\/\/aloevera-centar.com\/sl\/","name":"Aloa Vera Centar","description":"Aloe Vera Centar","potentialAction":[{"@type":"SearchAction","target":{"@type":"EntryPoint","urlTemplate":"https:\/\/aloevera-centar.com\/sl\/?s={search_term_string}"},"query-input":{"@type":"PropertyValueSpecification","valueRequired":true,"valueName":"search_term_string"}}],"inLanguage":"sl-SI"}]},"product_price_amount":"146.54","product_price_currency":"EUR","og_availability":"instock","product_availability":"instock","product_retailer_item_id":"475","product_condition":"new"},"_links":{"self":[{"href":"https:\/\/aloevera-centar.com\/sl\/wp-json\/wp\/v2\/product\/16432","targetHints":{"allow":["GET"]}}],"collection":[{"href":"https:\/\/aloevera-centar.com\/sl\/wp-json\/wp\/v2\/product"}],"about":[{"href":"https:\/\/aloevera-centar.com\/sl\/wp-json\/wp\/v2\/types\/product"}],"replies":[{"embeddable":true,"href":"https:\/\/aloevera-centar.com\/sl\/wp-json\/wp\/v2\/comments?post=16432"}],"wp:featuredmedia":[{"embeddable":true,"href":"https:\/\/aloevera-centar.com\/sl\/wp-json\/wp\/v2\/media\/15976"}],"wp:attachment":[{"href":"https:\/\/aloevera-centar.com\/sl\/wp-json\/wp\/v2\/media?parent=16432"}],"wp:term":[{"taxonomy":"product_brand","embeddable":true,"href":"https:\/\/aloevera-centar.com\/sl\/wp-json\/wp\/v2\/product_brand?post=16432"},{"taxonomy":"product_cat","embeddable":true,"href":"https:\/\/aloevera-centar.com\/sl\/wp-json\/wp\/v2\/product_cat?post=16432"},{"taxonomy":"product_tag","embeddable":true,"href":"https:\/\/aloevera-centar.com\/sl\/wp-json\/wp\/v2\/product_tag?post=16432"}],"curies":[{"name":"wp","href":"https:\/\/api.w.org\/{rel}","templated":true}]}}