{"id":16428,"date":"2025-04-11T20:48:43","date_gmt":"2025-04-11T18:48:43","guid":{"rendered":"https:\/\/aloevera-centar.com\/proizvod\/forever-fiber-vlakna\/"},"modified":"2025-04-21T22:21:04","modified_gmt":"2025-04-21T22:21:04","slug":"forever-fiber-vlakna","status":"publish","type":"product","link":"https:\/\/aloevera-centar.com\/sl\/proizvod\/forever-fiber-vlakna\/","title":{"rendered":"Forever Fiber &#8211; VLAKNA"},"content":{"rendered":"<h1>Forever Fiber \u2013 lahko prebavljive vlaknine za bolj\u0161o prebavo in nadzor telesne te\u017ee<\/h1>\n<p><strong>Forever Fiber<\/strong> zagotavlja priro\u010den na\u010din za dodajanje prepotrebnih vlaknin va\u0161i dnevni prehrani. S 5 grami lahko prebavljivih vlaknin v vsaki vre\u010dki pomaga ohranjati normalno prebavo, zmanj\u0161uje lakoto in uravnava telesno te\u017eo. Po mnenju strokovnjakov ve\u010dina ljudi zau\u017eije le polovico od priporo\u010denih 30 g vlaknin na dan \u2013 zato je Forever Fiber odli\u010dna izbira za zapolnitev te prehranske vrzeli.<\/p>\n<h2>Prednosti in u\u010dinki<\/h2>\n<ul>\n<li><strong>5 g lahko prebavljivih vlaknin na vre\u010dko<\/strong> \u2013 prakti\u010dno in enostavno za uporabo v vodi, <a href=\"https:\/\/aloavera-centar.com\/proizvod\/aloe-vera-gel\/\" target=\"_blank\" rel=\"noopener\">gelu aloe vere<\/a> ali va\u0161i najljub\u0161i pija\u010di.<\/li>\n<li><strong>Podpora presnovi<\/strong> \u2013 Prepre\u010duje nenaden padec energije po obrokih in vam pomaga, da se dlje \u010dasa po\u010dutite siti.<\/li>\n<li><strong>Pomaga pri uravnavanju telesne te\u017ee<\/strong> &#8211; Manj sku\u0161njav po nepotrebnih prigrizkih in zmanj\u0161an vnos kalorij.<\/li>\n<li><strong>Sinergijsko delovanje<\/strong> \u2013 Sestavni del <a href=\"https:\/\/aloavera-centar.com\/clean9-forever-living-products\/\" target=\"_blank\" rel=\"noopener\">programa C9 Detox<\/a> za u\u010dinkovitej\u0161e rezultate huj\u0161anja.<\/li>\n<li><strong>Enostavna prebavljivost<\/strong> \u2013 \u0160tiri vrste vlaknin, ki olaj\u0161ajo absorpcijo hranil in pomagajo telesu, da se znebi \u0161kodljivih snovi.<\/li>\n<\/ul>\n<p><strong>Opomba:<\/strong> AloeVera Center je neodvisni Forever partner &#8211; z nakupom preko na\u0161ega priporo\u010dila pridobite <strong>15% popust<\/strong> na ta izdelek!<\/p>\n<div style=\"border: 2px solid #f1c40f; padding: 10px; margin: 15px 0;\"><strong>Z na\u0161im priporo\u010dilom pridobite 15% popust!<\/strong><br \/>\n<em>\u017delite dodatne nasvete ali prilagojena priporo\u010dila?<\/em> Kliknite na sovo v spodnjem kotu zaslona oz<br \/>\n<a style=\"color: #333;\" href=\"https:\/\/forevercard.club\/ddglabhlcn\" target=\"_blank\" rel=\"noopener\">se obrnite na na\u0161ega <strong>asistenta za AI<\/strong><\/a> .<br \/>\nPrek pomo\u010dnika za umetno inteligenco lahko dobite tudi <strong>15-odstotni popust<\/strong> pri naro\u010dilu.<\/div>\n<h2>Zna\u010dilnosti izdelka<\/h2>\n<ul>\n<li><strong>Prepre\u010duje nenadne energetske padce<\/strong> \u2013 upo\u010dasnjuje absorpcijo makrohranil in uravnava prebavo<\/li>\n<li><strong>Prakti\u010dna torba<\/strong> \u2013 zlahka jo vzamete kamor koli in jo uporabljate na poti.<\/li>\n<li><strong>Brez dodatnih kalorij<\/strong> \u2013 primerljivo z zau\u017eitjem 300 g polnozrnatega ri\u017ea ali 2 rezinama polnozrnatega toasta, vendar brez dodatnih ogljikovih hidratov.<\/li>\n<li><strong>Spodbuja redno prebavo<\/strong> \u2013 Pomaga lahko pri zaprtju, dodaten u\u010dinek pa lahko dose\u017eete z <a href=\"https:\/\/aloevera-centar.com\/proizvod\/forever-aloe-peaches\/\" target=\"_blank\" rel=\"noopener\">Forever Aloe Peaches<\/a> .<\/li>\n<\/ul>\n<h2>Kako uporabljati<\/h2>\n<p><strong>1 vre\u010dka na dan<\/strong> . Vsebino vre\u010dke zme\u0161ajte z vodo, gelom aloe vere ali drugo pija\u010do in dobro preme\u0161ajte. Priporo\u010dljivo je, da ga vzamete <strong>30 minut<\/strong> po ali pred drugimi prehranskimi dopolnili, da prepre\u010dite zmanj\u0161anje njihove absorpcije.<\/p>\n<h2>Komu je namenjeno?<\/h2>\n<ul>\n<li>Ljudje, ki \u017eelijo pove\u010dati vnos vlaknin in podpirati redno prebavo.<\/li>\n<li>Vsem, ki \u017eelite bolj\u0161i apetit in kontrolo telesne te\u017ee.<\/li>\n<li>Tisti, ki se borijo z neredno prebavo ali se po jedi po\u010dutijo leno.<\/li>\n<li>Udele\u017eenci <a href=\"https:\/\/aloavera-centar.com\/clean9-forever-living-products\/\" target=\"_blank\" rel=\"noopener\">programa C9 Detox<\/a> za dodatno podporo pri huj\u0161anju.<\/li>\n<\/ul>\n","protected":false},"excerpt":{"rendered":"<p class=\"p1\">Forever Fiber: 5 g lahko prebavljivih vlaknin na vre\u010dko. Podpira sitost, zdravo prebavo in nadzor telesne te\u017ee.<\/p>\n<p class=\"p1\">Z na\u0161im priporo\u010dilom pridobite 15% popust!<\/p>\n","protected":false},"featured_media":15978,"comment_status":"closed","ping_status":"closed","template":"","meta":[],"product_brand":[],"product_cat":[1534],"product_tag":[],"class_list":{"0":"post-16428","1":"product","2":"type-product","3":"status-publish","4":"has-post-thumbnail","6":"product_cat-regulacija-telesne-teze","8":"first","9":"instock","10":"sale","11":"shipping-taxable","12":"product-type-external"},"yoast_head":"<!-- This site is optimized with the Yoast SEO Premium plugin v24.8 (Yoast SEO v27.5) - https:\/\/yoast.com\/product\/yoast-seo-premium-wordpress\/ -->\n<title>Forever Fiber - VLAKNA - Forever Living Products!<\/title>\n<meta name=\"description\" content=\"Odkrijte Forever Fiber: priro\u010den na\u010din, da dobite 5 g vlaknin v vre\u010dki. U\u017eivajte v bolj zdravi prebavi in \u200b\u200buravnajte svojo te\u017eo s 15% popustom!\" \/>\n<meta name=\"robots\" content=\"index, follow, max-snippet:-1, max-image-preview:large, max-video-preview:-1\" \/>\n<link rel=\"canonical\" href=\"https:\/\/aloevera-centar.com\/sl\/proizvod\/forever-fiber-vlakna\/\" \/>\n<meta property=\"og:locale\" content=\"sl_SI\" \/>\n<meta property=\"og:type\" content=\"article\" \/>\n<meta property=\"og:title\" content=\"Forever Fiber - VLAKNA\" \/>\n<meta property=\"og:description\" content=\"Odkrijte Forever Fiber: priro\u010den na\u010din, da dobite 5 g vlaknin v vre\u010dki. U\u017eivajte v bolj zdravi prebavi in \u200b\u200buravnajte svojo te\u017eo s 15% popustom!\" \/>\n<meta property=\"og:url\" content=\"https:\/\/aloevera-centar.com\/sl\/proizvod\/forever-fiber-vlakna\/\" \/>\n<meta property=\"og:site_name\" content=\"Aloa Vera Centar\" \/>\n<meta property=\"article:modified_time\" content=\"2025-04-21T22:21:04+00:00\" \/>\n<meta property=\"og:image\" content=\"https:\/\/aloevera-centar.com\/wp-content\/uploads\/2025\/03\/Forever-Fiber-VLAKNA.jpg\" \/>\n\t<meta property=\"og:image:width\" content=\"600\" \/>\n\t<meta property=\"og:image:height\" content=\"600\" \/>\n\t<meta property=\"og:image:type\" content=\"image\/jpeg\" \/>\n<meta name=\"twitter:card\" content=\"summary_large_image\" \/>\n<meta name=\"twitter:label1\" content=\"Price\" \/>\n\t<meta name=\"twitter:data1\" content=\"29,18&nbsp;&euro;\" \/>\n\t<meta name=\"twitter:label2\" content=\"Availability\" \/>\n\t<meta name=\"twitter:data2\" content=\"In stock\" \/>\n<script type=\"application\/ld+json\" class=\"yoast-schema-graph\">{\"@context\":\"https:\\\/\\\/schema.org\",\"@graph\":[{\"@type\":[\"WebPage\",\"ItemPage\"],\"@id\":\"https:\\\/\\\/aloevera-centar.com\\\/sl\\\/proizvod\\\/forever-fiber-vlakna\\\/\",\"url\":\"https:\\\/\\\/aloevera-centar.com\\\/sl\\\/proizvod\\\/forever-fiber-vlakna\\\/\",\"name\":\"Forever Fiber - VLAKNA - Forever Living Products!\",\"isPartOf\":{\"@id\":\"https:\\\/\\\/aloevera-centar.com\\\/sl\\\/#website\"},\"primaryImageOfPage\":{\"@id\":\"https:\\\/\\\/aloevera-centar.com\\\/sl\\\/proizvod\\\/forever-fiber-vlakna\\\/#primaryimage\"},\"image\":{\"@id\":\"https:\\\/\\\/aloevera-centar.com\\\/sl\\\/proizvod\\\/forever-fiber-vlakna\\\/#primaryimage\"},\"thumbnailUrl\":\"https:\\\/\\\/aloevera-centar.com\\\/wp-content\\\/uploads\\\/2025\\\/03\\\/Forever-Fiber-VLAKNA.webp\",\"datePublished\":\"2025-04-11T18:48:43+00:00\",\"dateModified\":\"2025-04-21T22:21:04+00:00\",\"description\":\"Odkrijte Forever Fiber: priro\u010den na\u010din, da dobite 5 g vlaknin v vre\u010dki. U\u017eivajte v bolj zdravi prebavi in \u200b\u200buravnajte svojo te\u017eo s 15% popustom!\",\"breadcrumb\":{\"@id\":\"https:\\\/\\\/aloevera-centar.com\\\/sl\\\/proizvod\\\/forever-fiber-vlakna\\\/#breadcrumb\"},\"inLanguage\":\"sl-SI\",\"potentialAction\":[{\"@type\":\"ReadAction\",\"target\":[\"https:\\\/\\\/aloevera-centar.com\\\/sl\\\/proizvod\\\/forever-fiber-vlakna\\\/\"]}]},{\"@type\":\"ImageObject\",\"inLanguage\":\"sl-SI\",\"@id\":\"https:\\\/\\\/aloevera-centar.com\\\/sl\\\/proizvod\\\/forever-fiber-vlakna\\\/#primaryimage\",\"url\":\"https:\\\/\\\/aloevera-centar.com\\\/wp-content\\\/uploads\\\/2025\\\/03\\\/Forever-Fiber-VLAKNA.webp\",\"contentUrl\":\"https:\\\/\\\/aloevera-centar.com\\\/wp-content\\\/uploads\\\/2025\\\/03\\\/Forever-Fiber-VLAKNA.webp\",\"width\":600,\"height\":600},{\"@type\":\"BreadcrumbList\",\"@id\":\"https:\\\/\\\/aloevera-centar.com\\\/sl\\\/proizvod\\\/forever-fiber-vlakna\\\/#breadcrumb\",\"itemListElement\":[{\"@type\":\"ListItem\",\"position\":1,\"name\":\"\u0160tevilka Stranica\",\"item\":\"https:\\\/\\\/aloevera-centar.com\\\/sl\\\/center-za-aloe-vero\\\/\"},{\"@type\":\"ListItem\",\"position\":2,\"name\":\"Shop\",\"item\":\"https:\\\/\\\/aloevera-centar.com\\\/sl\\\/shop\\\/\"},{\"@type\":\"ListItem\",\"position\":3,\"name\":\"Forever Fiber &#8211; VLAKNA\"}]},{\"@type\":\"WebSite\",\"@id\":\"https:\\\/\\\/aloevera-centar.com\\\/sl\\\/#website\",\"url\":\"https:\\\/\\\/aloevera-centar.com\\\/sl\\\/\",\"name\":\"Aloa Vera Centar\",\"description\":\"Aloe Vera Centar\",\"potentialAction\":[{\"@type\":\"SearchAction\",\"target\":{\"@type\":\"EntryPoint\",\"urlTemplate\":\"https:\\\/\\\/aloevera-centar.com\\\/sl\\\/?s={search_term_string}\"},\"query-input\":{\"@type\":\"PropertyValueSpecification\",\"valueRequired\":true,\"valueName\":\"search_term_string\"}}],\"inLanguage\":\"sl-SI\"}]}<\/script>\n<meta property=\"product:price:amount\" content=\"29.18\" \/>\n<meta property=\"product:price:currency\" content=\"EUR\" \/>\n<meta property=\"og:availability\" content=\"instock\" \/>\n<meta property=\"product:availability\" content=\"instock\" \/>\n<meta property=\"product:condition\" content=\"new\" \/>\n<!-- \/ Yoast SEO Premium plugin. -->","yoast_head_json":{"title":"Forever Fiber - VLAKNA - Forever Living Products!","description":"Odkrijte Forever Fiber: priro\u010den na\u010din, da dobite 5 g vlaknin v vre\u010dki. U\u017eivajte v bolj zdravi prebavi in \u200b\u200buravnajte svojo te\u017eo s 15% popustom!","robots":{"index":"index","follow":"follow","max-snippet":"max-snippet:-1","max-image-preview":"max-image-preview:large","max-video-preview":"max-video-preview:-1"},"canonical":"https:\/\/aloevera-centar.com\/sl\/proizvod\/forever-fiber-vlakna\/","og_locale":"sl_SI","og_type":"article","og_title":"Forever Fiber - VLAKNA","og_description":"Odkrijte Forever Fiber: priro\u010den na\u010din, da dobite 5 g vlaknin v vre\u010dki. U\u017eivajte v bolj zdravi prebavi in \u200b\u200buravnajte svojo te\u017eo s 15% popustom!","og_url":"https:\/\/aloevera-centar.com\/sl\/proizvod\/forever-fiber-vlakna\/","og_site_name":"Aloa Vera Centar","article_modified_time":"2025-04-21T22:21:04+00:00","og_image":[{"width":600,"height":600,"url":"https:\/\/aloevera-centar.com\/wp-content\/uploads\/2025\/03\/Forever-Fiber-VLAKNA.jpg","type":"image\/jpeg"}],"twitter_card":"summary_large_image","twitter_misc":{"Price":"29,18&nbsp;&euro;","Availability":"In stock"},"schema":{"@context":"https:\/\/schema.org","@graph":[{"@type":["WebPage","ItemPage"],"@id":"https:\/\/aloevera-centar.com\/sl\/proizvod\/forever-fiber-vlakna\/","url":"https:\/\/aloevera-centar.com\/sl\/proizvod\/forever-fiber-vlakna\/","name":"Forever Fiber - VLAKNA - Forever Living Products!","isPartOf":{"@id":"https:\/\/aloevera-centar.com\/sl\/#website"},"primaryImageOfPage":{"@id":"https:\/\/aloevera-centar.com\/sl\/proizvod\/forever-fiber-vlakna\/#primaryimage"},"image":{"@id":"https:\/\/aloevera-centar.com\/sl\/proizvod\/forever-fiber-vlakna\/#primaryimage"},"thumbnailUrl":"https:\/\/aloevera-centar.com\/wp-content\/uploads\/2025\/03\/Forever-Fiber-VLAKNA.webp","datePublished":"2025-04-11T18:48:43+00:00","dateModified":"2025-04-21T22:21:04+00:00","description":"Odkrijte Forever Fiber: priro\u010den na\u010din, da dobite 5 g vlaknin v vre\u010dki. U\u017eivajte v bolj zdravi prebavi in \u200b\u200buravnajte svojo te\u017eo s 15% popustom!","breadcrumb":{"@id":"https:\/\/aloevera-centar.com\/sl\/proizvod\/forever-fiber-vlakna\/#breadcrumb"},"inLanguage":"sl-SI","potentialAction":[{"@type":"ReadAction","target":["https:\/\/aloevera-centar.com\/sl\/proizvod\/forever-fiber-vlakna\/"]}]},{"@type":"ImageObject","inLanguage":"sl-SI","@id":"https:\/\/aloevera-centar.com\/sl\/proizvod\/forever-fiber-vlakna\/#primaryimage","url":"https:\/\/aloevera-centar.com\/wp-content\/uploads\/2025\/03\/Forever-Fiber-VLAKNA.webp","contentUrl":"https:\/\/aloevera-centar.com\/wp-content\/uploads\/2025\/03\/Forever-Fiber-VLAKNA.webp","width":600,"height":600},{"@type":"BreadcrumbList","@id":"https:\/\/aloevera-centar.com\/sl\/proizvod\/forever-fiber-vlakna\/#breadcrumb","itemListElement":[{"@type":"ListItem","position":1,"name":"\u0160tevilka Stranica","item":"https:\/\/aloevera-centar.com\/sl\/center-za-aloe-vero\/"},{"@type":"ListItem","position":2,"name":"Shop","item":"https:\/\/aloevera-centar.com\/sl\/shop\/"},{"@type":"ListItem","position":3,"name":"Forever Fiber &#8211; VLAKNA"}]},{"@type":"WebSite","@id":"https:\/\/aloevera-centar.com\/sl\/#website","url":"https:\/\/aloevera-centar.com\/sl\/","name":"Aloa Vera Centar","description":"Aloe Vera Centar","potentialAction":[{"@type":"SearchAction","target":{"@type":"EntryPoint","urlTemplate":"https:\/\/aloevera-centar.com\/sl\/?s={search_term_string}"},"query-input":{"@type":"PropertyValueSpecification","valueRequired":true,"valueName":"search_term_string"}}],"inLanguage":"sl-SI"}]},"product_price_amount":"29.18","product_price_currency":"EUR","og_availability":"instock","product_availability":"instock","product_condition":"new"},"_links":{"self":[{"href":"https:\/\/aloevera-centar.com\/sl\/wp-json\/wp\/v2\/product\/16428","targetHints":{"allow":["GET"]}}],"collection":[{"href":"https:\/\/aloevera-centar.com\/sl\/wp-json\/wp\/v2\/product"}],"about":[{"href":"https:\/\/aloevera-centar.com\/sl\/wp-json\/wp\/v2\/types\/product"}],"replies":[{"embeddable":true,"href":"https:\/\/aloevera-centar.com\/sl\/wp-json\/wp\/v2\/comments?post=16428"}],"wp:featuredmedia":[{"embeddable":true,"href":"https:\/\/aloevera-centar.com\/sl\/wp-json\/wp\/v2\/media\/15978"}],"wp:attachment":[{"href":"https:\/\/aloevera-centar.com\/sl\/wp-json\/wp\/v2\/media?parent=16428"}],"wp:term":[{"taxonomy":"product_brand","embeddable":true,"href":"https:\/\/aloevera-centar.com\/sl\/wp-json\/wp\/v2\/product_brand?post=16428"},{"taxonomy":"product_cat","embeddable":true,"href":"https:\/\/aloevera-centar.com\/sl\/wp-json\/wp\/v2\/product_cat?post=16428"},{"taxonomy":"product_tag","embeddable":true,"href":"https:\/\/aloevera-centar.com\/sl\/wp-json\/wp\/v2\/product_tag?post=16428"}],"curies":[{"name":"wp","href":"https:\/\/api.w.org\/{rel}","templated":true}]}}