{"id":16420,"date":"2025-04-15T10:57:24","date_gmt":"2025-04-15T08:57:24","guid":{"rendered":"https:\/\/aloevera-centar.com\/proizvod\/za-vedno-cebelji-cvetni-prah\/"},"modified":"2025-04-21T22:05:54","modified_gmt":"2025-04-21T22:05:54","slug":"za-vedno-cebelji-cvetni-prah","status":"publish","type":"product","link":"https:\/\/aloevera-centar.com\/sl\/proizvod\/za-vedno-cebelji-cvetni-prah\/","title":{"rendered":"Forever Bee Pollen"},"content":{"rendered":"<h1>Forever Bee Pollen \u2013 Naravni cvetni prah za mo\u010dno imunost, energijo in mentalno zmogljivost<\/h1>\n<p><strong>Forever Bee Pollen<\/strong> prina\u0161a mo\u010d cvetnega prahu, nabranega v pu\u0161\u010davskih regijah, dale\u010d od mestnega onesna\u017eenja.<br \/>\nPosebej oblikovani zbiralniki iz nerjave\u010dega jekla zagotavljajo najbolj sve\u017e in najmo\u010dnej\u0161i cvetni prah,<br \/>\nodsotnost konzervansov in umetnih arom pa naredi ta izdelek popolnoma naraven.<br \/>\nZ medom in mati\u010dnim mle\u010dkom v sestavi dobite sinergijsko kombinacijo za optimalno energijo, imunost in dobro zdravje ( <a href=\"https:\/\/aloavera-centar.com\/forever-bee-pollen\/\" target=\"_blank\" rel=\"noopener\">ve\u010d o tem<\/a> ).<\/p>\n<h2>Glavne prednosti<\/h2>\n<ul>\n<li><strong>Krepi imuniteto:<\/strong> cvetni prah se tradicionalno uporablja za podporo odpornosti telesa.<\/li>\n<li><strong>Ohranjanje normalnega urinarnega trakta:<\/strong> Znano je, da cvetni prah pozitivno vpliva na zdravje se\u010dil ( <a href=\"https:\/\/pubmed.ncbi.nlm.nih.gov\/?term=bee+pollen&amp;page=1\" target=\"_blank\" rel=\"noopener\">znanstveni vir<\/a> ).<\/li>\n<li><strong>Pove\u010da apetit in energijo:<\/strong> cvetni prah je poln mineralov, vitaminov in aminokislin.<\/li>\n<li><strong>Podpora mentalni zmogljivosti:<\/strong> lahko pomaga pri koncentraciji in spominu.<\/li>\n<li><strong>Pomaga med menopavzo:<\/strong> uporabne lastnosti za uravnove\u0161anje telesa med hormonskimi spremembami.<\/li>\n<\/ul>\n<h2>Sestava in nasveti za uporabo<\/h2>\n<p><strong>Priporo\u010den dnevni odmerek:<\/strong> 3 tablete (1 tableta trikrat na dan). Za za\u010detek vzemite manj (npr. \u00bc tablete)<br \/>\nda bi se izognili morebitnim alergijskim reakcijam. Odmerek po potrebi postopoma pove\u010dujte do 3&#215;1 tablete na dan.<\/p>\n<ul>\n<li><strong>Cvetni prah (1500 mg):<\/strong> Bogat z vitamini, minerali in encimi za celovito podporo telesu.<\/li>\n<li><strong>Med in mati\u010dni mle\u010dek:<\/strong> Dodatno obogatita hranilno vrednost izdelka.<\/li>\n<\/ul>\n<p>Forever Bee Pollen je <strong>prehransko dopolnilo<\/strong> in ni mi\u0161ljeno kot nadomestilo za uravnote\u017eeno prehrano.<br \/>\nPomembna je pestra prehrana in zdrav \u017eivljenjski slog.<\/p>\n<h2>Zakaj izbrati ravno ta izdelek?<\/h2>\n<ul>\n<li><strong>Naraven in \u010dist vir:<\/strong> neonesna\u017eena pu\u0161\u010davska obmo\u010dja in patentirani zbiralniki za maksimalno sve\u017eino.<\/li>\n<li><strong>Brez konzervansov:<\/strong> ni umetnih dodatkov ali arom.<\/li>\n<li><strong>Sinergija medu in mati\u010dnega mle\u010dka:<\/strong> Pove\u010da u\u010dinkovitost in absorpcijo cvetnega prahu.<\/li>\n<\/ul>\n<div style=\"border: 2px solid #4caf50; padding: 10px; margin: 15px 0;\"><strong>AloeVera Center je neodvisni Forever partner.<\/strong><br \/>\n<strong>Prejmite 15 % popusta<\/strong> na ta izdelek, \u010de kupite prek na\u0161ega priporo\u010dila!<\/div>\n<p>I\u0161\u010dete prilagojen nasvet ali \u017eelite kombinirati <strong>Forever Bee Pollen<\/strong> z drugimi izdelki?<br \/>\nKliknite na sovo v spodnjem kotu zaslona ali obi\u0161\u010dite <a href=\"https:\/\/forevercard.club\/ddglabhlcn\" target=\"_blank\" rel=\"noopener\">pomo\u010dnika AI<\/a> , kjer lahko dobite tudi <strong>15% popust<\/strong> na naro\u010dilo.<br \/>\nS pomo\u010djo svetovalca AI poi\u0161\u010dite idealno kombinacijo za svoje potrebe!<\/p>\n<h2>Priporo\u010deni sorodni izdelki<\/h2>\n<ul>\n<li><strong><a href=\"https:\/\/aloavera-centar.com\/proizvod\/forever-bee-propolis\/\" target=\"_blank\" rel=\"noopener\">Forever Bee Propolis<\/a><\/strong> \u2013 Naravni propolis iz pu\u0161\u010davskih predelov z dodatkom mati\u010dnega mle\u010dka.<\/li>\n<li><strong><a href=\"https:\/\/aloavera-centar.com\/proizvod\/propolis-krema\/\" target=\"_blank\" rel=\"noopener\">Propolisova krema<\/a><\/strong> \u2013 s propolisom obogatena aloe vera krema za zunanjo nego ko\u017ee.<\/li>\n<li><strong><a href=\"https:\/\/aloavera-centar.com\/proizvod\/aloe-liquid-soap\/\" target=\"_blank\" rel=\"noopener\">Aloe Liquid Soap<\/a><\/strong> \u2013 Teko\u010de milo z aloe vero, ne\u017eno za ob\u010dutljivo in po\u0161kodovano ko\u017eo.<\/li>\n<\/ul>\n","protected":false},"excerpt":{"rendered":"<p class=\"p1\">Forever Bee Pollen \u2013 cvetli\u010dni prah za krepitev imunosti, energije in psihi\u010dne mo\u010di.<\/p>\n<p class=\"p1\">Izkoristite na\u0161 15% popust!<\/p>\n","protected":false},"featured_media":15990,"comment_status":"closed","ping_status":"closed","template":"","meta":[],"product_brand":[],"product_cat":[1485],"product_tag":[],"class_list":{"0":"post-16420","1":"product","2":"type-product","3":"status-publish","4":"has-post-thumbnail","6":"product_cat-cebelji-izdelki","8":"first","9":"instock","10":"sale","11":"shipping-taxable","12":"product-type-external"},"yoast_head":"<!-- This site is optimized with the Yoast SEO Premium plugin v24.8 (Yoast SEO v27.4) - https:\/\/yoast.com\/product\/yoast-seo-premium-wordpress\/ -->\n<title>Forever Bee Pollen - cvetni prah velikih pu\u0161\u010davskih kaktusov!<\/title>\n<meta name=\"description\" content=\"Forever Bee Pollen se zbira v posebej oblikovanih zbiralnikih iz nerjave\u010dega jekla iz cvetov velikih pu\u0161\u010davskih kaktusov.\" \/>\n<meta name=\"robots\" content=\"index, follow, max-snippet:-1, max-image-preview:large, max-video-preview:-1\" \/>\n<link rel=\"canonical\" href=\"https:\/\/aloevera-centar.com\/sl\/proizvod\/za-vedno-cebelji-cvetni-prah\/\" \/>\n<meta property=\"og:locale\" content=\"sl_SI\" \/>\n<meta property=\"og:type\" content=\"article\" \/>\n<meta property=\"og:title\" content=\"Forever Bee Pollen\" \/>\n<meta property=\"og:description\" content=\"Forever Bee Pollen se zbira v posebej oblikovanih zbiralnikih iz nerjave\u010dega jekla iz cvetov velikih pu\u0161\u010davskih kaktusov.\" \/>\n<meta property=\"og:url\" content=\"https:\/\/aloevera-centar.com\/sl\/proizvod\/za-vedno-cebelji-cvetni-prah\/\" \/>\n<meta property=\"og:site_name\" content=\"Aloa Vera Centar\" \/>\n<meta property=\"article:modified_time\" content=\"2025-04-21T22:05:54+00:00\" \/>\n<meta property=\"og:image\" content=\"https:\/\/aloevera-centar.com\/wp-content\/uploads\/2022\/06\/Dizajn-bez-naslova-2.png\" \/>\n\t<meta property=\"og:image:width\" content=\"510\" \/>\n\t<meta property=\"og:image:height\" content=\"510\" \/>\n\t<meta property=\"og:image:type\" content=\"image\/png\" \/>\n<meta name=\"twitter:card\" content=\"summary_large_image\" \/>\n<meta name=\"twitter:label1\" content=\"Price\" \/>\n\t<meta name=\"twitter:data1\" content=\"22,09&nbsp;&euro;\" \/>\n\t<meta name=\"twitter:label2\" content=\"Availability\" \/>\n\t<meta name=\"twitter:data2\" content=\"In stock\" \/>\n<script type=\"application\/ld+json\" class=\"yoast-schema-graph\">{\"@context\":\"https:\\\/\\\/schema.org\",\"@graph\":[{\"@type\":[\"WebPage\",\"ItemPage\"],\"@id\":\"https:\\\/\\\/aloevera-centar.com\\\/sl\\\/proizvod\\\/za-vedno-cebelji-cvetni-prah\\\/\",\"url\":\"https:\\\/\\\/aloevera-centar.com\\\/sl\\\/proizvod\\\/za-vedno-cebelji-cvetni-prah\\\/\",\"name\":\"Forever Bee Pollen - cvetni prah velikih pu\u0161\u010davskih kaktusov!\",\"isPartOf\":{\"@id\":\"https:\\\/\\\/aloevera-centar.com\\\/sl\\\/#website\"},\"primaryImageOfPage\":{\"@id\":\"https:\\\/\\\/aloevera-centar.com\\\/sl\\\/proizvod\\\/za-vedno-cebelji-cvetni-prah\\\/#primaryimage\"},\"image\":{\"@id\":\"https:\\\/\\\/aloevera-centar.com\\\/sl\\\/proizvod\\\/za-vedno-cebelji-cvetni-prah\\\/#primaryimage\"},\"thumbnailUrl\":\"https:\\\/\\\/aloevera-centar.com\\\/wp-content\\\/uploads\\\/2025\\\/03\\\/Forever-Bee-polen.webp\",\"datePublished\":\"2025-04-15T08:57:24+00:00\",\"dateModified\":\"2025-04-21T22:05:54+00:00\",\"description\":\"Forever Bee Pollen se zbira v posebej oblikovanih zbiralnikih iz nerjave\u010dega jekla iz cvetov velikih pu\u0161\u010davskih kaktusov.\",\"breadcrumb\":{\"@id\":\"https:\\\/\\\/aloevera-centar.com\\\/sl\\\/proizvod\\\/za-vedno-cebelji-cvetni-prah\\\/#breadcrumb\"},\"inLanguage\":\"sl-SI\",\"potentialAction\":[{\"@type\":\"ReadAction\",\"target\":[\"https:\\\/\\\/aloevera-centar.com\\\/sl\\\/proizvod\\\/za-vedno-cebelji-cvetni-prah\\\/\"]}]},{\"@type\":\"ImageObject\",\"inLanguage\":\"sl-SI\",\"@id\":\"https:\\\/\\\/aloevera-centar.com\\\/sl\\\/proizvod\\\/za-vedno-cebelji-cvetni-prah\\\/#primaryimage\",\"url\":\"https:\\\/\\\/aloevera-centar.com\\\/wp-content\\\/uploads\\\/2025\\\/03\\\/Forever-Bee-polen.webp\",\"contentUrl\":\"https:\\\/\\\/aloevera-centar.com\\\/wp-content\\\/uploads\\\/2025\\\/03\\\/Forever-Bee-polen.webp\",\"width\":600,\"height\":600},{\"@type\":\"BreadcrumbList\",\"@id\":\"https:\\\/\\\/aloevera-centar.com\\\/sl\\\/proizvod\\\/za-vedno-cebelji-cvetni-prah\\\/#breadcrumb\",\"itemListElement\":[{\"@type\":\"ListItem\",\"position\":1,\"name\":\"\u0160tevilka Stranica\",\"item\":\"https:\\\/\\\/aloevera-centar.com\\\/sl\\\/center-za-aloe-vero\\\/\"},{\"@type\":\"ListItem\",\"position\":2,\"name\":\"Shop\",\"item\":\"https:\\\/\\\/aloevera-centar.com\\\/sl\\\/shop\\\/\"},{\"@type\":\"ListItem\",\"position\":3,\"name\":\"Forever Bee Pollen\"}]},{\"@type\":\"WebSite\",\"@id\":\"https:\\\/\\\/aloevera-centar.com\\\/sl\\\/#website\",\"url\":\"https:\\\/\\\/aloevera-centar.com\\\/sl\\\/\",\"name\":\"Aloa Vera Centar\",\"description\":\"Aloe Vera Centar\",\"potentialAction\":[{\"@type\":\"SearchAction\",\"target\":{\"@type\":\"EntryPoint\",\"urlTemplate\":\"https:\\\/\\\/aloevera-centar.com\\\/sl\\\/?s={search_term_string}\"},\"query-input\":{\"@type\":\"PropertyValueSpecification\",\"valueRequired\":true,\"valueName\":\"search_term_string\"}}],\"inLanguage\":\"sl-SI\"}]}<\/script>\n<meta property=\"product:price:amount\" content=\"22.09\" \/>\n<meta property=\"product:price:currency\" content=\"EUR\" \/>\n<meta property=\"og:availability\" content=\"instock\" \/>\n<meta property=\"product:availability\" content=\"instock\" \/>\n<meta property=\"product:condition\" content=\"new\" \/>\n<!-- \/ Yoast SEO Premium plugin. -->","yoast_head_json":{"title":"Forever Bee Pollen - cvetni prah velikih pu\u0161\u010davskih kaktusov!","description":"Forever Bee Pollen se zbira v posebej oblikovanih zbiralnikih iz nerjave\u010dega jekla iz cvetov velikih pu\u0161\u010davskih kaktusov.","robots":{"index":"index","follow":"follow","max-snippet":"max-snippet:-1","max-image-preview":"max-image-preview:large","max-video-preview":"max-video-preview:-1"},"canonical":"https:\/\/aloevera-centar.com\/sl\/proizvod\/za-vedno-cebelji-cvetni-prah\/","og_locale":"sl_SI","og_type":"article","og_title":"Forever Bee Pollen","og_description":"Forever Bee Pollen se zbira v posebej oblikovanih zbiralnikih iz nerjave\u010dega jekla iz cvetov velikih pu\u0161\u010davskih kaktusov.","og_url":"https:\/\/aloevera-centar.com\/sl\/proizvod\/za-vedno-cebelji-cvetni-prah\/","og_site_name":"Aloa Vera Centar","article_modified_time":"2025-04-21T22:05:54+00:00","og_image":[{"width":510,"height":510,"url":"https:\/\/aloevera-centar.com\/wp-content\/uploads\/2022\/06\/Dizajn-bez-naslova-2.png","type":"image\/png"}],"twitter_card":"summary_large_image","twitter_misc":{"Price":"22,09&nbsp;&euro;","Availability":"In stock"},"schema":{"@context":"https:\/\/schema.org","@graph":[{"@type":["WebPage","ItemPage"],"@id":"https:\/\/aloevera-centar.com\/sl\/proizvod\/za-vedno-cebelji-cvetni-prah\/","url":"https:\/\/aloevera-centar.com\/sl\/proizvod\/za-vedno-cebelji-cvetni-prah\/","name":"Forever Bee Pollen - cvetni prah velikih pu\u0161\u010davskih kaktusov!","isPartOf":{"@id":"https:\/\/aloevera-centar.com\/sl\/#website"},"primaryImageOfPage":{"@id":"https:\/\/aloevera-centar.com\/sl\/proizvod\/za-vedno-cebelji-cvetni-prah\/#primaryimage"},"image":{"@id":"https:\/\/aloevera-centar.com\/sl\/proizvod\/za-vedno-cebelji-cvetni-prah\/#primaryimage"},"thumbnailUrl":"https:\/\/aloevera-centar.com\/wp-content\/uploads\/2025\/03\/Forever-Bee-polen.webp","datePublished":"2025-04-15T08:57:24+00:00","dateModified":"2025-04-21T22:05:54+00:00","description":"Forever Bee Pollen se zbira v posebej oblikovanih zbiralnikih iz nerjave\u010dega jekla iz cvetov velikih pu\u0161\u010davskih kaktusov.","breadcrumb":{"@id":"https:\/\/aloevera-centar.com\/sl\/proizvod\/za-vedno-cebelji-cvetni-prah\/#breadcrumb"},"inLanguage":"sl-SI","potentialAction":[{"@type":"ReadAction","target":["https:\/\/aloevera-centar.com\/sl\/proizvod\/za-vedno-cebelji-cvetni-prah\/"]}]},{"@type":"ImageObject","inLanguage":"sl-SI","@id":"https:\/\/aloevera-centar.com\/sl\/proizvod\/za-vedno-cebelji-cvetni-prah\/#primaryimage","url":"https:\/\/aloevera-centar.com\/wp-content\/uploads\/2025\/03\/Forever-Bee-polen.webp","contentUrl":"https:\/\/aloevera-centar.com\/wp-content\/uploads\/2025\/03\/Forever-Bee-polen.webp","width":600,"height":600},{"@type":"BreadcrumbList","@id":"https:\/\/aloevera-centar.com\/sl\/proizvod\/za-vedno-cebelji-cvetni-prah\/#breadcrumb","itemListElement":[{"@type":"ListItem","position":1,"name":"\u0160tevilka Stranica","item":"https:\/\/aloevera-centar.com\/sl\/center-za-aloe-vero\/"},{"@type":"ListItem","position":2,"name":"Shop","item":"https:\/\/aloevera-centar.com\/sl\/shop\/"},{"@type":"ListItem","position":3,"name":"Forever Bee Pollen"}]},{"@type":"WebSite","@id":"https:\/\/aloevera-centar.com\/sl\/#website","url":"https:\/\/aloevera-centar.com\/sl\/","name":"Aloa Vera Centar","description":"Aloe Vera Centar","potentialAction":[{"@type":"SearchAction","target":{"@type":"EntryPoint","urlTemplate":"https:\/\/aloevera-centar.com\/sl\/?s={search_term_string}"},"query-input":{"@type":"PropertyValueSpecification","valueRequired":true,"valueName":"search_term_string"}}],"inLanguage":"sl-SI"}]},"product_price_amount":"22.09","product_price_currency":"EUR","og_availability":"instock","product_availability":"instock","product_condition":"new"},"_links":{"self":[{"href":"https:\/\/aloevera-centar.com\/sl\/wp-json\/wp\/v2\/product\/16420","targetHints":{"allow":["GET"]}}],"collection":[{"href":"https:\/\/aloevera-centar.com\/sl\/wp-json\/wp\/v2\/product"}],"about":[{"href":"https:\/\/aloevera-centar.com\/sl\/wp-json\/wp\/v2\/types\/product"}],"replies":[{"embeddable":true,"href":"https:\/\/aloevera-centar.com\/sl\/wp-json\/wp\/v2\/comments?post=16420"}],"wp:featuredmedia":[{"embeddable":true,"href":"https:\/\/aloevera-centar.com\/sl\/wp-json\/wp\/v2\/media\/15990"}],"wp:attachment":[{"href":"https:\/\/aloevera-centar.com\/sl\/wp-json\/wp\/v2\/media?parent=16420"}],"wp:term":[{"taxonomy":"product_brand","embeddable":true,"href":"https:\/\/aloevera-centar.com\/sl\/wp-json\/wp\/v2\/product_brand?post=16420"},{"taxonomy":"product_cat","embeddable":true,"href":"https:\/\/aloevera-centar.com\/sl\/wp-json\/wp\/v2\/product_cat?post=16420"},{"taxonomy":"product_tag","embeddable":true,"href":"https:\/\/aloevera-centar.com\/sl\/wp-json\/wp\/v2\/product_tag?post=16420"}],"curies":[{"name":"wp","href":"https:\/\/api.w.org\/{rel}","templated":true}]}}