{"id":16418,"date":"2025-04-10T10:03:35","date_gmt":"2025-04-10T08:03:35","guid":{"rendered":"https:\/\/aloevera-centar.com\/proizvod\/garcinia-cambogia\/"},"modified":"2025-04-21T22:25:08","modified_gmt":"2025-04-21T22:25:08","slug":"garcinia-cambogia","status":"publish","type":"product","link":"https:\/\/aloevera-centar.com\/sl\/proizvod\/garcinia-cambogia\/","title":{"rendered":"Garcinia Cambogia"},"content":{"rendered":"<h1>Forever Garcinia Cambogia Plus \u2013 Skrivnost vitke postave in bolj zdravega \u017eivljenja<\/h1>\n<p><strong>Forever Garcinia Cambogia Plus<\/strong> je revolucionarno prehransko dopolnilo, katerega glavna sestavina, hidroksicitronska kislina (HCA), pomaga nadzorovati telesno te\u017eo in uravnavati apetit. HCA, pridobljen iz skorje sade\u017ea ju\u017enoazijskega drevesa <em>Garcinia cambogia<\/em> , deluje tako, da upo\u010dasni pretvorbo odve\u010dnih kalorij v ma\u0161\u010dobo <a href=\"https:\/\/pmc.ncbi.nlm.nih.gov\/articles\/PMC9332841\/\" target=\"_blank\" rel=\"noopener\">(znanstveni vir)<\/a> . To povzro\u010di, da telo namesto tega kuri obstoje\u010de ma\u0161\u010dobne zaloge, kar spodbuja huj\u0161anje in zagotavlja ob\u010dutek sitosti.<\/p>\n<h2>Prednosti in u\u010dinki<\/h2>\n<ul>\n<li><strong>Upo\u010dasnjuje pretvorbo kalorij v ma\u0161\u010dobne zaloge<\/strong> \u2013 HCA zavira encim citrat liazo.<\/li>\n<li><strong>Zmanj\u0161uje apetit<\/strong> \u2013 Spodbuja refleks sitosti, ko se glikogen skladi\u0161\u010di v jetrih.<\/li>\n<li><strong>Pospe\u0161uje izgorevanje ma\u0161\u010dob<\/strong> \u2013 podpira razgradnjo obstoje\u010dih ma\u0161\u010dobnih oblog.<\/li>\n<li><strong>Podpira zdravje srca in o\u017eilja<\/strong> \u2013 \u00bbZdrave ma\u0161\u010dobe\u00ab (MCT, olje \u017eafranike) <a href=\"https:\/\/www.ncbi.nlm.nih.gov\/pmc\/?term=safflower+oil\" target=\"_blank\" rel=\"noopener\">(znanstveni vir)<\/a> ohranjajo elasti\u010dnost krvnih \u017eil.<\/li>\n<li><strong>Kromov pikolinat<\/strong> \u2013 prispeva k pravilni razgradnji sladkorja, kar zmanj\u0161uje utrujenost in nastajanje ma\u0161\u010dob.<\/li>\n<\/ul>\n<p><strong>Opomba:<\/strong> AloeVera Center je neodvisni Forever partner &#8211; z nakupom preko na\u0161ega priporo\u010dila pridobite <strong>15% popust<\/strong> na ta izdelek!<\/p>\n<div style=\"border: 2px solid #f1c40f; padding: 10px; margin: 15px 0;\"><strong>Z na\u0161im priporo\u010dilom pridobite 15% popust!<\/strong><br \/>\n<em>\u017delite dodatne nasvete ali prilagojena priporo\u010dila?<\/em> Kliknite na sovo v spodnjem kotu zaslona oz<br \/>\n<a style=\"color: #333;\" href=\"https:\/\/forevercard.club\/ddglabhlcn\" target=\"_blank\" rel=\"noopener\">se obrnite na na\u0161ega <strong>asistenta za AI<\/strong><\/a> .<br \/>\nPrek pomo\u010dnika za umetno inteligenco lahko dobite tudi <strong>15-odstotni popust<\/strong> pri naro\u010dilu.<\/div>\n<h2>Druge pomembne sestavine<\/h2>\n<ul>\n<li><strong>Kromov pikolinat<\/strong> \u2013 pomaga pri razgradnji sladkorja in ga v sodobni prehrani pogosto primanjkuje.<\/li>\n<li><strong>MCT (srednjeveri\u017eni trigliceridi)<\/strong> in <strong>olje \u017eafranike<\/strong> \u2013 hitro se porabijo za energijo, ohranjajo optimalno raven aktivnosti in zdravje srca in o\u017eilja.<\/li>\n<\/ul>\n<h2>Kako uporabljati?<\/h2>\n<p>Vzemite eno gel kapsulo pribli\u017eno pol ure pred obrokom, trikrat na dan. Ta aplikacija pomaga pri zatiranju prekomernega apetita in podpira doseganje \u017eelenih rezultatov.<\/p>\n<h2>Komu je namenjeno?<\/h2>\n<ul>\n<li>Vsi ljudje, ki \u017eelijo naraven na\u010din za nadzor telesne te\u017ee in apetita.<\/li>\n<li>Tisti, ki i\u0161\u010dejo dodatno podporo z aktivnim ali \u0161portnim \u017eivljenjskim slogom.<\/li>\n<li>Vsem, ki \u017eelite izbolj\u0161ati zdravje srca in o\u017eilja ter pove\u010dati raven energije.<\/li>\n<\/ul>\n<h2>Zakaj izbrati ravno ta izdelek?<\/h2>\n<ul>\n<li><strong>Vrhunske sestavine<\/strong> \u2013 Garcinia cambogia, krom, zdrave ma\u0161\u010dobe in vitamini.<\/li>\n<li><strong>Enostaven za uporabo<\/strong> \u2013 tri gel kapsule dnevno pred obroki.<\/li>\n<li><strong>Preizku\u0161eno in dokazano<\/strong> \u2013 del priljubljenega programa razstrupljanja <a href=\"https:\/\/aloavera-centar.com\/clean9-forever-living-products\/\" target=\"_blank\" rel=\"noopener\">C9 Forever Living Products<\/a> .<\/li>\n<\/ul>\n<h2>Priporo\u010deni sorodni izdelki<\/h2>\n<ul>\n<li><a href=\"https:\/\/aloevera-centar.com\/proizvod\/forever-aloe-peaches\/\" target=\"_blank\" rel=\"noopener\">Forever Aloe Peaches<\/a> \u2013 Za hitrej\u0161e in dolgotrajnej\u0161e rezultate v kombinaciji z Garcinio.<\/li>\n<li><a href=\"https:\/\/aloevera-centar.com\/proizvod\/forever-lycium-plus\/\" target=\"_blank\" rel=\"noopener\">Forever Lycium Plus<\/a> \u2013 antioksidativna podpora pri resnej\u0161ih zdravstvenih te\u017eavah.<\/li>\n<li><a href=\"https:\/\/aloevera-centar.com\/proizvod\/forever-b-12-plus\/\" target=\"_blank\" rel=\"noopener\">Forever B12 Plus<\/a> \u2013 naravni vitamin za obnovo \u017eiv\u010dnega sistema.<\/li>\n<\/ul>\n","protected":false},"excerpt":{"rendered":"<p class=\"p1\">Forever Garcinia Cambogia Plus pomaga nadzorovati telesno te\u017eo in apetit.<\/p>\n<p class=\"p1\">S 15% popustom naravno podprite svoje zdravje in vitko postavo!<\/p>\n","protected":false},"featured_media":15986,"comment_status":"closed","ping_status":"closed","template":"","meta":[],"product_brand":[],"product_cat":[1534],"product_tag":[],"class_list":{"0":"post-16418","1":"product","2":"type-product","3":"status-publish","4":"has-post-thumbnail","6":"product_cat-regulacija-telesne-teze","8":"first","9":"instock","10":"sale","11":"shipping-taxable","12":"product-type-external"},"yoast_head":"<!-- This site is optimized with the Yoast SEO Premium plugin v24.8 (Yoast SEO v27.5) - https:\/\/yoast.com\/product\/yoast-seo-premium-wordpress\/ -->\n<title>Forever Garcinia Cambogia Plus \u2013 Naravno do vitke postave<\/title>\n<meta name=\"description\" content=\"Odkrijte Forever Garcinia Cambogia Plus za la\u017eje uravnavanje telesne te\u017ee. Kurite ma\u0161\u010dobne zaloge in prihranite 15% z nakupom preko na\u0161ega priporo\u010dila!\" \/>\n<meta name=\"robots\" content=\"index, follow, max-snippet:-1, max-image-preview:large, max-video-preview:-1\" \/>\n<link rel=\"canonical\" href=\"https:\/\/aloevera-centar.com\/sl\/proizvod\/garcinia-cambogia\/\" \/>\n<meta property=\"og:locale\" content=\"sl_SI\" \/>\n<meta property=\"og:type\" content=\"article\" \/>\n<meta property=\"og:title\" content=\"Garcinia Cambogia\" \/>\n<meta property=\"og:description\" content=\"Odkrijte Forever Garcinia Cambogia Plus za la\u017eje uravnavanje telesne te\u017ee. Kurite ma\u0161\u010dobne zaloge in prihranite 15% z nakupom preko na\u0161ega priporo\u010dila!\" \/>\n<meta property=\"og:url\" content=\"https:\/\/aloevera-centar.com\/sl\/proizvod\/garcinia-cambogia\/\" \/>\n<meta property=\"og:site_name\" content=\"Aloa Vera Centar\" \/>\n<meta property=\"article:modified_time\" content=\"2025-04-21T22:25:08+00:00\" \/>\n<meta property=\"og:image\" content=\"https:\/\/aloevera-centar.com\/wp-content\/uploads\/2025\/03\/Garcinia-Cambogia-Forever-Living-Products.jpg\" \/>\n\t<meta property=\"og:image:width\" content=\"600\" \/>\n\t<meta property=\"og:image:height\" content=\"600\" \/>\n\t<meta property=\"og:image:type\" content=\"image\/jpeg\" \/>\n<meta name=\"twitter:card\" content=\"summary_large_image\" \/>\n<meta name=\"twitter:label1\" content=\"Price\" \/>\n\t<meta name=\"twitter:data1\" content=\"47,88&nbsp;&euro;\" \/>\n\t<meta name=\"twitter:label2\" content=\"Availability\" \/>\n\t<meta name=\"twitter:data2\" content=\"In stock\" \/>\n<script type=\"application\/ld+json\" class=\"yoast-schema-graph\">{\"@context\":\"https:\\\/\\\/schema.org\",\"@graph\":[{\"@type\":[\"WebPage\",\"ItemPage\"],\"@id\":\"https:\\\/\\\/aloevera-centar.com\\\/sl\\\/proizvod\\\/garcinia-cambogia\\\/\",\"url\":\"https:\\\/\\\/aloevera-centar.com\\\/sl\\\/proizvod\\\/garcinia-cambogia\\\/\",\"name\":\"Forever Garcinia Cambogia Plus \u2013 Naravno do vitke postave\",\"isPartOf\":{\"@id\":\"https:\\\/\\\/aloevera-centar.com\\\/sl\\\/#website\"},\"primaryImageOfPage\":{\"@id\":\"https:\\\/\\\/aloevera-centar.com\\\/sl\\\/proizvod\\\/garcinia-cambogia\\\/#primaryimage\"},\"image\":{\"@id\":\"https:\\\/\\\/aloevera-centar.com\\\/sl\\\/proizvod\\\/garcinia-cambogia\\\/#primaryimage\"},\"thumbnailUrl\":\"https:\\\/\\\/aloevera-centar.com\\\/wp-content\\\/uploads\\\/2025\\\/03\\\/Garcinia-Cambogia-Forever-Living-Products.webp\",\"datePublished\":\"2025-04-10T08:03:35+00:00\",\"dateModified\":\"2025-04-21T22:25:08+00:00\",\"description\":\"Odkrijte Forever Garcinia Cambogia Plus za la\u017eje uravnavanje telesne te\u017ee. Kurite ma\u0161\u010dobne zaloge in prihranite 15% z nakupom preko na\u0161ega priporo\u010dila!\",\"breadcrumb\":{\"@id\":\"https:\\\/\\\/aloevera-centar.com\\\/sl\\\/proizvod\\\/garcinia-cambogia\\\/#breadcrumb\"},\"inLanguage\":\"sl-SI\",\"potentialAction\":[{\"@type\":\"ReadAction\",\"target\":[\"https:\\\/\\\/aloevera-centar.com\\\/sl\\\/proizvod\\\/garcinia-cambogia\\\/\"]}]},{\"@type\":\"ImageObject\",\"inLanguage\":\"sl-SI\",\"@id\":\"https:\\\/\\\/aloevera-centar.com\\\/sl\\\/proizvod\\\/garcinia-cambogia\\\/#primaryimage\",\"url\":\"https:\\\/\\\/aloevera-centar.com\\\/wp-content\\\/uploads\\\/2025\\\/03\\\/Garcinia-Cambogia-Forever-Living-Products.webp\",\"contentUrl\":\"https:\\\/\\\/aloevera-centar.com\\\/wp-content\\\/uploads\\\/2025\\\/03\\\/Garcinia-Cambogia-Forever-Living-Products.webp\",\"width\":600,\"height\":600},{\"@type\":\"BreadcrumbList\",\"@id\":\"https:\\\/\\\/aloevera-centar.com\\\/sl\\\/proizvod\\\/garcinia-cambogia\\\/#breadcrumb\",\"itemListElement\":[{\"@type\":\"ListItem\",\"position\":1,\"name\":\"\u0160tevilka Stranica\",\"item\":\"https:\\\/\\\/aloevera-centar.com\\\/sl\\\/center-za-aloe-vero\\\/\"},{\"@type\":\"ListItem\",\"position\":2,\"name\":\"Shop\",\"item\":\"https:\\\/\\\/aloevera-centar.com\\\/sl\\\/shop\\\/\"},{\"@type\":\"ListItem\",\"position\":3,\"name\":\"Garcinia Cambogia\"}]},{\"@type\":\"WebSite\",\"@id\":\"https:\\\/\\\/aloevera-centar.com\\\/sl\\\/#website\",\"url\":\"https:\\\/\\\/aloevera-centar.com\\\/sl\\\/\",\"name\":\"Aloa Vera Centar\",\"description\":\"Aloe Vera Centar\",\"potentialAction\":[{\"@type\":\"SearchAction\",\"target\":{\"@type\":\"EntryPoint\",\"urlTemplate\":\"https:\\\/\\\/aloevera-centar.com\\\/sl\\\/?s={search_term_string}\"},\"query-input\":{\"@type\":\"PropertyValueSpecification\",\"valueRequired\":true,\"valueName\":\"search_term_string\"}}],\"inLanguage\":\"sl-SI\"}]}<\/script>\n<meta property=\"product:price:amount\" content=\"47.88\" \/>\n<meta property=\"product:price:currency\" content=\"EUR\" \/>\n<meta property=\"og:availability\" content=\"instock\" \/>\n<meta property=\"product:availability\" content=\"instock\" \/>\n<meta property=\"product:condition\" content=\"new\" \/>\n<!-- \/ Yoast SEO Premium plugin. -->","yoast_head_json":{"title":"Forever Garcinia Cambogia Plus \u2013 Naravno do vitke postave","description":"Odkrijte Forever Garcinia Cambogia Plus za la\u017eje uravnavanje telesne te\u017ee. Kurite ma\u0161\u010dobne zaloge in prihranite 15% z nakupom preko na\u0161ega priporo\u010dila!","robots":{"index":"index","follow":"follow","max-snippet":"max-snippet:-1","max-image-preview":"max-image-preview:large","max-video-preview":"max-video-preview:-1"},"canonical":"https:\/\/aloevera-centar.com\/sl\/proizvod\/garcinia-cambogia\/","og_locale":"sl_SI","og_type":"article","og_title":"Garcinia Cambogia","og_description":"Odkrijte Forever Garcinia Cambogia Plus za la\u017eje uravnavanje telesne te\u017ee. Kurite ma\u0161\u010dobne zaloge in prihranite 15% z nakupom preko na\u0161ega priporo\u010dila!","og_url":"https:\/\/aloevera-centar.com\/sl\/proizvod\/garcinia-cambogia\/","og_site_name":"Aloa Vera Centar","article_modified_time":"2025-04-21T22:25:08+00:00","og_image":[{"width":600,"height":600,"url":"https:\/\/aloevera-centar.com\/wp-content\/uploads\/2025\/03\/Garcinia-Cambogia-Forever-Living-Products.jpg","type":"image\/jpeg"}],"twitter_card":"summary_large_image","twitter_misc":{"Price":"47,88&nbsp;&euro;","Availability":"In stock"},"schema":{"@context":"https:\/\/schema.org","@graph":[{"@type":["WebPage","ItemPage"],"@id":"https:\/\/aloevera-centar.com\/sl\/proizvod\/garcinia-cambogia\/","url":"https:\/\/aloevera-centar.com\/sl\/proizvod\/garcinia-cambogia\/","name":"Forever Garcinia Cambogia Plus \u2013 Naravno do vitke postave","isPartOf":{"@id":"https:\/\/aloevera-centar.com\/sl\/#website"},"primaryImageOfPage":{"@id":"https:\/\/aloevera-centar.com\/sl\/proizvod\/garcinia-cambogia\/#primaryimage"},"image":{"@id":"https:\/\/aloevera-centar.com\/sl\/proizvod\/garcinia-cambogia\/#primaryimage"},"thumbnailUrl":"https:\/\/aloevera-centar.com\/wp-content\/uploads\/2025\/03\/Garcinia-Cambogia-Forever-Living-Products.webp","datePublished":"2025-04-10T08:03:35+00:00","dateModified":"2025-04-21T22:25:08+00:00","description":"Odkrijte Forever Garcinia Cambogia Plus za la\u017eje uravnavanje telesne te\u017ee. Kurite ma\u0161\u010dobne zaloge in prihranite 15% z nakupom preko na\u0161ega priporo\u010dila!","breadcrumb":{"@id":"https:\/\/aloevera-centar.com\/sl\/proizvod\/garcinia-cambogia\/#breadcrumb"},"inLanguage":"sl-SI","potentialAction":[{"@type":"ReadAction","target":["https:\/\/aloevera-centar.com\/sl\/proizvod\/garcinia-cambogia\/"]}]},{"@type":"ImageObject","inLanguage":"sl-SI","@id":"https:\/\/aloevera-centar.com\/sl\/proizvod\/garcinia-cambogia\/#primaryimage","url":"https:\/\/aloevera-centar.com\/wp-content\/uploads\/2025\/03\/Garcinia-Cambogia-Forever-Living-Products.webp","contentUrl":"https:\/\/aloevera-centar.com\/wp-content\/uploads\/2025\/03\/Garcinia-Cambogia-Forever-Living-Products.webp","width":600,"height":600},{"@type":"BreadcrumbList","@id":"https:\/\/aloevera-centar.com\/sl\/proizvod\/garcinia-cambogia\/#breadcrumb","itemListElement":[{"@type":"ListItem","position":1,"name":"\u0160tevilka Stranica","item":"https:\/\/aloevera-centar.com\/sl\/center-za-aloe-vero\/"},{"@type":"ListItem","position":2,"name":"Shop","item":"https:\/\/aloevera-centar.com\/sl\/shop\/"},{"@type":"ListItem","position":3,"name":"Garcinia Cambogia"}]},{"@type":"WebSite","@id":"https:\/\/aloevera-centar.com\/sl\/#website","url":"https:\/\/aloevera-centar.com\/sl\/","name":"Aloa Vera Centar","description":"Aloe Vera Centar","potentialAction":[{"@type":"SearchAction","target":{"@type":"EntryPoint","urlTemplate":"https:\/\/aloevera-centar.com\/sl\/?s={search_term_string}"},"query-input":{"@type":"PropertyValueSpecification","valueRequired":true,"valueName":"search_term_string"}}],"inLanguage":"sl-SI"}]},"product_price_amount":"47.88","product_price_currency":"EUR","og_availability":"instock","product_availability":"instock","product_condition":"new"},"_links":{"self":[{"href":"https:\/\/aloevera-centar.com\/sl\/wp-json\/wp\/v2\/product\/16418","targetHints":{"allow":["GET"]}}],"collection":[{"href":"https:\/\/aloevera-centar.com\/sl\/wp-json\/wp\/v2\/product"}],"about":[{"href":"https:\/\/aloevera-centar.com\/sl\/wp-json\/wp\/v2\/types\/product"}],"replies":[{"embeddable":true,"href":"https:\/\/aloevera-centar.com\/sl\/wp-json\/wp\/v2\/comments?post=16418"}],"wp:featuredmedia":[{"embeddable":true,"href":"https:\/\/aloevera-centar.com\/sl\/wp-json\/wp\/v2\/media\/15986"}],"wp:attachment":[{"href":"https:\/\/aloevera-centar.com\/sl\/wp-json\/wp\/v2\/media?parent=16418"}],"wp:term":[{"taxonomy":"product_brand","embeddable":true,"href":"https:\/\/aloevera-centar.com\/sl\/wp-json\/wp\/v2\/product_brand?post=16418"},{"taxonomy":"product_cat","embeddable":true,"href":"https:\/\/aloevera-centar.com\/sl\/wp-json\/wp\/v2\/product_cat?post=16418"},{"taxonomy":"product_tag","embeddable":true,"href":"https:\/\/aloevera-centar.com\/sl\/wp-json\/wp\/v2\/product_tag?post=16418"}],"curies":[{"name":"wp","href":"https:\/\/api.w.org\/{rel}","templated":true}]}}