{"id":16397,"date":"2025-04-15T12:01:51","date_gmt":"2025-04-15T10:01:51","guid":{"rendered":"https:\/\/aloevera-centar.com\/proizvod\/gentlemens-pride\/"},"modified":"2025-04-21T22:35:35","modified_gmt":"2025-04-21T22:35:35","slug":"gentlemens-pride","status":"publish","type":"product","link":"https:\/\/aloevera-centar.com\/sl\/proizvod\/gentlemens-pride\/","title":{"rendered":"Gentlemen&#8217;s Pride"},"content":{"rendered":"<h1>Gentlemen&#8217;s Pride \u2013 Ne\u017een losjon, ki pomirja in vla\u017ei ko\u017eo<\/h1>\n<p><strong>Gentlemen&#8217;s Pride<\/strong> je edinstven losjon za po britju z <strong>dvojnim u\u010dinkom<\/strong> :<br \/>\nPomirja razdra\u017eeno ko\u017eo ter jo hkrati neguje in vla\u017ei. Zahvaljujo\u010d <strong>aloe veri<\/strong> v kombinaciji<br \/>\nZ <strong>ro\u017emarinom<\/strong> in <strong>kamilico<\/strong> ta izdelek naredi ko\u017eo ne\u017eno mehko in svilnato.<br \/>\nPoleg tega, da ima prijeten mo\u0161ki vonj, Gentlemen&#8217;s Pride ne vsebuje alkohola, kar pomaga prepre\u010devati suhost in razdra\u017eenost ko\u017ee ( <a href=\"https:\/\/aloavera-centar.com\/gentlemans-pride-losion-poslije-brijanja\/\" target=\"_blank\" rel=\"noopener\">preberite ve\u010d<\/a> ).<\/p>\n<h2>Glavne prednosti<\/h2>\n<ul>\n<li><strong>Pomirja ko\u017eo po britju:<\/strong> Zmanj\u0161a rde\u010dico, peko\u010d ob\u010dutek in dra\u017eenje, ki ga povzro\u010dajo britvice.<\/li>\n<li><strong>Formula brez alkohola:<\/strong> prepre\u010duje suhost in zategnjenost z naravno hidracijo.<\/li>\n<li><strong>Hrani in vla\u017ei:<\/strong> Aloe vera in rastlinski izvle\u010dki (ro\u017emarin, kamilica) naredijo ko\u017eo svilnato gladko.<\/li>\n<li><strong>Mo\u0161ki, osve\u017eujo\u010d vonj:<\/strong> Idealen za vsakodnevno uporabo in vse tipe ko\u017ee.<\/li>\n<\/ul>\n<h2>Sestavine in njihovi u\u010dinki<\/h2>\n<p>Kombinacija <strong>aloe vere<\/strong> , <strong>ro\u017emarina<\/strong> in <strong>kamilice<\/strong> v Gentlemen&#8217;s Pride<br \/>\npomaga pri hitrem okrevanju ko\u017ee po britju ali izpostavljenosti neugodnim vremenskim razmeram.<br \/>\nPoleg tega <strong>aloe vera<\/strong> ko\u017eo vla\u017ei in pomirja, <strong>ro\u017emarin<\/strong> in <strong>kamilica<\/strong> pa delujeta ne\u017eno protibakterijsko in protivnetno ( <a href=\"https:\/\/pubmed.ncbi.nlm.nih.gov\/30666070\/\" target=\"_blank\" rel=\"noopener\">znanstvene raziskave o aloe veri<\/a> ).<\/p>\n<h2>Kako uporabljati?<\/h2>\n<ul>\n<li><strong>Po britju:<\/strong> Losjon enakomerno nanesite na \u010disto in osu\u0161eno ko\u017eo obraza ali vratu.<\/li>\n<li><strong>Po izpostavljenosti neugodnim razmeram:<\/strong> Izdatno nanesite na obraz, da povrnete vlago in zmanj\u0161ate rde\u010dico.<\/li>\n<\/ul>\n<p>Z vsako uporabo Gentlemen&#8217;s Pride ko\u017ea ostane navla\u017eena, za\u0161\u010ditena in ovita v prijeten, sve\u017e vonj.<br \/>\nki bo v\u0161e\u010d tako vam kot va\u0161i okolici.<br \/>\nNe pu\u0161\u010da mastnih ostankov in formula se hitro vpije, zaradi \u010desar je va\u0161a rutina nege obraza preprosta in u\u010dinkovita.<\/p>\n<div style=\"border: 2px solid #4caf50; padding: 10px; margin: 15px 0;\"><strong>AloeVera Center je neodvisni Forever partner.<\/strong><br \/>\n<strong>Prejmite 15 % popusta<\/strong> na ta izdelek, \u010de kupite prek na\u0161ega priporo\u010dila!<\/div>\n<p>I\u0161\u010dete dodatne nasvete ali \u017eelite izvedeti ve\u010d o optimalni negi obraza? Kliknite na sovo v spodnjem kotu ali obi\u0161\u010dite <a href=\"https:\/\/forevercard.club\/ddglabhlcn\" target=\"_blank\" rel=\"noopener\">pomo\u010dnika AI<\/a> ,<br \/>\nkjer lahko dobite <strong>15% popust na<\/strong> naro\u010dilo. Na\u0161 svetovalec za AI vam bo pomagal<br \/>\nizberite idealne izdelke Forever za svoje potrebe.<\/p>\n<h2>Priporo\u010deni sorodni izdelki<\/h2>\n<ul>\n<li><strong><a href=\"https:\/\/aloavera-centar.com\/proizvod\/propolis-krema\/\" target=\"_blank\" rel=\"noopener\">Aloe Propolis krema<\/a><\/strong> \u2013 Kombinacija aloe vere in propolisa za odpravljanje vnetnih procesov na ko\u017ei.<\/li>\n<li><strong><a href=\"https:\/\/aloavera-centar.com\/proizvod\/aloe-liquid-soap\/\" target=\"_blank\" rel=\"noopener\">Aloe Liquid Soap<\/a><\/strong> \u2013 Teko\u010de milo z aloe vero za ne\u017eno \u010di\u0161\u010denje telesa in obraza.<\/li>\n<li><strong><a href=\"https:\/\/aloavera-centar.com\/proizvod\/aloe-activator\/\" target=\"_blank\" rel=\"noopener\">Aloe Activator<\/a><\/strong> \u2013 100 % \u010dist, pre\u010di\u0161\u010den gel aloe vere za \u010di\u0161\u010denje in vla\u017eenje ko\u017ee.<\/li>\n<li><strong><a href=\"https:\/\/aloavera-centar.com\/proizvod\/aloe-first\/\" target=\"_blank\" rel=\"noopener\">Aloe First<\/a><\/strong> \u2013 pr\u0161ilo z aloe vero in 11 zdravilnimi zeli\u0161\u010di za pomiritev ko\u017ee.<\/li>\n<li><strong><a href=\"https:\/\/aloavera-centar.com\/proizvod\/aloe-vera-gelly\/\" target=\"_blank\" rel=\"noopener\">Aloe Vera Gelly<\/a><\/strong> \u2013 \u010disti gel aloe vere v \u017eeleju za regeneracijo in pomiritev ko\u017ee.<\/li>\n<\/ul>\n","protected":false},"excerpt":{"rendered":"<p class=\"p1\">Gentlemen&#8217;s Pride \u2013 losjon brez alkohola za pomiritev in vla\u017eenje ko\u017ee po britju.<\/p>\n<p class=\"p1\">Izkoristite 15% popust na na\u0161e priporo\u010dilo!<\/p>\n","protected":false},"featured_media":16056,"comment_status":"closed","ping_status":"closed","template":"","meta":[],"product_brand":[],"product_cat":[1379],"product_tag":[],"class_list":{"0":"post-16397","1":"product","2":"type-product","3":"status-publish","4":"has-post-thumbnail","6":"product_cat-nega-koze","8":"first","9":"instock","10":"sale","11":"shipping-taxable","12":"product-type-external"},"yoast_head":"<!-- This site is optimized with the Yoast SEO Premium plugin v24.8 (Yoast SEO v27.4) - https:\/\/yoast.com\/product\/yoast-seo-premium-wordpress\/ -->\n<title>Forever Gentlemen`s Pride - Losjon za po britju z aloe vero!<\/title>\n<meta name=\"description\" content=\"Losjon brez alkohola Forever Gentlemen&#039;s Pride z aloe vero in kamilico. Ko\u017eo pomirja in daje mo\u0161ki vonj. Izkoristite 15% popust!\" \/>\n<meta name=\"robots\" content=\"index, follow, max-snippet:-1, max-image-preview:large, max-video-preview:-1\" \/>\n<link rel=\"canonical\" href=\"https:\/\/aloevera-centar.com\/sl\/proizvod\/gentlemens-pride\/\" \/>\n<meta property=\"og:locale\" content=\"sl_SI\" \/>\n<meta property=\"og:type\" content=\"article\" \/>\n<meta property=\"og:title\" content=\"Gentlemen&#039;s Pride\" \/>\n<meta property=\"og:description\" content=\"Losjon brez alkohola Forever Gentlemen&#039;s Pride z aloe vero in kamilico. Ko\u017eo pomirja in daje mo\u0161ki vonj. Izkoristite 15% popust!\" \/>\n<meta property=\"og:url\" content=\"https:\/\/aloevera-centar.com\/sl\/proizvod\/gentlemens-pride\/\" \/>\n<meta property=\"og:site_name\" content=\"Aloa Vera Centar\" \/>\n<meta property=\"article:modified_time\" content=\"2025-04-21T22:35:35+00:00\" \/>\n<meta property=\"og:image\" content=\"https:\/\/aloevera-centar.com\/wp-content\/uploads\/2023\/11\/Gentlemens-Pride-1-510x510.png.webp\" \/>\n\t<meta property=\"og:image:width\" content=\"510\" \/>\n\t<meta property=\"og:image:height\" content=\"510\" \/>\n\t<meta property=\"og:image:type\" content=\"image\/webp\" \/>\n<meta name=\"twitter:card\" content=\"summary_large_image\" \/>\n<meta name=\"twitter:label1\" content=\"Price\" \/>\n\t<meta name=\"twitter:data1\" content=\"21,53&nbsp;&euro;\" \/>\n\t<meta name=\"twitter:label2\" content=\"Availability\" \/>\n\t<meta name=\"twitter:data2\" content=\"In stock\" \/>\n<script type=\"application\/ld+json\" class=\"yoast-schema-graph\">{\"@context\":\"https:\\\/\\\/schema.org\",\"@graph\":[{\"@type\":[\"WebPage\",\"ItemPage\"],\"@id\":\"https:\\\/\\\/aloevera-centar.com\\\/sl\\\/proizvod\\\/gentlemens-pride\\\/\",\"url\":\"https:\\\/\\\/aloevera-centar.com\\\/sl\\\/proizvod\\\/gentlemens-pride\\\/\",\"name\":\"Forever Gentlemen`s Pride - Losjon za po britju z aloe vero!\",\"isPartOf\":{\"@id\":\"https:\\\/\\\/aloevera-centar.com\\\/sl\\\/#website\"},\"primaryImageOfPage\":{\"@id\":\"https:\\\/\\\/aloevera-centar.com\\\/sl\\\/proizvod\\\/gentlemens-pride\\\/#primaryimage\"},\"image\":{\"@id\":\"https:\\\/\\\/aloevera-centar.com\\\/sl\\\/proizvod\\\/gentlemens-pride\\\/#primaryimage\"},\"thumbnailUrl\":\"https:\\\/\\\/aloevera-centar.com\\\/wp-content\\\/uploads\\\/2023\\\/11\\\/Gentlemens-Pride-1-510x510.png.webp\",\"datePublished\":\"2025-04-15T10:01:51+00:00\",\"dateModified\":\"2025-04-21T22:35:35+00:00\",\"description\":\"Losjon brez alkohola Forever Gentlemen's Pride z aloe vero in kamilico. Ko\u017eo pomirja in daje mo\u0161ki vonj. Izkoristite 15% popust!\",\"breadcrumb\":{\"@id\":\"https:\\\/\\\/aloevera-centar.com\\\/sl\\\/proizvod\\\/gentlemens-pride\\\/#breadcrumb\"},\"inLanguage\":\"sl-SI\",\"potentialAction\":[{\"@type\":\"ReadAction\",\"target\":[\"https:\\\/\\\/aloevera-centar.com\\\/sl\\\/proizvod\\\/gentlemens-pride\\\/\"]}]},{\"@type\":\"ImageObject\",\"inLanguage\":\"sl-SI\",\"@id\":\"https:\\\/\\\/aloevera-centar.com\\\/sl\\\/proizvod\\\/gentlemens-pride\\\/#primaryimage\",\"url\":\"https:\\\/\\\/aloevera-centar.com\\\/wp-content\\\/uploads\\\/2023\\\/11\\\/Gentlemens-Pride-1-510x510.png.webp\",\"contentUrl\":\"https:\\\/\\\/aloevera-centar.com\\\/wp-content\\\/uploads\\\/2023\\\/11\\\/Gentlemens-Pride-1-510x510.png.webp\",\"width\":510,\"height\":510},{\"@type\":\"BreadcrumbList\",\"@id\":\"https:\\\/\\\/aloevera-centar.com\\\/sl\\\/proizvod\\\/gentlemens-pride\\\/#breadcrumb\",\"itemListElement\":[{\"@type\":\"ListItem\",\"position\":1,\"name\":\"\u0160tevilka Stranica\",\"item\":\"https:\\\/\\\/aloevera-centar.com\\\/sl\\\/center-za-aloe-vero\\\/\"},{\"@type\":\"ListItem\",\"position\":2,\"name\":\"Shop\",\"item\":\"https:\\\/\\\/aloevera-centar.com\\\/sl\\\/shop\\\/\"},{\"@type\":\"ListItem\",\"position\":3,\"name\":\"Gentlemen&#8217;s Pride\"}]},{\"@type\":\"WebSite\",\"@id\":\"https:\\\/\\\/aloevera-centar.com\\\/sl\\\/#website\",\"url\":\"https:\\\/\\\/aloevera-centar.com\\\/sl\\\/\",\"name\":\"Aloa Vera Centar\",\"description\":\"Aloe Vera Centar\",\"potentialAction\":[{\"@type\":\"SearchAction\",\"target\":{\"@type\":\"EntryPoint\",\"urlTemplate\":\"https:\\\/\\\/aloevera-centar.com\\\/sl\\\/?s={search_term_string}\"},\"query-input\":{\"@type\":\"PropertyValueSpecification\",\"valueRequired\":true,\"valueName\":\"search_term_string\"}}],\"inLanguage\":\"sl-SI\"}]}<\/script>\n<meta property=\"product:price:amount\" content=\"21.53\" \/>\n<meta property=\"product:price:currency\" content=\"EUR\" \/>\n<meta property=\"og:availability\" content=\"instock\" \/>\n<meta property=\"product:availability\" content=\"instock\" \/>\n<meta property=\"product:condition\" content=\"new\" \/>\n<!-- \/ Yoast SEO Premium plugin. -->","yoast_head_json":{"title":"Forever Gentlemen`s Pride - Losjon za po britju z aloe vero!","description":"Losjon brez alkohola Forever Gentlemen's Pride z aloe vero in kamilico. Ko\u017eo pomirja in daje mo\u0161ki vonj. Izkoristite 15% popust!","robots":{"index":"index","follow":"follow","max-snippet":"max-snippet:-1","max-image-preview":"max-image-preview:large","max-video-preview":"max-video-preview:-1"},"canonical":"https:\/\/aloevera-centar.com\/sl\/proizvod\/gentlemens-pride\/","og_locale":"sl_SI","og_type":"article","og_title":"Gentlemen's Pride","og_description":"Losjon brez alkohola Forever Gentlemen's Pride z aloe vero in kamilico. Ko\u017eo pomirja in daje mo\u0161ki vonj. Izkoristite 15% popust!","og_url":"https:\/\/aloevera-centar.com\/sl\/proizvod\/gentlemens-pride\/","og_site_name":"Aloa Vera Centar","article_modified_time":"2025-04-21T22:35:35+00:00","og_image":[{"width":510,"height":510,"url":"https:\/\/aloevera-centar.com\/wp-content\/uploads\/2023\/11\/Gentlemens-Pride-1-510x510.png.webp","type":"image\/webp"}],"twitter_card":"summary_large_image","twitter_misc":{"Price":"21,53&nbsp;&euro;","Availability":"In stock"},"schema":{"@context":"https:\/\/schema.org","@graph":[{"@type":["WebPage","ItemPage"],"@id":"https:\/\/aloevera-centar.com\/sl\/proizvod\/gentlemens-pride\/","url":"https:\/\/aloevera-centar.com\/sl\/proizvod\/gentlemens-pride\/","name":"Forever Gentlemen`s Pride - Losjon za po britju z aloe vero!","isPartOf":{"@id":"https:\/\/aloevera-centar.com\/sl\/#website"},"primaryImageOfPage":{"@id":"https:\/\/aloevera-centar.com\/sl\/proizvod\/gentlemens-pride\/#primaryimage"},"image":{"@id":"https:\/\/aloevera-centar.com\/sl\/proizvod\/gentlemens-pride\/#primaryimage"},"thumbnailUrl":"https:\/\/aloevera-centar.com\/wp-content\/uploads\/2023\/11\/Gentlemens-Pride-1-510x510.png.webp","datePublished":"2025-04-15T10:01:51+00:00","dateModified":"2025-04-21T22:35:35+00:00","description":"Losjon brez alkohola Forever Gentlemen's Pride z aloe vero in kamilico. Ko\u017eo pomirja in daje mo\u0161ki vonj. Izkoristite 15% popust!","breadcrumb":{"@id":"https:\/\/aloevera-centar.com\/sl\/proizvod\/gentlemens-pride\/#breadcrumb"},"inLanguage":"sl-SI","potentialAction":[{"@type":"ReadAction","target":["https:\/\/aloevera-centar.com\/sl\/proizvod\/gentlemens-pride\/"]}]},{"@type":"ImageObject","inLanguage":"sl-SI","@id":"https:\/\/aloevera-centar.com\/sl\/proizvod\/gentlemens-pride\/#primaryimage","url":"https:\/\/aloevera-centar.com\/wp-content\/uploads\/2023\/11\/Gentlemens-Pride-1-510x510.png.webp","contentUrl":"https:\/\/aloevera-centar.com\/wp-content\/uploads\/2023\/11\/Gentlemens-Pride-1-510x510.png.webp","width":510,"height":510},{"@type":"BreadcrumbList","@id":"https:\/\/aloevera-centar.com\/sl\/proizvod\/gentlemens-pride\/#breadcrumb","itemListElement":[{"@type":"ListItem","position":1,"name":"\u0160tevilka Stranica","item":"https:\/\/aloevera-centar.com\/sl\/center-za-aloe-vero\/"},{"@type":"ListItem","position":2,"name":"Shop","item":"https:\/\/aloevera-centar.com\/sl\/shop\/"},{"@type":"ListItem","position":3,"name":"Gentlemen&#8217;s Pride"}]},{"@type":"WebSite","@id":"https:\/\/aloevera-centar.com\/sl\/#website","url":"https:\/\/aloevera-centar.com\/sl\/","name":"Aloa Vera Centar","description":"Aloe Vera Centar","potentialAction":[{"@type":"SearchAction","target":{"@type":"EntryPoint","urlTemplate":"https:\/\/aloevera-centar.com\/sl\/?s={search_term_string}"},"query-input":{"@type":"PropertyValueSpecification","valueRequired":true,"valueName":"search_term_string"}}],"inLanguage":"sl-SI"}]},"product_price_amount":"21.53","product_price_currency":"EUR","og_availability":"instock","product_availability":"instock","product_condition":"new"},"_links":{"self":[{"href":"https:\/\/aloevera-centar.com\/sl\/wp-json\/wp\/v2\/product\/16397","targetHints":{"allow":["GET"]}}],"collection":[{"href":"https:\/\/aloevera-centar.com\/sl\/wp-json\/wp\/v2\/product"}],"about":[{"href":"https:\/\/aloevera-centar.com\/sl\/wp-json\/wp\/v2\/types\/product"}],"replies":[{"embeddable":true,"href":"https:\/\/aloevera-centar.com\/sl\/wp-json\/wp\/v2\/comments?post=16397"}],"wp:featuredmedia":[{"embeddable":true,"href":"https:\/\/aloevera-centar.com\/sl\/wp-json\/wp\/v2\/media\/16056"}],"wp:attachment":[{"href":"https:\/\/aloevera-centar.com\/sl\/wp-json\/wp\/v2\/media?parent=16397"}],"wp:term":[{"taxonomy":"product_brand","embeddable":true,"href":"https:\/\/aloevera-centar.com\/sl\/wp-json\/wp\/v2\/product_brand?post=16397"},{"taxonomy":"product_cat","embeddable":true,"href":"https:\/\/aloevera-centar.com\/sl\/wp-json\/wp\/v2\/product_cat?post=16397"},{"taxonomy":"product_tag","embeddable":true,"href":"https:\/\/aloevera-centar.com\/sl\/wp-json\/wp\/v2\/product_tag?post=16397"}],"curies":[{"name":"wp","href":"https:\/\/api.w.org\/{rel}","templated":true}]}}