{"id":16388,"date":"2025-04-15T01:23:32","date_gmt":"2025-04-14T23:23:32","guid":{"rendered":"https:\/\/aloevera-centar.com\/proizvod\/aloe-msm-gel\/"},"modified":"2025-04-21T22:18:04","modified_gmt":"2025-04-21T22:18:04","slug":"aloe-msm-gel","status":"publish","type":"product","link":"https:\/\/aloevera-centar.com\/sl\/proizvod\/aloe-msm-gel\/","title":{"rendered":"Aloe MSM gel"},"content":{"rendered":"<h1>Forever Aloe MSM Gel \u2013 sprostitev mi\u0161ic in svobodno gibanje<\/h1>\n<p><strong>Forever Aloe MSM Gel<\/strong> je kombinacija <strong>metilsulfonilmetana (MSM)<\/strong> , naravnega vira organskega \u017evepla, in<br \/>\n\u010dista, stabilizirana <strong>aloe vera<\/strong> . MSM je tretji najpogostej\u0161i element v telesu, medtem ko je znano, da aloe vera pomirja<br \/>\nin hidrira ko\u017eo. Skupaj z rastlinskimi izvle\u010dki in drugimi skrbno izbranimi sestavinami spro\u0161\u010dajo mi\u0161i\u010dno napetost,<br \/>\nolaj\u0161ajo gibljivost in pomagajo pri regeneraciji ko\u017ee in tkiv. <a href=\"https:\/\/aloavera-centar.com\/aloe-msm-gel\/\" target=\"_blank\" rel=\"noopener\">Ve\u010d o tem<\/a> .<\/p>\n<h2>Prednosti za vas<\/h2>\n<ul>\n<li><strong>Visoka vsebnost organskega \u017evepla (MSM):<\/strong> Prispeva k zdravju sklepov, mi\u0161ic in ko\u017ee.<\/li>\n<li><strong>Aloe vera za vla\u017eenje in pomiritev:<\/strong> Stabiliziran gel aloe vere ko\u017eo pomirja in hladi.<\/li>\n<li><strong>Primerno za bole\u010de in napete predele:<\/strong> nanesite in ne\u017eno vtrite za olaj\u0161anje in hitrej\u0161e okrevanje.<\/li>\n<li><strong>Zra\u010dna, nelepljiva formula:<\/strong> enostavna za nana\u0161anje in hitro vpijanje, ne da bi pustila mastne sledi.<\/li>\n<li><strong>Vsestranska uporaba:<\/strong> Lahko se uporablja pred ali po treningu, za masa\u017eo ali kot del dnevne nege.<\/li>\n<\/ul>\n<h2>Kako uporabljati?<\/h2>\n<ul>\n<li><strong>Nanesite izdatno plast:<\/strong> vtrite v napeto, bole\u010de ali otrdel predel. Po potrebi ponovite.<\/li>\n<li><strong>Kombinirajte z Aloe Activator:<\/strong> Za globljo penetracijo in hitrej\u0161e odpiranje por nanesite <a href=\"https:\/\/aloavera-centar.com\/proizvod\/aloe-activator\/\" target=\"_blank\" rel=\"noopener\">Aloe Activator<\/a> pred nanosom MSM gela.<\/li>\n<li><strong>Zunanja uporaba:<\/strong> Samo za zunanjo uporabo. Izogibajte se stiku z o\u010dmi.<\/li>\n<\/ul>\n<h2>Zakaj Aloe MSM Gel?<\/h2>\n<ul>\n<li><strong>MSM za mobilnost:<\/strong> klju\u010d do obnove vezivnega tkiva in laj\u0161anja napetosti v mi\u0161icah in sklepih.<\/li>\n<li><strong>Aloe vera za nego ko\u017ee:<\/strong> Aloe pomirja razdra\u017eeno ko\u017eo in zagotavlja potrebno vla\u017enost.<\/li>\n<li><strong>Popolna re\u0161itev za aktiven \u017eivljenjski slog:<\/strong> Laj\u0161a nelagodje \u0161portnikov, rekreativcev in ljudi z bole\u010dinami v mi\u0161icah.<\/li>\n<li><strong>Enostavno vpijanje:<\/strong> brez mastnih ostankov in enostavno za nana\u0161anje na poti.<\/li>\n<\/ul>\n<div style=\"border: 2px solid #4caf50; padding: 10px; margin: 15px 0;\"><strong>AloeVera Center je neodvisni Forever partner.<\/strong><br \/>\n<strong>Prejmite 15 % popusta<\/strong> na ta izdelek, \u010de kupite prek na\u0161ega priporo\u010dila!<\/div>\n<p>I\u0161\u010dete nasvet o kombiniranju <strong>Aloe MSM Gela<\/strong> z drugimi izdelki za \u0161e bolj\u0161e rezultate?<br \/>\nKliknite na sovo v spodnjem kotu ali obi\u0161\u010dite <a href=\"https:\/\/forevercard.club\/ddglabhlcn\" target=\"_blank\" rel=\"noopener\">pomo\u010dnika AI<\/a> , kjer lahko dobite <strong>15% popusta<\/strong> na vsako naro\u010dilo. AI svetovalec vam bo pomagal najti idealen na\u010drt<br \/>\nza ohranjanje zdravja mi\u0161i\u010dno-skeletnega sistema in celotnega organizma!<\/p>\n<h2>Priporo\u010deni sorodni izdelki<\/h2>\n<ul>\n<li><strong><a href=\"https:\/\/aloavera-centar.com\/proizvod\/forever-nature-min\/\" target=\"_blank\" rel=\"noopener\">Nature Min<\/a><\/strong> \u2013 Naravni minerali iz morja, pomembni za zdravje kosti in sklepov.<\/li>\n<li><strong><a href=\"https:\/\/aloavera-centar.com\/proizvod\/aloe-vera-gel\/\" target=\"_blank\" rel=\"noopener\">Aloe Vera Gel<\/a><\/strong> \u2013 99,7 % \u010disti gel aloe vere za razstrupljanje in hidracijo od znotraj.<\/li>\n<li><strong><a href=\"https:\/\/aloavera-centar.com\/proizvod\/forever-freedom\/\" target=\"_blank\" rel=\"noopener\">Forever Freedom<\/a><\/strong> \u2013 Napitek iz aloe vere z naravnim \u017eveplom za podporo sklepom.<\/li>\n<li><strong><a href=\"https:\/\/aloavera-centar.com\/proizvod\/propolis-krema\/\" target=\"_blank\" rel=\"noopener\">Aloe Propolis Cream<\/a><\/strong> \u2013 Krema z aloe vero in propolisom za pomiritev in vla\u017eenje ko\u017ee.<\/li>\n<\/ul>\n","protected":false},"excerpt":{"rendered":"<p class=\"p1\"><strong>Aloe MSM Gel<\/strong> \u2013 naravna kombinacija \u017evepla in aloe vere za laj\u0161anje bole\u010din v mi\u0161icah in sklepih.<\/p>\n<p class=\"p1\">Z na\u0161im priporo\u010dilom pridobite 15% popust!<\/p>\n<p>&nbsp;<\/p>\n","protected":false},"featured_media":16060,"comment_status":"closed","ping_status":"closed","template":"","meta":[],"product_brand":[],"product_cat":[1379],"product_tag":[],"class_list":{"0":"post-16388","1":"product","2":"type-product","3":"status-publish","4":"has-post-thumbnail","6":"product_cat-nega-koze","8":"first","9":"instock","10":"sale","11":"shipping-taxable","12":"product-type-external"},"yoast_head":"<!-- This site is optimized with the Yoast SEO Premium plugin v24.8 (Yoast SEO v27.4) - https:\/\/yoast.com\/product\/yoast-seo-premium-wordpress\/ -->\n<title>Aloe MSM Gel - MSM Gel iz Forever Living Products!<\/title>\n<meta name=\"description\" content=\"Forever Aloe MSM Gel zdru\u017euje ti dve mo\u010dni spojini z zeli\u0161\u010dnimi izvle\u010dki in drugimi sestavinami za pomirjujo\u010do olaj\u0161avo v vsaki situaciji.\" \/>\n<meta name=\"robots\" content=\"index, follow, max-snippet:-1, max-image-preview:large, max-video-preview:-1\" \/>\n<link rel=\"canonical\" href=\"https:\/\/aloevera-centar.com\/sl\/proizvod\/aloe-msm-gel\/\" \/>\n<meta property=\"og:locale\" content=\"sl_SI\" \/>\n<meta property=\"og:type\" content=\"article\" \/>\n<meta property=\"og:title\" content=\"Aloe MSM gel\" \/>\n<meta property=\"og:description\" content=\"Forever Aloe MSM Gel zdru\u017euje ti dve mo\u010dni spojini z zeli\u0161\u010dnimi izvle\u010dki in drugimi sestavinami za pomirjujo\u010do olaj\u0161avo v vsaki situaciji.\" \/>\n<meta property=\"og:url\" content=\"https:\/\/aloevera-centar.com\/sl\/proizvod\/aloe-msm-gel\/\" \/>\n<meta property=\"og:site_name\" content=\"Aloa Vera Centar\" \/>\n<meta property=\"article:modified_time\" content=\"2025-04-21T22:18:04+00:00\" \/>\n<meta property=\"og:image\" content=\"https:\/\/aloevera-centar.com\/wp-content\/uploads\/2023\/11\/Forever-Aloe-MSM-Gel-510x510.png.webp\" \/>\n\t<meta property=\"og:image:width\" content=\"510\" \/>\n\t<meta property=\"og:image:height\" content=\"510\" \/>\n\t<meta property=\"og:image:type\" content=\"image\/webp\" \/>\n<meta name=\"twitter:card\" content=\"summary_large_image\" \/>\n<meta name=\"twitter:label1\" content=\"Price\" \/>\n\t<meta name=\"twitter:data1\" content=\"33,40&nbsp;&euro;\" \/>\n\t<meta name=\"twitter:label2\" content=\"Availability\" \/>\n\t<meta name=\"twitter:data2\" content=\"In stock\" \/>\n<script type=\"application\/ld+json\" class=\"yoast-schema-graph\">{\"@context\":\"https:\\\/\\\/schema.org\",\"@graph\":[{\"@type\":[\"WebPage\",\"ItemPage\"],\"@id\":\"https:\\\/\\\/aloevera-centar.com\\\/sl\\\/proizvod\\\/aloe-msm-gel\\\/\",\"url\":\"https:\\\/\\\/aloevera-centar.com\\\/sl\\\/proizvod\\\/aloe-msm-gel\\\/\",\"name\":\"Aloe MSM Gel - MSM Gel iz Forever Living Products!\",\"isPartOf\":{\"@id\":\"https:\\\/\\\/aloevera-centar.com\\\/sl\\\/#website\"},\"primaryImageOfPage\":{\"@id\":\"https:\\\/\\\/aloevera-centar.com\\\/sl\\\/proizvod\\\/aloe-msm-gel\\\/#primaryimage\"},\"image\":{\"@id\":\"https:\\\/\\\/aloevera-centar.com\\\/sl\\\/proizvod\\\/aloe-msm-gel\\\/#primaryimage\"},\"thumbnailUrl\":\"https:\\\/\\\/aloevera-centar.com\\\/wp-content\\\/uploads\\\/2023\\\/11\\\/Forever-Aloe-MSM-Gel-510x510.png.webp\",\"datePublished\":\"2025-04-14T23:23:32+00:00\",\"dateModified\":\"2025-04-21T22:18:04+00:00\",\"description\":\"Forever Aloe MSM Gel zdru\u017euje ti dve mo\u010dni spojini z zeli\u0161\u010dnimi izvle\u010dki in drugimi sestavinami za pomirjujo\u010do olaj\u0161avo v vsaki situaciji.\",\"breadcrumb\":{\"@id\":\"https:\\\/\\\/aloevera-centar.com\\\/sl\\\/proizvod\\\/aloe-msm-gel\\\/#breadcrumb\"},\"inLanguage\":\"sl-SI\",\"potentialAction\":[{\"@type\":\"ReadAction\",\"target\":[\"https:\\\/\\\/aloevera-centar.com\\\/sl\\\/proizvod\\\/aloe-msm-gel\\\/\"]}]},{\"@type\":\"ImageObject\",\"inLanguage\":\"sl-SI\",\"@id\":\"https:\\\/\\\/aloevera-centar.com\\\/sl\\\/proizvod\\\/aloe-msm-gel\\\/#primaryimage\",\"url\":\"https:\\\/\\\/aloevera-centar.com\\\/wp-content\\\/uploads\\\/2023\\\/11\\\/Forever-Aloe-MSM-Gel-510x510.png.webp\",\"contentUrl\":\"https:\\\/\\\/aloevera-centar.com\\\/wp-content\\\/uploads\\\/2023\\\/11\\\/Forever-Aloe-MSM-Gel-510x510.png.webp\",\"width\":510,\"height\":510},{\"@type\":\"BreadcrumbList\",\"@id\":\"https:\\\/\\\/aloevera-centar.com\\\/sl\\\/proizvod\\\/aloe-msm-gel\\\/#breadcrumb\",\"itemListElement\":[{\"@type\":\"ListItem\",\"position\":1,\"name\":\"\u0160tevilka Stranica\",\"item\":\"https:\\\/\\\/aloevera-centar.com\\\/sl\\\/center-za-aloe-vero\\\/\"},{\"@type\":\"ListItem\",\"position\":2,\"name\":\"Shop\",\"item\":\"https:\\\/\\\/aloevera-centar.com\\\/sl\\\/shop\\\/\"},{\"@type\":\"ListItem\",\"position\":3,\"name\":\"Aloe MSM gel\"}]},{\"@type\":\"WebSite\",\"@id\":\"https:\\\/\\\/aloevera-centar.com\\\/sl\\\/#website\",\"url\":\"https:\\\/\\\/aloevera-centar.com\\\/sl\\\/\",\"name\":\"Aloa Vera Centar\",\"description\":\"Aloe Vera Centar\",\"potentialAction\":[{\"@type\":\"SearchAction\",\"target\":{\"@type\":\"EntryPoint\",\"urlTemplate\":\"https:\\\/\\\/aloevera-centar.com\\\/sl\\\/?s={search_term_string}\"},\"query-input\":{\"@type\":\"PropertyValueSpecification\",\"valueRequired\":true,\"valueName\":\"search_term_string\"}}],\"inLanguage\":\"sl-SI\"}]}<\/script>\n<meta property=\"product:price:amount\" content=\"33.40\" \/>\n<meta property=\"product:price:currency\" content=\"EUR\" \/>\n<meta property=\"og:availability\" content=\"instock\" \/>\n<meta property=\"product:availability\" content=\"instock\" \/>\n<meta property=\"product:retailer_item_id\" content=\"205\" \/>\n<meta property=\"product:condition\" content=\"new\" \/>\n<!-- \/ Yoast SEO Premium plugin. -->","yoast_head_json":{"title":"Aloe MSM Gel - MSM Gel iz Forever Living Products!","description":"Forever Aloe MSM Gel zdru\u017euje ti dve mo\u010dni spojini z zeli\u0161\u010dnimi izvle\u010dki in drugimi sestavinami za pomirjujo\u010do olaj\u0161avo v vsaki situaciji.","robots":{"index":"index","follow":"follow","max-snippet":"max-snippet:-1","max-image-preview":"max-image-preview:large","max-video-preview":"max-video-preview:-1"},"canonical":"https:\/\/aloevera-centar.com\/sl\/proizvod\/aloe-msm-gel\/","og_locale":"sl_SI","og_type":"article","og_title":"Aloe MSM gel","og_description":"Forever Aloe MSM Gel zdru\u017euje ti dve mo\u010dni spojini z zeli\u0161\u010dnimi izvle\u010dki in drugimi sestavinami za pomirjujo\u010do olaj\u0161avo v vsaki situaciji.","og_url":"https:\/\/aloevera-centar.com\/sl\/proizvod\/aloe-msm-gel\/","og_site_name":"Aloa Vera Centar","article_modified_time":"2025-04-21T22:18:04+00:00","og_image":[{"width":510,"height":510,"url":"https:\/\/aloevera-centar.com\/wp-content\/uploads\/2023\/11\/Forever-Aloe-MSM-Gel-510x510.png.webp","type":"image\/webp"}],"twitter_card":"summary_large_image","twitter_misc":{"Price":"33,40&nbsp;&euro;","Availability":"In stock"},"schema":{"@context":"https:\/\/schema.org","@graph":[{"@type":["WebPage","ItemPage"],"@id":"https:\/\/aloevera-centar.com\/sl\/proizvod\/aloe-msm-gel\/","url":"https:\/\/aloevera-centar.com\/sl\/proizvod\/aloe-msm-gel\/","name":"Aloe MSM Gel - MSM Gel iz Forever Living Products!","isPartOf":{"@id":"https:\/\/aloevera-centar.com\/sl\/#website"},"primaryImageOfPage":{"@id":"https:\/\/aloevera-centar.com\/sl\/proizvod\/aloe-msm-gel\/#primaryimage"},"image":{"@id":"https:\/\/aloevera-centar.com\/sl\/proizvod\/aloe-msm-gel\/#primaryimage"},"thumbnailUrl":"https:\/\/aloevera-centar.com\/wp-content\/uploads\/2023\/11\/Forever-Aloe-MSM-Gel-510x510.png.webp","datePublished":"2025-04-14T23:23:32+00:00","dateModified":"2025-04-21T22:18:04+00:00","description":"Forever Aloe MSM Gel zdru\u017euje ti dve mo\u010dni spojini z zeli\u0161\u010dnimi izvle\u010dki in drugimi sestavinami za pomirjujo\u010do olaj\u0161avo v vsaki situaciji.","breadcrumb":{"@id":"https:\/\/aloevera-centar.com\/sl\/proizvod\/aloe-msm-gel\/#breadcrumb"},"inLanguage":"sl-SI","potentialAction":[{"@type":"ReadAction","target":["https:\/\/aloevera-centar.com\/sl\/proizvod\/aloe-msm-gel\/"]}]},{"@type":"ImageObject","inLanguage":"sl-SI","@id":"https:\/\/aloevera-centar.com\/sl\/proizvod\/aloe-msm-gel\/#primaryimage","url":"https:\/\/aloevera-centar.com\/wp-content\/uploads\/2023\/11\/Forever-Aloe-MSM-Gel-510x510.png.webp","contentUrl":"https:\/\/aloevera-centar.com\/wp-content\/uploads\/2023\/11\/Forever-Aloe-MSM-Gel-510x510.png.webp","width":510,"height":510},{"@type":"BreadcrumbList","@id":"https:\/\/aloevera-centar.com\/sl\/proizvod\/aloe-msm-gel\/#breadcrumb","itemListElement":[{"@type":"ListItem","position":1,"name":"\u0160tevilka Stranica","item":"https:\/\/aloevera-centar.com\/sl\/center-za-aloe-vero\/"},{"@type":"ListItem","position":2,"name":"Shop","item":"https:\/\/aloevera-centar.com\/sl\/shop\/"},{"@type":"ListItem","position":3,"name":"Aloe MSM gel"}]},{"@type":"WebSite","@id":"https:\/\/aloevera-centar.com\/sl\/#website","url":"https:\/\/aloevera-centar.com\/sl\/","name":"Aloa Vera Centar","description":"Aloe Vera Centar","potentialAction":[{"@type":"SearchAction","target":{"@type":"EntryPoint","urlTemplate":"https:\/\/aloevera-centar.com\/sl\/?s={search_term_string}"},"query-input":{"@type":"PropertyValueSpecification","valueRequired":true,"valueName":"search_term_string"}}],"inLanguage":"sl-SI"}]},"product_price_amount":"33.40","product_price_currency":"EUR","og_availability":"instock","product_availability":"instock","product_retailer_item_id":"205","product_condition":"new"},"_links":{"self":[{"href":"https:\/\/aloevera-centar.com\/sl\/wp-json\/wp\/v2\/product\/16388","targetHints":{"allow":["GET"]}}],"collection":[{"href":"https:\/\/aloevera-centar.com\/sl\/wp-json\/wp\/v2\/product"}],"about":[{"href":"https:\/\/aloevera-centar.com\/sl\/wp-json\/wp\/v2\/types\/product"}],"replies":[{"embeddable":true,"href":"https:\/\/aloevera-centar.com\/sl\/wp-json\/wp\/v2\/comments?post=16388"}],"wp:featuredmedia":[{"embeddable":true,"href":"https:\/\/aloevera-centar.com\/sl\/wp-json\/wp\/v2\/media\/16060"}],"wp:attachment":[{"href":"https:\/\/aloevera-centar.com\/sl\/wp-json\/wp\/v2\/media?parent=16388"}],"wp:term":[{"taxonomy":"product_brand","embeddable":true,"href":"https:\/\/aloevera-centar.com\/sl\/wp-json\/wp\/v2\/product_brand?post=16388"},{"taxonomy":"product_cat","embeddable":true,"href":"https:\/\/aloevera-centar.com\/sl\/wp-json\/wp\/v2\/product_cat?post=16388"},{"taxonomy":"product_tag","embeddable":true,"href":"https:\/\/aloevera-centar.com\/sl\/wp-json\/wp\/v2\/product_tag?post=16388"}],"curies":[{"name":"wp","href":"https:\/\/api.w.org\/{rel}","templated":true}]}}