{"id":16386,"date":"2025-04-16T17:46:57","date_gmt":"2025-04-16T15:46:57","guid":{"rendered":"https:\/\/aloevera-centar.com\/proizvod\/forever-multi-maca\/"},"modified":"2025-04-21T21:57:50","modified_gmt":"2025-04-21T21:57:50","slug":"forever-multi-maca","status":"publish","type":"product","link":"https:\/\/aloevera-centar.com\/sl\/proizvod\/forever-multi-maca\/","title":{"rendered":"Forever Multi Maca"},"content":{"rendered":"<h1>Forever Multi Maca \u2013 Odkrijte mo\u010d \u00bbperujskega ginsenga\u00ab za vitalnost<\/h1>\n<p><strong>Forever Multi Maca<\/strong> je naravno prehransko dopolnilo, ki zdru\u017euje mo\u010d <strong>mace<\/strong> (znane tudi kot<br \/>\n&#8221;perujski ginseng&#8221;), L-arginin in druge rastlinske sestavine za podporo energije, spolnega zdravja in hormonskega ravnovesja ( <a href=\"https:\/\/pubmed.ncbi.nlm.nih.gov\/31951246\/\" target=\"_blank\" rel=\"noopener\">znanstveni vir o maci<\/a> ).<br \/>\nMaca, ki se tradicionalno uporablja v andskem vi\u0161avju, je znana po svoji sposobnosti spodbujanja vzdr\u017eljivosti,<br \/>\nlibido in raven energije, medtem ko dodatki, kot je L-arginin, podpirajo cirkulacijo in delovanje mi\u0161ic. Vse to po\u010dne.<br \/>\n<strong>Forever Multi Maca<\/strong> je odli\u010dna re\u0161itev za aktiven \u017eivljenjski slog in bolj\u0161i ob\u010dutek vitalnosti.<\/p>\n<h2>Prednosti za vas<\/h2>\n<ul>\n<li><strong>Naravni vir energije:<\/strong> Maca in druge sestavine pomagajo ohranjati du\u0161evno in fizi\u010dno vzdr\u017eljivost.<\/li>\n<li><strong>Podpora hormonom in spolnemu zdravju:<\/strong> Tradicionalno se uporablja za izbolj\u0161anje libida in ravnovesje hormonov pri mo\u0161kih in \u017eenskah.<\/li>\n<li><strong>Vitalnost in cirkulacija:<\/strong> L-arginin spodbuja proizvodnjo du\u0161ikovega oksida, ki pomaga izbolj\u0161ati pretok krvi in \u200b\u200boskrbo s hranili.<\/li>\n<li><strong>Sinergija rastlinskih izvle\u010dkov:<\/strong> Skrbno izbrane sestavine delujejo skupaj za najve\u010dji u\u010dinek na energijo in odpornost telesa.<\/li>\n<li><strong>Priro\u010dno odmerjanje:<\/strong> Vklju\u010deno v le nekaj tablet na dan se zlahka prilega naporni rutini.<\/li>\n<\/ul>\n<h2>Sestavine in njihovi u\u010dinki<\/h2>\n<p><strong>Forever Multi Maca<\/strong> obi\u010dajno vklju\u010duje:<\/p>\n<ul>\n<li><strong>Maca (Lepidium meyenii):<\/strong> korenina, bogata z aminokislinami, vitamini in minerali, ki podpirajo vzdr\u017eljivost in hormonsko ravnovesje.<\/li>\n<li><strong>L-arginin:<\/strong> prispeva k normalni cirkulaciji, delovanju energije in mi\u0161ic ter celi\u010dnim procesom.<\/li>\n<li><strong>Drugi rastlinski izvle\u010dki in minerali:<\/strong> Dodatno izbolj\u0161ujejo naravno energijo, presnovno delovanje in odpornost telesa.<\/li>\n<\/ul>\n<p>Natan\u010den seznam sestavin in koncentracij ter vpliv lahko podrobneje preverite v na\u0161em \u010dlanku <a href=\"https:\/\/aloevera-centar.com\/forever-multi-maca-otkrijte-kako-maca-utjece-na-hormone-i-libido\/\">Kako maca vpliva na hormone in libido<\/a> ?.<\/p>\n<h2>Zakaj izbrati Forever Multi Maca?<\/h2>\n<ul>\n<li><strong>Tradicionalna mo\u010d:<\/strong> Maca je \u017ee stoletja stalnica v prehrani prebivalcev Andov, znana po svojih vitalizirajo\u010dih lastnostih.<\/li>\n<li><strong>Vrhunski standardi kakovosti:<\/strong> Forever je vodilni svetovni proizvajalec naravnih dodatkov s skrbnim nadzorom sestavin.<\/li>\n<li><strong>Podpora aktivnemu \u017eivljenjskemu slogu:<\/strong> Lahko koristi ljudem vseh starosti, zlasti tistim, ki so pod pove\u010danim fizi\u010dnim ali du\u0161evnim stresom.<\/li>\n<\/ul>\n<div style=\"border: 2px solid #4caf50; padding: 10px; margin: 15px 0;\"><strong>AloeVera Center je neodvisni Forever partner.<\/strong><br \/>\n<strong>Prejmite 15 % popusta<\/strong> na ta izdelek, \u010de kupite prek na\u0161ega priporo\u010dila!<\/div>\n<p>Potrebujete nasvet glede uporabe ali \u017eelite <strong>Forever Multi Maco<\/strong> kombinirati z drugimi Forever izdelki? Kliknite na sovo v spodnjem kotu.<br \/>\nkjer lahko dobite <strong>15% popust<\/strong> na vsako naro\u010dilo. AI svetovalec vam bo pomagal izbrati popolno kombinacijo za ve\u010d energije, vzdr\u017eljivosti in dobre volje!<\/p>\n<h2>Priporo\u010deni sorodni izdelki<\/h2>\n<ul>\n<li><strong><a href=\"https:\/\/aloavera-centar.com\/proizvod\/forever-argi\/\" target=\"_blank\" rel=\"noopener\">Forever Argi+<\/a><\/strong> \u2013 L-arginin in vitamini za prekrvavitev in energijo.<\/li>\n<li><strong><a href=\"https:\/\/aloavera-centar.com\/proizvod\/vitolize-men\/\" target=\"_blank\" rel=\"noopener\">Vitolize Men<\/a><\/strong> \u2013 ciljni vitamini in minerali za zdravje mo\u0161kih.<\/li>\n<li><strong><a href=\"https:\/\/aloavera-centar.com\/proizvod\/vitolize-women\/\" target=\"_blank\" rel=\"noopener\">Vitolize Women<\/a><\/strong> \u2013 Formulirani dodatki za hormonsko ravnovesje \u017eensk.<\/li>\n<li><strong><a href=\"https:\/\/aloavera-centar.com\/proizvod\/aloe-vera-gel\/\" target=\"_blank\" rel=\"noopener\">Aloe Vera Gel<\/a><\/strong> \u2013 99,7 % \u010disti napitek iz aloe vere za splo\u0161no razstrupljanje in hidracijo telesa.<\/li>\n<\/ul>\n","protected":false},"excerpt":{"rendered":"<p class=\"p1\">Forever Multi Maca &#8211; &#8221;perujski ginseng&#8221; z L-argininom in rastlinskimi izvle\u010dki za energijo, spolno zdravje in hormonsko ravnovesje.<\/p>\n<p class=\"p1\">Izkoristite 15% popust!<\/p>\n","protected":false},"featured_media":16168,"comment_status":"open","ping_status":"closed","template":"","meta":[],"product_brand":[],"product_cat":[1324],"product_tag":[],"class_list":{"0":"post-16386","1":"product","2":"type-product","3":"status-publish","4":"has-post-thumbnail","6":"product_cat-prehranska-dopolnila","8":"first","9":"instock","10":"sale","11":"shipping-taxable","12":"product-type-external"},"yoast_head":"<!-- This site is optimized with the Yoast SEO Premium plugin v24.8 (Yoast SEO v27.5) - https:\/\/yoast.com\/product\/yoast-seo-premium-wordpress\/ -->\n<title>Forever Multi Maca \u2013 Naravna energijska in hormonska podpora<\/title>\n<meta name=\"description\" content=\"Forever Multi Maca z maco, L-argininom in zeli\u0161\u010di pove\u010duje energijo, vzdr\u017eljivost in hormonsko ravnovesje. Izkoristite 15% popust na na\u0161e priporo\u010dilo!\" \/>\n<meta name=\"robots\" content=\"index, follow, max-snippet:-1, max-image-preview:large, max-video-preview:-1\" \/>\n<link rel=\"canonical\" href=\"https:\/\/aloevera-centar.com\/sl\/proizvod\/forever-multi-maca\/\" \/>\n<meta property=\"og:locale\" content=\"sl_SI\" \/>\n<meta property=\"og:type\" content=\"article\" \/>\n<meta property=\"og:title\" content=\"Forever Multi Maca\" \/>\n<meta property=\"og:description\" content=\"Forever Multi Maca z maco, L-argininom in zeli\u0161\u010di pove\u010duje energijo, vzdr\u017eljivost in hormonsko ravnovesje. Izkoristite 15% popust na na\u0161e priporo\u010dilo!\" \/>\n<meta property=\"og:url\" content=\"https:\/\/aloevera-centar.com\/sl\/proizvod\/forever-multi-maca\/\" \/>\n<meta property=\"og:site_name\" content=\"Aloa Vera Centar\" \/>\n<meta property=\"article:modified_time\" content=\"2025-04-21T21:57:50+00:00\" \/>\n<meta property=\"og:image\" content=\"https:\/\/aloevera-centar.com\/wp-content\/uploads\/2025\/04\/Dizajn-bez-naslova-6.jpg\" \/>\n\t<meta property=\"og:image:width\" content=\"510\" \/>\n\t<meta property=\"og:image:height\" content=\"510\" \/>\n\t<meta property=\"og:image:type\" content=\"image\/jpeg\" \/>\n<meta name=\"twitter:card\" content=\"summary_large_image\" \/>\n<meta name=\"twitter:label1\" content=\"Price\" \/>\n\t<meta name=\"twitter:data1\" content=\"38,19&nbsp;&euro;\" \/>\n\t<meta name=\"twitter:label2\" content=\"Availability\" \/>\n\t<meta name=\"twitter:data2\" content=\"In stock\" \/>\n<script type=\"application\/ld+json\" class=\"yoast-schema-graph\">{\"@context\":\"https:\\\/\\\/schema.org\",\"@graph\":[{\"@type\":[\"WebPage\",\"ItemPage\"],\"@id\":\"https:\\\/\\\/aloevera-centar.com\\\/sl\\\/proizvod\\\/forever-multi-maca\\\/\",\"url\":\"https:\\\/\\\/aloevera-centar.com\\\/sl\\\/proizvod\\\/forever-multi-maca\\\/\",\"name\":\"Forever Multi Maca \u2013 Naravna energijska in hormonska podpora\",\"isPartOf\":{\"@id\":\"https:\\\/\\\/aloevera-centar.com\\\/sl\\\/#website\"},\"primaryImageOfPage\":{\"@id\":\"https:\\\/\\\/aloevera-centar.com\\\/sl\\\/proizvod\\\/forever-multi-maca\\\/#primaryimage\"},\"image\":{\"@id\":\"https:\\\/\\\/aloevera-centar.com\\\/sl\\\/proizvod\\\/forever-multi-maca\\\/#primaryimage\"},\"thumbnailUrl\":\"https:\\\/\\\/aloevera-centar.com\\\/wp-content\\\/uploads\\\/2025\\\/04\\\/Dizajn-bez-naslova-6.webp\",\"datePublished\":\"2025-04-16T15:46:57+00:00\",\"dateModified\":\"2025-04-21T21:57:50+00:00\",\"description\":\"Forever Multi Maca z maco, L-argininom in zeli\u0161\u010di pove\u010duje energijo, vzdr\u017eljivost in hormonsko ravnovesje. Izkoristite 15% popust na na\u0161e priporo\u010dilo!\",\"breadcrumb\":{\"@id\":\"https:\\\/\\\/aloevera-centar.com\\\/sl\\\/proizvod\\\/forever-multi-maca\\\/#breadcrumb\"},\"inLanguage\":\"sl-SI\",\"potentialAction\":[{\"@type\":\"ReadAction\",\"target\":[\"https:\\\/\\\/aloevera-centar.com\\\/sl\\\/proizvod\\\/forever-multi-maca\\\/\"]}]},{\"@type\":\"ImageObject\",\"inLanguage\":\"sl-SI\",\"@id\":\"https:\\\/\\\/aloevera-centar.com\\\/sl\\\/proizvod\\\/forever-multi-maca\\\/#primaryimage\",\"url\":\"https:\\\/\\\/aloevera-centar.com\\\/wp-content\\\/uploads\\\/2025\\\/04\\\/Dizajn-bez-naslova-6.webp\",\"contentUrl\":\"https:\\\/\\\/aloevera-centar.com\\\/wp-content\\\/uploads\\\/2025\\\/04\\\/Dizajn-bez-naslova-6.webp\",\"width\":510,\"height\":510},{\"@type\":\"BreadcrumbList\",\"@id\":\"https:\\\/\\\/aloevera-centar.com\\\/sl\\\/proizvod\\\/forever-multi-maca\\\/#breadcrumb\",\"itemListElement\":[{\"@type\":\"ListItem\",\"position\":1,\"name\":\"\u0160tevilka Stranica\",\"item\":\"https:\\\/\\\/aloevera-centar.com\\\/sl\\\/center-za-aloe-vero\\\/\"},{\"@type\":\"ListItem\",\"position\":2,\"name\":\"Shop\",\"item\":\"https:\\\/\\\/aloevera-centar.com\\\/sl\\\/shop\\\/\"},{\"@type\":\"ListItem\",\"position\":3,\"name\":\"Forever Multi Maca\"}]},{\"@type\":\"WebSite\",\"@id\":\"https:\\\/\\\/aloevera-centar.com\\\/sl\\\/#website\",\"url\":\"https:\\\/\\\/aloevera-centar.com\\\/sl\\\/\",\"name\":\"Aloa Vera Centar\",\"description\":\"Aloe Vera Centar\",\"potentialAction\":[{\"@type\":\"SearchAction\",\"target\":{\"@type\":\"EntryPoint\",\"urlTemplate\":\"https:\\\/\\\/aloevera-centar.com\\\/sl\\\/?s={search_term_string}\"},\"query-input\":{\"@type\":\"PropertyValueSpecification\",\"valueRequired\":true,\"valueName\":\"search_term_string\"}}],\"inLanguage\":\"sl-SI\"}]}<\/script>\n<meta property=\"product:price:amount\" content=\"38.19\" \/>\n<meta property=\"product:price:currency\" content=\"EUR\" \/>\n<meta property=\"og:availability\" content=\"instock\" \/>\n<meta property=\"product:availability\" content=\"instock\" \/>\n<meta property=\"product:condition\" content=\"new\" \/>\n<!-- \/ Yoast SEO Premium plugin. -->","yoast_head_json":{"title":"Forever Multi Maca \u2013 Naravna energijska in hormonska podpora","description":"Forever Multi Maca z maco, L-argininom in zeli\u0161\u010di pove\u010duje energijo, vzdr\u017eljivost in hormonsko ravnovesje. Izkoristite 15% popust na na\u0161e priporo\u010dilo!","robots":{"index":"index","follow":"follow","max-snippet":"max-snippet:-1","max-image-preview":"max-image-preview:large","max-video-preview":"max-video-preview:-1"},"canonical":"https:\/\/aloevera-centar.com\/sl\/proizvod\/forever-multi-maca\/","og_locale":"sl_SI","og_type":"article","og_title":"Forever Multi Maca","og_description":"Forever Multi Maca z maco, L-argininom in zeli\u0161\u010di pove\u010duje energijo, vzdr\u017eljivost in hormonsko ravnovesje. Izkoristite 15% popust na na\u0161e priporo\u010dilo!","og_url":"https:\/\/aloevera-centar.com\/sl\/proizvod\/forever-multi-maca\/","og_site_name":"Aloa Vera Centar","article_modified_time":"2025-04-21T21:57:50+00:00","og_image":[{"width":510,"height":510,"url":"https:\/\/aloevera-centar.com\/wp-content\/uploads\/2025\/04\/Dizajn-bez-naslova-6.jpg","type":"image\/jpeg"}],"twitter_card":"summary_large_image","twitter_misc":{"Price":"38,19&nbsp;&euro;","Availability":"In stock"},"schema":{"@context":"https:\/\/schema.org","@graph":[{"@type":["WebPage","ItemPage"],"@id":"https:\/\/aloevera-centar.com\/sl\/proizvod\/forever-multi-maca\/","url":"https:\/\/aloevera-centar.com\/sl\/proizvod\/forever-multi-maca\/","name":"Forever Multi Maca \u2013 Naravna energijska in hormonska podpora","isPartOf":{"@id":"https:\/\/aloevera-centar.com\/sl\/#website"},"primaryImageOfPage":{"@id":"https:\/\/aloevera-centar.com\/sl\/proizvod\/forever-multi-maca\/#primaryimage"},"image":{"@id":"https:\/\/aloevera-centar.com\/sl\/proizvod\/forever-multi-maca\/#primaryimage"},"thumbnailUrl":"https:\/\/aloevera-centar.com\/wp-content\/uploads\/2025\/04\/Dizajn-bez-naslova-6.webp","datePublished":"2025-04-16T15:46:57+00:00","dateModified":"2025-04-21T21:57:50+00:00","description":"Forever Multi Maca z maco, L-argininom in zeli\u0161\u010di pove\u010duje energijo, vzdr\u017eljivost in hormonsko ravnovesje. Izkoristite 15% popust na na\u0161e priporo\u010dilo!","breadcrumb":{"@id":"https:\/\/aloevera-centar.com\/sl\/proizvod\/forever-multi-maca\/#breadcrumb"},"inLanguage":"sl-SI","potentialAction":[{"@type":"ReadAction","target":["https:\/\/aloevera-centar.com\/sl\/proizvod\/forever-multi-maca\/"]}]},{"@type":"ImageObject","inLanguage":"sl-SI","@id":"https:\/\/aloevera-centar.com\/sl\/proizvod\/forever-multi-maca\/#primaryimage","url":"https:\/\/aloevera-centar.com\/wp-content\/uploads\/2025\/04\/Dizajn-bez-naslova-6.webp","contentUrl":"https:\/\/aloevera-centar.com\/wp-content\/uploads\/2025\/04\/Dizajn-bez-naslova-6.webp","width":510,"height":510},{"@type":"BreadcrumbList","@id":"https:\/\/aloevera-centar.com\/sl\/proizvod\/forever-multi-maca\/#breadcrumb","itemListElement":[{"@type":"ListItem","position":1,"name":"\u0160tevilka Stranica","item":"https:\/\/aloevera-centar.com\/sl\/center-za-aloe-vero\/"},{"@type":"ListItem","position":2,"name":"Shop","item":"https:\/\/aloevera-centar.com\/sl\/shop\/"},{"@type":"ListItem","position":3,"name":"Forever Multi Maca"}]},{"@type":"WebSite","@id":"https:\/\/aloevera-centar.com\/sl\/#website","url":"https:\/\/aloevera-centar.com\/sl\/","name":"Aloa Vera Centar","description":"Aloe Vera Centar","potentialAction":[{"@type":"SearchAction","target":{"@type":"EntryPoint","urlTemplate":"https:\/\/aloevera-centar.com\/sl\/?s={search_term_string}"},"query-input":{"@type":"PropertyValueSpecification","valueRequired":true,"valueName":"search_term_string"}}],"inLanguage":"sl-SI"}]},"product_price_amount":"38.19","product_price_currency":"EUR","og_availability":"instock","product_availability":"instock","product_condition":"new"},"_links":{"self":[{"href":"https:\/\/aloevera-centar.com\/sl\/wp-json\/wp\/v2\/product\/16386","targetHints":{"allow":["GET"]}}],"collection":[{"href":"https:\/\/aloevera-centar.com\/sl\/wp-json\/wp\/v2\/product"}],"about":[{"href":"https:\/\/aloevera-centar.com\/sl\/wp-json\/wp\/v2\/types\/product"}],"replies":[{"embeddable":true,"href":"https:\/\/aloevera-centar.com\/sl\/wp-json\/wp\/v2\/comments?post=16386"}],"wp:featuredmedia":[{"embeddable":true,"href":"https:\/\/aloevera-centar.com\/sl\/wp-json\/wp\/v2\/media\/16168"}],"wp:attachment":[{"href":"https:\/\/aloevera-centar.com\/sl\/wp-json\/wp\/v2\/media?parent=16386"}],"wp:term":[{"taxonomy":"product_brand","embeddable":true,"href":"https:\/\/aloevera-centar.com\/sl\/wp-json\/wp\/v2\/product_brand?post=16386"},{"taxonomy":"product_cat","embeddable":true,"href":"https:\/\/aloevera-centar.com\/sl\/wp-json\/wp\/v2\/product_cat?post=16386"},{"taxonomy":"product_tag","embeddable":true,"href":"https:\/\/aloevera-centar.com\/sl\/wp-json\/wp\/v2\/product_tag?post=16386"}],"curies":[{"name":"wp","href":"https:\/\/api.w.org\/{rel}","templated":true}]}}