{"id":16383,"date":"2025-04-17T06:34:34","date_gmt":"2025-04-17T04:34:34","guid":{"rendered":"https:\/\/aloevera-centar.com\/proizvod\/za-vedno-cesen-timijan\/"},"modified":"2025-04-21T21:56:23","modified_gmt":"2025-04-21T21:56:23","slug":"za-vedno-cesen-timijan","status":"publish","type":"product","link":"https:\/\/aloevera-centar.com\/sl\/proizvod\/za-vedno-cesen-timijan\/","title":{"rendered":"Za vedno \u010desen timijan"},"content":{"rendered":"<h1>Forever \u010desen in timijan \u2013 Kombinirana mo\u010d za podporo imunskemu sistemu in krvnemu obtoku<\/h1>\n<p><strong>Forever Garlic-Thyme<\/strong> zdru\u017euje dve starodavni \u017eivili, znani po mo\u010dnih zdravstvenih koristih \u2013 <strong>\u010desen<\/strong> (Allium sativum) in <strong>timijan<\/strong> (Thymus vulgaris). To prehransko dopolnilo pomaga ohranjati mo\u010dan imunski sistem, podpira normalno raven holesterola in zagotavlja naravno antioksidativno za\u0161\u010dito ( <a href=\"https:\/\/pubmed.ncbi.nlm.nih.gov\/?term=garlic\" target=\"_blank\" rel=\"noopener\">znanstveni dokazi o \u010desnu<\/a> ).<br \/>\nS priro\u010dnimi mehkimi \u017eelatinastimi kapsulami in brez mo\u010dnega vonja je <strong>Forever Garlic Thyme<\/strong> preprost in priro\u010den na\u010din za<br \/>\nda vsak dan izkoristite prednosti teh dveh rastlin.<\/p>\n<h2>Prednosti za vas<\/h2>\n<ul>\n<li><strong>Podpora imunskemu sistemu:<\/strong> \u010desen je bil stoletja cenjen zaradi svojih imunomodulatornih lastnosti.<\/li>\n<li><strong>Zdrava raven holesterola in krvni tlak:<\/strong> Redno u\u017eivanje \u010desna lahko prispeva k normalnemu delovanju srca in o\u017eilja.<\/li>\n<li><strong>Antioksidativna za\u0161\u010dita:<\/strong> Timijan je bogat s timolom in drugimi spojinami, ki pomagajo v boju proti oksidativnemu stresu.<\/li>\n<li><strong>Brez intenzivnega vonja:<\/strong> Posebna tehnologija v mehkih kapsulah zmanj\u0161a neprijeten vonj po \u010desnu.<\/li>\n<li><strong>Priro\u010dna uporaba:<\/strong> mehke kapsule se zlahka pogoltnejo in so primerne za vsakodnevno uporabo.<\/li>\n<\/ul>\n<h2>Sestavine in njihovi u\u010dinki<\/h2>\n<p><strong>Forever Garlic-Thyme<\/strong> zdru\u017euje koncentrat olja \u010desna in timijana:<\/p>\n<ul>\n<li><strong>\u010cesen (Allium sativum):<\/strong> znan po svojih protivnetnih, imunskih in kardiovaskularnih koristih.<\/li>\n<li><strong>Timijan (Thymus vulgaris):<\/strong> Vsebuje timol in karvakrol \u2013 spojini, ki spodbujata zdravo prebavo in delovanje imunskega sistema.<\/li>\n<\/ul>\n<h2>Zakaj izbrati Forever Garlic-Thyme?<\/h2>\n<ul>\n<li><strong>Tradicionalna mo\u010d in sodobna tehnologija:<\/strong> stoletja potrjene zdravilne lastnosti, podprte s sodobnim postopkom ekstrakcije.<\/li>\n<li><strong>Primerno za vse starostne skupine:<\/strong> Izdelek je namenjen ohranjanju optimalnega zdravja krvo\u017eilnega sistema in splo\u0161ni za\u0161\u010diti telesa.<\/li>\n<li><strong>Zagotavljanje kakovosti:<\/strong> Prihaja iz linije Forever, znane po strogih standardih in \u010distosti sestavin.<\/li>\n<\/ul>\n<div style=\"border: 2px solid #4caf50; padding: 10px; margin: 15px 0;\"><strong>AloeVera Center je neodvisni Forever partner.<\/strong><br \/>\n<strong>Prejmite 15 % popusta<\/strong> na ta izdelek, \u010de kupite prek na\u0161ega priporo\u010dila!<\/div>\n<p>Potrebujete dodaten nasvet o kombiniranju <strong>Forever Garlic-Thyme<\/strong> z drugimi dodatki?<br \/>\nali ciljne izdelke iz linije Forever? Kliknite na sovo v spodnjem kotu zaslona.<br \/>\nali obi\u0161\u010dite <a href=\"https:\/\/forevercard.club\/ddglabhlcn\" target=\"_blank\" rel=\"noopener\">AI Assistant<\/a> , kjer lahko dobite <strong>15 % popusta<\/strong> na vsako naro\u010dilo.<br \/>\nNa\u0161 svetovalec za umetno inteligenco vam bo pomagal odkriti popolno rutino za krepitev va\u0161e imunosti in ohranjanje splo\u0161nega zdravja!<\/p>\n<h2>Priporo\u010deni sorodni izdelki<\/h2>\n<ul>\n<li><strong><a href=\"https:\/\/aloavera-centar.com\/proizvod\/forever-nature-min\/\" target=\"_blank\" rel=\"noopener\">Forever Nature Min<\/a><\/strong> \u2013 Minerali iz morskih globin za podporo presnovi in \u200b\u200bobrambi telesa.<\/li>\n<li><strong><a href=\"https:\/\/aloavera-centar.com\/proizvod\/forever-immublend\/\" target=\"_blank\" rel=\"noopener\">Forever Immublend<\/a><\/strong> \u2013 Vitamini in minerali za podporo imunskega sistema.<\/li>\n<li><strong><a href=\"https:\/\/aloavera-centar.com\/proizvod\/aloe-vera-gel\/\" target=\"_blank\" rel=\"noopener\">Aloe Vera Gel<\/a><\/strong> \u2013 99,7 % \u010disti napitek iz aloe vere za hidracijo in bolj\u0161o absorpcijo hranil.<\/li>\n<\/ul>\n","protected":false},"excerpt":{"rendered":"<p>Forever Garlic Thyme \u2013 kombinacija \u010desna in timijana za imunost, srce in proti oksidativnemu stresu.<\/p>\n<p>Izkoristite 15% popust na na\u0161e priporo\u010dilo!<\/p>\n","protected":false},"featured_media":16186,"comment_status":"open","ping_status":"closed","template":"","meta":[],"product_brand":[],"product_cat":[1324],"product_tag":[],"class_list":{"0":"post-16383","1":"product","2":"type-product","3":"status-publish","4":"has-post-thumbnail","6":"product_cat-prehranska-dopolnila","8":"first","9":"instock","10":"sale","11":"shipping-taxable","12":"product-type-external"},"yoast_head":"<!-- This site is optimized with the Yoast SEO Premium plugin v24.8 (Yoast SEO v27.4) - https:\/\/yoast.com\/product\/yoast-seo-premium-wordpress\/ -->\n<title>Forever Garlic-Thyme \u2013 kombinacija \u010desna in timijana!<\/title>\n<meta name=\"description\" content=\"Forever Garlic Thyme, naravna formula \u010desna in timijana za imunost in normalno raven holesterola. Izkoristite na\u0161 15% popust!\" \/>\n<meta name=\"robots\" content=\"index, follow, max-snippet:-1, max-image-preview:large, max-video-preview:-1\" \/>\n<link rel=\"canonical\" href=\"https:\/\/aloevera-centar.com\/sl\/proizvod\/za-vedno-cesen-timijan\/\" \/>\n<meta property=\"og:locale\" content=\"sl_SI\" \/>\n<meta property=\"og:type\" content=\"article\" \/>\n<meta property=\"og:title\" content=\"Za vedno \u010desen timijan\" \/>\n<meta property=\"og:description\" content=\"Forever Garlic Thyme, naravna formula \u010desna in timijana za imunost in normalno raven holesterola. Izkoristite na\u0161 15% popust!\" \/>\n<meta property=\"og:url\" content=\"https:\/\/aloevera-centar.com\/sl\/proizvod\/za-vedno-cesen-timijan\/\" \/>\n<meta property=\"og:site_name\" content=\"Aloa Vera Centar\" \/>\n<meta property=\"article:modified_time\" content=\"2025-04-21T21:56:23+00:00\" \/>\n<meta property=\"og:image\" content=\"https:\/\/aloevera-centar.com\/wp-content\/uploads\/2025\/04\/Dizajn-bez-naslova-8.jpg\" \/>\n\t<meta property=\"og:image:width\" content=\"510\" \/>\n\t<meta property=\"og:image:height\" content=\"510\" \/>\n\t<meta property=\"og:image:type\" content=\"image\/jpeg\" \/>\n<meta name=\"twitter:card\" content=\"summary_large_image\" \/>\n<meta name=\"twitter:label1\" content=\"Price\" \/>\n\t<meta name=\"twitter:data1\" content=\"26,30&nbsp;&euro;\" \/>\n\t<meta name=\"twitter:label2\" content=\"Availability\" \/>\n\t<meta name=\"twitter:data2\" content=\"In stock\" \/>\n<script type=\"application\/ld+json\" class=\"yoast-schema-graph\">{\"@context\":\"https:\\\/\\\/schema.org\",\"@graph\":[{\"@type\":[\"WebPage\",\"ItemPage\"],\"@id\":\"https:\\\/\\\/aloevera-centar.com\\\/sl\\\/proizvod\\\/za-vedno-cesen-timijan\\\/\",\"url\":\"https:\\\/\\\/aloevera-centar.com\\\/sl\\\/proizvod\\\/za-vedno-cesen-timijan\\\/\",\"name\":\"Forever Garlic-Thyme \u2013 kombinacija \u010desna in timijana!\",\"isPartOf\":{\"@id\":\"https:\\\/\\\/aloevera-centar.com\\\/sl\\\/#website\"},\"primaryImageOfPage\":{\"@id\":\"https:\\\/\\\/aloevera-centar.com\\\/sl\\\/proizvod\\\/za-vedno-cesen-timijan\\\/#primaryimage\"},\"image\":{\"@id\":\"https:\\\/\\\/aloevera-centar.com\\\/sl\\\/proizvod\\\/za-vedno-cesen-timijan\\\/#primaryimage\"},\"thumbnailUrl\":\"https:\\\/\\\/aloevera-centar.com\\\/wp-content\\\/uploads\\\/2025\\\/04\\\/Dizajn-bez-naslova-8.webp\",\"datePublished\":\"2025-04-17T04:34:34+00:00\",\"dateModified\":\"2025-04-21T21:56:23+00:00\",\"description\":\"Forever Garlic Thyme, naravna formula \u010desna in timijana za imunost in normalno raven holesterola. Izkoristite na\u0161 15% popust!\",\"breadcrumb\":{\"@id\":\"https:\\\/\\\/aloevera-centar.com\\\/sl\\\/proizvod\\\/za-vedno-cesen-timijan\\\/#breadcrumb\"},\"inLanguage\":\"sl-SI\",\"potentialAction\":[{\"@type\":\"ReadAction\",\"target\":[\"https:\\\/\\\/aloevera-centar.com\\\/sl\\\/proizvod\\\/za-vedno-cesen-timijan\\\/\"]}]},{\"@type\":\"ImageObject\",\"inLanguage\":\"sl-SI\",\"@id\":\"https:\\\/\\\/aloevera-centar.com\\\/sl\\\/proizvod\\\/za-vedno-cesen-timijan\\\/#primaryimage\",\"url\":\"https:\\\/\\\/aloevera-centar.com\\\/wp-content\\\/uploads\\\/2025\\\/04\\\/Dizajn-bez-naslova-8.webp\",\"contentUrl\":\"https:\\\/\\\/aloevera-centar.com\\\/wp-content\\\/uploads\\\/2025\\\/04\\\/Dizajn-bez-naslova-8.webp\",\"width\":510,\"height\":510},{\"@type\":\"BreadcrumbList\",\"@id\":\"https:\\\/\\\/aloevera-centar.com\\\/sl\\\/proizvod\\\/za-vedno-cesen-timijan\\\/#breadcrumb\",\"itemListElement\":[{\"@type\":\"ListItem\",\"position\":1,\"name\":\"\u0160tevilka Stranica\",\"item\":\"https:\\\/\\\/aloevera-centar.com\\\/sl\\\/center-za-aloe-vero\\\/\"},{\"@type\":\"ListItem\",\"position\":2,\"name\":\"Shop\",\"item\":\"https:\\\/\\\/aloevera-centar.com\\\/sl\\\/shop\\\/\"},{\"@type\":\"ListItem\",\"position\":3,\"name\":\"Za vedno \u010desen timijan\"}]},{\"@type\":\"WebSite\",\"@id\":\"https:\\\/\\\/aloevera-centar.com\\\/sl\\\/#website\",\"url\":\"https:\\\/\\\/aloevera-centar.com\\\/sl\\\/\",\"name\":\"Aloa Vera Centar\",\"description\":\"Aloe Vera Centar\",\"potentialAction\":[{\"@type\":\"SearchAction\",\"target\":{\"@type\":\"EntryPoint\",\"urlTemplate\":\"https:\\\/\\\/aloevera-centar.com\\\/sl\\\/?s={search_term_string}\"},\"query-input\":{\"@type\":\"PropertyValueSpecification\",\"valueRequired\":true,\"valueName\":\"search_term_string\"}}],\"inLanguage\":\"sl-SI\"}]}<\/script>\n<meta property=\"product:price:amount\" content=\"26.30\" \/>\n<meta property=\"product:price:currency\" content=\"EUR\" \/>\n<meta property=\"og:availability\" content=\"instock\" \/>\n<meta property=\"product:availability\" content=\"instock\" \/>\n<meta property=\"product:retailer_item_id\" content=\"065\" \/>\n<meta property=\"product:condition\" content=\"new\" \/>\n<!-- \/ Yoast SEO Premium plugin. -->","yoast_head_json":{"title":"Forever Garlic-Thyme \u2013 kombinacija \u010desna in timijana!","description":"Forever Garlic Thyme, naravna formula \u010desna in timijana za imunost in normalno raven holesterola. Izkoristite na\u0161 15% popust!","robots":{"index":"index","follow":"follow","max-snippet":"max-snippet:-1","max-image-preview":"max-image-preview:large","max-video-preview":"max-video-preview:-1"},"canonical":"https:\/\/aloevera-centar.com\/sl\/proizvod\/za-vedno-cesen-timijan\/","og_locale":"sl_SI","og_type":"article","og_title":"Za vedno \u010desen timijan","og_description":"Forever Garlic Thyme, naravna formula \u010desna in timijana za imunost in normalno raven holesterola. Izkoristite na\u0161 15% popust!","og_url":"https:\/\/aloevera-centar.com\/sl\/proizvod\/za-vedno-cesen-timijan\/","og_site_name":"Aloa Vera Centar","article_modified_time":"2025-04-21T21:56:23+00:00","og_image":[{"width":510,"height":510,"url":"https:\/\/aloevera-centar.com\/wp-content\/uploads\/2025\/04\/Dizajn-bez-naslova-8.jpg","type":"image\/jpeg"}],"twitter_card":"summary_large_image","twitter_misc":{"Price":"26,30&nbsp;&euro;","Availability":"In stock"},"schema":{"@context":"https:\/\/schema.org","@graph":[{"@type":["WebPage","ItemPage"],"@id":"https:\/\/aloevera-centar.com\/sl\/proizvod\/za-vedno-cesen-timijan\/","url":"https:\/\/aloevera-centar.com\/sl\/proizvod\/za-vedno-cesen-timijan\/","name":"Forever Garlic-Thyme \u2013 kombinacija \u010desna in timijana!","isPartOf":{"@id":"https:\/\/aloevera-centar.com\/sl\/#website"},"primaryImageOfPage":{"@id":"https:\/\/aloevera-centar.com\/sl\/proizvod\/za-vedno-cesen-timijan\/#primaryimage"},"image":{"@id":"https:\/\/aloevera-centar.com\/sl\/proizvod\/za-vedno-cesen-timijan\/#primaryimage"},"thumbnailUrl":"https:\/\/aloevera-centar.com\/wp-content\/uploads\/2025\/04\/Dizajn-bez-naslova-8.webp","datePublished":"2025-04-17T04:34:34+00:00","dateModified":"2025-04-21T21:56:23+00:00","description":"Forever Garlic Thyme, naravna formula \u010desna in timijana za imunost in normalno raven holesterola. Izkoristite na\u0161 15% popust!","breadcrumb":{"@id":"https:\/\/aloevera-centar.com\/sl\/proizvod\/za-vedno-cesen-timijan\/#breadcrumb"},"inLanguage":"sl-SI","potentialAction":[{"@type":"ReadAction","target":["https:\/\/aloevera-centar.com\/sl\/proizvod\/za-vedno-cesen-timijan\/"]}]},{"@type":"ImageObject","inLanguage":"sl-SI","@id":"https:\/\/aloevera-centar.com\/sl\/proizvod\/za-vedno-cesen-timijan\/#primaryimage","url":"https:\/\/aloevera-centar.com\/wp-content\/uploads\/2025\/04\/Dizajn-bez-naslova-8.webp","contentUrl":"https:\/\/aloevera-centar.com\/wp-content\/uploads\/2025\/04\/Dizajn-bez-naslova-8.webp","width":510,"height":510},{"@type":"BreadcrumbList","@id":"https:\/\/aloevera-centar.com\/sl\/proizvod\/za-vedno-cesen-timijan\/#breadcrumb","itemListElement":[{"@type":"ListItem","position":1,"name":"\u0160tevilka Stranica","item":"https:\/\/aloevera-centar.com\/sl\/center-za-aloe-vero\/"},{"@type":"ListItem","position":2,"name":"Shop","item":"https:\/\/aloevera-centar.com\/sl\/shop\/"},{"@type":"ListItem","position":3,"name":"Za vedno \u010desen timijan"}]},{"@type":"WebSite","@id":"https:\/\/aloevera-centar.com\/sl\/#website","url":"https:\/\/aloevera-centar.com\/sl\/","name":"Aloa Vera Centar","description":"Aloe Vera Centar","potentialAction":[{"@type":"SearchAction","target":{"@type":"EntryPoint","urlTemplate":"https:\/\/aloevera-centar.com\/sl\/?s={search_term_string}"},"query-input":{"@type":"PropertyValueSpecification","valueRequired":true,"valueName":"search_term_string"}}],"inLanguage":"sl-SI"}]},"product_price_amount":"26.30","product_price_currency":"EUR","og_availability":"instock","product_availability":"instock","product_retailer_item_id":"065","product_condition":"new"},"_links":{"self":[{"href":"https:\/\/aloevera-centar.com\/sl\/wp-json\/wp\/v2\/product\/16383","targetHints":{"allow":["GET"]}}],"collection":[{"href":"https:\/\/aloevera-centar.com\/sl\/wp-json\/wp\/v2\/product"}],"about":[{"href":"https:\/\/aloevera-centar.com\/sl\/wp-json\/wp\/v2\/types\/product"}],"replies":[{"embeddable":true,"href":"https:\/\/aloevera-centar.com\/sl\/wp-json\/wp\/v2\/comments?post=16383"}],"wp:featuredmedia":[{"embeddable":true,"href":"https:\/\/aloevera-centar.com\/sl\/wp-json\/wp\/v2\/media\/16186"}],"wp:attachment":[{"href":"https:\/\/aloevera-centar.com\/sl\/wp-json\/wp\/v2\/media?parent=16383"}],"wp:term":[{"taxonomy":"product_brand","embeddable":true,"href":"https:\/\/aloevera-centar.com\/sl\/wp-json\/wp\/v2\/product_brand?post=16383"},{"taxonomy":"product_cat","embeddable":true,"href":"https:\/\/aloevera-centar.com\/sl\/wp-json\/wp\/v2\/product_cat?post=16383"},{"taxonomy":"product_tag","embeddable":true,"href":"https:\/\/aloevera-centar.com\/sl\/wp-json\/wp\/v2\/product_tag?post=16383"}],"curies":[{"name":"wp","href":"https:\/\/api.w.org\/{rel}","templated":true}]}}