{"id":16379,"date":"2025-04-17T06:53:24","date_gmt":"2025-04-17T04:53:24","guid":{"rendered":"https:\/\/aloevera-centar.com\/proizvod\/forever-aloe-tower\/"},"modified":"2025-04-21T21:56:19","modified_gmt":"2025-04-21T21:56:19","slug":"forever-aloe-tower","status":"publish","type":"product","link":"https:\/\/aloevera-centar.com\/sl\/proizvod\/forever-aloe-tower\/","title":{"rendered":"Forever Aloe Tower"},"content":{"rendered":"<h1>Forever AloeTurm \u2013 Mo\u010dna kombinacija aloe vere in kurkume<\/h1>\n<p><strong>Forever AloeTurm<\/strong> prina\u0161a izjemno sinergijo <strong>aloe vere<\/strong> in<br \/>\n<strong>kurkuma (curcumin)<\/strong> , ena najbolj raziskanih in najbolj cenjenih rastlin zaradi svojih<br \/>\nprotivnetno in antioksidativno delovanje ( <a href=\"https:\/\/pubmed.ncbi.nlm.nih.gov\/?term=turmeric\" target=\"_blank\" rel=\"noopener\">znanstveni \u010dlanki o kurkumi<\/a> ).<br \/>\nKo se zdru\u017eijo blagodejne lastnosti aloe vere, znane po pomirjujo\u010dem in regenerativnem delovanju na telo,<br \/>\ns \u0161tevilnimi koristmi <em>kurkume<\/em> dobite mo\u010dno in prakti\u010dno formulo za bolj\u0161o podporo imunosti<br \/>\nmetabolizem in zdravje sklepov. <strong>Forever AloeTurm<\/strong> torej pomaga vzdr\u017eevati<br \/>\n<strong>aktivnost, energijo in vitalnost<\/strong> v vsakdanjem \u017eivljenju.<\/p>\n<h2>Prednosti za vas<\/h2>\n<ul>\n<li><strong>Naravna protivnetna podpora:<\/strong> Kurkumin je cenjen zaradi u\u010dinkovanja na zmanj\u0161evanje vnetnih procesov v telesu.<\/li>\n<li><strong>Aloe vera za razstrupljanje:<\/strong> Aloe vera spodbuja zdravje prebave in pomaga pri naravni regeneraciji celic.<\/li>\n<li><strong>Antioksidativna za\u0161\u010dita:<\/strong> Kurkuma in aloe vera vsebujeta spojine, ki pomagajo nevtralizirati proste radikale.<\/li>\n<li><strong>Bolj\u0161a presnova in energija:<\/strong> podpira normalno delovanje jeter in pomaga vzdr\u017eevati optimalno raven energije.<\/li>\n<li><strong>Enostaven za uporabo:<\/strong> Prakti\u010dna formula, pripravljena za vsakodnevno uporabo, brez potrebe po zapleteni pripravi.<\/li>\n<\/ul>\n<h2>Sestavine in njihovi u\u010dinki<\/h2>\n<p><strong>Forever AloeTurm<\/strong> zdru\u017euje <em>stabilizirano aloe vero<\/em> in <em>kurkumo<\/em> (kurkumin),<br \/>\npogosto z dodatkom vitaminov ali drugih podpornih sestavin, ki pove\u010dajo biolo\u0161ko uporabnost kurkumina.<\/p>\n<ul>\n<li><strong>Aloe vera:<\/strong> podpira delovanje prebavnega sistema, pomaga pri razstrupljanju in prispeva k naravni imunosti.<\/li>\n<li><strong>Kurkuminoidi:<\/strong> glavne aktivne sestavine kurkume z dokazanim protivnetnim in antioksidativnim delovanjem.<\/li>\n<\/ul>\n<h2>Zakaj izbrati Forever Aloe Turm?<\/h2>\n<ul>\n<li><strong>Sinergija dveh rastlin:<\/strong> Aloe vera in kurkuma se tradicionalno uporabljata za zdravje prebave, sklepov in imunskega sistema.<\/li>\n<li><strong>Visoka kakovost in stabilnost:<\/strong> Forever je svetovno priznan po svojih strogih standardih ter \u010distosti in biolo\u0161ki uporabnosti svojih sestavin.<\/li>\n<li><strong>Enostavno za vsakodnevno rutino:<\/strong> Primerno za vsakogar, ki \u017eeli mo\u010dno naravno podporo svojemu telesu.<\/li>\n<\/ul>\n<div style=\"border: 2px solid #4caf50; padding: 10px; margin: 15px 0;\"><strong>AloeVera Center je neodvisni Forever partner.<\/strong><br \/>\n<strong>Prejmite 15 % popusta<\/strong> na ta izdelek, \u010de kupite prek na\u0161ega priporo\u010dila!<\/div>\n<p>I\u0161\u010dete nasvet o kombiniranju <strong>Forever AloeTurm<\/strong> z drugimi dodatki?<br \/>\nKliknite na sovico v spodnjem kotu ali obi\u0161\u010dite <a href=\"https:\/\/forevercard.club\/popust\" target=\"_blank\" rel=\"noopener\">pomo\u010dnika AI<\/a> , kjer lahko dobite tudi <strong>15% popust<\/strong> na naro\u010dilo.<\/p>\n<p>Na\u0161 svetovalec za AI vam bo pomagal najti popolno rutino za zdravje prebave, sklepov in imunskega sistema!<\/p>\n<h2>Priporo\u010deni sorodni izdelki<\/h2>\n<ul>\n<li><strong><a href=\"https:\/\/aloavera-centar.com\/proizvod\/aloe-vera-gel\/\" target=\"_blank\" rel=\"noopener\">Aloe Vera Gel<\/a><\/strong> \u2013 99,7 % \u010disti napitek iz aloe vere za razstrupljanje in podporo imunosti.<\/li>\n<li><strong><a href=\"https:\/\/aloavera-centar.com\/proizvod\/forever-immublend\/\" target=\"_blank\" rel=\"noopener\">Forever Immublend<\/a><\/strong> \u2013 vitamini in minerali za splo\u0161no imunsko podporo.<\/li>\n<li><strong><a href=\"https:\/\/aloavera-centar.com\/proizvod\/forever-lean\/\" target=\"_blank\" rel=\"noopener\">Forever Lean<\/a><\/strong> \u2013 naravno blokiranje ma\u0161\u010dob in ogljikovih hidratov za zdravo telesno maso.<\/li>\n<\/ul>\n","protected":false},"excerpt":{"rendered":"<p>Forever AloeTurm \u2013 sinergija aloe vere in kurkume za naravno protivnetno, antioksidativno in prebavno podporo.<\/p>\n<p>Izkoristite 15% popust na na\u0161e priporo\u010dilo!<\/p>\n","protected":false},"featured_media":16188,"comment_status":"open","ping_status":"closed","template":"","meta":[],"product_brand":[],"product_cat":[1324],"product_tag":[],"class_list":{"0":"post-16379","1":"product","2":"type-product","3":"status-publish","4":"has-post-thumbnail","6":"product_cat-prehranska-dopolnila","8":"first","9":"instock","10":"sale","11":"shipping-taxable","12":"product-type-external"},"yoast_head":"<!-- This site is optimized with the Yoast SEO Premium plugin v24.8 (Yoast SEO v27.4) - https:\/\/yoast.com\/product\/yoast-seo-premium-wordpress\/ -->\n<title>Forever AloeTurm \u2013 Aloe vera in kurkuma za celostno podporo<\/title>\n<meta name=\"description\" content=\"Forever AloeTurm, me\u0161anica aloe vere in kurkume, pomaga pri imunosti, prebavi in \u200b\u200bsklepih. Izkoristite na\u0161 15% popust!\" \/>\n<meta name=\"robots\" content=\"index, follow, max-snippet:-1, max-image-preview:large, max-video-preview:-1\" \/>\n<link rel=\"canonical\" href=\"https:\/\/aloevera-centar.com\/sl\/proizvod\/forever-aloe-tower\/\" \/>\n<meta property=\"og:locale\" content=\"sl_SI\" \/>\n<meta property=\"og:type\" content=\"article\" \/>\n<meta property=\"og:title\" content=\"Forever Aloe Tower\" \/>\n<meta property=\"og:description\" content=\"Forever AloeTurm, me\u0161anica aloe vere in kurkume, pomaga pri imunosti, prebavi in \u200b\u200bsklepih. Izkoristite na\u0161 15% popust!\" \/>\n<meta property=\"og:url\" content=\"https:\/\/aloevera-centar.com\/sl\/proizvod\/forever-aloe-tower\/\" \/>\n<meta property=\"og:site_name\" content=\"Aloa Vera Centar\" \/>\n<meta property=\"article:modified_time\" content=\"2025-04-21T21:56:19+00:00\" \/>\n<meta property=\"og:image\" content=\"https:\/\/aloevera-centar.com\/wp-content\/uploads\/2025\/04\/Forever-AloeTurm.jpg\" \/>\n\t<meta property=\"og:image:width\" content=\"510\" \/>\n\t<meta property=\"og:image:height\" content=\"510\" \/>\n\t<meta property=\"og:image:type\" content=\"image\/jpeg\" \/>\n<meta name=\"twitter:card\" content=\"summary_large_image\" \/>\n<meta name=\"twitter:label1\" content=\"Price\" \/>\n\t<meta name=\"twitter:data1\" content=\"7,25&nbsp;&euro;\" \/>\n\t<meta name=\"twitter:label2\" content=\"Availability\" \/>\n\t<meta name=\"twitter:data2\" content=\"In stock\" \/>\n<script type=\"application\/ld+json\" class=\"yoast-schema-graph\">{\"@context\":\"https:\\\/\\\/schema.org\",\"@graph\":[{\"@type\":[\"WebPage\",\"ItemPage\"],\"@id\":\"https:\\\/\\\/aloevera-centar.com\\\/sl\\\/proizvod\\\/forever-aloe-tower\\\/\",\"url\":\"https:\\\/\\\/aloevera-centar.com\\\/sl\\\/proizvod\\\/forever-aloe-tower\\\/\",\"name\":\"Forever AloeTurm \u2013 Aloe vera in kurkuma za celostno podporo\",\"isPartOf\":{\"@id\":\"https:\\\/\\\/aloevera-centar.com\\\/sl\\\/#website\"},\"primaryImageOfPage\":{\"@id\":\"https:\\\/\\\/aloevera-centar.com\\\/sl\\\/proizvod\\\/forever-aloe-tower\\\/#primaryimage\"},\"image\":{\"@id\":\"https:\\\/\\\/aloevera-centar.com\\\/sl\\\/proizvod\\\/forever-aloe-tower\\\/#primaryimage\"},\"thumbnailUrl\":\"https:\\\/\\\/aloevera-centar.com\\\/wp-content\\\/uploads\\\/2025\\\/04\\\/Forever-AloeTurm.webp\",\"datePublished\":\"2025-04-17T04:53:24+00:00\",\"dateModified\":\"2025-04-21T21:56:19+00:00\",\"description\":\"Forever AloeTurm, me\u0161anica aloe vere in kurkume, pomaga pri imunosti, prebavi in \u200b\u200bsklepih. Izkoristite na\u0161 15% popust!\",\"breadcrumb\":{\"@id\":\"https:\\\/\\\/aloevera-centar.com\\\/sl\\\/proizvod\\\/forever-aloe-tower\\\/#breadcrumb\"},\"inLanguage\":\"sl-SI\",\"potentialAction\":[{\"@type\":\"ReadAction\",\"target\":[\"https:\\\/\\\/aloevera-centar.com\\\/sl\\\/proizvod\\\/forever-aloe-tower\\\/\"]}]},{\"@type\":\"ImageObject\",\"inLanguage\":\"sl-SI\",\"@id\":\"https:\\\/\\\/aloevera-centar.com\\\/sl\\\/proizvod\\\/forever-aloe-tower\\\/#primaryimage\",\"url\":\"https:\\\/\\\/aloevera-centar.com\\\/wp-content\\\/uploads\\\/2025\\\/04\\\/Forever-AloeTurm.webp\",\"contentUrl\":\"https:\\\/\\\/aloevera-centar.com\\\/wp-content\\\/uploads\\\/2025\\\/04\\\/Forever-AloeTurm.webp\",\"width\":510,\"height\":510},{\"@type\":\"BreadcrumbList\",\"@id\":\"https:\\\/\\\/aloevera-centar.com\\\/sl\\\/proizvod\\\/forever-aloe-tower\\\/#breadcrumb\",\"itemListElement\":[{\"@type\":\"ListItem\",\"position\":1,\"name\":\"\u0160tevilka Stranica\",\"item\":\"https:\\\/\\\/aloevera-centar.com\\\/sl\\\/center-za-aloe-vero\\\/\"},{\"@type\":\"ListItem\",\"position\":2,\"name\":\"Shop\",\"item\":\"https:\\\/\\\/aloevera-centar.com\\\/sl\\\/shop\\\/\"},{\"@type\":\"ListItem\",\"position\":3,\"name\":\"Forever Aloe Tower\"}]},{\"@type\":\"WebSite\",\"@id\":\"https:\\\/\\\/aloevera-centar.com\\\/sl\\\/#website\",\"url\":\"https:\\\/\\\/aloevera-centar.com\\\/sl\\\/\",\"name\":\"Aloa Vera Centar\",\"description\":\"Aloe Vera Centar\",\"potentialAction\":[{\"@type\":\"SearchAction\",\"target\":{\"@type\":\"EntryPoint\",\"urlTemplate\":\"https:\\\/\\\/aloevera-centar.com\\\/sl\\\/?s={search_term_string}\"},\"query-input\":{\"@type\":\"PropertyValueSpecification\",\"valueRequired\":true,\"valueName\":\"search_term_string\"}}],\"inLanguage\":\"sl-SI\"}]}<\/script>\n<meta property=\"product:price:amount\" content=\"7.25\" \/>\n<meta property=\"product:price:currency\" content=\"EUR\" \/>\n<meta property=\"og:availability\" content=\"instock\" \/>\n<meta property=\"product:availability\" content=\"instock\" \/>\n<meta property=\"product:retailer_item_id\" content=\"676\" \/>\n<meta property=\"product:condition\" content=\"new\" \/>\n<!-- \/ Yoast SEO Premium plugin. -->","yoast_head_json":{"title":"Forever AloeTurm \u2013 Aloe vera in kurkuma za celostno podporo","description":"Forever AloeTurm, me\u0161anica aloe vere in kurkume, pomaga pri imunosti, prebavi in \u200b\u200bsklepih. Izkoristite na\u0161 15% popust!","robots":{"index":"index","follow":"follow","max-snippet":"max-snippet:-1","max-image-preview":"max-image-preview:large","max-video-preview":"max-video-preview:-1"},"canonical":"https:\/\/aloevera-centar.com\/sl\/proizvod\/forever-aloe-tower\/","og_locale":"sl_SI","og_type":"article","og_title":"Forever Aloe Tower","og_description":"Forever AloeTurm, me\u0161anica aloe vere in kurkume, pomaga pri imunosti, prebavi in \u200b\u200bsklepih. Izkoristite na\u0161 15% popust!","og_url":"https:\/\/aloevera-centar.com\/sl\/proizvod\/forever-aloe-tower\/","og_site_name":"Aloa Vera Centar","article_modified_time":"2025-04-21T21:56:19+00:00","og_image":[{"width":510,"height":510,"url":"https:\/\/aloevera-centar.com\/wp-content\/uploads\/2025\/04\/Forever-AloeTurm.jpg","type":"image\/jpeg"}],"twitter_card":"summary_large_image","twitter_misc":{"Price":"7,25&nbsp;&euro;","Availability":"In stock"},"schema":{"@context":"https:\/\/schema.org","@graph":[{"@type":["WebPage","ItemPage"],"@id":"https:\/\/aloevera-centar.com\/sl\/proizvod\/forever-aloe-tower\/","url":"https:\/\/aloevera-centar.com\/sl\/proizvod\/forever-aloe-tower\/","name":"Forever AloeTurm \u2013 Aloe vera in kurkuma za celostno podporo","isPartOf":{"@id":"https:\/\/aloevera-centar.com\/sl\/#website"},"primaryImageOfPage":{"@id":"https:\/\/aloevera-centar.com\/sl\/proizvod\/forever-aloe-tower\/#primaryimage"},"image":{"@id":"https:\/\/aloevera-centar.com\/sl\/proizvod\/forever-aloe-tower\/#primaryimage"},"thumbnailUrl":"https:\/\/aloevera-centar.com\/wp-content\/uploads\/2025\/04\/Forever-AloeTurm.webp","datePublished":"2025-04-17T04:53:24+00:00","dateModified":"2025-04-21T21:56:19+00:00","description":"Forever AloeTurm, me\u0161anica aloe vere in kurkume, pomaga pri imunosti, prebavi in \u200b\u200bsklepih. Izkoristite na\u0161 15% popust!","breadcrumb":{"@id":"https:\/\/aloevera-centar.com\/sl\/proizvod\/forever-aloe-tower\/#breadcrumb"},"inLanguage":"sl-SI","potentialAction":[{"@type":"ReadAction","target":["https:\/\/aloevera-centar.com\/sl\/proizvod\/forever-aloe-tower\/"]}]},{"@type":"ImageObject","inLanguage":"sl-SI","@id":"https:\/\/aloevera-centar.com\/sl\/proizvod\/forever-aloe-tower\/#primaryimage","url":"https:\/\/aloevera-centar.com\/wp-content\/uploads\/2025\/04\/Forever-AloeTurm.webp","contentUrl":"https:\/\/aloevera-centar.com\/wp-content\/uploads\/2025\/04\/Forever-AloeTurm.webp","width":510,"height":510},{"@type":"BreadcrumbList","@id":"https:\/\/aloevera-centar.com\/sl\/proizvod\/forever-aloe-tower\/#breadcrumb","itemListElement":[{"@type":"ListItem","position":1,"name":"\u0160tevilka Stranica","item":"https:\/\/aloevera-centar.com\/sl\/center-za-aloe-vero\/"},{"@type":"ListItem","position":2,"name":"Shop","item":"https:\/\/aloevera-centar.com\/sl\/shop\/"},{"@type":"ListItem","position":3,"name":"Forever Aloe Tower"}]},{"@type":"WebSite","@id":"https:\/\/aloevera-centar.com\/sl\/#website","url":"https:\/\/aloevera-centar.com\/sl\/","name":"Aloa Vera Centar","description":"Aloe Vera Centar","potentialAction":[{"@type":"SearchAction","target":{"@type":"EntryPoint","urlTemplate":"https:\/\/aloevera-centar.com\/sl\/?s={search_term_string}"},"query-input":{"@type":"PropertyValueSpecification","valueRequired":true,"valueName":"search_term_string"}}],"inLanguage":"sl-SI"}]},"product_price_amount":"7.25","product_price_currency":"EUR","og_availability":"instock","product_availability":"instock","product_retailer_item_id":"676","product_condition":"new"},"_links":{"self":[{"href":"https:\/\/aloevera-centar.com\/sl\/wp-json\/wp\/v2\/product\/16379","targetHints":{"allow":["GET"]}}],"collection":[{"href":"https:\/\/aloevera-centar.com\/sl\/wp-json\/wp\/v2\/product"}],"about":[{"href":"https:\/\/aloevera-centar.com\/sl\/wp-json\/wp\/v2\/types\/product"}],"replies":[{"embeddable":true,"href":"https:\/\/aloevera-centar.com\/sl\/wp-json\/wp\/v2\/comments?post=16379"}],"wp:featuredmedia":[{"embeddable":true,"href":"https:\/\/aloevera-centar.com\/sl\/wp-json\/wp\/v2\/media\/16188"}],"wp:attachment":[{"href":"https:\/\/aloevera-centar.com\/sl\/wp-json\/wp\/v2\/media?parent=16379"}],"wp:term":[{"taxonomy":"product_brand","embeddable":true,"href":"https:\/\/aloevera-centar.com\/sl\/wp-json\/wp\/v2\/product_brand?post=16379"},{"taxonomy":"product_cat","embeddable":true,"href":"https:\/\/aloevera-centar.com\/sl\/wp-json\/wp\/v2\/product_cat?post=16379"},{"taxonomy":"product_tag","embeddable":true,"href":"https:\/\/aloevera-centar.com\/sl\/wp-json\/wp\/v2\/product_tag?post=16379"}],"curies":[{"name":"wp","href":"https:\/\/api.w.org\/{rel}","templated":true}]}}