{"id":16243,"date":"2015-11-20T08:27:14","date_gmt":"2015-11-20T07:27:14","guid":{"rendered":"https:\/\/aloevera-centar.com\/spletna-trgovina-forever-living\/"},"modified":"2015-11-20T08:27:14","modified_gmt":"2015-11-20T08:27:14","slug":"spletna-trgovina-forever-living","status":"publish","type":"page","link":"https:\/\/aloevera-centar.com\/sl\/spletna-trgovina-forever-living\/","title":{"rendered":"Spletna trgovina Forever Living"},"content":{"rendered":"<p>[page_header style=&#8221;normal&#8221; title=&#8221;Spletna trgovina Forever Living&#8221; bg_color=&#8221;#446084&#8243;]<\/p>\n<p>[section bg_color=&#8221;rgb(241, 241, 241)&#8221; padding=&#8221;8px&#8221; margin=&#8221;15px&#8221;]<\/p>\n<p>[row style=&#8221;collapse&#8221; col_style=&#8221;dashed&#8221;]<\/p>\n<p>[col span=&#8221;4&#8243; span__sm=&#8221;12&#8243; padding=&#8221;0px 15px 0px 15px&#8221; align=&#8221;center&#8221;]<\/p>\n<p>[featured_box img=&#8221;11&#8243; img_width=&#8221;20&#8243; pos=&#8221;left&#8221; margin=&#8221;px px px px&#8221;]<\/p>\n<p><span style=\"font-size: 90%;\"><b>Hitra GLS dostava<\/b> *  <\/span><\/p>\n<p>[\/featured_box]<\/p>\n<p>[\/col]<br \/>\n[col span=&#8221;4&#8243; span__sm=&#8221;12&#8243; padding=&#8221;0px 15px 0px 15px&#8221;]<\/p>\n<p>[featured_box img=&#8221;11&#8243; img_width=&#8221;20&#8243; pos=&#8221;left&#8221; margin=&#8221;px px px px&#8221;]<\/p>\n<p>Ve\u010d kot <strong>980.000<\/strong> zadovoljnih strank<\/p>\n<p>[\/featured_box]<\/p>\n<p>[\/col]<br \/>\n[col span=&#8221;4&#8243; span__sm=&#8221;12&#8243; padding=&#8221;0px 15px 0px 15px&#8221;]<\/p>\n<p>[featured_box img=&#8221;11&#8243; img_width=&#8221;20&#8243; pos=&#8221;left&#8221; margin=&#8221;px px px px&#8221;]<\/p>\n<p>Do <strong>48%<\/strong> popust na redne cene<\/p>\n<p>[\/featured_box]<\/p>\n<p>[\/col]<\/p>\n<p>[\/row]<\/p>\n<p>[\/section]<br \/>\n[row]<\/p>\n<p>[col span=&#8221;8&#8243; span__sm=&#8221;12&#8243;]<\/p>\n<p>[ux_video url=&#8221;https:\/\/youtu.be\/Y3r22fcPXtQ&#8221;]<\/p>\n<p>[\/col]<br \/>\n[col span=&#8221;4&#8243; span__sm=&#8221;12&#8243;]<\/p>\n<p>[ux_banner height=&#8221;160px&#8221; bg=&#8221;12&#8243; bg_size=&#8221;medium&#8221; bg_overlay=&#8221;rgba(0, 0, 0, 0.13)&#8221; bg_pos=&#8221;47% 55%&#8221; hover=&#8221;zoom&#8221;]<\/p>\n<p>[text_box width=&#8221;87&#8243; position_x=&#8221;50&#8243; position_y=&#8221;50&#8243;]<\/p>\n<h3 class=\"alt-font\">Forever Living Products<\/h3>\n<h3 class=\"uppercase\"><span style=\"font-size: 130%;\"><strong>5% popust na pakete<\/strong><\/span><\/h3>\n<p>[ux_countdown bg_color=&#8221;rgba(255, 255, 255, 0.17)&#8221; year=&#8221;2023&#8243; month=&#8221;9&#8243; day=&#8221;24&#8243; t_week=&#8221;tjedana&#8221; t_day=&#8221;dana&#8221; t_hour=&#8221;sati&#8221; t_min=&#8221;minuta&#8221; t_sec=&#8221;sekundi&#8221;]<\/p>\n<p>[button text=&#8221;Izdelki v akciji!&#8221; size=&#8221;larger&#8221;]<\/p>\n<p>[\/text_box]<\/p>\n<p>[\/ux_banner]<br \/>\n[ux_menu divider=&#8221;solid&#8221;]<\/p>\n<p>[ux_menu_link text=&#8221;C9 Za vedno &#8211; Vanilija&#8221; post=&#8221;655&#8243;]<\/p>\n<p>[ux_menu_link text=&#8221;C9 Forever &#8211; \u010cokolada&#8221; post=&#8221;652&#8243;]<\/p>\n<p>[ux_menu_link text=&#8221;Aloe Vera Gel &#8211; Trippack&#8221; post=&#8221;300&#8243;]<\/p>\n<p>[ux_menu_link text=&#8221;Forever Berry Nectar &#8211; Trippack&#8221; post=&#8221;304&#8243;]<\/p>\n<p>[ux_menu_link text=&#8221;Aloe Breskve &#8211; Vampi&#8221; post=&#8221;308&#8243;]<\/p>\n<p>[ux_menu_link text=&#8221;Aloe Vera Gel &#8211; Combo&#8221; post=&#8221;528&#8243;]<\/p>\n<p>[\/ux_menu]<\/p>\n<p>[\/col]<\/p>\n<p>[\/row]<br \/>\n[ux_text line_height=&#8221;1.7&#8243; text_align=&#8221;center&#8221;]<\/p>\n<h3 style=\"padding-left: 40px;\"><strong>Spletna trgovina Forever Living!<\/strong><\/h3>\n<p style=\"padding-left: 40px;\">Izkoristite neverjetne prednosti naro\u010danja izdelkov v spletni trgovini Forever Living preko na\u0161ega priporo\u010dila. Zagotovite si stalne popuste, strokovne nasvete ter vso pomo\u010d in podporo, ki jo potrebujete pri izbiri izdelkov zase in za svojo dru\u017eino. <\/p>\n<p style=\"padding-left: 40px;\">Z ve\u010d kot 4500 poslovnimi partnerji v ekipi smo v <a href=\"https:\/\/www.foreverliving.hr\/?id=760944\">podjetju Forever<\/a> dosegli vodilne polo\u017eaje v svetu.<\/p>\n<p style=\"padding-left: 40px;\">S profesionalnim pristopom bomo izvedli vsa potrebna dejanja v zvezi z naro\u010danjem izdelkov preko spletne trgovine Forever Living, vam zagotovili dodatne popuste ter vse potrebne informacije in nasvete o prehrani in najbolj\u0161i izbiri Forever izdelkov.<\/p>\n<p style=\"padding-left: 40px;\">Po prvem naro\u010dilu pri Forever Living Products postanete registrirana stranka podjetja in \u010dlan na\u0161e ekipe.<\/p>\n<p style=\"padding-left: 40px;\">Vam, kot tudi vsem ostalim \u010dlanom na\u0161e ekipe, vam je na voljo celotna na\u0161a organizacija. Naro\u010dite izdelke prek spletne trgovine Forever Living Products in postanite del na\u0161e ekipe ter si prislu\u017eite pravico do brezpla\u010dne spletne zdravstvene vzgoje. <\/p>\n<p>[\/ux_text]<br \/>\n[ux_products columns=&#8221;5&#8243; cat=&#8221;73&#8243; products=&#8221;6&#8243; orderby=&#8221;sales&#8221;]<\/p>\n<p>[ux_products columns=&#8221;5&#8243; orderby=&#8221;sales&#8221; show=&#8221;onsale&#8221;]<\/p>\n<p>[ux_product_categories style=&#8221;bounce&#8221; image_height=&#8221;107%&#8221;]<\/p>\n","protected":false},"excerpt":{"rendered":"<p>[page_header style=&#8221;normal&#8221; title=&#8221;Spletna trgovina Forever Living&#8221; bg_color=&#8221;#446084&#8243;] [section bg_color=&#8221;rgb(241, 241,  [&#8230;]<\/p>\n","protected":false},"author":1,"featured_media":0,"parent":0,"menu_order":9,"comment_status":"closed","ping_status":"closed","template":"page-blank.php","meta":{"footnotes":""},"class_list":["post-16243","page","type-page","status-publish","hentry"],"yoast_head":"<!-- This site is optimized with the Yoast SEO Premium plugin v24.8 (Yoast SEO v27.5) - https:\/\/yoast.com\/product\/yoast-seo-premium-wordpress\/ -->\n<title>Spletna trgovina Forever Living - Aloa Vera Centar Living Products!<\/title>\n<meta name=\"description\" content=\"Spletna trgovina Forever Living za spletno naro\u010danje zni\u017eanih izdelkov. Naro\u010dite Forever Living Products prek na\u0161ega spletnega priporo\u010dila!\" \/>\n<meta name=\"robots\" content=\"index, follow, max-snippet:-1, max-image-preview:large, max-video-preview:-1\" \/>\n<link rel=\"canonical\" href=\"https:\/\/aloevera-centar.com\/sl\/spletna-trgovina-forever-living\/\" \/>\n<meta property=\"og:locale\" content=\"sl_SI\" \/>\n<meta property=\"og:type\" content=\"article\" \/>\n<meta property=\"og:title\" content=\"Spletna trgovina Forever Living\" \/>\n<meta property=\"og:description\" content=\"Spletna trgovina Forever Living za spletno naro\u010danje zni\u017eanih izdelkov. Naro\u010dite Forever Living Products prek na\u0161ega spletnega priporo\u010dila!\" \/>\n<meta property=\"og:url\" content=\"https:\/\/aloevera-centar.com\/sl\/spletna-trgovina-forever-living\/\" \/>\n<meta property=\"og:site_name\" content=\"Aloa Vera Centar\" \/>\n<meta property=\"article:modified_time\" content=\"2015-11-20T08:27:14+00:00\" \/>\n<meta name=\"twitter:card\" content=\"summary_large_image\" \/>\n<meta name=\"twitter:label1\" content=\"Est. reading time\" \/>\n\t<meta name=\"twitter:data1\" content=\"2 minuti\" \/>\n<script type=\"application\/ld+json\" class=\"yoast-schema-graph\">{\"@context\":\"https:\\\/\\\/schema.org\",\"@graph\":[{\"@type\":\"WebPage\",\"@id\":\"https:\\\/\\\/aloevera-centar.com\\\/sl\\\/spletna-trgovina-forever-living\\\/\",\"url\":\"https:\\\/\\\/aloevera-centar.com\\\/sl\\\/spletna-trgovina-forever-living\\\/\",\"name\":\"Spletna trgovina Forever Living - Aloa Vera Centar Living Products!\",\"isPartOf\":{\"@id\":\"https:\\\/\\\/aloevera-centar.com\\\/sl\\\/#website\"},\"datePublished\":\"2015-11-20T07:27:14+00:00\",\"dateModified\":\"2015-11-20T08:27:14+00:00\",\"description\":\"Spletna trgovina Forever Living za spletno naro\u010danje zni\u017eanih izdelkov. Naro\u010dite Forever Living Products prek na\u0161ega spletnega priporo\u010dila!\",\"breadcrumb\":{\"@id\":\"https:\\\/\\\/aloevera-centar.com\\\/sl\\\/spletna-trgovina-forever-living\\\/#breadcrumb\"},\"inLanguage\":\"sl-SI\",\"potentialAction\":[{\"@type\":\"ReadAction\",\"target\":[\"https:\\\/\\\/aloevera-centar.com\\\/sl\\\/spletna-trgovina-forever-living\\\/\"]}]},{\"@type\":\"BreadcrumbList\",\"@id\":\"https:\\\/\\\/aloevera-centar.com\\\/sl\\\/spletna-trgovina-forever-living\\\/#breadcrumb\",\"itemListElement\":[{\"@type\":\"ListItem\",\"position\":1,\"name\":\"\u0160tevilka Stranica\",\"item\":\"https:\\\/\\\/aloevera-centar.com\\\/sl\\\/center-za-aloe-vero\\\/\"},{\"@type\":\"ListItem\",\"position\":2,\"name\":\"Spletna trgovina Forever Living\"}]},{\"@type\":\"WebSite\",\"@id\":\"https:\\\/\\\/aloevera-centar.com\\\/sl\\\/#website\",\"url\":\"https:\\\/\\\/aloevera-centar.com\\\/sl\\\/\",\"name\":\"Aloa Vera Centar\",\"description\":\"Aloe Vera Centar\",\"potentialAction\":[{\"@type\":\"SearchAction\",\"target\":{\"@type\":\"EntryPoint\",\"urlTemplate\":\"https:\\\/\\\/aloevera-centar.com\\\/sl\\\/?s={search_term_string}\"},\"query-input\":{\"@type\":\"PropertyValueSpecification\",\"valueRequired\":true,\"valueName\":\"search_term_string\"}}],\"inLanguage\":\"sl-SI\"}]}<\/script>\n<!-- \/ Yoast SEO Premium plugin. -->","yoast_head_json":{"title":"Spletna trgovina Forever Living - Aloa Vera Centar Living Products!","description":"Spletna trgovina Forever Living za spletno naro\u010danje zni\u017eanih izdelkov. Naro\u010dite Forever Living Products prek na\u0161ega spletnega priporo\u010dila!","robots":{"index":"index","follow":"follow","max-snippet":"max-snippet:-1","max-image-preview":"max-image-preview:large","max-video-preview":"max-video-preview:-1"},"canonical":"https:\/\/aloevera-centar.com\/sl\/spletna-trgovina-forever-living\/","og_locale":"sl_SI","og_type":"article","og_title":"Spletna trgovina Forever Living","og_description":"Spletna trgovina Forever Living za spletno naro\u010danje zni\u017eanih izdelkov. Naro\u010dite Forever Living Products prek na\u0161ega spletnega priporo\u010dila!","og_url":"https:\/\/aloevera-centar.com\/sl\/spletna-trgovina-forever-living\/","og_site_name":"Aloa Vera Centar","article_modified_time":"2015-11-20T08:27:14+00:00","twitter_card":"summary_large_image","twitter_misc":{"Est. reading time":"2 minuti"},"schema":{"@context":"https:\/\/schema.org","@graph":[{"@type":"WebPage","@id":"https:\/\/aloevera-centar.com\/sl\/spletna-trgovina-forever-living\/","url":"https:\/\/aloevera-centar.com\/sl\/spletna-trgovina-forever-living\/","name":"Spletna trgovina Forever Living - Aloa Vera Centar Living Products!","isPartOf":{"@id":"https:\/\/aloevera-centar.com\/sl\/#website"},"datePublished":"2015-11-20T07:27:14+00:00","dateModified":"2015-11-20T08:27:14+00:00","description":"Spletna trgovina Forever Living za spletno naro\u010danje zni\u017eanih izdelkov. Naro\u010dite Forever Living Products prek na\u0161ega spletnega priporo\u010dila!","breadcrumb":{"@id":"https:\/\/aloevera-centar.com\/sl\/spletna-trgovina-forever-living\/#breadcrumb"},"inLanguage":"sl-SI","potentialAction":[{"@type":"ReadAction","target":["https:\/\/aloevera-centar.com\/sl\/spletna-trgovina-forever-living\/"]}]},{"@type":"BreadcrumbList","@id":"https:\/\/aloevera-centar.com\/sl\/spletna-trgovina-forever-living\/#breadcrumb","itemListElement":[{"@type":"ListItem","position":1,"name":"\u0160tevilka Stranica","item":"https:\/\/aloevera-centar.com\/sl\/center-za-aloe-vero\/"},{"@type":"ListItem","position":2,"name":"Spletna trgovina Forever Living"}]},{"@type":"WebSite","@id":"https:\/\/aloevera-centar.com\/sl\/#website","url":"https:\/\/aloevera-centar.com\/sl\/","name":"Aloa Vera Centar","description":"Aloe Vera Centar","potentialAction":[{"@type":"SearchAction","target":{"@type":"EntryPoint","urlTemplate":"https:\/\/aloevera-centar.com\/sl\/?s={search_term_string}"},"query-input":{"@type":"PropertyValueSpecification","valueRequired":true,"valueName":"search_term_string"}}],"inLanguage":"sl-SI"}]}},"_links":{"self":[{"href":"https:\/\/aloevera-centar.com\/sl\/wp-json\/wp\/v2\/pages\/16243","targetHints":{"allow":["GET"]}}],"collection":[{"href":"https:\/\/aloevera-centar.com\/sl\/wp-json\/wp\/v2\/pages"}],"about":[{"href":"https:\/\/aloevera-centar.com\/sl\/wp-json\/wp\/v2\/types\/page"}],"author":[{"embeddable":true,"href":"https:\/\/aloevera-centar.com\/sl\/wp-json\/wp\/v2\/users\/1"}],"replies":[{"embeddable":true,"href":"https:\/\/aloevera-centar.com\/sl\/wp-json\/wp\/v2\/comments?post=16243"}],"version-history":[{"count":0,"href":"https:\/\/aloevera-centar.com\/sl\/wp-json\/wp\/v2\/pages\/16243\/revisions"}],"wp:attachment":[{"href":"https:\/\/aloevera-centar.com\/sl\/wp-json\/wp\/v2\/media?parent=16243"}],"curies":[{"name":"wp","href":"https:\/\/api.w.org\/{rel}","templated":true}]}}